{"id":64071,"date":"2025-11-10T10:47:01","date_gmt":"2025-11-10T09:47:01","guid":{"rendered":"https:\/\/plixxent.com\/wazna-informacja-dotyczaca-ochrony-danych\/"},"modified":"2025-11-10T12:08:40","modified_gmt":"2025-11-10T11:08:40","slug":"wazna-informacja-dotyczaca-ochrony-danych","status":"publish","type":"page","link":"https:\/\/plixxent.com\/pl\/wazna-informacja-dotyczaca-ochrony-danych\/","title":{"rendered":"Wa\u017cna informacja dotycz\u0105ca ochrony danych*"},"content":{"rendered":"\n<p>Szanowni Klienci,<\/p>\n\n<p>Niestety, zewn\u0119trznie obs\u0142ugiwany sklep internetowy naszej firmy pad\u0142 ofiar\u0105 cyberataku 27 pa\u017adziernika 2025 r. Nasz dostawca us\u0142ug IT natychmiast od\u0142\u0105czy\u0142 sklep od sieci i sprawdzi\u0142 go z pomoc\u0105 ekspert\u00f3w ds. cyberbezpiecze\u0144stwa. Jeste\u015bmy przekonani, \u017ce dzi\u0119ki szybkiej reakcji naszych ekspert\u00f3w IT uda\u0142o nam si\u0119 zapobiec powa\u017cniejszym szkodom.  <\/p>\n\n<p>Poniewa\u017c atak mia\u0142 miejsce w stosunkowo kr\u00f3tkim przedziale czasowym, nie jest jasne, w jakim zakresie dane naszych klient\u00f3w mog\u0142y zosta\u0107 skradzione. Jednak poniewa\u017c nie mo\u017cna wykluczy\u0107 wycieku danych, poinformowali\u015bmy prewencyjnie Urz\u0105d Ochrony Danych w Dolnej Saksonii oraz inne organy ochrony danych w naszych europejskich lokalizacjach. Dane, kt\u00f3re mog\u0142y zosta\u0107 naruszone, obejmuj\u0105 nazwisko, imi\u0119, numer klienta, dane kontaktowe oraz pewne informacje zwi\u0105zane z umow\u0105.  <\/p>\n\n<p>Zapobiegawczo informujemy, \u017ce atakuj\u0105cy mog\u0105 wykorzysta\u0107 i nadu\u017cy\u0107 ewentualnie skradzione dane do pr\u00f3b phishingu, kradzie\u017cy to\u017csamo\u015bci lub oszustw. Je\u015bli otrzymasz e-maile, wiadomo\u015bci WhatsApp, wiadomo\u015bci g\u0142osowe lub inne wiadomo\u015bci, kt\u00f3re wydaj\u0105 ci si\u0119 podejrzane, nie ujawniaj \u017cadnych wra\u017cliwych informacji. <\/p>\n\n<p>Dalsza analiza incydentu zostanie wkr\u00f3tce zako\u0144czona. Odbudujemy nasz sklep internetowy i uruchomimy go ponownie tak szybko, jak to mo\u017cliwe. <\/p>\n\n<p>Dzi\u0119kujemy za zrozumienie!<\/p>\n\n<p>* Mi\u0119dzy innymi zgodnie z art. 34 ust. 1, ust. 3 lit. c RODO  <\/p>\n\n<p><\/p>\n","protected":false},"excerpt":{"rendered":"<p>Szanowni Klienci, Niestety, zewn\u0119trznie obs\u0142ugiwany sklep internetowy naszej firmy pad\u0142 ofiar\u0105 cyberataku 27 pa\u017adziernika 2025 r. Nasz dostawca us\u0142ug IT natychmiast od\u0142\u0105czy\u0142 sklep od sieci i sprawdzi\u0142 go z pomoc\u0105 ekspert\u00f3w ds. cyberbezpiecze\u0144stwa. Jeste\u015bmy przekonani, \u017ce dzi\u0119ki szybkiej reakcji naszych ekspert\u00f3w IT uda\u0142o nam si\u0119 zapobiec powa\u017cniejszym szkodom. Poniewa\u017c atak mia\u0142 miejsce w stosunkowo kr\u00f3tkim [&hellip;]<\/p>\n","protected":false},"author":2,"featured_media":64138,"parent":0,"menu_order":0,"comment_status":"closed","ping_status":"closed","template":"","meta":{"footnotes":""},"class_list":["post-64071","page","type-page","status-publish","has-post-thumbnail","hentry"],"yoast_head":"<!-- This site is optimized with the Yoast SEO plugin v27.3 - https:\/\/yoast.com\/product\/yoast-seo-wordpress\/ -->\n<title>Wa\u017cna informacja dotycz\u0105ca ochrony danych* - PLIXXENT<\/title>\n<meta name=\"robots\" content=\"index, follow, max-snippet:-1, max-image-preview:large, max-video-preview:-1\" \/>\n<link rel=\"canonical\" href=\"https:\/\/plixxent.com\/pl\/wazna-informacja-dotyczaca-ochrony-danych\/\" \/>\n<meta property=\"og:locale\" content=\"pl_PL\" \/>\n<meta property=\"og:type\" content=\"article\" \/>\n<meta property=\"og:title\" content=\"Wa\u017cna informacja dotycz\u0105ca ochrony danych* - PLIXXENT\" \/>\n<meta property=\"og:description\" content=\"Szanowni Klienci, Niestety, zewn\u0119trznie obs\u0142ugiwany sklep internetowy naszej firmy pad\u0142 ofiar\u0105 cyberataku 27 pa\u017adziernika 2025 r. Nasz dostawca us\u0142ug IT natychmiast od\u0142\u0105czy\u0142 sklep od sieci i sprawdzi\u0142 go z pomoc\u0105 ekspert\u00f3w ds. cyberbezpiecze\u0144stwa. Jeste\u015bmy przekonani, \u017ce dzi\u0119ki szybkiej reakcji naszych ekspert\u00f3w IT uda\u0142o nam si\u0119 zapobiec powa\u017cniejszym szkodom. Poniewa\u017c atak mia\u0142 miejsce w stosunkowo kr\u00f3tkim [&hellip;]\" \/>\n<meta property=\"og:url\" content=\"https:\/\/plixxent.com\/pl\/wazna-informacja-dotyczaca-ochrony-danych\/\" \/>\n<meta property=\"og:site_name\" content=\"PLIXXENT\" \/>\n<meta property=\"article:modified_time\" content=\"2025-11-10T11:08:40+00:00\" \/>\n<meta property=\"og:image\" content=\"https:\/\/plixxent.com\/wp-content\/uploads\/2025\/11\/1133350536_Tropfen.jpg\" \/>\n\t<meta property=\"og:image:width\" content=\"2000\" \/>\n\t<meta property=\"og:image:height\" content=\"1174\" \/>\n\t<meta property=\"og:image:type\" content=\"image\/jpeg\" \/>\n<meta name=\"twitter:card\" content=\"summary_large_image\" \/>\n<meta name=\"twitter:label1\" content=\"Szacowany czas czytania\" \/>\n\t<meta name=\"twitter:data1\" content=\"1 minuta\" \/>\n<script type=\"application\/ld+json\" class=\"yoast-schema-graph\">{\"@context\":\"https:\\\/\\\/schema.org\",\"@graph\":[{\"@type\":\"WebPage\",\"@id\":\"https:\\\/\\\/plixxent.com\\\/pl\\\/wazna-informacja-dotyczaca-ochrony-danych\\\/\",\"url\":\"https:\\\/\\\/plixxent.com\\\/pl\\\/wazna-informacja-dotyczaca-ochrony-danych\\\/\",\"name\":\"Wa\u017cna informacja dotycz\u0105ca ochrony danych* - PLIXXENT\",\"isPartOf\":{\"@id\":\"https:\\\/\\\/plixxent.com\\\/pl\\\/#website\"},\"primaryImageOfPage\":{\"@id\":\"https:\\\/\\\/plixxent.com\\\/pl\\\/wazna-informacja-dotyczaca-ochrony-danych\\\/#primaryimage\"},\"image\":{\"@id\":\"https:\\\/\\\/plixxent.com\\\/pl\\\/wazna-informacja-dotyczaca-ochrony-danych\\\/#primaryimage\"},\"thumbnailUrl\":\"https:\\\/\\\/plixxent.com\\\/wp-content\\\/uploads\\\/2025\\\/11\\\/1133350536_Tropfen.jpg\",\"datePublished\":\"2025-11-10T09:47:01+00:00\",\"dateModified\":\"2025-11-10T11:08:40+00:00\",\"breadcrumb\":{\"@id\":\"https:\\\/\\\/plixxent.com\\\/pl\\\/wazna-informacja-dotyczaca-ochrony-danych\\\/#breadcrumb\"},\"inLanguage\":\"pl-PL\",\"potentialAction\":[{\"@type\":\"ReadAction\",\"target\":[\"https:\\\/\\\/plixxent.com\\\/pl\\\/wazna-informacja-dotyczaca-ochrony-danych\\\/\"]}]},{\"@type\":\"ImageObject\",\"inLanguage\":\"pl-PL\",\"@id\":\"https:\\\/\\\/plixxent.com\\\/pl\\\/wazna-informacja-dotyczaca-ochrony-danych\\\/#primaryimage\",\"url\":\"https:\\\/\\\/plixxent.com\\\/wp-content\\\/uploads\\\/2025\\\/11\\\/1133350536_Tropfen.jpg\",\"contentUrl\":\"https:\\\/\\\/plixxent.com\\\/wp-content\\\/uploads\\\/2025\\\/11\\\/1133350536_Tropfen.jpg\",\"width\":2000,\"height\":1174},{\"@type\":\"BreadcrumbList\",\"@id\":\"https:\\\/\\\/plixxent.com\\\/pl\\\/wazna-informacja-dotyczaca-ochrony-danych\\\/#breadcrumb\",\"itemListElement\":[{\"@type\":\"ListItem\",\"position\":1,\"name\":\"Home\",\"item\":\"https:\\\/\\\/plixxent.com\\\/pl\\\/strona-glowna\\\/\"},{\"@type\":\"ListItem\",\"position\":2,\"name\":\"Wa\u017cna informacja dotycz\u0105ca ochrony danych*\"}]},{\"@type\":\"WebSite\",\"@id\":\"https:\\\/\\\/plixxent.com\\\/pl\\\/#website\",\"url\":\"https:\\\/\\\/plixxent.com\\\/pl\\\/\",\"name\":\"PLIXXENT\",\"description\":\"Providing innovative technologies based on polyurethanes\",\"potentialAction\":[{\"@type\":\"SearchAction\",\"target\":{\"@type\":\"EntryPoint\",\"urlTemplate\":\"https:\\\/\\\/plixxent.com\\\/pl\\\/?s={search_term_string}\"},\"query-input\":{\"@type\":\"PropertyValueSpecification\",\"valueRequired\":true,\"valueName\":\"search_term_string\"}}],\"inLanguage\":\"pl-PL\"}]}<\/script>\n<!-- \/ Yoast SEO plugin. -->","yoast_head_json":{"title":"Wa\u017cna informacja dotycz\u0105ca ochrony danych* - PLIXXENT","robots":{"index":"index","follow":"follow","max-snippet":"max-snippet:-1","max-image-preview":"max-image-preview:large","max-video-preview":"max-video-preview:-1"},"canonical":"https:\/\/plixxent.com\/pl\/wazna-informacja-dotyczaca-ochrony-danych\/","og_locale":"pl_PL","og_type":"article","og_title":"Wa\u017cna informacja dotycz\u0105ca ochrony danych* - PLIXXENT","og_description":"Szanowni Klienci, Niestety, zewn\u0119trznie obs\u0142ugiwany sklep internetowy naszej firmy pad\u0142 ofiar\u0105 cyberataku 27 pa\u017adziernika 2025 r. Nasz dostawca us\u0142ug IT natychmiast od\u0142\u0105czy\u0142 sklep od sieci i sprawdzi\u0142 go z pomoc\u0105 ekspert\u00f3w ds. cyberbezpiecze\u0144stwa. Jeste\u015bmy przekonani, \u017ce dzi\u0119ki szybkiej reakcji naszych ekspert\u00f3w IT uda\u0142o nam si\u0119 zapobiec powa\u017cniejszym szkodom. Poniewa\u017c atak mia\u0142 miejsce w stosunkowo kr\u00f3tkim [&hellip;]","og_url":"https:\/\/plixxent.com\/pl\/wazna-informacja-dotyczaca-ochrony-danych\/","og_site_name":"PLIXXENT","article_modified_time":"2025-11-10T11:08:40+00:00","og_image":[{"width":2000,"height":1174,"url":"https:\/\/plixxent.com\/wp-content\/uploads\/2025\/11\/1133350536_Tropfen.jpg","type":"image\/jpeg"}],"twitter_card":"summary_large_image","twitter_misc":{"Szacowany czas czytania":"1 minuta"},"schema":{"@context":"https:\/\/schema.org","@graph":[{"@type":"WebPage","@id":"https:\/\/plixxent.com\/pl\/wazna-informacja-dotyczaca-ochrony-danych\/","url":"https:\/\/plixxent.com\/pl\/wazna-informacja-dotyczaca-ochrony-danych\/","name":"Wa\u017cna informacja dotycz\u0105ca ochrony danych* - PLIXXENT","isPartOf":{"@id":"https:\/\/plixxent.com\/pl\/#website"},"primaryImageOfPage":{"@id":"https:\/\/plixxent.com\/pl\/wazna-informacja-dotyczaca-ochrony-danych\/#primaryimage"},"image":{"@id":"https:\/\/plixxent.com\/pl\/wazna-informacja-dotyczaca-ochrony-danych\/#primaryimage"},"thumbnailUrl":"https:\/\/plixxent.com\/wp-content\/uploads\/2025\/11\/1133350536_Tropfen.jpg","datePublished":"2025-11-10T09:47:01+00:00","dateModified":"2025-11-10T11:08:40+00:00","breadcrumb":{"@id":"https:\/\/plixxent.com\/pl\/wazna-informacja-dotyczaca-ochrony-danych\/#breadcrumb"},"inLanguage":"pl-PL","potentialAction":[{"@type":"ReadAction","target":["https:\/\/plixxent.com\/pl\/wazna-informacja-dotyczaca-ochrony-danych\/"]}]},{"@type":"ImageObject","inLanguage":"pl-PL","@id":"https:\/\/plixxent.com\/pl\/wazna-informacja-dotyczaca-ochrony-danych\/#primaryimage","url":"https:\/\/plixxent.com\/wp-content\/uploads\/2025\/11\/1133350536_Tropfen.jpg","contentUrl":"https:\/\/plixxent.com\/wp-content\/uploads\/2025\/11\/1133350536_Tropfen.jpg","width":2000,"height":1174},{"@type":"BreadcrumbList","@id":"https:\/\/plixxent.com\/pl\/wazna-informacja-dotyczaca-ochrony-danych\/#breadcrumb","itemListElement":[{"@type":"ListItem","position":1,"name":"Home","item":"https:\/\/plixxent.com\/pl\/strona-glowna\/"},{"@type":"ListItem","position":2,"name":"Wa\u017cna informacja dotycz\u0105ca ochrony danych*"}]},{"@type":"WebSite","@id":"https:\/\/plixxent.com\/pl\/#website","url":"https:\/\/plixxent.com\/pl\/","name":"PLIXXENT","description":"Providing innovative technologies based on polyurethanes","potentialAction":[{"@type":"SearchAction","target":{"@type":"EntryPoint","urlTemplate":"https:\/\/plixxent.com\/pl\/?s={search_term_string}"},"query-input":{"@type":"PropertyValueSpecification","valueRequired":true,"valueName":"search_term_string"}}],"inLanguage":"pl-PL"}]}},"_links":{"self":[{"href":"https:\/\/plixxent.com\/pl\/wp-json\/wp\/v2\/pages\/64071","targetHints":{"allow":["GET"]}}],"collection":[{"href":"https:\/\/plixxent.com\/pl\/wp-json\/wp\/v2\/pages"}],"about":[{"href":"https:\/\/plixxent.com\/pl\/wp-json\/wp\/v2\/types\/page"}],"author":[{"embeddable":true,"href":"https:\/\/plixxent.com\/pl\/wp-json\/wp\/v2\/users\/2"}],"replies":[{"embeddable":true,"href":"https:\/\/plixxent.com\/pl\/wp-json\/wp\/v2\/comments?post=64071"}],"version-history":[{"count":3,"href":"https:\/\/plixxent.com\/pl\/wp-json\/wp\/v2\/pages\/64071\/revisions"}],"predecessor-version":[{"id":64098,"href":"https:\/\/plixxent.com\/pl\/wp-json\/wp\/v2\/pages\/64071\/revisions\/64098"}],"wp:featuredmedia":[{"embeddable":true,"href":"https:\/\/plixxent.com\/pl\/wp-json\/wp\/v2\/media\/64138"}],"wp:attachment":[{"href":"https:\/\/plixxent.com\/pl\/wp-json\/wp\/v2\/media?parent=64071"}],"curies":[{"name":"wp","href":"https:\/\/api.w.org\/{rel}","templated":true}]}}