{"id":63136,"date":"2025-06-03T16:48:54","date_gmt":"2025-06-03T14:48:54","guid":{"rendered":"https:\/\/plixxent.com\/izotrie\/"},"modified":"2025-08-19T08:42:30","modified_gmt":"2025-08-19T06:42:30","slug":"izotrie","status":"publish","type":"page","link":"https:\/\/plixxent.com\/pl\/izotrie\/","title":{"rendered":"izotrie"},"content":{"rendered":"\t\t<div data-elementor-type=\"wp-page\" data-elementor-id=\"63136\" class=\"elementor elementor-63136\" data-elementor-post-type=\"page\">\n\t\t\t\t<div class=\"elementor-element elementor-element-cb0221f e-flex e-con-boxed e-con e-parent\" data-id=\"cb0221f\" data-element_type=\"container\" data-e-type=\"container\">\n\t\t\t\t\t<div class=\"e-con-inner\">\n\t\t\t\t<div class=\"elementor-element elementor-element-5ff9b70 elementor-widget__width-initial elementor-widget elementor-widget-theme-post-featured-image elementor-widget-image\" data-id=\"5ff9b70\" data-element_type=\"widget\" data-e-type=\"widget\" data-widget_type=\"theme-post-featured-image.default\">\n\t\t\t\t<div class=\"elementor-widget-container\">\n\t\t\t\t\t\t\t\t\t\t\t\t\t\t\t<img fetchpriority=\"high\" decoding=\"async\" width=\"1243\" height=\"841\" src=\"https:\/\/plixxent.com\/wp-content\/uploads\/2025\/06\/Isotrie.jpg\" class=\"attachment-full size-full wp-image-63115\" alt=\"\" srcset=\"https:\/\/plixxent.com\/wp-content\/uploads\/2025\/06\/Isotrie.jpg 1243w, https:\/\/plixxent.com\/wp-content\/uploads\/2025\/06\/Isotrie-512x346.jpg 512w, https:\/\/plixxent.com\/wp-content\/uploads\/2025\/06\/Isotrie-768x520.jpg 768w\" sizes=\"(max-width: 1243px) 100vw, 1243px\" \/>\t\t\t\t\t\t\t\t\t\t\t\t\t\t\t<\/div>\n\t\t\t\t<\/div>\n\t\t\t\t\t<\/div>\n\t\t\t\t<\/div>\n\t\t<div class=\"elementor-element elementor-element-734e667 e-con-full e-flex e-con e-parent\" data-id=\"734e667\" data-element_type=\"container\" data-e-type=\"container\">\n\t\t<div class=\"elementor-element elementor-element-f056977 e-grid e-con-full e-con e-child\" data-id=\"f056977\" data-element_type=\"container\" data-e-type=\"container\">\n\t\t<div class=\"elementor-element elementor-element-7fb5ddd e-con-full e-flex e-con e-child\" data-id=\"7fb5ddd\" data-element_type=\"container\" data-e-type=\"container\">\n\t\t\t\t<div class=\"elementor-element elementor-element-d2333e4 elementor-widget elementor-widget-image\" data-id=\"d2333e4\" data-element_type=\"widget\" data-e-type=\"widget\" data-widget_type=\"image.default\">\n\t\t\t\t<div class=\"elementor-widget-container\">\n\t\t\t\t\t\t\t\t\t\t\t\t\t\t\t\t<a href=\"https:\/\/www.isotrie.com\/\">\n\t\t\t\t\t\t\t<img decoding=\"async\" width=\"1\" height=\"1\" src=\"https:\/\/plixxent.com\/wp-content\/uploads\/2024\/11\/Isotrie_by_PLX_Logo_RGB_neg.svg\" class=\"attachment-large size-large wp-image-59634\" alt=\"\" \/>\t\t\t\t\t\t\t\t<\/a>\n\t\t\t\t\t\t\t\t\t\t\t\t\t\t\t<\/div>\n\t\t\t\t<\/div>\n\t\t\t\t<\/div>\n\t\t\t\t<div class=\"elementor-element elementor-element-3769a7b elementor-widget elementor-widget-text-editor\" data-id=\"3769a7b\" data-element_type=\"widget\" data-e-type=\"widget\" data-widget_type=\"text-editor.default\">\n\t\t\t\t<div class=\"elementor-widget-container\">\n\t\t\t\t\t\t\t\t\t<h3><span style=\"color: #ffffff; font-family: var( --e-global-typography-f1be07e-font-family ), Sans-serif; font-weight: var( --e-global-typography-f1be07e-font-weight ); letter-spacing: var( --e-global-typography-f1be07e-letter-spacing ); word-spacing: var( --e-global-typography-f1be07e-word-spacing );\">ISOTRIE jest wiod\u0105c\u0105 firm\u0105 w dziedzinie izolacji poliuretanowych, opracowuj\u0105c\u0105 i produkuj\u0105c\u0105 <span style=\"color: #008c95;\">wysokiej jako\u015bci rozwi\u0105zania z pianki natryskowej<\/span> od 1983 roku.<\/span><\/h3><h3><span style=\"color: #ffffff;\">Z SIEDZIB\u0104 W DRONGEN, BELGIA, FIRMA DZIA\u0141A G\u0141\u00d3WNIE WE FRANCJI.<\/span><\/h3>\t\t\t\t\t\t\t\t<\/div>\n\t\t\t\t<\/div>\n\t\t\t\t<div class=\"elementor-element elementor-element-b858878 elementor-widget elementor-widget-spacer\" data-id=\"b858878\" data-element_type=\"widget\" data-e-type=\"widget\" data-widget_type=\"spacer.default\">\n\t\t\t\t<div class=\"elementor-widget-container\">\n\t\t\t\t\t\t\t<div class=\"elementor-spacer\">\n\t\t\t<div class=\"elementor-spacer-inner\"><\/div>\n\t\t<\/div>\n\t\t\t\t\t\t<\/div>\n\t\t\t\t<\/div>\n\t\t\t\t<div class=\"elementor-element elementor-element-8e6a9b7 elementor-widget__width-auto e-transform elementor-widget elementor-widget-button\" data-id=\"8e6a9b7\" data-element_type=\"widget\" data-e-type=\"widget\" data-settings=\"{&quot;_transform_skewX_effect_hover&quot;:{&quot;unit&quot;:&quot;px&quot;,&quot;size&quot;:-14,&quot;sizes&quot;:[]},&quot;_transform_skewX_effect_hover_tablet&quot;:{&quot;unit&quot;:&quot;deg&quot;,&quot;size&quot;:&quot;&quot;,&quot;sizes&quot;:[]},&quot;_transform_skewX_effect_hover_mobile&quot;:{&quot;unit&quot;:&quot;deg&quot;,&quot;size&quot;:&quot;&quot;,&quot;sizes&quot;:[]},&quot;_transform_skewY_effect_hover&quot;:{&quot;unit&quot;:&quot;px&quot;,&quot;size&quot;:&quot;&quot;,&quot;sizes&quot;:[]},&quot;_transform_skewY_effect_hover_tablet&quot;:{&quot;unit&quot;:&quot;deg&quot;,&quot;size&quot;:&quot;&quot;,&quot;sizes&quot;:[]},&quot;_transform_skewY_effect_hover_mobile&quot;:{&quot;unit&quot;:&quot;deg&quot;,&quot;size&quot;:&quot;&quot;,&quot;sizes&quot;:[]}}\" data-widget_type=\"button.default\">\n\t\t\t\t<div class=\"elementor-widget-container\">\n\t\t\t\t\t\t\t\t\t<div class=\"elementor-button-wrapper\">\n\t\t\t\t\t<a class=\"elementor-button elementor-button-link elementor-size-sm\" href=\"https:\/\/www.isotrie.com\/\">\n\t\t\t\t\t\t<span class=\"elementor-button-content-wrapper\">\n\t\t\t\t\t\t\t\t\t<span class=\"elementor-button-text\">DOWIEDZ SI\u0118 WI\u0118CEJ<\/span>\n\t\t\t\t\t<\/span>\n\t\t\t\t\t<\/a>\n\t\t\t\t<\/div>\n\t\t\t\t\t\t\t\t<\/div>\n\t\t\t\t<\/div>\n\t\t\t\t<\/div>\n\t\t\t\t<\/div>\n\t\t<div class=\"elementor-element elementor-element-3cb5383 e-grid e-con-full e-con e-parent\" data-id=\"3cb5383\" data-element_type=\"container\" data-e-type=\"container\" data-settings=\"{&quot;background_background&quot;:&quot;classic&quot;}\">\n\t\t\t\t<div class=\"elementor-element elementor-element-a1b09d3 elementor-view-default elementor-widget elementor-widget-icon\" data-id=\"a1b09d3\" data-element_type=\"widget\" data-e-type=\"widget\" data-widget_type=\"icon.default\">\n\t\t\t\t<div class=\"elementor-widget-container\">\n\t\t\t\t\t\t\t<div class=\"elementor-icon-wrapper\">\n\t\t\t<div class=\"elementor-icon\">\n\t\t\t<i aria-hidden=\"true\" class=\"fas fa-industry\"><\/i>\t\t\t<\/div>\n\t\t<\/div>\n\t\t\t\t\t\t<\/div>\n\t\t\t\t<\/div>\n\t\t\t\t<div class=\"elementor-element elementor-element-5d65e12 elementor-view-default elementor-widget elementor-widget-icon\" data-id=\"5d65e12\" data-element_type=\"widget\" data-e-type=\"widget\" data-widget_type=\"icon.default\">\n\t\t\t\t<div class=\"elementor-widget-container\">\n\t\t\t\t\t\t\t<div class=\"elementor-icon-wrapper\">\n\t\t\t<div class=\"elementor-icon\">\n\t\t\t<i aria-hidden=\"true\" class=\"fas fa-cogs\"><\/i>\t\t\t<\/div>\n\t\t<\/div>\n\t\t\t\t\t\t<\/div>\n\t\t\t\t<\/div>\n\t\t\t\t<div class=\"elementor-element elementor-element-b8d48a0 elementor-widget elementor-widget-text-editor\" data-id=\"b8d48a0\" data-element_type=\"widget\" data-e-type=\"widget\" data-widget_type=\"text-editor.default\">\n\t\t\t\t<div class=\"elementor-widget-container\">\n\t\t\t\t\t\t\t\t\t<h3 style=\"text-align: center;\"><span style=\"color: #ffffff;\">PRODUKCJA<\/span><\/h3>\t\t\t\t\t\t\t\t<\/div>\n\t\t\t\t<\/div>\n\t\t\t\t<div class=\"elementor-element elementor-element-906e093 elementor-widget elementor-widget-text-editor\" data-id=\"906e093\" data-element_type=\"widget\" data-e-type=\"widget\" data-widget_type=\"text-editor.default\">\n\t\t\t\t<div class=\"elementor-widget-container\">\n\t\t\t\t\t\t\t\t\t<h3 style=\"text-align: center;\"><span style=\"color: #ffffff;\">TECHNOLOGIA<\/span><\/h3>\t\t\t\t\t\t\t\t<\/div>\n\t\t\t\t<\/div>\n\t\t\t\t<div class=\"elementor-element elementor-element-87f6990 elementor-widget__width-auto e-transform elementor-align-center elementor-widget elementor-widget-button\" data-id=\"87f6990\" data-element_type=\"widget\" data-e-type=\"widget\" data-settings=\"{&quot;_transform_skewX_effect_hover&quot;:{&quot;unit&quot;:&quot;px&quot;,&quot;size&quot;:-14,&quot;sizes&quot;:[]},&quot;_transform_skewX_effect_hover_tablet&quot;:{&quot;unit&quot;:&quot;deg&quot;,&quot;size&quot;:&quot;&quot;,&quot;sizes&quot;:[]},&quot;_transform_skewX_effect_hover_mobile&quot;:{&quot;unit&quot;:&quot;deg&quot;,&quot;size&quot;:&quot;&quot;,&quot;sizes&quot;:[]},&quot;_transform_skewY_effect_hover&quot;:{&quot;unit&quot;:&quot;px&quot;,&quot;size&quot;:&quot;&quot;,&quot;sizes&quot;:[]},&quot;_transform_skewY_effect_hover_tablet&quot;:{&quot;unit&quot;:&quot;deg&quot;,&quot;size&quot;:&quot;&quot;,&quot;sizes&quot;:[]},&quot;_transform_skewY_effect_hover_mobile&quot;:{&quot;unit&quot;:&quot;deg&quot;,&quot;size&quot;:&quot;&quot;,&quot;sizes&quot;:[]}}\" data-widget_type=\"button.default\">\n\t\t\t\t<div class=\"elementor-widget-container\">\n\t\t\t\t\t\t\t\t\t<div class=\"elementor-button-wrapper\">\n\t\t\t\t\t<a class=\"elementor-button elementor-button-link elementor-size-sm\" href=\"https:\/\/www.isotrie.com\/fr\/production\">\n\t\t\t\t\t\t<span class=\"elementor-button-content-wrapper\">\n\t\t\t\t\t\t\t\t\t<span class=\"elementor-button-text\">CZYTAJ WI\u0118CEJ<\/span>\n\t\t\t\t\t<\/span>\n\t\t\t\t\t<\/a>\n\t\t\t\t<\/div>\n\t\t\t\t\t\t\t\t<\/div>\n\t\t\t\t<\/div>\n\t\t\t\t<div class=\"elementor-element elementor-element-0f897d3 elementor-widget__width-auto e-transform elementor-align-center elementor-widget elementor-widget-button\" data-id=\"0f897d3\" data-element_type=\"widget\" data-e-type=\"widget\" data-settings=\"{&quot;_transform_skewX_effect_hover&quot;:{&quot;unit&quot;:&quot;px&quot;,&quot;size&quot;:-14,&quot;sizes&quot;:[]},&quot;_transform_skewX_effect_hover_tablet&quot;:{&quot;unit&quot;:&quot;deg&quot;,&quot;size&quot;:&quot;&quot;,&quot;sizes&quot;:[]},&quot;_transform_skewX_effect_hover_mobile&quot;:{&quot;unit&quot;:&quot;deg&quot;,&quot;size&quot;:&quot;&quot;,&quot;sizes&quot;:[]},&quot;_transform_skewY_effect_hover&quot;:{&quot;unit&quot;:&quot;px&quot;,&quot;size&quot;:&quot;&quot;,&quot;sizes&quot;:[]},&quot;_transform_skewY_effect_hover_tablet&quot;:{&quot;unit&quot;:&quot;deg&quot;,&quot;size&quot;:&quot;&quot;,&quot;sizes&quot;:[]},&quot;_transform_skewY_effect_hover_mobile&quot;:{&quot;unit&quot;:&quot;deg&quot;,&quot;size&quot;:&quot;&quot;,&quot;sizes&quot;:[]}}\" data-widget_type=\"button.default\">\n\t\t\t\t<div class=\"elementor-widget-container\">\n\t\t\t\t\t\t\t\t\t<div class=\"elementor-button-wrapper\">\n\t\t\t\t\t<a class=\"elementor-button elementor-button-link elementor-size-sm\" href=\"https:\/\/www.isotrie.com\/fr\/technique\">\n\t\t\t\t\t\t<span class=\"elementor-button-content-wrapper\">\n\t\t\t\t\t\t\t\t\t<span class=\"elementor-button-text\">CZYTAJ WI\u0118CEJ<\/span>\n\t\t\t\t\t<\/span>\n\t\t\t\t\t<\/a>\n\t\t\t\t<\/div>\n\t\t\t\t\t\t\t\t<\/div>\n\t\t\t\t<\/div>\n\t\t\t\t<\/div>\n\t\t<div class=\"elementor-element elementor-element-3665e2e e-con-full e-flex e-con e-parent\" data-id=\"3665e2e\" data-element_type=\"container\" data-e-type=\"container\">\n\t\t\t\t<div class=\"elementor-element elementor-element-a64e146 elementor-widget elementor-widget-spacer\" data-id=\"a64e146\" data-element_type=\"widget\" data-e-type=\"widget\" data-widget_type=\"spacer.default\">\n\t\t\t\t<div class=\"elementor-widget-container\">\n\t\t\t\t\t\t\t<div class=\"elementor-spacer\">\n\t\t\t<div class=\"elementor-spacer-inner\"><\/div>\n\t\t<\/div>\n\t\t\t\t\t\t<\/div>\n\t\t\t\t<\/div>\n\t\t\t\t<div class=\"elementor-element elementor-element-3a8e125 elementor-widget elementor-widget-text-editor\" data-id=\"3a8e125\" data-element_type=\"widget\" data-e-type=\"widget\" data-widget_type=\"text-editor.default\">\n\t\t\t\t<div class=\"elementor-widget-container\">\n\t\t\t\t\t\t\t\t\t<h1><span style=\"color: #008c95;\">IZOLACJA<\/span><\/h1><h1>     <span style=\"color: #ffffff;\">DLA LEPSZEJ PRZYSZ\u0141O\u015aCI<\/span><\/h1><h1> <\/h1>\t\t\t\t\t\t\t\t<\/div>\n\t\t\t\t<\/div>\n\t\t\t\t<div class=\"elementor-element elementor-element-209ffb8 elementor-widget elementor-widget-spacer\" data-id=\"209ffb8\" data-element_type=\"widget\" data-e-type=\"widget\" data-widget_type=\"spacer.default\">\n\t\t\t\t<div class=\"elementor-widget-container\">\n\t\t\t\t\t\t\t<div class=\"elementor-spacer\">\n\t\t\t<div class=\"elementor-spacer-inner\"><\/div>\n\t\t<\/div>\n\t\t\t\t\t\t<\/div>\n\t\t\t\t<\/div>\n\t\t<div class=\"elementor-element elementor-element-7c59c78 e-con-full e-flex e-con e-child\" data-id=\"7c59c78\" data-element_type=\"container\" data-e-type=\"container\" data-settings=\"{&quot;background_background&quot;:&quot;classic&quot;}\">\n\t\t\t\t<div class=\"elementor-element elementor-element-d647e93 elementor-widget elementor-widget-text-editor\" data-id=\"d647e93\" data-element_type=\"widget\" data-e-type=\"widget\" data-widget_type=\"text-editor.default\">\n\t\t\t\t<div class=\"elementor-widget-container\">\n\t\t\t\t\t\t\t\t\t<h4><strong><span class=\"OYPEnA font-feature-liga-off font-feature-clig-off font-feature-calt-off text-decoration-none text-strikethrough-none\" style=\"color: #ffffff;\">Isotrie oferuje r\u00f3\u017cne opcje izolacji, w tym izolacj\u0119 termiczn\u0105 i akustyczn\u0105, a tak\u017ce wykorzystuje innowacyjne technologie do tworzenia zr\u00f3wnowa\u017conych i trwa\u0142ych rozwi\u0105za\u0144.<\/span><\/strong><\/h4><h4 class=\"cvGsUA direction-ltr align-start para-style-body\"><strong><span class=\"OYPEnA font-feature-liga-off font-feature-clig-off font-feature-calt-off text-decoration-none text-strikethrough-none\" style=\"color: #ffffff;\">Dzi\u0119ki w\u0142asnym badaniom i rozwojowi, Isotrie opatentowa\u0142a produkty takie jak izolacja akustyczna Tremblex i cieszy si\u0119 doskona\u0142\u0105 reputacj\u0105 w zakresie jako\u015bci i niezawodno\u015bci.<\/span><\/strong><\/h4>\t\t\t\t\t\t\t\t<\/div>\n\t\t\t\t<\/div>\n\t\t\t\t<\/div>\n\t\t\t\t<\/div>\n\t\t<div class=\"elementor-element elementor-element-c44392c e-flex e-con-boxed e-con e-parent\" data-id=\"c44392c\" data-element_type=\"container\" data-e-type=\"container\">\n\t\t\t\t\t<div class=\"e-con-inner\">\n\t\t\t\t<div class=\"elementor-element elementor-element-950a454 elementor-widget elementor-widget-spacer\" data-id=\"950a454\" data-element_type=\"widget\" data-e-type=\"widget\" data-widget_type=\"spacer.default\">\n\t\t\t\t<div class=\"elementor-widget-container\">\n\t\t\t\t\t\t\t<div class=\"elementor-spacer\">\n\t\t\t<div class=\"elementor-spacer-inner\"><\/div>\n\t\t<\/div>\n\t\t\t\t\t\t<\/div>\n\t\t\t\t<\/div>\n\t\t<div class=\"elementor-element elementor-element-619cb60 e-con-full e-flex e-con e-child\" data-id=\"619cb60\" data-element_type=\"container\" data-e-type=\"container\">\n\t\t\t\t<div class=\"elementor-element elementor-element-5696d85 elementor-widget elementor-widget-spacer\" data-id=\"5696d85\" data-element_type=\"widget\" data-e-type=\"widget\" data-widget_type=\"spacer.default\">\n\t\t\t\t<div class=\"elementor-widget-container\">\n\t\t\t\t\t\t\t<div class=\"elementor-spacer\">\n\t\t\t<div class=\"elementor-spacer-inner\"><\/div>\n\t\t<\/div>\n\t\t\t\t\t\t<\/div>\n\t\t\t\t<\/div>\n\t\t\t\t<\/div>\n\t\t\t\t\t<\/div>\n\t\t\t\t<\/div>\n\t\t\t\t<\/div>\n\t\t","protected":false},"excerpt":{"rendered":"<p>ISOTRIE jest wiod\u0105c\u0105 firm\u0105 w dziedzinie izolacji poliuretanowych, opracowuj\u0105c\u0105 i produkuj\u0105c\u0105 wysokiej jako\u015bci rozwi\u0105zania z pianki natryskowej od 1983 roku. Z SIEDZIB\u0104 W DRONGEN, BELGIA, FIRMA DZIA\u0141A G\u0141\u00d3WNIE WE FRANCJI. DOWIEDZ SI\u0118 WI\u0118CEJ PRODUKCJA TECHNOLOGIA CZYTAJ WI\u0118CEJ CZYTAJ WI\u0118CEJ IZOLACJA DLA LEPSZEJ PRZYSZ\u0141O\u015aCI Isotrie oferuje r\u00f3\u017cne opcje izolacji, w tym izolacj\u0119 termiczn\u0105 i akustyczn\u0105, a [&hellip;]<\/p>\n","protected":false},"author":4,"featured_media":63115,"parent":0,"menu_order":0,"comment_status":"closed","ping_status":"closed","template":"elementor_header_footer","meta":{"footnotes":""},"class_list":["post-63136","page","type-page","status-publish","has-post-thumbnail","hentry"],"yoast_head":"<!-- This site is optimized with the Yoast SEO plugin v27.4 - https:\/\/yoast.com\/product\/yoast-seo-wordpress\/ -->\n<title>izotrie - PLIXXENT<\/title>\n<meta name=\"robots\" content=\"index, follow, max-snippet:-1, max-image-preview:large, max-video-preview:-1\" \/>\n<link rel=\"canonical\" href=\"https:\/\/plixxent.com\/pl\/izotrie\/\" \/>\n<meta property=\"og:locale\" content=\"pl_PL\" \/>\n<meta property=\"og:type\" content=\"article\" \/>\n<meta property=\"og:title\" content=\"izotrie - PLIXXENT\" \/>\n<meta property=\"og:description\" content=\"ISOTRIE jest wiod\u0105c\u0105 firm\u0105 w dziedzinie izolacji poliuretanowych, opracowuj\u0105c\u0105 i produkuj\u0105c\u0105 wysokiej jako\u015bci rozwi\u0105zania z pianki natryskowej od 1983 roku. Z SIEDZIB\u0104 W DRONGEN, BELGIA, FIRMA DZIA\u0141A G\u0141\u00d3WNIE WE FRANCJI. DOWIEDZ SI\u0118 WI\u0118CEJ PRODUKCJA TECHNOLOGIA CZYTAJ WI\u0118CEJ CZYTAJ WI\u0118CEJ IZOLACJA DLA LEPSZEJ PRZYSZ\u0141O\u015aCI Isotrie oferuje r\u00f3\u017cne opcje izolacji, w tym izolacj\u0119 termiczn\u0105 i akustyczn\u0105, a [&hellip;]\" \/>\n<meta property=\"og:url\" content=\"https:\/\/plixxent.com\/pl\/izotrie\/\" \/>\n<meta property=\"og:site_name\" content=\"PLIXXENT\" \/>\n<meta property=\"article:modified_time\" content=\"2025-08-19T06:42:30+00:00\" \/>\n<meta property=\"og:image\" content=\"https:\/\/plixxent.com\/wp-content\/uploads\/2025\/06\/Isotrie.jpg\" \/>\n\t<meta property=\"og:image:width\" content=\"1243\" \/>\n\t<meta property=\"og:image:height\" content=\"841\" \/>\n\t<meta property=\"og:image:type\" content=\"image\/jpeg\" \/>\n<meta name=\"twitter:card\" content=\"summary_large_image\" \/>\n<meta name=\"twitter:label1\" content=\"Szacowany czas czytania\" \/>\n\t<meta name=\"twitter:data1\" content=\"1 minuta\" \/>\n<script type=\"application\/ld+json\" class=\"yoast-schema-graph\">{\"@context\":\"https:\\\/\\\/schema.org\",\"@graph\":[{\"@type\":\"WebPage\",\"@id\":\"https:\\\/\\\/plixxent.com\\\/pl\\\/izotrie\\\/\",\"url\":\"https:\\\/\\\/plixxent.com\\\/pl\\\/izotrie\\\/\",\"name\":\"izotrie - PLIXXENT\",\"isPartOf\":{\"@id\":\"https:\\\/\\\/plixxent.com\\\/pl\\\/#website\"},\"primaryImageOfPage\":{\"@id\":\"https:\\\/\\\/plixxent.com\\\/pl\\\/izotrie\\\/#primaryimage\"},\"image\":{\"@id\":\"https:\\\/\\\/plixxent.com\\\/pl\\\/izotrie\\\/#primaryimage\"},\"thumbnailUrl\":\"https:\\\/\\\/plixxent.com\\\/wp-content\\\/uploads\\\/2025\\\/06\\\/Isotrie.jpg\",\"datePublished\":\"2025-06-03T14:48:54+00:00\",\"dateModified\":\"2025-08-19T06:42:30+00:00\",\"breadcrumb\":{\"@id\":\"https:\\\/\\\/plixxent.com\\\/pl\\\/izotrie\\\/#breadcrumb\"},\"inLanguage\":\"pl-PL\",\"potentialAction\":[{\"@type\":\"ReadAction\",\"target\":[\"https:\\\/\\\/plixxent.com\\\/pl\\\/izotrie\\\/\"]}]},{\"@type\":\"ImageObject\",\"inLanguage\":\"pl-PL\",\"@id\":\"https:\\\/\\\/plixxent.com\\\/pl\\\/izotrie\\\/#primaryimage\",\"url\":\"https:\\\/\\\/plixxent.com\\\/wp-content\\\/uploads\\\/2025\\\/06\\\/Isotrie.jpg\",\"contentUrl\":\"https:\\\/\\\/plixxent.com\\\/wp-content\\\/uploads\\\/2025\\\/06\\\/Isotrie.jpg\",\"width\":1243,\"height\":841},{\"@type\":\"BreadcrumbList\",\"@id\":\"https:\\\/\\\/plixxent.com\\\/pl\\\/izotrie\\\/#breadcrumb\",\"itemListElement\":[{\"@type\":\"ListItem\",\"position\":1,\"name\":\"Home\",\"item\":\"https:\\\/\\\/plixxent.com\\\/pl\\\/strona-glowna\\\/\"},{\"@type\":\"ListItem\",\"position\":2,\"name\":\"izotrie\"}]},{\"@type\":\"WebSite\",\"@id\":\"https:\\\/\\\/plixxent.com\\\/pl\\\/#website\",\"url\":\"https:\\\/\\\/plixxent.com\\\/pl\\\/\",\"name\":\"PLIXXENT\",\"description\":\"Providing innovative technologies based on polyurethanes\",\"potentialAction\":[{\"@type\":\"SearchAction\",\"target\":{\"@type\":\"EntryPoint\",\"urlTemplate\":\"https:\\\/\\\/plixxent.com\\\/pl\\\/?s={search_term_string}\"},\"query-input\":{\"@type\":\"PropertyValueSpecification\",\"valueRequired\":true,\"valueName\":\"search_term_string\"}}],\"inLanguage\":\"pl-PL\"}]}<\/script>\n<!-- \/ Yoast SEO plugin. -->","yoast_head_json":{"title":"izotrie - PLIXXENT","robots":{"index":"index","follow":"follow","max-snippet":"max-snippet:-1","max-image-preview":"max-image-preview:large","max-video-preview":"max-video-preview:-1"},"canonical":"https:\/\/plixxent.com\/pl\/izotrie\/","og_locale":"pl_PL","og_type":"article","og_title":"izotrie - PLIXXENT","og_description":"ISOTRIE jest wiod\u0105c\u0105 firm\u0105 w dziedzinie izolacji poliuretanowych, opracowuj\u0105c\u0105 i produkuj\u0105c\u0105 wysokiej jako\u015bci rozwi\u0105zania z pianki natryskowej od 1983 roku. Z SIEDZIB\u0104 W DRONGEN, BELGIA, FIRMA DZIA\u0141A G\u0141\u00d3WNIE WE FRANCJI. DOWIEDZ SI\u0118 WI\u0118CEJ PRODUKCJA TECHNOLOGIA CZYTAJ WI\u0118CEJ CZYTAJ WI\u0118CEJ IZOLACJA DLA LEPSZEJ PRZYSZ\u0141O\u015aCI Isotrie oferuje r\u00f3\u017cne opcje izolacji, w tym izolacj\u0119 termiczn\u0105 i akustyczn\u0105, a [&hellip;]","og_url":"https:\/\/plixxent.com\/pl\/izotrie\/","og_site_name":"PLIXXENT","article_modified_time":"2025-08-19T06:42:30+00:00","og_image":[{"width":1243,"height":841,"url":"https:\/\/plixxent.com\/wp-content\/uploads\/2025\/06\/Isotrie.jpg","type":"image\/jpeg"}],"twitter_card":"summary_large_image","twitter_misc":{"Szacowany czas czytania":"1 minuta"},"schema":{"@context":"https:\/\/schema.org","@graph":[{"@type":"WebPage","@id":"https:\/\/plixxent.com\/pl\/izotrie\/","url":"https:\/\/plixxent.com\/pl\/izotrie\/","name":"izotrie - PLIXXENT","isPartOf":{"@id":"https:\/\/plixxent.com\/pl\/#website"},"primaryImageOfPage":{"@id":"https:\/\/plixxent.com\/pl\/izotrie\/#primaryimage"},"image":{"@id":"https:\/\/plixxent.com\/pl\/izotrie\/#primaryimage"},"thumbnailUrl":"https:\/\/plixxent.com\/wp-content\/uploads\/2025\/06\/Isotrie.jpg","datePublished":"2025-06-03T14:48:54+00:00","dateModified":"2025-08-19T06:42:30+00:00","breadcrumb":{"@id":"https:\/\/plixxent.com\/pl\/izotrie\/#breadcrumb"},"inLanguage":"pl-PL","potentialAction":[{"@type":"ReadAction","target":["https:\/\/plixxent.com\/pl\/izotrie\/"]}]},{"@type":"ImageObject","inLanguage":"pl-PL","@id":"https:\/\/plixxent.com\/pl\/izotrie\/#primaryimage","url":"https:\/\/plixxent.com\/wp-content\/uploads\/2025\/06\/Isotrie.jpg","contentUrl":"https:\/\/plixxent.com\/wp-content\/uploads\/2025\/06\/Isotrie.jpg","width":1243,"height":841},{"@type":"BreadcrumbList","@id":"https:\/\/plixxent.com\/pl\/izotrie\/#breadcrumb","itemListElement":[{"@type":"ListItem","position":1,"name":"Home","item":"https:\/\/plixxent.com\/pl\/strona-glowna\/"},{"@type":"ListItem","position":2,"name":"izotrie"}]},{"@type":"WebSite","@id":"https:\/\/plixxent.com\/pl\/#website","url":"https:\/\/plixxent.com\/pl\/","name":"PLIXXENT","description":"Providing innovative technologies based on polyurethanes","potentialAction":[{"@type":"SearchAction","target":{"@type":"EntryPoint","urlTemplate":"https:\/\/plixxent.com\/pl\/?s={search_term_string}"},"query-input":{"@type":"PropertyValueSpecification","valueRequired":true,"valueName":"search_term_string"}}],"inLanguage":"pl-PL"}]}},"_links":{"self":[{"href":"https:\/\/plixxent.com\/pl\/wp-json\/wp\/v2\/pages\/63136","targetHints":{"allow":["GET"]}}],"collection":[{"href":"https:\/\/plixxent.com\/pl\/wp-json\/wp\/v2\/pages"}],"about":[{"href":"https:\/\/plixxent.com\/pl\/wp-json\/wp\/v2\/types\/page"}],"author":[{"embeddable":true,"href":"https:\/\/plixxent.com\/pl\/wp-json\/wp\/v2\/users\/4"}],"replies":[{"embeddable":true,"href":"https:\/\/plixxent.com\/pl\/wp-json\/wp\/v2\/comments?post=63136"}],"version-history":[{"count":1,"href":"https:\/\/plixxent.com\/pl\/wp-json\/wp\/v2\/pages\/63136\/revisions"}],"predecessor-version":[{"id":63138,"href":"https:\/\/plixxent.com\/pl\/wp-json\/wp\/v2\/pages\/63136\/revisions\/63138"}],"wp:featuredmedia":[{"embeddable":true,"href":"https:\/\/plixxent.com\/pl\/wp-json\/wp\/v2\/media\/63115"}],"wp:attachment":[{"href":"https:\/\/plixxent.com\/pl\/wp-json\/wp\/v2\/media?parent=63136"}],"curies":[{"name":"wp","href":"https:\/\/api.w.org\/{rel}","templated":true}]}}