{"id":5754,"date":"2023-08-14T17:23:59","date_gmt":"2023-08-14T15:23:59","guid":{"rendered":"https:\/\/plixxent.com\/nadruk\/"},"modified":"2024-02-26T17:32:21","modified_gmt":"2024-02-26T16:32:21","slug":"nadruk","status":"publish","type":"page","link":"https:\/\/plixxent.com\/pl\/nadruk\/","title":{"rendered":"Nadruk"},"content":{"rendered":"\n<p>PLIXXENT Holding GmbH<br\/>Gasstra\u00dfe 18 I Haus 5<br\/>22761 Hamburg<br\/>Niemcy<\/p>\n\n<p><strong>Kontakt:<\/strong><br\/>Telefon: 040-357 78 46 0<br\/>Email: info@plixxent.com<br\/>www.plixxent.com<\/p>\n\n<p><strong>Dyrektorzy zarz\u0105dzaj\u0105cy:<\/strong><br\/>Dr J\u00f6rg Schottek<br\/>Nikolaus Michelsen<br\/>Carsten W\u00f6rner<\/p>\n\n<p><strong>Siedzenie:<\/strong><br\/>Hamburg<\/p>\n\n<p><strong>S\u0105d rejestracji:<\/strong><br\/>S\u0105d rejonowy w Hamburgu<\/p>\n\n<p><strong>Numer rejestracyjny:<\/strong><br\/>HRB 164091<\/p>\n\n<p><strong>Numer VAT:<\/strong><br\/>DE324691732<\/p>\n\n<p><strong>Odpowiedzialny (\u00a7 18 Abs. 2 MStV):<\/strong><br\/>Jennifer Sonnek<br\/>PLIXXENT Holding GmbH<br\/>Dyrektor Grupy ds. marketingu i komunikacji<br\/>Gasstra\u00dfe 18 I Haus 5<br\/>22761 Hamburg<br\/>Niemcy<\/p>\n\n<h2 class=\"wp-block-heading\">Wy\u0142\u0105czenie odpowiedzialno\u015bci<\/h2>\n\n<p>PLIXXENT Holding GmbH zastrzega, \u017ce nie ponosi odpowiedzialno\u015bci za aktualno\u015b\u0107, poprawno\u015b\u0107, kompletno\u015b\u0107 lub jako\u015b\u0107 udost\u0119pnianych informacji. Roszczenia z tytu\u0142u odpowiedzialno\u015bci za szkody spowodowane wykorzystaniem jakichkolwiek dostarczonych informacji, w tym wszelkiego rodzaju informacji, kt\u00f3re s\u0105 niekompletne lub nieprawid\u0142owe, zostan\u0105 zatem odrzucone. Wszystkie oferty s\u0105 niewi\u0105\u017c\u0105ce i niezobowi\u0105zuj\u0105ce. Cz\u0119\u015bci stron lub ca\u0142a publikacja, w tym wszystkie oferty i informacje, mog\u0105 zosta\u0107 rozszerzone, zmienione lub cz\u0119\u015bciowo lub ca\u0142kowicie usuni\u0119te przez PLIXXENT Holding GmbH bez osobnego powiadomienia.<\/p>\n\n<h2 class=\"wp-block-heading\">Polecenia i linki<\/h2>\n\n<p>PLIXXENT Holding GmbH nie ponosi odpowiedzialno\u015bci za tre\u015bci, do kt\u00f3rych prowadz\u0105 linki lub odes\u0142ania z jego stron &#8211; chyba \u017ce posiada pe\u0142n\u0105 wiedz\u0119 o nielegalnych tre\u015bciach i by\u0142by w stanie uniemo\u017cliwi\u0107 odwiedzaj\u0105cym jego witryn\u0119 przegl\u0105danie tych stron. W przypadku wyst\u0105pienia jakiejkolwiek szkody w wyniku korzystania z przedstawionych tam informacji, odpowiedzialno\u015b\u0107 mo\u017ce ponosi\u0107 wy\u0142\u0105cznie PLIXXENT Holding GmbH odpowiednich stron, a nie ten, kto umie\u015bci\u0142 link do tych stron.<\/p>\n\n<h2 class=\"wp-block-heading\">Prawa autorskie<\/h2>\n\n<p>PLIXXENT Holding GmbH zamierza\u0142 nie wykorzystywa\u0107 \u017cadnych materia\u0142\u00f3w chronionych prawem autorskim do publikacji lub, je\u015bli nie jest to mo\u017cliwe, wskaza\u0107 prawa autorskie do danego przedmiotu. Prawa autorskie do wszelkich materia\u0142\u00f3w stworzonych przez PLIXXENT Holding GmbH s\u0105 zastrze\u017cone. Powielanie lub wykorzystywanie obiekt\u00f3w takich jak wykresy, d\u017awi\u0119ki lub teksty w innych publikacjach elektronicznych lub drukowanych bez zgody PLIXXENT Holding GmbH jest zabronione.<\/p>\n\n<h2 class=\"wp-block-heading\">Wa\u017cno\u015b\u0107 prawna niniejszego wy\u0142\u0105czenia odpowiedzialno\u015bci<\/h2>\n\n<p>Niniejsze wy\u0142\u0105czenie odpowiedzialno\u015bci nale\u017cy traktowa\u0107 jako cz\u0119\u015b\u0107 publikacji internetowej, z kt\u00f3rej zostali Pa\u0144stwo przekierowani. Je\u015bli cz\u0119\u015bci lub poszczeg\u00f3lne warunki niniejszego o\u015bwiadczenia nie s\u0105 zgodne z prawem lub prawid\u0142owe, fakt ten nie ma wp\u0142ywu na tre\u015b\u0107 lub wa\u017cno\u015b\u0107 pozosta\u0142ych cz\u0119\u015bci.<\/p>\n","protected":false},"excerpt":{"rendered":"<p>PLIXXENT Holding GmbHGasstra\u00dfe 18 I Haus 522761 HamburgNiemcy Kontakt:Telefon: 040-357 78 46 0Email: info@plixxent.comwww.plixxent.com Dyrektorzy zarz\u0105dzaj\u0105cy:Dr J\u00f6rg SchottekNikolaus MichelsenCarsten W\u00f6rner Siedzenie:Hamburg S\u0105d rejestracji:S\u0105d rejonowy w Hamburgu Numer rejestracyjny:HRB 164091 Numer VAT:DE324691732 Odpowiedzialny (\u00a7 18 Abs. 2 MStV):Jennifer SonnekPLIXXENT Holding GmbHDyrektor Grupy ds. marketingu i komunikacjiGasstra\u00dfe 18 I Haus 522761 HamburgNiemcy Wy\u0142\u0105czenie odpowiedzialno\u015bci PLIXXENT Holding GmbH [&hellip;]<\/p>\n","protected":false},"author":1,"featured_media":0,"parent":0,"menu_order":0,"comment_status":"closed","ping_status":"closed","template":"","meta":{"footnotes":""},"class_list":["post-5754","page","type-page","status-publish","hentry"],"yoast_head":"<!-- This site is optimized with the Yoast SEO plugin v27.4 - https:\/\/yoast.com\/product\/yoast-seo-wordpress\/ -->\n<title>Nadruk - PLIXXENT<\/title>\n<meta name=\"robots\" content=\"index, follow, max-snippet:-1, max-image-preview:large, max-video-preview:-1\" \/>\n<link rel=\"canonical\" href=\"https:\/\/plixxent.com\/pl\/nadruk\/\" \/>\n<meta property=\"og:locale\" content=\"pl_PL\" \/>\n<meta property=\"og:type\" content=\"article\" \/>\n<meta property=\"og:title\" content=\"Nadruk - PLIXXENT\" \/>\n<meta property=\"og:description\" content=\"PLIXXENT Holding GmbHGasstra\u00dfe 18 I Haus 522761 HamburgNiemcy Kontakt:Telefon: 040-357 78 46 0Email: info@plixxent.comwww.plixxent.com Dyrektorzy zarz\u0105dzaj\u0105cy:Dr J\u00f6rg SchottekNikolaus MichelsenCarsten W\u00f6rner Siedzenie:Hamburg S\u0105d rejestracji:S\u0105d rejonowy w Hamburgu Numer rejestracyjny:HRB 164091 Numer VAT:DE324691732 Odpowiedzialny (\u00a7 18 Abs. 2 MStV):Jennifer SonnekPLIXXENT Holding GmbHDyrektor Grupy ds. marketingu i komunikacjiGasstra\u00dfe 18 I Haus 522761 HamburgNiemcy Wy\u0142\u0105czenie odpowiedzialno\u015bci PLIXXENT Holding GmbH [&hellip;]\" \/>\n<meta property=\"og:url\" content=\"https:\/\/plixxent.com\/pl\/nadruk\/\" \/>\n<meta property=\"og:site_name\" content=\"PLIXXENT\" \/>\n<meta property=\"article:modified_time\" content=\"2024-02-26T16:32:21+00:00\" \/>\n<meta property=\"og:image\" content=\"https:\/\/plixxent.com\/wp-content\/uploads\/2024\/03\/plixxent_og.jpg\" \/>\n\t<meta property=\"og:image:width\" content=\"1200\" \/>\n\t<meta property=\"og:image:height\" content=\"675\" \/>\n\t<meta property=\"og:image:type\" content=\"image\/jpeg\" \/>\n<meta name=\"twitter:card\" content=\"summary_large_image\" \/>\n<meta name=\"twitter:label1\" content=\"Szacowany czas czytania\" \/>\n\t<meta name=\"twitter:data1\" content=\"2 minuty\" \/>\n<script type=\"application\/ld+json\" class=\"yoast-schema-graph\">{\"@context\":\"https:\\\/\\\/schema.org\",\"@graph\":[{\"@type\":\"WebPage\",\"@id\":\"https:\\\/\\\/plixxent.com\\\/pl\\\/nadruk\\\/\",\"url\":\"https:\\\/\\\/plixxent.com\\\/pl\\\/nadruk\\\/\",\"name\":\"Nadruk - PLIXXENT\",\"isPartOf\":{\"@id\":\"https:\\\/\\\/plixxent.com\\\/pl\\\/#website\"},\"datePublished\":\"2023-08-14T15:23:59+00:00\",\"dateModified\":\"2024-02-26T16:32:21+00:00\",\"breadcrumb\":{\"@id\":\"https:\\\/\\\/plixxent.com\\\/pl\\\/nadruk\\\/#breadcrumb\"},\"inLanguage\":\"pl-PL\",\"potentialAction\":[{\"@type\":\"ReadAction\",\"target\":[\"https:\\\/\\\/plixxent.com\\\/pl\\\/nadruk\\\/\"]}]},{\"@type\":\"BreadcrumbList\",\"@id\":\"https:\\\/\\\/plixxent.com\\\/pl\\\/nadruk\\\/#breadcrumb\",\"itemListElement\":[{\"@type\":\"ListItem\",\"position\":1,\"name\":\"Home\",\"item\":\"https:\\\/\\\/plixxent.com\\\/pl\\\/strona-glowna\\\/\"},{\"@type\":\"ListItem\",\"position\":2,\"name\":\"Nadruk\"}]},{\"@type\":\"WebSite\",\"@id\":\"https:\\\/\\\/plixxent.com\\\/pl\\\/#website\",\"url\":\"https:\\\/\\\/plixxent.com\\\/pl\\\/\",\"name\":\"PLIXXENT\",\"description\":\"Providing innovative technologies based on polyurethanes\",\"potentialAction\":[{\"@type\":\"SearchAction\",\"target\":{\"@type\":\"EntryPoint\",\"urlTemplate\":\"https:\\\/\\\/plixxent.com\\\/pl\\\/?s={search_term_string}\"},\"query-input\":{\"@type\":\"PropertyValueSpecification\",\"valueRequired\":true,\"valueName\":\"search_term_string\"}}],\"inLanguage\":\"pl-PL\"}]}<\/script>\n<!-- \/ Yoast SEO plugin. -->","yoast_head_json":{"title":"Nadruk - PLIXXENT","robots":{"index":"index","follow":"follow","max-snippet":"max-snippet:-1","max-image-preview":"max-image-preview:large","max-video-preview":"max-video-preview:-1"},"canonical":"https:\/\/plixxent.com\/pl\/nadruk\/","og_locale":"pl_PL","og_type":"article","og_title":"Nadruk - PLIXXENT","og_description":"PLIXXENT Holding GmbHGasstra\u00dfe 18 I Haus 522761 HamburgNiemcy Kontakt:Telefon: 040-357 78 46 0Email: info@plixxent.comwww.plixxent.com Dyrektorzy zarz\u0105dzaj\u0105cy:Dr J\u00f6rg SchottekNikolaus MichelsenCarsten W\u00f6rner Siedzenie:Hamburg S\u0105d rejestracji:S\u0105d rejonowy w Hamburgu Numer rejestracyjny:HRB 164091 Numer VAT:DE324691732 Odpowiedzialny (\u00a7 18 Abs. 2 MStV):Jennifer SonnekPLIXXENT Holding GmbHDyrektor Grupy ds. marketingu i komunikacjiGasstra\u00dfe 18 I Haus 522761 HamburgNiemcy Wy\u0142\u0105czenie odpowiedzialno\u015bci PLIXXENT Holding GmbH [&hellip;]","og_url":"https:\/\/plixxent.com\/pl\/nadruk\/","og_site_name":"PLIXXENT","article_modified_time":"2024-02-26T16:32:21+00:00","og_image":[{"width":1200,"height":675,"url":"https:\/\/plixxent.com\/wp-content\/uploads\/2024\/03\/plixxent_og.jpg","type":"image\/jpeg"}],"twitter_card":"summary_large_image","twitter_misc":{"Szacowany czas czytania":"2 minuty"},"schema":{"@context":"https:\/\/schema.org","@graph":[{"@type":"WebPage","@id":"https:\/\/plixxent.com\/pl\/nadruk\/","url":"https:\/\/plixxent.com\/pl\/nadruk\/","name":"Nadruk - PLIXXENT","isPartOf":{"@id":"https:\/\/plixxent.com\/pl\/#website"},"datePublished":"2023-08-14T15:23:59+00:00","dateModified":"2024-02-26T16:32:21+00:00","breadcrumb":{"@id":"https:\/\/plixxent.com\/pl\/nadruk\/#breadcrumb"},"inLanguage":"pl-PL","potentialAction":[{"@type":"ReadAction","target":["https:\/\/plixxent.com\/pl\/nadruk\/"]}]},{"@type":"BreadcrumbList","@id":"https:\/\/plixxent.com\/pl\/nadruk\/#breadcrumb","itemListElement":[{"@type":"ListItem","position":1,"name":"Home","item":"https:\/\/plixxent.com\/pl\/strona-glowna\/"},{"@type":"ListItem","position":2,"name":"Nadruk"}]},{"@type":"WebSite","@id":"https:\/\/plixxent.com\/pl\/#website","url":"https:\/\/plixxent.com\/pl\/","name":"PLIXXENT","description":"Providing innovative technologies based on polyurethanes","potentialAction":[{"@type":"SearchAction","target":{"@type":"EntryPoint","urlTemplate":"https:\/\/plixxent.com\/pl\/?s={search_term_string}"},"query-input":{"@type":"PropertyValueSpecification","valueRequired":true,"valueName":"search_term_string"}}],"inLanguage":"pl-PL"}]}},"_links":{"self":[{"href":"https:\/\/plixxent.com\/pl\/wp-json\/wp\/v2\/pages\/5754","targetHints":{"allow":["GET"]}}],"collection":[{"href":"https:\/\/plixxent.com\/pl\/wp-json\/wp\/v2\/pages"}],"about":[{"href":"https:\/\/plixxent.com\/pl\/wp-json\/wp\/v2\/types\/page"}],"author":[{"embeddable":true,"href":"https:\/\/plixxent.com\/pl\/wp-json\/wp\/v2\/users\/1"}],"replies":[{"embeddable":true,"href":"https:\/\/plixxent.com\/pl\/wp-json\/wp\/v2\/comments?post=5754"}],"version-history":[{"count":0,"href":"https:\/\/plixxent.com\/pl\/wp-json\/wp\/v2\/pages\/5754\/revisions"}],"wp:attachment":[{"href":"https:\/\/plixxent.com\/pl\/wp-json\/wp\/v2\/media?parent=5754"}],"curies":[{"name":"wp","href":"https:\/\/api.w.org\/{rel}","templated":true}]}}