{"id":5725,"date":"2023-08-14T17:23:50","date_gmt":"2023-08-14T15:23:50","guid":{"rendered":"https:\/\/plixxent.com\/zasady-i-warunki\/"},"modified":"2026-03-03T18:06:44","modified_gmt":"2026-03-03T17:06:44","slug":"zasady-i-warunki","status":"publish","type":"page","link":"https:\/\/plixxent.com\/pl\/zasady-i-warunki\/","title":{"rendered":"Zasady i warunki"},"content":{"rendered":"\n<p>Poni\u017cej znajd\u0105 Pa\u0144stwo nasz regulamin w formie pliku PDF.<\/p>\n\n<h2 class=\"wp-block-heading\">Niemcy<\/h2>\n\n<h3 class=\"wp-block-heading\">Warunki udzielania zam\u00f3wie\u0144<\/h3>\n\n<p><a href=\"https:\/\/plixxent.com\/es\/download\/deutschland-allgemeine-einkaufsbedingungen-aleman\/\" data-type=\"download\" data-id=\"2957\" target=\"_blank\" rel=\"noreferrer noopener\">Allgemeine Einkaufsbedingungen (Deutsch)<\/a><br\/><a href=\"https:\/\/plixxent.com\/es\/download\/alemania-condiciones-generales-de-contratacion-ingles\/\" data-type=\"download\" data-id=\"2955\" target=\"_blank\" rel=\"noreferrer noopener\">General Terms and Conditions of Procurement (English)<\/a><\/p>\n\n<h3 class=\"wp-block-heading\">Warunki sprzeda\u017cy<\/h3>\n\n<p><a data-type=\"download\" data-id=\"2953\" href=\"https:\/\/plixxent.com\/es\/download\/deutschland-allgemeine-verkaufs-und-lieferbedingungen-aleman\/\">Allgemeine Verkaufs- und Lieferbedingungen (Deutsch)<\/a><br\/><a href=\"https:\/\/plixxent.com\/es\/download\/alemania-condiciones-generales-de-venta-ingles\/\" target=\"_blank\" rel=\"noreferrer noopener\">General Terms and Conditions of Sale (English)<\/a><\/p>\n\n<h3 class=\"wp-block-heading\">Rozporz\u0105dzenie w sprawie niebezpiecznych zdarze\u0144<\/h3>\n\n<p><a href=\"https:\/\/plixxent.com\/es\/download\/informacion-sobre-la-ordenanza-de-incidentes-peligrosos-aleman\/\" target=\"_blank\" rel=\"noreferrer noopener\">Informacje na temat rozporz\u0105dzenia w sprawie zdarze\u0144 niebezpiecznych (niemiecki)<\/a><\/p>\n\n<h2 class=\"wp-block-heading\">Holandia<\/h2>\n\n<h3 class=\"wp-block-heading\">Warunki udzielania zam\u00f3wie\u0144<\/h3>\n\n<p><a href=\"https:\/\/plixxent.com\/es\/download\/paises-bajos-condiciones-generales-de-compra-ingles\/\" data-type=\"download\" data-id=\"57181\">Og\u00f3lne warunki zakupu (w j\u0119zyku angielskim)<\/a><\/p>\n\n<h3 class=\"wp-block-heading\">Warunki sprzeda\u017cy<\/h3>\n\n<p><a href=\"https:\/\/plixxent.com\/es\/download\/paises-bajos-condiciones-generales-de-venta-y-entrega-espanol\/\" data-type=\"download\" data-id=\"1964\" target=\"_blank\" rel=\"noreferrer noopener\">Og\u00f3lne warunki sprzeda\u017cy i dostawy (w j\u0119zyku angielskim)<\/a><\/p>\n\n<h2 class=\"wp-block-heading\">Hiszpania<\/h2>\n\n<h3 class=\"wp-block-heading\">Warunki udzielania zam\u00f3wie\u0144<\/h3>\n\n<p><a href=\"https:\/\/plixxent.com\/es\/download\/espana-terminos-y-condiciones-de-compra-de-bienes-y-servicios-english\/\" data-type=\"download\" data-id=\"2965\">T\u00e9rminos y Condiciones de Compra de Bienes y Servicios (Espa\u00f1ol)<br\/><\/a><a href=\"https:\/\/plixxent.com\/es\/download\/espana-condiciones-generales-de-compra-de-bienes-y-servicios-ingles\/\" data-type=\"download\" data-id=\"2963\">Terms and Conditions of Purchase of Goods and Services (English)<\/a><\/p>\n\n<h3 class=\"wp-block-heading\">Warunki sprzeda\u017cy<\/h3>\n\n<p><a href=\"https:\/\/plixxent.com\/es\/download\/espana-condiciones-generales-de-venta-y-suministro-espanol\/\" data-type=\"download\" data-id=\"1966\">Condiciones Generales de Venta y Suministro (Espa\u00f1ol)<\/a><br\/><a href=\"https:\/\/plixxent.com\/es\/download\/espana-condiciones-generales-de-venta-y-entrega-espanol\/\" data-type=\"download\" data-id=\"1965\">General Conditions of Sale and Delivery (English)<\/a><\/p>\n\n<h2 class=\"wp-block-heading\">W\u0142ochy<\/h2>\n\n<h3 class=\"wp-block-heading\">Warunki dostawy<\/h3>\n\n<p><a href=\"https:\/\/plixxent.com\/es\/download\/italia-condizioni-generali-di-fornitura-italiano\/\" data-type=\"download\" data-id=\"2961\">Condizioni Generali di fornitura (Italiano)<\/a><br\/><a href=\"https:\/\/plixxent.com\/es\/download\/italia-condiciones-generales-de-suministro-ingles\/\" data-type=\"download\" data-id=\"2959\">General terms and conditions of supply (English)<\/a><\/p>\n\n<h2 class=\"wp-block-heading\">Dania<\/h2>\n\n<h3 class=\"wp-block-heading\">Warunki udzielania zam\u00f3wie\u0144<\/h3>\n\n<p>Warunki udzielania zam\u00f3wie\u0144 (angielski)<\/p>\n\n<h3 class=\"wp-block-heading\">Warunki sprzeda\u017cy<\/h3>\n\n<p><a href=\"https:\/\/plixxent.com\/es\/download\/dinamarca-condiciones-generales-de-venta-ingles\/\" data-type=\"download\" data-id=\"1967\">Og\u00f3lne warunki sprzeda\u017cy (angielski)<\/a><\/p>\n\n<h2 class=\"wp-block-heading\">Zjednoczone Kr\u00f3lestwo<\/h2>\n\n<h3 class=\"wp-block-heading\">Warunki sprzeda\u017cy<\/h3>\n\n<p><a data-type=\"download\" data-id=\"1973\" href=\"https:\/\/plixxent.com\/es\/download\/reino-unido-terminos-y-condiciones-de-venta-de-mercancias-ingles\/\">Warunki sprzeda\u017cy towar\u00f3w (angielski)<\/a><br\/><a href=\"https:\/\/plixxent.com\/es\/download\/terminos-y-condiciones-de-compra-ingles\/\" target=\"_blank\" rel=\"noreferrer noopener\">Warunki zakupu (angielski)<\/a><\/p>\n\n<p><\/p>\n","protected":false},"excerpt":{"rendered":"<p>Poni\u017cej znajd\u0105 Pa\u0144stwo nasz regulamin w formie pliku PDF. Niemcy Warunki udzielania zam\u00f3wie\u0144 Allgemeine Einkaufsbedingungen (Deutsch)General Terms and Conditions of Procurement (English) Warunki sprzeda\u017cy Allgemeine Verkaufs- und Lieferbedingungen (Deutsch)General Terms and Conditions of Sale (English) Rozporz\u0105dzenie w sprawie niebezpiecznych zdarze\u0144 Informacje na temat rozporz\u0105dzenia w sprawie zdarze\u0144 niebezpiecznych (niemiecki) Holandia Warunki udzielania zam\u00f3wie\u0144 Og\u00f3lne warunki [&hellip;]<\/p>\n","protected":false},"author":1,"featured_media":0,"parent":0,"menu_order":0,"comment_status":"closed","ping_status":"closed","template":"","meta":{"footnotes":""},"class_list":["post-5725","page","type-page","status-publish","hentry"],"yoast_head":"<!-- This site is optimized with the Yoast SEO plugin v27.4 - https:\/\/yoast.com\/product\/yoast-seo-wordpress\/ -->\n<title>Zasady i warunki - PLIXXENT<\/title>\n<meta name=\"robots\" content=\"index, follow, max-snippet:-1, max-image-preview:large, max-video-preview:-1\" \/>\n<link rel=\"canonical\" href=\"https:\/\/plixxent.com\/pl\/zasady-i-warunki\/\" \/>\n<meta property=\"og:locale\" content=\"pl_PL\" \/>\n<meta property=\"og:type\" content=\"article\" \/>\n<meta property=\"og:title\" content=\"Zasady i warunki - PLIXXENT\" \/>\n<meta property=\"og:description\" content=\"Poni\u017cej znajd\u0105 Pa\u0144stwo nasz regulamin w formie pliku PDF. Niemcy Warunki udzielania zam\u00f3wie\u0144 Allgemeine Einkaufsbedingungen (Deutsch)General Terms and Conditions of Procurement (English) Warunki sprzeda\u017cy Allgemeine Verkaufs- und Lieferbedingungen (Deutsch)General Terms and Conditions of Sale (English) Rozporz\u0105dzenie w sprawie niebezpiecznych zdarze\u0144 Informacje na temat rozporz\u0105dzenia w sprawie zdarze\u0144 niebezpiecznych (niemiecki) Holandia Warunki udzielania zam\u00f3wie\u0144 Og\u00f3lne warunki [&hellip;]\" \/>\n<meta property=\"og:url\" content=\"https:\/\/plixxent.com\/pl\/zasady-i-warunki\/\" \/>\n<meta property=\"og:site_name\" content=\"PLIXXENT\" \/>\n<meta property=\"article:modified_time\" content=\"2026-03-03T17:06:44+00:00\" \/>\n<meta property=\"og:image\" content=\"https:\/\/plixxent.com\/wp-content\/uploads\/2024\/03\/plixxent_og.jpg\" \/>\n\t<meta property=\"og:image:width\" content=\"1200\" \/>\n\t<meta property=\"og:image:height\" content=\"675\" \/>\n\t<meta property=\"og:image:type\" content=\"image\/jpeg\" \/>\n<meta name=\"twitter:card\" content=\"summary_large_image\" \/>\n<meta name=\"twitter:label1\" content=\"Szacowany czas czytania\" \/>\n\t<meta name=\"twitter:data1\" content=\"1 minuta\" \/>\n<script type=\"application\/ld+json\" class=\"yoast-schema-graph\">{\"@context\":\"https:\\\/\\\/schema.org\",\"@graph\":[{\"@type\":\"WebPage\",\"@id\":\"https:\\\/\\\/plixxent.com\\\/pl\\\/zasady-i-warunki\\\/\",\"url\":\"https:\\\/\\\/plixxent.com\\\/pl\\\/zasady-i-warunki\\\/\",\"name\":\"Zasady i warunki - PLIXXENT\",\"isPartOf\":{\"@id\":\"https:\\\/\\\/plixxent.com\\\/pl\\\/#website\"},\"datePublished\":\"2023-08-14T15:23:50+00:00\",\"dateModified\":\"2026-03-03T17:06:44+00:00\",\"breadcrumb\":{\"@id\":\"https:\\\/\\\/plixxent.com\\\/pl\\\/zasady-i-warunki\\\/#breadcrumb\"},\"inLanguage\":\"pl-PL\",\"potentialAction\":[{\"@type\":\"ReadAction\",\"target\":[\"https:\\\/\\\/plixxent.com\\\/pl\\\/zasady-i-warunki\\\/\"]}]},{\"@type\":\"BreadcrumbList\",\"@id\":\"https:\\\/\\\/plixxent.com\\\/pl\\\/zasady-i-warunki\\\/#breadcrumb\",\"itemListElement\":[{\"@type\":\"ListItem\",\"position\":1,\"name\":\"Home\",\"item\":\"https:\\\/\\\/plixxent.com\\\/pl\\\/strona-glowna\\\/\"},{\"@type\":\"ListItem\",\"position\":2,\"name\":\"Zasady i warunki\"}]},{\"@type\":\"WebSite\",\"@id\":\"https:\\\/\\\/plixxent.com\\\/pl\\\/#website\",\"url\":\"https:\\\/\\\/plixxent.com\\\/pl\\\/\",\"name\":\"PLIXXENT\",\"description\":\"Providing innovative technologies based on polyurethanes\",\"potentialAction\":[{\"@type\":\"SearchAction\",\"target\":{\"@type\":\"EntryPoint\",\"urlTemplate\":\"https:\\\/\\\/plixxent.com\\\/pl\\\/?s={search_term_string}\"},\"query-input\":{\"@type\":\"PropertyValueSpecification\",\"valueRequired\":true,\"valueName\":\"search_term_string\"}}],\"inLanguage\":\"pl-PL\"}]}<\/script>\n<!-- \/ Yoast SEO plugin. -->","yoast_head_json":{"title":"Zasady i warunki - PLIXXENT","robots":{"index":"index","follow":"follow","max-snippet":"max-snippet:-1","max-image-preview":"max-image-preview:large","max-video-preview":"max-video-preview:-1"},"canonical":"https:\/\/plixxent.com\/pl\/zasady-i-warunki\/","og_locale":"pl_PL","og_type":"article","og_title":"Zasady i warunki - PLIXXENT","og_description":"Poni\u017cej znajd\u0105 Pa\u0144stwo nasz regulamin w formie pliku PDF. Niemcy Warunki udzielania zam\u00f3wie\u0144 Allgemeine Einkaufsbedingungen (Deutsch)General Terms and Conditions of Procurement (English) Warunki sprzeda\u017cy Allgemeine Verkaufs- und Lieferbedingungen (Deutsch)General Terms and Conditions of Sale (English) Rozporz\u0105dzenie w sprawie niebezpiecznych zdarze\u0144 Informacje na temat rozporz\u0105dzenia w sprawie zdarze\u0144 niebezpiecznych (niemiecki) Holandia Warunki udzielania zam\u00f3wie\u0144 Og\u00f3lne warunki [&hellip;]","og_url":"https:\/\/plixxent.com\/pl\/zasady-i-warunki\/","og_site_name":"PLIXXENT","article_modified_time":"2026-03-03T17:06:44+00:00","og_image":[{"width":1200,"height":675,"url":"https:\/\/plixxent.com\/wp-content\/uploads\/2024\/03\/plixxent_og.jpg","type":"image\/jpeg"}],"twitter_card":"summary_large_image","twitter_misc":{"Szacowany czas czytania":"1 minuta"},"schema":{"@context":"https:\/\/schema.org","@graph":[{"@type":"WebPage","@id":"https:\/\/plixxent.com\/pl\/zasady-i-warunki\/","url":"https:\/\/plixxent.com\/pl\/zasady-i-warunki\/","name":"Zasady i warunki - PLIXXENT","isPartOf":{"@id":"https:\/\/plixxent.com\/pl\/#website"},"datePublished":"2023-08-14T15:23:50+00:00","dateModified":"2026-03-03T17:06:44+00:00","breadcrumb":{"@id":"https:\/\/plixxent.com\/pl\/zasady-i-warunki\/#breadcrumb"},"inLanguage":"pl-PL","potentialAction":[{"@type":"ReadAction","target":["https:\/\/plixxent.com\/pl\/zasady-i-warunki\/"]}]},{"@type":"BreadcrumbList","@id":"https:\/\/plixxent.com\/pl\/zasady-i-warunki\/#breadcrumb","itemListElement":[{"@type":"ListItem","position":1,"name":"Home","item":"https:\/\/plixxent.com\/pl\/strona-glowna\/"},{"@type":"ListItem","position":2,"name":"Zasady i warunki"}]},{"@type":"WebSite","@id":"https:\/\/plixxent.com\/pl\/#website","url":"https:\/\/plixxent.com\/pl\/","name":"PLIXXENT","description":"Providing innovative technologies based on polyurethanes","potentialAction":[{"@type":"SearchAction","target":{"@type":"EntryPoint","urlTemplate":"https:\/\/plixxent.com\/pl\/?s={search_term_string}"},"query-input":{"@type":"PropertyValueSpecification","valueRequired":true,"valueName":"search_term_string"}}],"inLanguage":"pl-PL"}]}},"_links":{"self":[{"href":"https:\/\/plixxent.com\/pl\/wp-json\/wp\/v2\/pages\/5725","targetHints":{"allow":["GET"]}}],"collection":[{"href":"https:\/\/plixxent.com\/pl\/wp-json\/wp\/v2\/pages"}],"about":[{"href":"https:\/\/plixxent.com\/pl\/wp-json\/wp\/v2\/types\/page"}],"author":[{"embeddable":true,"href":"https:\/\/plixxent.com\/pl\/wp-json\/wp\/v2\/users\/1"}],"replies":[{"embeddable":true,"href":"https:\/\/plixxent.com\/pl\/wp-json\/wp\/v2\/comments?post=5725"}],"version-history":[{"count":12,"href":"https:\/\/plixxent.com\/pl\/wp-json\/wp\/v2\/pages\/5725\/revisions"}],"predecessor-version":[{"id":64401,"href":"https:\/\/plixxent.com\/pl\/wp-json\/wp\/v2\/pages\/5725\/revisions\/64401"}],"wp:attachment":[{"href":"https:\/\/plixxent.com\/pl\/wp-json\/wp\/v2\/media?parent=5725"}],"curies":[{"name":"wp","href":"https:\/\/api.w.org\/{rel}","templated":true}]}}