{"id":5633,"date":"2023-06-19T07:44:58","date_gmt":"2023-06-19T05:44:58","guid":{"rendered":"https:\/\/plixxent.com\/oswiadczenie-o-ochronie-prywatnosci\/"},"modified":"2024-03-04T12:54:33","modified_gmt":"2024-03-04T11:54:33","slug":"oswiadczenie-o-ochronie-prywatnosci","status":"publish","type":"page","link":"https:\/\/plixxent.com\/pl\/oswiadczenie-o-ochronie-prywatnosci\/","title":{"rendered":"O\u015bwiadczenie o ochronie prywatno\u015bci"},"content":{"rendered":"\n<p>Informacje o przetwarzaniu danych osobowych naszych klient\u00f3w i zainteresowanych stron.<\/p>\n\n<p>Staranno\u015b\u0107 i przejrzysto\u015b\u0107 s\u0105 podstaw\u0105 opartej na zaufaniu wsp\u00f3\u0142pracy z naszymi klientami. W zwi\u0105zku z tym informujemy u\u017cytkownik\u00f3w o tym, w jaki spos\u00f3b przetwarzamy ich dane i w jaki spos\u00f3b mog\u0105 oni korzysta\u0107 ze swoich praw, kt\u00f3re przys\u0142uguj\u0105 im na mocy og\u00f3lnego rozporz\u0105dzenia o ochronie danych (RODO) i innych odpowiednich przepis\u00f3w o ochronie danych. To, kt\u00f3re dane osobowe przetwarzamy i w jakim celu, zale\u017cy od danego stosunku umownego.<\/p>\n\n<h2 class=\"wp-block-heading\">1. Kto jest odpowiedzialny za przetwarzanie danych?<\/h2>\n\n<p>Osoba odpowiedzialna:<\/p>\n\n<p>PLIXXENT Holding GmbH<br\/>Gasstra\u00dfe 18, Dom 5<br\/>22761 Hamburg<br\/>Niemcy<br\/>Telefon: +49 40357784600<br\/>E-mail: <a href=\"mailto:info@plixxent.com\">info@plixxent.com<\/a><\/p>\n\n<p>reprezentowane przez zarz\u0105d.<\/p>\n\n<h2 class=\"wp-block-heading\">2. Jak skontaktowa\u0107 si\u0119 z inspektorem ochrony danych?<\/h2>\n\n<p>Z naszym inspektorem ochrony danych mo\u017cna skontaktowa\u0107 si\u0119 pod adresem:<br\/>Christopher Schewior<br\/>intersoft consulting services AG<br\/>Beim Strohhause 17<br\/>20097 Hamburg<br\/>Niemcy<br\/>Email: <a href=\"mailto:DSB-Plixxent@intersoft-consulting.de\">DSB-Plixxent@intersoft-consulting.de<\/a><\/p>\n\n<h2 class=\"wp-block-heading\">3. Kt\u00f3re z Twoich danych osobowych wykorzystujemy?<\/h2>\n\n<p>W przypadku z\u0142o\u017cenia zapytania, przygotowania oferty lub zawarcia z nami umowy przetwarzamy dane osobowe u\u017cytkownika. Ponadto przetwarzamy dane osobowe u\u017cytkownika mi\u0119dzy innymi w celu wype\u0142nienia zobowi\u0105za\u0144 prawnych, ochrony uzasadnionego interesu lub na podstawie zgody udzielonej przez u\u017cytkownika.<\/p>\n\n<p>W zale\u017cno\u015bci od podstawy prawnej s\u0105 to nast\u0119puj\u0105ce kategorie danych osobowych:<\/p>\n\n<ul class=\"wp-block-list\">\n<li>Imi\u0119, nazwisko<\/li>\n\n\n\n<li>Adres<\/li>\n\n\n\n<li>Dane komunikacyjne (telefon, adres e-mail, numer faksu)<\/li>\n\n\n\n<li>Data urodzenia<\/li>\n\n\n\n<li>Narodowo\u015b\u0107<\/li>\n\n\n\n<li>Dane podstawowe umowy, w szczeg\u00f3lno\u015bci numer umowy, okres obowi\u0105zywania, okres wypowiedzenia, rodzaj<\/li>\n\n\n\n<li>umowa<\/li>\n\n\n\n<li>Dane organizacyjne (np. firma, przedsi\u0119biorstwo\/organizacja, stanowisko),<\/li>\n\n\n\n<li>position, function)<\/li>\n\n\n\n<li>Dane z faktur\/dane dotycz\u0105ce sprzeda\u017cy<\/li>\n\n\n\n<li>Dane dotycz\u0105ce zdolno\u015bci kredytowej<\/li>\n\n\n\n<li>Dane dotycz\u0105ce p\u0142atno\u015bci\/informacje o koncie<\/li>\n\n\n\n<li>Informacje o koncie, w szczeg\u00f3lno\u015bci rejestracja i logowanie (identyfikator u\u017cytkownika)<\/li>\n\n\n\n<li>Nagrywanie wideo lub obraz\u00f3w<\/li>\n\n\n\n<li>CCTV.<\/li>\n<\/ul>\n\n<p>W trakcie zawierania um\u00f3w korzystamy r\u00f3wnie\u017c z danych przekazanych nam przez osoby trzecie. W zale\u017cno\u015bci od rodzaju umowy obejmuje to nast\u0119puj\u0105ce kategorie danych osobowych:<\/p>\n\n<ul class=\"wp-block-list\">\n<li>Informacje o zdolno\u015bci kredytowej (za po\u015brednictwem agencji kredytowych).<\/li>\n<\/ul>\n\n<h2 class=\"wp-block-heading\">4. Jakie s\u0105 \u017ar\u00f3d\u0142a danych?<\/h2>\n\n<p>Przetwarzamy dane osobowe, kt\u00f3re otrzymujemy od naszych klient\u00f3w lub zainteresowanych stron.<\/p>\n\n<p>Otrzymujemy r\u00f3wnie\u017c dane osobowe od nast\u0119puj\u0105cych podmiot\u00f3w:<\/p>\n\n<ul class=\"wp-block-list\">\n<li>Biura kredytowe<\/li>\n\n\n\n<li>Publicznie dost\u0119pne \u017ar\u00f3d\u0142a: rejestry handlowe lub stowarzysze\u0144, rejestry d\u0142u\u017cnik\u00f3w, grunty<\/li>\n\n\n\n<li>rejestry.<\/li>\n\n\n\n<li>Inne sp\u00f3\u0142ki grupy.<\/li>\n<\/ul>\n\n<h2 class=\"wp-block-heading\">5. W jakich celach przetwarzamy dane u\u017cytkownika i na jakiej podstawie prawnej?<\/h2>\n\n<p>Przetwarzamy dane osobowe u\u017cytkownik\u00f3w w szczeg\u00f3lno\u015bci zgodnie z og\u00f3lnym rozporz\u0105dzeniem o ochronie danych (RODO) i niemieck\u0105 federaln\u0105 ustaw\u0105 o ochronie danych (BDSG), a tak\u017ce wszystkimi innymi obowi\u0105zuj\u0105cymi przepisami.<\/p>\n\n<h3 class=\"wp-block-heading\">5.1 Na podstawie zgody u\u017cytkownika (art. 6 ust. 1 lit. a RODO)<\/h3>\n\n<p>Je\u015bli u\u017cytkownik wyrazi\u0142 dobrowoln\u0105 zgod\u0119 na gromadzenie, przetwarzanie lub przekazywanie okre\u015blonych danych osobowych, zgoda ta stanowi podstaw\u0119 prawn\u0105 przetwarzania tych danych. W nast\u0119puj\u0105cych przypadkach przetwarzamy dane osobowe u\u017cytkownika na podstawie udzielonej przez niego zgody:<\/p>\n\n<ul class=\"wp-block-list\">\n<li>Wysy\u0142anie biuletynu e-mail<\/li>\n\n\n\n<li>Spersonalizowane \u015bledzenie newslettera<\/li>\n\n\n\n<li>Badania rynku (np. badania satysfakcji klient\u00f3w)<\/li>\n\n\n\n<li>Marketing i reklama &#8211; tworzenie profili klient\u00f3w<\/li>\n\n\n\n<li>Publikacja referencji klienta (imi\u0119 i nazwisko oraz zdj\u0119cie).<\/li>\n<\/ul>\n\n<h3 class=\"wp-block-heading\">5.2 W celu wykonania umowy (art. 6 ust. 1 lit. b RODO)<\/h3>\n\n<p>Wykorzystujemy dane osobowe u\u017cytkownika w celu realizacji umowy zakupu.<\/p>\n\n<p>W ramach tego stosunku umownego b\u0119dziemy przetwarza\u0107 dane u\u017cytkownika w szczeg\u00f3lno\u015bci w celu realizacji nast\u0119puj\u0105cych dzia\u0142a\u0144:<\/p>\n\n<ul class=\"wp-block-list\">\n<li>Kontakt zwi\u0105zany z umow\u0105<\/li>\n\n\n\n<li>Zarz\u0105dzanie umowami<\/li>\n\n\n\n<li>Bie\u017c\u0105ca obs\u0142uga klienta<\/li>\n\n\n\n<li>Centrum serwisowe\/wsparcie klienta<\/li>\n\n\n\n<li>Realizacja roszcze\u0144 gwarancyjnych<\/li>\n\n\n\n<li>Zarz\u0105dzanie nale\u017cno\u015bciami<\/li>\n\n\n\n<li>Zarz\u0105dzanie rozwi\u0105zaniem umowy.<\/li>\n<\/ul>\n\n<p>Bardziej szczeg\u00f3\u0142owe informacje na temat cel\u00f3w przetwarzania danych mo\u017cna znale\u017a\u0107 w odpowiednich dokumentach umownych i og\u00f3lnych warunkach.<\/p>\n\n<h3 class=\"wp-block-heading\">5.3 W celu wype\u0142nienia obowi\u0105zk\u00f3w prawnych (art. 6 ust. 1 lit. c RODO)<\/h3>\n\n<p>Jako firma podlegamy r\u00f3\u017cnym obowi\u0105zkom prawnym. W celu wype\u0142nienia tych obowi\u0105zk\u00f3w przetwarzanie danych osobowych mo\u017ce by\u0107 konieczne.<\/p>\n\n<p>Obowi\u0105zki w zakresie kontroli i sprawozdawczo\u015bci<br\/>Weryfikacja zdolno\u015bci kredytowej, wieku i to\u017csamo\u015bci<br\/>Zapobieganie\/obrona przed czynami przest\u0119pczymi.<\/p>\n\n<h3 class=\"wp-block-heading\">5.4 Na podstawie prawnie uzasadnionego interesu (art. 6 ust. 1 lit. f RODO)<\/h3>\n\n<p>W niekt\u00f3rych przypadkach przetwarzamy dane u\u017cytkownika w celu ochrony uzasadnionego interesu naszego lub strony trzeciej.<\/p>\n\n<ul class=\"wp-block-list\">\n<li>Reklama bezpo\u015brednia lub badania rynku i opinii publicznej<\/li>\n\n\n\n<li>Centralne zarz\u0105dzanie danymi klient\u00f3w w ramach grupy<\/li>\n\n\n\n<li>\u015arodki bezpiecze\u0144stwa budynk\u00f3w i instalacji<\/li>\n\n\n\n<li>Nadz\u00f3r wideo w celu zachowania prawa do domu<\/li>\n\n\n\n<li>Konsultacje i wymiana danych z agencjami kredytowymi w celu okre\u015blenia zdolno\u015bci kredytowej lub ryzyka niewykonania zobowi\u0105zania<\/li>\n\n\n\n<li>Zapewnienie bezpiecze\u0144stwa IT i operacji IT.<\/li>\n<\/ul>\n\n<h2 class=\"wp-block-heading\">6. Komu b\u0119d\u0105 udost\u0119pniane dane u\u017cytkownika?<\/h2>\n\n<p>W celu wype\u0142nienia naszych zobowi\u0105za\u0144 umownych i prawnych dane osobowe u\u017cytkownika b\u0119d\u0105 ujawniane r\u00f3\u017cnym organom publicznym lub wewn\u0119trznym, a tak\u017ce zewn\u0119trznym dostawcom us\u0142ug.<\/p>\n\n<p><strong>Sp\u00f3\u0142ki w Grupie:<\/strong><\/p>\n\n<p>PLIXXENT GmbH &amp; Co KG<br\/>Mittelkamp 112<br\/>26125 Oldenburg<br\/>Niemcy<\/p>\n\n<p>PLIXXENT A\/S<br\/>Kronborgvej 24<br\/>5450 Otterup<br\/>Dania<\/p>\n\n<p>PLIXXENT B.V.<br\/>Korte Groningerweg 1 a<br\/>9607 PS Foxhol<br\/>Holandia<\/p>\n\n<p>PLIXXENT S.L.<br\/>Poligono Quimico Sur<br\/>Ctra. Vilaseca-La Pineda,<br\/>s\/n PO Box 83,<br\/>43110 La Canonja #<br\/>Tarragona<br\/>Hiszpania<\/p>\n\n<p>Polytech Liquid Polymers Limited<br\/>Long Ln<br\/>Pott Shrigley,<br\/>Bollington, Macclesfield SK10 5SD,<br\/>Zjednoczone Kr\u00f3lestwo<\/p>\n\n<p>PLIXXENT S.r.l<br\/>Via Massari Marzoli, 5<br\/>21052 Busto Arsizio (Va)<br\/>W\u0142ochy<\/p>\n\n<p><strong>Zewn\u0119trzni dostawcy us\u0142ug:<\/strong><\/p>\n\n<p>Wsp\u00f3\u0142pracujemy z wybranymi zewn\u0119trznymi dostawcami us\u0142ug w celu wype\u0142nienia naszych zobowi\u0105za\u0144 umownych i prawnych.<\/p>\n\n<ul class=\"wp-block-list\">\n<li>Dostawcy us\u0142ug IT (np. dostawcy us\u0142ug serwisowych, dostawcy us\u0142ug hostingowych)<\/li>\n\n\n\n<li>Dostawcy us\u0142ug niszczenia plik\u00f3w i danych<\/li>\n\n\n\n<li>Us\u0142ugi drukowania<\/li>\n\n\n\n<li>Telekomunikacja<\/li>\n\n\n\n<li>Dostawcy us\u0142ug p\u0142atniczych<\/li>\n\n\n\n<li>Doradztwo i konsultacje<\/li>\n\n\n\n<li>Dostawcy us\u0142ug w zakresie marketingu lub sprzeda\u017cy<\/li>\n\n\n\n<li>Biura kredytowe<\/li>\n\n\n\n<li>Autoryzowani dealerzy<\/li>\n\n\n\n<li>Dostawcy us\u0142ug wsparcia telefonicznego (call center)<\/li>\n\n\n\n<li>Dostawcy us\u0142ug hostingowych<\/li>\n\n\n\n<li>Lettershops<\/li>\n\n\n\n<li>Audytorzy.<\/li>\n<\/ul>\n\n<p><strong>Organy publiczne:<\/strong><\/p>\n\n<p>Ponadto mo\u017cemy by\u0107 zobowi\u0105zani do ujawnienia danych osobowych u\u017cytkownika innym odbiorcom, takim jak organy publiczne, w celu spe\u0142nienia wymog\u00f3w prawnych w zakresie powiadamiania.<\/p>\n\n<ul class=\"wp-block-list\">\n<li>W\u0142adze finansowe<\/li>\n\n\n\n<li>C\u0142a<\/li>\n\n\n\n<li>Agencja ubezpiecze\u0144 spo\u0142ecznych.<\/li>\n<\/ul>\n\n<p>W przypadku dalszych pyta\u0144 dotycz\u0105cych poszczeg\u00f3lnych odbiorc\u00f3w, prosimy o kontakt pod adresem: info@plixxent.com.<\/p>\n\n<h2 class=\"wp-block-heading\">7. Czy dane u\u017cytkownika s\u0105 przekazywane do kraj\u00f3w spoza Unii Europejskiej (tzw. kraj\u00f3w trzecich)?<\/h2>\n\n<p>Transfer do kraju trzeciego nie jest przewidziany.<\/p>\n\n<h2 class=\"wp-block-heading\">8. Jak d\u0142ugo moje dane b\u0119d\u0105 przechowywane?<\/h2>\n\n<p>Przechowujemy dane osobowe u\u017cytkownika tak d\u0142ugo, jak jest to konieczne do wype\u0142nienia naszych zobowi\u0105za\u0144 prawnych i umownych.<br\/>Je\u015bli przechowywanie danych nie jest ju\u017c konieczne do wype\u0142nienia zobowi\u0105za\u0144 umownych lub prawnych, dane u\u017cytkownika zostan\u0105 usuni\u0119te, chyba \u017ce ich dalsze przetwarzanie jest konieczne do nast\u0119puj\u0105cych cel\u00f3w:<\/p>\n\n<ul class=\"wp-block-list\">\n<li>Wype\u0142nianie obowi\u0105zk\u00f3w retencyjnych wynikaj\u0105cych z prawa handlowego i podatkowego. Obejmuj\u0105 one okresy przechowywania z niemieckiego kodeksu handlowego (HGB) lub niemieckiego kodeksu podatkowego (AO). Okresy przechowywania danych wynosz\u0105 do 10 lat.<\/li>\n\n\n\n<li>Zabezpieczenie dowod\u00f3w w ramach ustawowych przepis\u00f3w o przedawnieniu. Zgodnie z ustaw\u0105 o przedawnieniu niemieckiego kodeksu cywilnego (BGB), te okresy przedawnienia mog\u0105 wynosi\u0107 do 30 lat w niekt\u00f3rych przypadkach; zwyk\u0142y okres przedawnienia wynosi trzy lata.<\/li>\n<\/ul>\n\n<h2 class=\"wp-block-heading\">9. Jakie prawa przys\u0142uguj\u0105 u\u017cytkownikowi w zwi\u0105zku z przetwarzaniem jego danych?<\/h2>\n\n<p>Ka\u017cda osoba, kt\u00f3rej dane dotycz\u0105, ma prawo do informacji zgodnie z art. 15 RODO, prawo do sprostowania zgodnie z art. 16 RODO, prawo do usuni\u0119cia zgodnie z art. 17 RODO, prawo do ograniczenia przetwarzania zgodnie z art. 18 RODO, prawo do sprzeciwu zgodnie z art. 21 RODO oraz prawo do przenoszenia danych zgodnie z art. 20 RODO. W odniesieniu do prawa do informacji i prawa do usuni\u0119cia danych obowi\u0105zuj\u0105 ograniczenia zgodnie z sekcjami 34 i 35 niemieckiej federalnej ustawy o ochronie danych (BDSG).<\/p>\n\n<h3 class=\"wp-block-heading\">9.1 Prawo do sprzeciwu<\/h3>\n\n<p>U\u017cytkownik mo\u017ce w ka\u017cdej chwili sprzeciwi\u0107 si\u0119 wykorzystywaniu jego danych do cel\u00f3w reklamowych przy u\u017cyciu poczty elektronicznej bez ponoszenia jakichkolwiek koszt\u00f3w innych ni\u017c koszty transmisji zgodnie z podstawowymi stawkami.<\/p>\n\n<p><strong>Jakie prawa przys\u0142uguj\u0105 u\u017cytkownikowi w przypadku przetwarzania danych w oparciu o jego uzasadniony interes lub interes publiczny?<\/strong><\/p>\n\n<p>Zgodnie z Art. 21 ust. 1 RODO u\u017cytkownik ma prawo w dowolnym momencie wnie\u015b\u0107 sprzeciw wobec przetwarzania dotycz\u0105cych go danych osobowych na podstawie art. 6 ust. 1 lit. e) RODO (przetwarzanie danych w interesie publicznym) lub na podstawie art. 6 ust. 1 lit. a) RODO (przetwarzanie danych w interesie publicznym). 6 (1) e RODO (przetwarzanie danych w interesie publicznym) lub na podstawie Art. 6 (1) f RODO (przetwarzanie danych w celu ochrony uzasadnionego interesu) z przyczyn wynikaj\u0105cych z Twojej szczeg\u00f3lnej sytuacji; dotyczy to r\u00f3wnie\u017c profilowania opartego na tym przepisie.<\/p>\n\n<p>W przypadku sprzeciwu u\u017cytkownika nie b\u0119dziemy ju\u017c przetwarza\u0107 jego danych osobowych, chyba \u017ce b\u0119dziemy w stanie wykaza\u0107 istnienie wa\u017cnych prawnie uzasadnionych podstaw do przetwarzania, nadrz\u0119dnych wobec interes\u00f3w, praw i wolno\u015bci u\u017cytkownika, lub przetwarzanie b\u0119dzie s\u0142u\u017cy\u0107 dochodzeniu, wykonywaniu lub obronie roszcze\u0144 prawnych.<\/p>\n\n<p><strong>Jakie prawa przys\u0142uguj\u0105 u\u017cytkownikowi w przypadku przetwarzania danych na potrzeby marketingu bezpo\u015bredniego?<\/strong><\/p>\n\n<p>Je\u015bli przetwarzamy dane osobowe u\u017cytkownika do cel\u00f3w marketingu bezpo\u015bredniego, u\u017cytkownik ma prawo w dowolnym momencie wnie\u015b\u0107 sprzeciw wobec przetwarzania dotycz\u0105cych go danych osobowych do cel\u00f3w takiego marketingu zgodnie z art. 21 ust. 2 RODO. 21 (2) RODO; dotyczy to r\u00f3wnie\u017c profilowania, o ile jest ono zwi\u0105zane z takim marketingiem bezpo\u015brednim. W przypadku sprzeciwu u\u017cytkownika wobec przetwarzania danych do cel\u00f3w marketingu bezpo\u015bredniego nie b\u0119dziemy ju\u017c przetwarza\u0107 jego danych osobowych do tych cel\u00f3w.<\/p>\n\n<h3 class=\"wp-block-heading\">9.2 Cofni\u0119cie zgody<\/h3>\n\n<p>Zgod\u0119 na przetwarzanie danych osobowych mo\u017cna wycofa\u0107 w dowolnym momencie. Nale\u017cy pami\u0119ta\u0107, \u017ce odwo\u0142anie jest skuteczne tylko na przysz\u0142o\u015b\u0107.<\/p>\n\n<h3 class=\"wp-block-heading\">9.3 Prawo do informacji<\/h3>\n\n<p>U\u017cytkownik mo\u017ce za\u017c\u0105da\u0107 informacji o tym, czy przechowujemy jego dane osobowe. Je\u015bli u\u017cytkownik sobie tego \u017cyczy, poinformujemy go, jakich danych to dotyczy, w jakich celach dane te s\u0105 przetwarzane, komu dane te s\u0105 ujawniane, jak d\u0142ugo dane te s\u0105 przechowywane i jakie inne prawa przys\u0142uguj\u0105 u\u017cytkownikowi w odniesieniu do tych danych.<\/p>\n\n<h3 class=\"wp-block-heading\">9.4 Inne prawa<\/h3>\n\n<p>Ponadto u\u017cytkownik ma prawo do poprawienia nieprawid\u0142owych danych lub ich usuni\u0119cia. Je\u015bli nie ma powodu do dalszego przechowywania danych, usuniemy je, w przeciwnym razie ograniczymy ich przetwarzanie. U\u017cytkownik mo\u017ce r\u00f3wnie\u017c za\u017c\u0105da\u0107, aby\u015bmy przekazali wszelkie przekazane nam przez niego dane osobowe w ustrukturyzowanym, powszechnie u\u017cywanym i nadaj\u0105cym si\u0119 do odczytu maszynowego formacie u\u017cytkownikowi albo wybranej przez niego osobie lub sp\u00f3\u0142ce.<\/p>\n\n<p>Ponadto istnieje prawo do odwo\u0142ania si\u0119 do w\u0142a\u015bciwego organu nadzorczego ds. ochrony danych (Art. 77 RODO w zwi\u0105zku z \u00a7 19 niemieckiej federalnej ustawy o ochronie danych (BDSG)).<\/p>\n\n<h3 class=\"wp-block-heading\">9.5 Wykonywanie swoich praw<\/h3>\n\n<p>Aby skorzysta\u0107 ze swoich praw, mo\u017cna skontaktowa\u0107 si\u0119 z administratorem danych lub inspektorem ochrony danych, korzystaj\u0105c z podanych danych kontaktowych. Ponadto mo\u017cna skontaktowa\u0107 si\u0119 z nami za po\u015brednictwem poczty elektronicznej: <a href=\"mailto:info@plixxent.com\">info@plixxent.com<\/a> lub dzwoni\u0105c pod nast\u0119puj\u0105cy numer telefonu <a href=\"tel:+4940357784600\" data-type=\"tel\" data-id=\"tel:+4940357784600\">+49 40357784600<\/a>.<\/p>\n\n<p>Przetworzymy Twoje zapytania niezw\u0142ocznie i zgodnie z wymogami prawnymi oraz poinformujemy Ci\u0119 o podj\u0119tych przez nas \u015brodkach.<\/p>\n\n<h2 class=\"wp-block-heading\">10. Czy istnieje obowi\u0105zek podania danych osobowych?<\/h2>\n\n<p>W celu nawi\u0105zania relacji biznesowych u\u017cytkownik musi przekaza\u0107 nam dane osobowe, kt\u00f3re s\u0105 niezb\u0119dne do realizacji stosunku umownego lub kt\u00f3re musimy gromadzi\u0107 ze wzgl\u0119du na wymogi prawne. Je\u015bli u\u017cytkownik nie przeka\u017ce nam tych danych, realizacja i przetwarzanie stosunku umownego nie b\u0119dzie dla nas mo\u017cliwe.<\/p>\n\n<h2 class=\"wp-block-heading\">11. Zmiany w niniejszych informacjach<\/h2>\n\n<p>W przypadku istotnej zmiany celu lub sposobu przetwarzania danych osobowych u\u017cytkownika, zaktualizujemy te informacje w odpowiednim czasie i poinformujemy u\u017cytkownika o zmianach w odpowiednim czasie.<\/p>\n\n<p>Plixxent Holding GmbH<br\/>Gasstra\u00dfe 18, Dom 5<br\/>22761 Hamburg<br\/>Niemcy<br\/>E-mail: <a href=\"mailto:info@plixxent.com\" target=\"_blank\" rel=\"noreferrer noopener\">info@plixxent.com<\/a><\/p>\n\n<p>reprezentowana przez dyrektor\u00f3w zarz\u0105dzaj\u0105cych Dr. J\u00f6rg Schottek, Nikolaus Michelsen, Carsten W\u00f6rner<\/p>\n","protected":false},"excerpt":{"rendered":"<p>Informacje o przetwarzaniu danych osobowych naszych klient\u00f3w i zainteresowanych stron. Staranno\u015b\u0107 i przejrzysto\u015b\u0107 s\u0105 podstaw\u0105 opartej na zaufaniu wsp\u00f3\u0142pracy z naszymi klientami. W zwi\u0105zku z tym informujemy u\u017cytkownik\u00f3w o tym, w jaki spos\u00f3b przetwarzamy ich dane i w jaki spos\u00f3b mog\u0105 oni korzysta\u0107 ze swoich praw, kt\u00f3re przys\u0142uguj\u0105 im na mocy og\u00f3lnego rozporz\u0105dzenia o ochronie [&hellip;]<\/p>\n","protected":false},"author":1,"featured_media":0,"parent":0,"menu_order":0,"comment_status":"closed","ping_status":"closed","template":"","meta":{"footnotes":""},"class_list":["post-5633","page","type-page","status-publish","hentry"],"yoast_head":"<!-- This site is optimized with the Yoast SEO plugin v27.4 - https:\/\/yoast.com\/product\/yoast-seo-wordpress\/ -->\n<title>O\u015bwiadczenie o ochronie prywatno\u015bci - PLIXXENT<\/title>\n<meta name=\"robots\" content=\"index, follow, max-snippet:-1, max-image-preview:large, max-video-preview:-1\" \/>\n<link rel=\"canonical\" href=\"https:\/\/plixxent.com\/pl\/oswiadczenie-o-ochronie-prywatnosci\/\" \/>\n<meta property=\"og:locale\" content=\"pl_PL\" \/>\n<meta property=\"og:type\" content=\"article\" \/>\n<meta property=\"og:title\" content=\"O\u015bwiadczenie o ochronie prywatno\u015bci - PLIXXENT\" \/>\n<meta property=\"og:description\" content=\"Informacje o przetwarzaniu danych osobowych naszych klient\u00f3w i zainteresowanych stron. Staranno\u015b\u0107 i przejrzysto\u015b\u0107 s\u0105 podstaw\u0105 opartej na zaufaniu wsp\u00f3\u0142pracy z naszymi klientami. W zwi\u0105zku z tym informujemy u\u017cytkownik\u00f3w o tym, w jaki spos\u00f3b przetwarzamy ich dane i w jaki spos\u00f3b mog\u0105 oni korzysta\u0107 ze swoich praw, kt\u00f3re przys\u0142uguj\u0105 im na mocy og\u00f3lnego rozporz\u0105dzenia o ochronie [&hellip;]\" \/>\n<meta property=\"og:url\" content=\"https:\/\/plixxent.com\/pl\/oswiadczenie-o-ochronie-prywatnosci\/\" \/>\n<meta property=\"og:site_name\" content=\"PLIXXENT\" \/>\n<meta property=\"article:modified_time\" content=\"2024-03-04T11:54:33+00:00\" \/>\n<meta property=\"og:image\" content=\"https:\/\/plixxent.com\/wp-content\/uploads\/2024\/03\/plixxent_og.jpg\" \/>\n\t<meta property=\"og:image:width\" content=\"1200\" \/>\n\t<meta property=\"og:image:height\" content=\"675\" \/>\n\t<meta property=\"og:image:type\" content=\"image\/jpeg\" \/>\n<meta name=\"twitter:card\" content=\"summary_large_image\" \/>\n<meta name=\"twitter:label1\" content=\"Szacowany czas czytania\" \/>\n\t<meta name=\"twitter:data1\" content=\"10 minut\" \/>\n<script type=\"application\/ld+json\" class=\"yoast-schema-graph\">{\"@context\":\"https:\\\/\\\/schema.org\",\"@graph\":[{\"@type\":\"WebPage\",\"@id\":\"https:\\\/\\\/plixxent.com\\\/pl\\\/oswiadczenie-o-ochronie-prywatnosci\\\/\",\"url\":\"https:\\\/\\\/plixxent.com\\\/pl\\\/oswiadczenie-o-ochronie-prywatnosci\\\/\",\"name\":\"O\u015bwiadczenie o ochronie prywatno\u015bci - PLIXXENT\",\"isPartOf\":{\"@id\":\"https:\\\/\\\/plixxent.com\\\/pl\\\/#website\"},\"datePublished\":\"2023-06-19T05:44:58+00:00\",\"dateModified\":\"2024-03-04T11:54:33+00:00\",\"breadcrumb\":{\"@id\":\"https:\\\/\\\/plixxent.com\\\/pl\\\/oswiadczenie-o-ochronie-prywatnosci\\\/#breadcrumb\"},\"inLanguage\":\"pl-PL\",\"potentialAction\":[{\"@type\":\"ReadAction\",\"target\":[\"https:\\\/\\\/plixxent.com\\\/pl\\\/oswiadczenie-o-ochronie-prywatnosci\\\/\"]}]},{\"@type\":\"BreadcrumbList\",\"@id\":\"https:\\\/\\\/plixxent.com\\\/pl\\\/oswiadczenie-o-ochronie-prywatnosci\\\/#breadcrumb\",\"itemListElement\":[{\"@type\":\"ListItem\",\"position\":1,\"name\":\"Home\",\"item\":\"https:\\\/\\\/plixxent.com\\\/pl\\\/strona-glowna\\\/\"},{\"@type\":\"ListItem\",\"position\":2,\"name\":\"O\u015bwiadczenie o ochronie prywatno\u015bci\"}]},{\"@type\":\"WebSite\",\"@id\":\"https:\\\/\\\/plixxent.com\\\/pl\\\/#website\",\"url\":\"https:\\\/\\\/plixxent.com\\\/pl\\\/\",\"name\":\"PLIXXENT\",\"description\":\"Providing innovative technologies based on polyurethanes\",\"potentialAction\":[{\"@type\":\"SearchAction\",\"target\":{\"@type\":\"EntryPoint\",\"urlTemplate\":\"https:\\\/\\\/plixxent.com\\\/pl\\\/?s={search_term_string}\"},\"query-input\":{\"@type\":\"PropertyValueSpecification\",\"valueRequired\":true,\"valueName\":\"search_term_string\"}}],\"inLanguage\":\"pl-PL\"}]}<\/script>\n<!-- \/ Yoast SEO plugin. -->","yoast_head_json":{"title":"O\u015bwiadczenie o ochronie prywatno\u015bci - PLIXXENT","robots":{"index":"index","follow":"follow","max-snippet":"max-snippet:-1","max-image-preview":"max-image-preview:large","max-video-preview":"max-video-preview:-1"},"canonical":"https:\/\/plixxent.com\/pl\/oswiadczenie-o-ochronie-prywatnosci\/","og_locale":"pl_PL","og_type":"article","og_title":"O\u015bwiadczenie o ochronie prywatno\u015bci - PLIXXENT","og_description":"Informacje o przetwarzaniu danych osobowych naszych klient\u00f3w i zainteresowanych stron. Staranno\u015b\u0107 i przejrzysto\u015b\u0107 s\u0105 podstaw\u0105 opartej na zaufaniu wsp\u00f3\u0142pracy z naszymi klientami. W zwi\u0105zku z tym informujemy u\u017cytkownik\u00f3w o tym, w jaki spos\u00f3b przetwarzamy ich dane i w jaki spos\u00f3b mog\u0105 oni korzysta\u0107 ze swoich praw, kt\u00f3re przys\u0142uguj\u0105 im na mocy og\u00f3lnego rozporz\u0105dzenia o ochronie [&hellip;]","og_url":"https:\/\/plixxent.com\/pl\/oswiadczenie-o-ochronie-prywatnosci\/","og_site_name":"PLIXXENT","article_modified_time":"2024-03-04T11:54:33+00:00","og_image":[{"width":1200,"height":675,"url":"https:\/\/plixxent.com\/wp-content\/uploads\/2024\/03\/plixxent_og.jpg","type":"image\/jpeg"}],"twitter_card":"summary_large_image","twitter_misc":{"Szacowany czas czytania":"10 minut"},"schema":{"@context":"https:\/\/schema.org","@graph":[{"@type":"WebPage","@id":"https:\/\/plixxent.com\/pl\/oswiadczenie-o-ochronie-prywatnosci\/","url":"https:\/\/plixxent.com\/pl\/oswiadczenie-o-ochronie-prywatnosci\/","name":"O\u015bwiadczenie o ochronie prywatno\u015bci - PLIXXENT","isPartOf":{"@id":"https:\/\/plixxent.com\/pl\/#website"},"datePublished":"2023-06-19T05:44:58+00:00","dateModified":"2024-03-04T11:54:33+00:00","breadcrumb":{"@id":"https:\/\/plixxent.com\/pl\/oswiadczenie-o-ochronie-prywatnosci\/#breadcrumb"},"inLanguage":"pl-PL","potentialAction":[{"@type":"ReadAction","target":["https:\/\/plixxent.com\/pl\/oswiadczenie-o-ochronie-prywatnosci\/"]}]},{"@type":"BreadcrumbList","@id":"https:\/\/plixxent.com\/pl\/oswiadczenie-o-ochronie-prywatnosci\/#breadcrumb","itemListElement":[{"@type":"ListItem","position":1,"name":"Home","item":"https:\/\/plixxent.com\/pl\/strona-glowna\/"},{"@type":"ListItem","position":2,"name":"O\u015bwiadczenie o ochronie prywatno\u015bci"}]},{"@type":"WebSite","@id":"https:\/\/plixxent.com\/pl\/#website","url":"https:\/\/plixxent.com\/pl\/","name":"PLIXXENT","description":"Providing innovative technologies based on polyurethanes","potentialAction":[{"@type":"SearchAction","target":{"@type":"EntryPoint","urlTemplate":"https:\/\/plixxent.com\/pl\/?s={search_term_string}"},"query-input":{"@type":"PropertyValueSpecification","valueRequired":true,"valueName":"search_term_string"}}],"inLanguage":"pl-PL"}]}},"_links":{"self":[{"href":"https:\/\/plixxent.com\/pl\/wp-json\/wp\/v2\/pages\/5633","targetHints":{"allow":["GET"]}}],"collection":[{"href":"https:\/\/plixxent.com\/pl\/wp-json\/wp\/v2\/pages"}],"about":[{"href":"https:\/\/plixxent.com\/pl\/wp-json\/wp\/v2\/types\/page"}],"author":[{"embeddable":true,"href":"https:\/\/plixxent.com\/pl\/wp-json\/wp\/v2\/users\/1"}],"replies":[{"embeddable":true,"href":"https:\/\/plixxent.com\/pl\/wp-json\/wp\/v2\/comments?post=5633"}],"version-history":[{"count":2,"href":"https:\/\/plixxent.com\/pl\/wp-json\/wp\/v2\/pages\/5633\/revisions"}],"predecessor-version":[{"id":57913,"href":"https:\/\/plixxent.com\/pl\/wp-json\/wp\/v2\/pages\/5633\/revisions\/57913"}],"wp:attachment":[{"href":"https:\/\/plixxent.com\/pl\/wp-json\/wp\/v2\/media?parent=5633"}],"curies":[{"name":"wp","href":"https:\/\/api.w.org\/{rel}","templated":true}]}}