{"id":64076,"date":"2025-11-10T10:47:01","date_gmt":"2025-11-10T09:47:01","guid":{"rendered":"https:\/\/plixxent.com\/importante-informazioni-sulla-protezione-dei-dati\/"},"modified":"2025-11-10T12:08:40","modified_gmt":"2025-11-10T11:08:40","slug":"importante-informazioni-sulla-protezione-dei-dati","status":"publish","type":"page","link":"https:\/\/plixxent.com\/it\/importante-informazioni-sulla-protezione-dei-dati\/","title":{"rendered":"Importante &#8211; Informazioni sulla protezione dei dati*"},"content":{"rendered":"\n<p>Gentili clienti,<\/p>\n\n<p>purtroppo, il webshop della nostra azienda, gestito esternamente, \u00e8 stato vittima di un attacco informatico il 27 ottobre 2025. Il nostro fornitore di servizi IT ha immediatamente messo offline il webshop e lo ha controllato con l&#8217;aiuto di esperti di cybersecurity. Siamo fiduciosi che la rapida reazione dei nostri esperti IT abbia permesso di evitare danni pi\u00f9 gravi.  <\/p>\n\n<p>Poich\u00e9 l&#8217;attacco \u00e8 avvenuto in un lasso di tempo relativamente breve, non \u00e8 chiaro in che misura i dati dei nostri clienti possano essere stati sottratti. Tuttavia, poich\u00e9 una fuoriuscita di dati non pu\u00f2 essere esclusa, abbiamo informato in via precauzionale l&#8217;Autorit\u00e0 per la protezione dei dati in Bassa Sassonia e altre autorit\u00e0 per la protezione dei dati presso le nostre sedi europee. I dati che potrebbero essere stati interessati includono cognome, nome, numero cliente, dettagli di contatto e alcune informazioni relative al contratto.  <\/p>\n\n<p>In via precauzionale, desideriamo sottolineare che gli aggressori potrebbero utilizzare e abusare di eventuali dati rubati per tentativi di phishing, furto d&#8217;identit\u00e0 o frode. Se ricevete e-mail, messaggi WhatsApp, messaggi vocali o altri messaggi che vi sembrano sospetti, non divulgate alcuna informazione sensibile. <\/p>\n\n<p>L&#8217;ulteriore indagine sull&#8217;incidente sar\u00e0 completata a breve. Ricostruiremo il nostro webshop e lo rimetteremo in funzione il prima possibile. <\/p>\n\n<p>Grazie per la vostra comprensione!<\/p>\n\n<p>* Tra l&#8217;altro, ai sensi dell&#8217;Art. 34 par. 1, par. 3 (c) GDPR  <\/p>\n\n<p><\/p>\n","protected":false},"excerpt":{"rendered":"<p>Gentili clienti, purtroppo, il webshop della nostra azienda, gestito esternamente, \u00e8 stato vittima di un attacco informatico il 27 ottobre 2025. Il nostro fornitore di servizi IT ha immediatamente messo offline il webshop e lo ha controllato con l&#8217;aiuto di esperti di cybersecurity. Siamo fiduciosi che la rapida reazione dei nostri esperti IT abbia permesso [&hellip;]<\/p>\n","protected":false},"author":2,"featured_media":64137,"parent":0,"menu_order":0,"comment_status":"closed","ping_status":"closed","template":"","meta":{"footnotes":""},"class_list":["post-64076","page","type-page","status-publish","has-post-thumbnail","hentry"],"yoast_head":"<!-- This site is optimized with the Yoast SEO plugin v27.4 - https:\/\/yoast.com\/product\/yoast-seo-wordpress\/ -->\n<title>Importante - Informazioni sulla protezione dei dati* - PLIXXENT<\/title>\n<meta name=\"robots\" content=\"index, follow, max-snippet:-1, max-image-preview:large, max-video-preview:-1\" \/>\n<link rel=\"canonical\" href=\"https:\/\/plixxent.com\/it\/importante-informazioni-sulla-protezione-dei-dati\/\" \/>\n<meta property=\"og:locale\" content=\"it_IT\" \/>\n<meta property=\"og:type\" content=\"article\" \/>\n<meta property=\"og:title\" content=\"Importante - Informazioni sulla protezione dei dati* - PLIXXENT\" \/>\n<meta property=\"og:description\" content=\"Gentili clienti, purtroppo, il webshop della nostra azienda, gestito esternamente, \u00e8 stato vittima di un attacco informatico il 27 ottobre 2025. Il nostro fornitore di servizi IT ha immediatamente messo offline il webshop e lo ha controllato con l&#8217;aiuto di esperti di cybersecurity. Siamo fiduciosi che la rapida reazione dei nostri esperti IT abbia permesso [&hellip;]\" \/>\n<meta property=\"og:url\" content=\"https:\/\/plixxent.com\/it\/importante-informazioni-sulla-protezione-dei-dati\/\" \/>\n<meta property=\"og:site_name\" content=\"PLIXXENT\" \/>\n<meta property=\"article:modified_time\" content=\"2025-11-10T11:08:40+00:00\" \/>\n<meta property=\"og:image\" content=\"https:\/\/plixxent.com\/wp-content\/uploads\/2025\/11\/1133350536_Tropfen.jpg\" \/>\n\t<meta property=\"og:image:width\" content=\"2000\" \/>\n\t<meta property=\"og:image:height\" content=\"1174\" \/>\n\t<meta property=\"og:image:type\" content=\"image\/jpeg\" \/>\n<meta name=\"twitter:card\" content=\"summary_large_image\" \/>\n<meta name=\"twitter:label1\" content=\"Tempo di lettura stimato\" \/>\n\t<meta name=\"twitter:data1\" content=\"1 minuto\" \/>\n<script type=\"application\/ld+json\" class=\"yoast-schema-graph\">{\"@context\":\"https:\\\/\\\/schema.org\",\"@graph\":[{\"@type\":\"WebPage\",\"@id\":\"https:\\\/\\\/plixxent.com\\\/it\\\/importante-informazioni-sulla-protezione-dei-dati\\\/\",\"url\":\"https:\\\/\\\/plixxent.com\\\/it\\\/importante-informazioni-sulla-protezione-dei-dati\\\/\",\"name\":\"Importante - Informazioni sulla protezione dei dati* - PLIXXENT\",\"isPartOf\":{\"@id\":\"https:\\\/\\\/plixxent.com\\\/it\\\/#website\"},\"primaryImageOfPage\":{\"@id\":\"https:\\\/\\\/plixxent.com\\\/it\\\/importante-informazioni-sulla-protezione-dei-dati\\\/#primaryimage\"},\"image\":{\"@id\":\"https:\\\/\\\/plixxent.com\\\/it\\\/importante-informazioni-sulla-protezione-dei-dati\\\/#primaryimage\"},\"thumbnailUrl\":\"https:\\\/\\\/plixxent.com\\\/wp-content\\\/uploads\\\/2025\\\/11\\\/1133350536_Tropfen.jpg\",\"datePublished\":\"2025-11-10T09:47:01+00:00\",\"dateModified\":\"2025-11-10T11:08:40+00:00\",\"breadcrumb\":{\"@id\":\"https:\\\/\\\/plixxent.com\\\/it\\\/importante-informazioni-sulla-protezione-dei-dati\\\/#breadcrumb\"},\"inLanguage\":\"it-IT\",\"potentialAction\":[{\"@type\":\"ReadAction\",\"target\":[\"https:\\\/\\\/plixxent.com\\\/it\\\/importante-informazioni-sulla-protezione-dei-dati\\\/\"]}]},{\"@type\":\"ImageObject\",\"inLanguage\":\"it-IT\",\"@id\":\"https:\\\/\\\/plixxent.com\\\/it\\\/importante-informazioni-sulla-protezione-dei-dati\\\/#primaryimage\",\"url\":\"https:\\\/\\\/plixxent.com\\\/wp-content\\\/uploads\\\/2025\\\/11\\\/1133350536_Tropfen.jpg\",\"contentUrl\":\"https:\\\/\\\/plixxent.com\\\/wp-content\\\/uploads\\\/2025\\\/11\\\/1133350536_Tropfen.jpg\",\"width\":2000,\"height\":1174},{\"@type\":\"BreadcrumbList\",\"@id\":\"https:\\\/\\\/plixxent.com\\\/it\\\/importante-informazioni-sulla-protezione-dei-dati\\\/#breadcrumb\",\"itemListElement\":[{\"@type\":\"ListItem\",\"position\":1,\"name\":\"Home\",\"item\":\"https:\\\/\\\/plixxent.com\\\/it\\\/casa\\\/\"},{\"@type\":\"ListItem\",\"position\":2,\"name\":\"Importante &#8211; Informazioni sulla protezione dei dati*\"}]},{\"@type\":\"WebSite\",\"@id\":\"https:\\\/\\\/plixxent.com\\\/it\\\/#website\",\"url\":\"https:\\\/\\\/plixxent.com\\\/it\\\/\",\"name\":\"PLIXXENT\",\"description\":\"Providing innovative technologies based on polyurethanes\",\"potentialAction\":[{\"@type\":\"SearchAction\",\"target\":{\"@type\":\"EntryPoint\",\"urlTemplate\":\"https:\\\/\\\/plixxent.com\\\/it\\\/?s={search_term_string}\"},\"query-input\":{\"@type\":\"PropertyValueSpecification\",\"valueRequired\":true,\"valueName\":\"search_term_string\"}}],\"inLanguage\":\"it-IT\"}]}<\/script>\n<!-- \/ Yoast SEO plugin. -->","yoast_head_json":{"title":"Importante - Informazioni sulla protezione dei dati* - PLIXXENT","robots":{"index":"index","follow":"follow","max-snippet":"max-snippet:-1","max-image-preview":"max-image-preview:large","max-video-preview":"max-video-preview:-1"},"canonical":"https:\/\/plixxent.com\/it\/importante-informazioni-sulla-protezione-dei-dati\/","og_locale":"it_IT","og_type":"article","og_title":"Importante - Informazioni sulla protezione dei dati* - PLIXXENT","og_description":"Gentili clienti, purtroppo, il webshop della nostra azienda, gestito esternamente, \u00e8 stato vittima di un attacco informatico il 27 ottobre 2025. Il nostro fornitore di servizi IT ha immediatamente messo offline il webshop e lo ha controllato con l&#8217;aiuto di esperti di cybersecurity. Siamo fiduciosi che la rapida reazione dei nostri esperti IT abbia permesso [&hellip;]","og_url":"https:\/\/plixxent.com\/it\/importante-informazioni-sulla-protezione-dei-dati\/","og_site_name":"PLIXXENT","article_modified_time":"2025-11-10T11:08:40+00:00","og_image":[{"width":2000,"height":1174,"url":"https:\/\/plixxent.com\/wp-content\/uploads\/2025\/11\/1133350536_Tropfen.jpg","type":"image\/jpeg"}],"twitter_card":"summary_large_image","twitter_misc":{"Tempo di lettura stimato":"1 minuto"},"schema":{"@context":"https:\/\/schema.org","@graph":[{"@type":"WebPage","@id":"https:\/\/plixxent.com\/it\/importante-informazioni-sulla-protezione-dei-dati\/","url":"https:\/\/plixxent.com\/it\/importante-informazioni-sulla-protezione-dei-dati\/","name":"Importante - Informazioni sulla protezione dei dati* - PLIXXENT","isPartOf":{"@id":"https:\/\/plixxent.com\/it\/#website"},"primaryImageOfPage":{"@id":"https:\/\/plixxent.com\/it\/importante-informazioni-sulla-protezione-dei-dati\/#primaryimage"},"image":{"@id":"https:\/\/plixxent.com\/it\/importante-informazioni-sulla-protezione-dei-dati\/#primaryimage"},"thumbnailUrl":"https:\/\/plixxent.com\/wp-content\/uploads\/2025\/11\/1133350536_Tropfen.jpg","datePublished":"2025-11-10T09:47:01+00:00","dateModified":"2025-11-10T11:08:40+00:00","breadcrumb":{"@id":"https:\/\/plixxent.com\/it\/importante-informazioni-sulla-protezione-dei-dati\/#breadcrumb"},"inLanguage":"it-IT","potentialAction":[{"@type":"ReadAction","target":["https:\/\/plixxent.com\/it\/importante-informazioni-sulla-protezione-dei-dati\/"]}]},{"@type":"ImageObject","inLanguage":"it-IT","@id":"https:\/\/plixxent.com\/it\/importante-informazioni-sulla-protezione-dei-dati\/#primaryimage","url":"https:\/\/plixxent.com\/wp-content\/uploads\/2025\/11\/1133350536_Tropfen.jpg","contentUrl":"https:\/\/plixxent.com\/wp-content\/uploads\/2025\/11\/1133350536_Tropfen.jpg","width":2000,"height":1174},{"@type":"BreadcrumbList","@id":"https:\/\/plixxent.com\/it\/importante-informazioni-sulla-protezione-dei-dati\/#breadcrumb","itemListElement":[{"@type":"ListItem","position":1,"name":"Home","item":"https:\/\/plixxent.com\/it\/casa\/"},{"@type":"ListItem","position":2,"name":"Importante &#8211; Informazioni sulla protezione dei dati*"}]},{"@type":"WebSite","@id":"https:\/\/plixxent.com\/it\/#website","url":"https:\/\/plixxent.com\/it\/","name":"PLIXXENT","description":"Providing innovative technologies based on polyurethanes","potentialAction":[{"@type":"SearchAction","target":{"@type":"EntryPoint","urlTemplate":"https:\/\/plixxent.com\/it\/?s={search_term_string}"},"query-input":{"@type":"PropertyValueSpecification","valueRequired":true,"valueName":"search_term_string"}}],"inLanguage":"it-IT"}]}},"_links":{"self":[{"href":"https:\/\/plixxent.com\/it\/wp-json\/wp\/v2\/pages\/64076","targetHints":{"allow":["GET"]}}],"collection":[{"href":"https:\/\/plixxent.com\/it\/wp-json\/wp\/v2\/pages"}],"about":[{"href":"https:\/\/plixxent.com\/it\/wp-json\/wp\/v2\/types\/page"}],"author":[{"embeddable":true,"href":"https:\/\/plixxent.com\/it\/wp-json\/wp\/v2\/users\/2"}],"replies":[{"embeddable":true,"href":"https:\/\/plixxent.com\/it\/wp-json\/wp\/v2\/comments?post=64076"}],"version-history":[{"count":3,"href":"https:\/\/plixxent.com\/it\/wp-json\/wp\/v2\/pages\/64076\/revisions"}],"predecessor-version":[{"id":64100,"href":"https:\/\/plixxent.com\/it\/wp-json\/wp\/v2\/pages\/64076\/revisions\/64100"}],"wp:featuredmedia":[{"embeddable":true,"href":"https:\/\/plixxent.com\/it\/wp-json\/wp\/v2\/media\/64137"}],"wp:attachment":[{"href":"https:\/\/plixxent.com\/it\/wp-json\/wp\/v2\/media?parent=64076"}],"curies":[{"name":"wp","href":"https:\/\/api.w.org\/{rel}","templated":true}]}}