{"id":63139,"date":"2025-06-03T16:48:54","date_gmt":"2025-06-03T14:48:54","guid":{"rendered":"https:\/\/plixxent.com\/isotrie\/"},"modified":"2025-08-19T08:42:30","modified_gmt":"2025-08-19T06:42:30","slug":"isotrie","status":"publish","type":"page","link":"https:\/\/plixxent.com\/it\/isotrie\/","title":{"rendered":"isotrie"},"content":{"rendered":"\t\t<div data-elementor-type=\"wp-page\" data-elementor-id=\"63139\" class=\"elementor elementor-63139\" data-elementor-post-type=\"page\">\n\t\t\t\t<div class=\"elementor-element elementor-element-cb0221f e-flex e-con-boxed e-con e-parent\" data-id=\"cb0221f\" data-element_type=\"container\" data-e-type=\"container\">\n\t\t\t\t\t<div class=\"e-con-inner\">\n\t\t\t\t<div class=\"elementor-element elementor-element-5ff9b70 elementor-widget__width-initial elementor-widget elementor-widget-theme-post-featured-image elementor-widget-image\" data-id=\"5ff9b70\" data-element_type=\"widget\" data-e-type=\"widget\" data-widget_type=\"theme-post-featured-image.default\">\n\t\t\t\t<div class=\"elementor-widget-container\">\n\t\t\t\t\t\t\t\t\t\t\t\t\t\t\t<img fetchpriority=\"high\" decoding=\"async\" width=\"1243\" height=\"841\" src=\"https:\/\/plixxent.com\/wp-content\/uploads\/2025\/06\/Isotrie.jpg\" class=\"attachment-full size-full wp-image-63114\" alt=\"\" srcset=\"https:\/\/plixxent.com\/wp-content\/uploads\/2025\/06\/Isotrie.jpg 1243w, https:\/\/plixxent.com\/wp-content\/uploads\/2025\/06\/Isotrie-512x346.jpg 512w, https:\/\/plixxent.com\/wp-content\/uploads\/2025\/06\/Isotrie-768x520.jpg 768w\" sizes=\"(max-width: 1243px) 100vw, 1243px\" \/>\t\t\t\t\t\t\t\t\t\t\t\t\t\t\t<\/div>\n\t\t\t\t<\/div>\n\t\t\t\t\t<\/div>\n\t\t\t\t<\/div>\n\t\t<div class=\"elementor-element elementor-element-734e667 e-con-full e-flex e-con e-parent\" data-id=\"734e667\" data-element_type=\"container\" data-e-type=\"container\">\n\t\t<div class=\"elementor-element elementor-element-f056977 e-grid e-con-full e-con e-child\" data-id=\"f056977\" data-element_type=\"container\" data-e-type=\"container\">\n\t\t<div class=\"elementor-element elementor-element-7fb5ddd e-con-full e-flex e-con e-child\" data-id=\"7fb5ddd\" data-element_type=\"container\" data-e-type=\"container\">\n\t\t\t\t<div class=\"elementor-element elementor-element-d2333e4 elementor-widget elementor-widget-image\" data-id=\"d2333e4\" data-element_type=\"widget\" data-e-type=\"widget\" data-widget_type=\"image.default\">\n\t\t\t\t<div class=\"elementor-widget-container\">\n\t\t\t\t\t\t\t\t\t\t\t\t\t\t\t\t<a href=\"https:\/\/www.isotrie.com\/\">\n\t\t\t\t\t\t\t<img decoding=\"async\" width=\"1\" height=\"1\" src=\"https:\/\/plixxent.com\/wp-content\/uploads\/2024\/11\/Isotrie_by_PLX_Logo_RGB_neg.svg\" class=\"attachment-large size-large wp-image-59633\" alt=\"\" \/>\t\t\t\t\t\t\t\t<\/a>\n\t\t\t\t\t\t\t\t\t\t\t\t\t\t\t<\/div>\n\t\t\t\t<\/div>\n\t\t\t\t<\/div>\n\t\t\t\t<div class=\"elementor-element elementor-element-3769a7b elementor-widget elementor-widget-text-editor\" data-id=\"3769a7b\" data-element_type=\"widget\" data-e-type=\"widget\" data-widget_type=\"text-editor.default\">\n\t\t\t\t<div class=\"elementor-widget-container\">\n\t\t\t\t\t\t\t\t\t<h3><span style=\"color: #ffffff; font-family: var( --e-global-typography-f1be07e-font-family ), Sans-serif; font-weight: var( --e-global-typography-f1be07e-font-weight ); letter-spacing: var( --e-global-typography-f1be07e-letter-spacing ); word-spacing: var( --e-global-typography-f1be07e-word-spacing );\">ISOTRIE \u00c8 un&#8217;AZIENDA LEADER NEL CAMPO DELL&#8217;ISOLAMENTO IN PUR, CHE SVILUPPA e PRODUCE <span style=\"color: #008c95;\">SOLUZIONI DI SCHIUMA SPRAY DI ALTA QUALIT\u00c0<\/span> DAL 1983.<\/span><\/h3><h3><span style=\"color: #ffffff;\">CON SEDE A DRONGEN, IN BELGIO, L&#8217;AZIENDA OPERA PRINCIPALMENTE IN FRANCIA.<\/span><\/h3>\t\t\t\t\t\t\t\t<\/div>\n\t\t\t\t<\/div>\n\t\t\t\t<div class=\"elementor-element elementor-element-b858878 elementor-widget elementor-widget-spacer\" data-id=\"b858878\" data-element_type=\"widget\" data-e-type=\"widget\" data-widget_type=\"spacer.default\">\n\t\t\t\t<div class=\"elementor-widget-container\">\n\t\t\t\t\t\t\t<div class=\"elementor-spacer\">\n\t\t\t<div class=\"elementor-spacer-inner\"><\/div>\n\t\t<\/div>\n\t\t\t\t\t\t<\/div>\n\t\t\t\t<\/div>\n\t\t\t\t<div class=\"elementor-element elementor-element-8e6a9b7 elementor-widget__width-auto e-transform elementor-widget elementor-widget-button\" data-id=\"8e6a9b7\" data-element_type=\"widget\" data-e-type=\"widget\" data-settings=\"{&quot;_transform_skewX_effect_hover&quot;:{&quot;unit&quot;:&quot;px&quot;,&quot;size&quot;:-14,&quot;sizes&quot;:[]},&quot;_transform_skewX_effect_hover_tablet&quot;:{&quot;unit&quot;:&quot;deg&quot;,&quot;size&quot;:&quot;&quot;,&quot;sizes&quot;:[]},&quot;_transform_skewX_effect_hover_mobile&quot;:{&quot;unit&quot;:&quot;deg&quot;,&quot;size&quot;:&quot;&quot;,&quot;sizes&quot;:[]},&quot;_transform_skewY_effect_hover&quot;:{&quot;unit&quot;:&quot;px&quot;,&quot;size&quot;:&quot;&quot;,&quot;sizes&quot;:[]},&quot;_transform_skewY_effect_hover_tablet&quot;:{&quot;unit&quot;:&quot;deg&quot;,&quot;size&quot;:&quot;&quot;,&quot;sizes&quot;:[]},&quot;_transform_skewY_effect_hover_mobile&quot;:{&quot;unit&quot;:&quot;deg&quot;,&quot;size&quot;:&quot;&quot;,&quot;sizes&quot;:[]}}\" data-widget_type=\"button.default\">\n\t\t\t\t<div class=\"elementor-widget-container\">\n\t\t\t\t\t\t\t\t\t<div class=\"elementor-button-wrapper\">\n\t\t\t\t\t<a class=\"elementor-button elementor-button-link elementor-size-sm\" href=\"https:\/\/www.isotrie.com\/\">\n\t\t\t\t\t\t<span class=\"elementor-button-content-wrapper\">\n\t\t\t\t\t\t\t\t\t<span class=\"elementor-button-text\">SCOPRI DI PI\u00d9<\/span>\n\t\t\t\t\t<\/span>\n\t\t\t\t\t<\/a>\n\t\t\t\t<\/div>\n\t\t\t\t\t\t\t\t<\/div>\n\t\t\t\t<\/div>\n\t\t\t\t<\/div>\n\t\t\t\t<\/div>\n\t\t<div class=\"elementor-element elementor-element-3cb5383 e-grid e-con-full e-con e-parent\" data-id=\"3cb5383\" data-element_type=\"container\" data-e-type=\"container\" data-settings=\"{&quot;background_background&quot;:&quot;classic&quot;}\">\n\t\t\t\t<div class=\"elementor-element elementor-element-a1b09d3 elementor-view-default elementor-widget elementor-widget-icon\" data-id=\"a1b09d3\" data-element_type=\"widget\" data-e-type=\"widget\" data-widget_type=\"icon.default\">\n\t\t\t\t<div class=\"elementor-widget-container\">\n\t\t\t\t\t\t\t<div class=\"elementor-icon-wrapper\">\n\t\t\t<div class=\"elementor-icon\">\n\t\t\t<i aria-hidden=\"true\" class=\"fas fa-industry\"><\/i>\t\t\t<\/div>\n\t\t<\/div>\n\t\t\t\t\t\t<\/div>\n\t\t\t\t<\/div>\n\t\t\t\t<div class=\"elementor-element elementor-element-5d65e12 elementor-view-default elementor-widget elementor-widget-icon\" data-id=\"5d65e12\" data-element_type=\"widget\" data-e-type=\"widget\" data-widget_type=\"icon.default\">\n\t\t\t\t<div class=\"elementor-widget-container\">\n\t\t\t\t\t\t\t<div class=\"elementor-icon-wrapper\">\n\t\t\t<div class=\"elementor-icon\">\n\t\t\t<i aria-hidden=\"true\" class=\"fas fa-cogs\"><\/i>\t\t\t<\/div>\n\t\t<\/div>\n\t\t\t\t\t\t<\/div>\n\t\t\t\t<\/div>\n\t\t\t\t<div class=\"elementor-element elementor-element-b8d48a0 elementor-widget elementor-widget-text-editor\" data-id=\"b8d48a0\" data-element_type=\"widget\" data-e-type=\"widget\" data-widget_type=\"text-editor.default\">\n\t\t\t\t<div class=\"elementor-widget-container\">\n\t\t\t\t\t\t\t\t\t<h3 style=\"text-align: center;\"><span style=\"color: #ffffff;\">PRODUZIONE<\/span><\/h3>\t\t\t\t\t\t\t\t<\/div>\n\t\t\t\t<\/div>\n\t\t\t\t<div class=\"elementor-element elementor-element-906e093 elementor-widget elementor-widget-text-editor\" data-id=\"906e093\" data-element_type=\"widget\" data-e-type=\"widget\" data-widget_type=\"text-editor.default\">\n\t\t\t\t<div class=\"elementor-widget-container\">\n\t\t\t\t\t\t\t\t\t<h3 style=\"text-align: center;\"><span style=\"color: #ffffff;\">TECNOLOGIA<\/span><\/h3>\t\t\t\t\t\t\t\t<\/div>\n\t\t\t\t<\/div>\n\t\t\t\t<div class=\"elementor-element elementor-element-87f6990 elementor-widget__width-auto e-transform elementor-align-center elementor-widget elementor-widget-button\" data-id=\"87f6990\" data-element_type=\"widget\" data-e-type=\"widget\" data-settings=\"{&quot;_transform_skewX_effect_hover&quot;:{&quot;unit&quot;:&quot;px&quot;,&quot;size&quot;:-14,&quot;sizes&quot;:[]},&quot;_transform_skewX_effect_hover_tablet&quot;:{&quot;unit&quot;:&quot;deg&quot;,&quot;size&quot;:&quot;&quot;,&quot;sizes&quot;:[]},&quot;_transform_skewX_effect_hover_mobile&quot;:{&quot;unit&quot;:&quot;deg&quot;,&quot;size&quot;:&quot;&quot;,&quot;sizes&quot;:[]},&quot;_transform_skewY_effect_hover&quot;:{&quot;unit&quot;:&quot;px&quot;,&quot;size&quot;:&quot;&quot;,&quot;sizes&quot;:[]},&quot;_transform_skewY_effect_hover_tablet&quot;:{&quot;unit&quot;:&quot;deg&quot;,&quot;size&quot;:&quot;&quot;,&quot;sizes&quot;:[]},&quot;_transform_skewY_effect_hover_mobile&quot;:{&quot;unit&quot;:&quot;deg&quot;,&quot;size&quot;:&quot;&quot;,&quot;sizes&quot;:[]}}\" data-widget_type=\"button.default\">\n\t\t\t\t<div class=\"elementor-widget-container\">\n\t\t\t\t\t\t\t\t\t<div class=\"elementor-button-wrapper\">\n\t\t\t\t\t<a class=\"elementor-button elementor-button-link elementor-size-sm\" href=\"https:\/\/www.isotrie.com\/fr\/production\">\n\t\t\t\t\t\t<span class=\"elementor-button-content-wrapper\">\n\t\t\t\t\t\t\t\t\t<span class=\"elementor-button-text\">LEGGI DI PI\u00d9<\/span>\n\t\t\t\t\t<\/span>\n\t\t\t\t\t<\/a>\n\t\t\t\t<\/div>\n\t\t\t\t\t\t\t\t<\/div>\n\t\t\t\t<\/div>\n\t\t\t\t<div class=\"elementor-element elementor-element-0f897d3 elementor-widget__width-auto e-transform elementor-align-center elementor-widget elementor-widget-button\" data-id=\"0f897d3\" data-element_type=\"widget\" data-e-type=\"widget\" data-settings=\"{&quot;_transform_skewX_effect_hover&quot;:{&quot;unit&quot;:&quot;px&quot;,&quot;size&quot;:-14,&quot;sizes&quot;:[]},&quot;_transform_skewX_effect_hover_tablet&quot;:{&quot;unit&quot;:&quot;deg&quot;,&quot;size&quot;:&quot;&quot;,&quot;sizes&quot;:[]},&quot;_transform_skewX_effect_hover_mobile&quot;:{&quot;unit&quot;:&quot;deg&quot;,&quot;size&quot;:&quot;&quot;,&quot;sizes&quot;:[]},&quot;_transform_skewY_effect_hover&quot;:{&quot;unit&quot;:&quot;px&quot;,&quot;size&quot;:&quot;&quot;,&quot;sizes&quot;:[]},&quot;_transform_skewY_effect_hover_tablet&quot;:{&quot;unit&quot;:&quot;deg&quot;,&quot;size&quot;:&quot;&quot;,&quot;sizes&quot;:[]},&quot;_transform_skewY_effect_hover_mobile&quot;:{&quot;unit&quot;:&quot;deg&quot;,&quot;size&quot;:&quot;&quot;,&quot;sizes&quot;:[]}}\" data-widget_type=\"button.default\">\n\t\t\t\t<div class=\"elementor-widget-container\">\n\t\t\t\t\t\t\t\t\t<div class=\"elementor-button-wrapper\">\n\t\t\t\t\t<a class=\"elementor-button elementor-button-link elementor-size-sm\" href=\"https:\/\/www.isotrie.com\/fr\/technique\">\n\t\t\t\t\t\t<span class=\"elementor-button-content-wrapper\">\n\t\t\t\t\t\t\t\t\t<span class=\"elementor-button-text\">LEGGI DI PI\u00d9<\/span>\n\t\t\t\t\t<\/span>\n\t\t\t\t\t<\/a>\n\t\t\t\t<\/div>\n\t\t\t\t\t\t\t\t<\/div>\n\t\t\t\t<\/div>\n\t\t\t\t<\/div>\n\t\t<div class=\"elementor-element elementor-element-3665e2e e-con-full e-flex e-con e-parent\" data-id=\"3665e2e\" data-element_type=\"container\" data-e-type=\"container\">\n\t\t\t\t<div class=\"elementor-element elementor-element-a64e146 elementor-widget elementor-widget-spacer\" data-id=\"a64e146\" data-element_type=\"widget\" data-e-type=\"widget\" data-widget_type=\"spacer.default\">\n\t\t\t\t<div class=\"elementor-widget-container\">\n\t\t\t\t\t\t\t<div class=\"elementor-spacer\">\n\t\t\t<div class=\"elementor-spacer-inner\"><\/div>\n\t\t<\/div>\n\t\t\t\t\t\t<\/div>\n\t\t\t\t<\/div>\n\t\t\t\t<div class=\"elementor-element elementor-element-3a8e125 elementor-widget elementor-widget-text-editor\" data-id=\"3a8e125\" data-element_type=\"widget\" data-e-type=\"widget\" data-widget_type=\"text-editor.default\">\n\t\t\t\t<div class=\"elementor-widget-container\">\n\t\t\t\t\t\t\t\t\t<h1><span style=\"color: #008c95;\">ISOLAMENTO<\/span><\/h1><h1>     <span style=\"color: #ffffff;\">PER un FUTURO MIGLIORE<\/span><\/h1><h1> <\/h1>\t\t\t\t\t\t\t\t<\/div>\n\t\t\t\t<\/div>\n\t\t\t\t<div class=\"elementor-element elementor-element-209ffb8 elementor-widget elementor-widget-spacer\" data-id=\"209ffb8\" data-element_type=\"widget\" data-e-type=\"widget\" data-widget_type=\"spacer.default\">\n\t\t\t\t<div class=\"elementor-widget-container\">\n\t\t\t\t\t\t\t<div class=\"elementor-spacer\">\n\t\t\t<div class=\"elementor-spacer-inner\"><\/div>\n\t\t<\/div>\n\t\t\t\t\t\t<\/div>\n\t\t\t\t<\/div>\n\t\t<div class=\"elementor-element elementor-element-7c59c78 e-con-full e-flex e-con e-child\" data-id=\"7c59c78\" data-element_type=\"container\" data-e-type=\"container\" data-settings=\"{&quot;background_background&quot;:&quot;classic&quot;}\">\n\t\t\t\t<div class=\"elementor-element elementor-element-d647e93 elementor-widget elementor-widget-text-editor\" data-id=\"d647e93\" data-element_type=\"widget\" data-e-type=\"widget\" data-widget_type=\"text-editor.default\">\n\t\t\t\t<div class=\"elementor-widget-container\">\n\t\t\t\t\t\t\t\t\t<h4><strong><span class=\"OYPEnA font-feature-liga-off font-feature-clig-off font-feature-calt-off text-decoration-none text-strikethrough-none\" style=\"color: #ffffff;\">Isotrie offre varie opzioni di isolamento, inclusi isolamento termico e acustico, e impiega tecnologie innovative per creare soluzioni sostenibili e durature.<\/span><\/strong><\/h4><h4 class=\"cvGsUA direction-ltr align-start para-style-body\"><strong><span class=\"OYPEnA font-feature-liga-off font-feature-clig-off font-feature-calt-off text-decoration-none text-strikethrough-none\" style=\"color: #ffffff;\">Con la propria ricerca e sviluppo, isotrie ha brevettato prodotti come l&#8217;isolamento acustico tremblex e gode di un&#8217;ottima reputazione per qualit\u00e0 e affidabilit\u00e0.<\/span><\/strong><\/h4>\t\t\t\t\t\t\t\t<\/div>\n\t\t\t\t<\/div>\n\t\t\t\t<\/div>\n\t\t\t\t<\/div>\n\t\t<div class=\"elementor-element elementor-element-c44392c e-flex e-con-boxed e-con e-parent\" data-id=\"c44392c\" data-element_type=\"container\" data-e-type=\"container\">\n\t\t\t\t\t<div class=\"e-con-inner\">\n\t\t\t\t<div class=\"elementor-element elementor-element-950a454 elementor-widget elementor-widget-spacer\" data-id=\"950a454\" data-element_type=\"widget\" data-e-type=\"widget\" data-widget_type=\"spacer.default\">\n\t\t\t\t<div class=\"elementor-widget-container\">\n\t\t\t\t\t\t\t<div class=\"elementor-spacer\">\n\t\t\t<div class=\"elementor-spacer-inner\"><\/div>\n\t\t<\/div>\n\t\t\t\t\t\t<\/div>\n\t\t\t\t<\/div>\n\t\t<div class=\"elementor-element elementor-element-619cb60 e-con-full e-flex e-con e-child\" data-id=\"619cb60\" data-element_type=\"container\" data-e-type=\"container\">\n\t\t\t\t<div class=\"elementor-element elementor-element-5696d85 elementor-widget elementor-widget-spacer\" data-id=\"5696d85\" data-element_type=\"widget\" data-e-type=\"widget\" data-widget_type=\"spacer.default\">\n\t\t\t\t<div class=\"elementor-widget-container\">\n\t\t\t\t\t\t\t<div class=\"elementor-spacer\">\n\t\t\t<div class=\"elementor-spacer-inner\"><\/div>\n\t\t<\/div>\n\t\t\t\t\t\t<\/div>\n\t\t\t\t<\/div>\n\t\t\t\t<\/div>\n\t\t\t\t\t<\/div>\n\t\t\t\t<\/div>\n\t\t\t\t<\/div>\n\t\t","protected":false},"excerpt":{"rendered":"<p>ISOTRIE \u00c8 un&#8217;AZIENDA LEADER NEL CAMPO DELL&#8217;ISOLAMENTO IN PUR, CHE SVILUPPA e PRODUCE SOLUZIONI DI SCHIUMA SPRAY DI ALTA QUALIT\u00c0 DAL 1983. CON SEDE A DRONGEN, IN BELGIO, L&#8217;AZIENDA OPERA PRINCIPALMENTE IN FRANCIA. SCOPRI DI PI\u00d9 PRODUZIONE TECNOLOGIA LEGGI DI PI\u00d9 LEGGI DI PI\u00d9 ISOLAMENTO PER un FUTURO MIGLIORE Isotrie offre varie opzioni di isolamento, [&hellip;]<\/p>\n","protected":false},"author":4,"featured_media":63114,"parent":0,"menu_order":0,"comment_status":"closed","ping_status":"closed","template":"elementor_header_footer","meta":{"footnotes":""},"class_list":["post-63139","page","type-page","status-publish","has-post-thumbnail","hentry"],"yoast_head":"<!-- This site is optimized with the Yoast SEO plugin v27.4 - https:\/\/yoast.com\/product\/yoast-seo-wordpress\/ -->\n<title>isotrie - PLIXXENT<\/title>\n<meta name=\"robots\" content=\"index, follow, max-snippet:-1, max-image-preview:large, max-video-preview:-1\" \/>\n<link rel=\"canonical\" href=\"https:\/\/plixxent.com\/it\/isotrie\/\" \/>\n<meta property=\"og:locale\" content=\"it_IT\" \/>\n<meta property=\"og:type\" content=\"article\" \/>\n<meta property=\"og:title\" content=\"isotrie - PLIXXENT\" \/>\n<meta property=\"og:description\" content=\"ISOTRIE \u00c8 un&#8217;AZIENDA LEADER NEL CAMPO DELL&#8217;ISOLAMENTO IN PUR, CHE SVILUPPA e PRODUCE SOLUZIONI DI SCHIUMA SPRAY DI ALTA QUALIT\u00c0 DAL 1983. CON SEDE A DRONGEN, IN BELGIO, L&#8217;AZIENDA OPERA PRINCIPALMENTE IN FRANCIA. SCOPRI DI PI\u00d9 PRODUZIONE TECNOLOGIA LEGGI DI PI\u00d9 LEGGI DI PI\u00d9 ISOLAMENTO PER un FUTURO MIGLIORE Isotrie offre varie opzioni di isolamento, [&hellip;]\" \/>\n<meta property=\"og:url\" content=\"https:\/\/plixxent.com\/it\/isotrie\/\" \/>\n<meta property=\"og:site_name\" content=\"PLIXXENT\" \/>\n<meta property=\"article:modified_time\" content=\"2025-08-19T06:42:30+00:00\" \/>\n<meta property=\"og:image\" content=\"https:\/\/plixxent.com\/wp-content\/uploads\/2025\/06\/Isotrie.jpg\" \/>\n\t<meta property=\"og:image:width\" content=\"1243\" \/>\n\t<meta property=\"og:image:height\" content=\"841\" \/>\n\t<meta property=\"og:image:type\" content=\"image\/jpeg\" \/>\n<meta name=\"twitter:card\" content=\"summary_large_image\" \/>\n<script type=\"application\/ld+json\" class=\"yoast-schema-graph\">{\"@context\":\"https:\\\/\\\/schema.org\",\"@graph\":[{\"@type\":\"WebPage\",\"@id\":\"https:\\\/\\\/plixxent.com\\\/it\\\/isotrie\\\/\",\"url\":\"https:\\\/\\\/plixxent.com\\\/it\\\/isotrie\\\/\",\"name\":\"isotrie - PLIXXENT\",\"isPartOf\":{\"@id\":\"https:\\\/\\\/plixxent.com\\\/it\\\/#website\"},\"primaryImageOfPage\":{\"@id\":\"https:\\\/\\\/plixxent.com\\\/it\\\/isotrie\\\/#primaryimage\"},\"image\":{\"@id\":\"https:\\\/\\\/plixxent.com\\\/it\\\/isotrie\\\/#primaryimage\"},\"thumbnailUrl\":\"https:\\\/\\\/plixxent.com\\\/wp-content\\\/uploads\\\/2025\\\/06\\\/Isotrie.jpg\",\"datePublished\":\"2025-06-03T14:48:54+00:00\",\"dateModified\":\"2025-08-19T06:42:30+00:00\",\"breadcrumb\":{\"@id\":\"https:\\\/\\\/plixxent.com\\\/it\\\/isotrie\\\/#breadcrumb\"},\"inLanguage\":\"it-IT\",\"potentialAction\":[{\"@type\":\"ReadAction\",\"target\":[\"https:\\\/\\\/plixxent.com\\\/it\\\/isotrie\\\/\"]}]},{\"@type\":\"ImageObject\",\"inLanguage\":\"it-IT\",\"@id\":\"https:\\\/\\\/plixxent.com\\\/it\\\/isotrie\\\/#primaryimage\",\"url\":\"https:\\\/\\\/plixxent.com\\\/wp-content\\\/uploads\\\/2025\\\/06\\\/Isotrie.jpg\",\"contentUrl\":\"https:\\\/\\\/plixxent.com\\\/wp-content\\\/uploads\\\/2025\\\/06\\\/Isotrie.jpg\",\"width\":1243,\"height\":841},{\"@type\":\"BreadcrumbList\",\"@id\":\"https:\\\/\\\/plixxent.com\\\/it\\\/isotrie\\\/#breadcrumb\",\"itemListElement\":[{\"@type\":\"ListItem\",\"position\":1,\"name\":\"Home\",\"item\":\"https:\\\/\\\/plixxent.com\\\/it\\\/casa\\\/\"},{\"@type\":\"ListItem\",\"position\":2,\"name\":\"isotrie\"}]},{\"@type\":\"WebSite\",\"@id\":\"https:\\\/\\\/plixxent.com\\\/it\\\/#website\",\"url\":\"https:\\\/\\\/plixxent.com\\\/it\\\/\",\"name\":\"PLIXXENT\",\"description\":\"Providing innovative technologies based on polyurethanes\",\"potentialAction\":[{\"@type\":\"SearchAction\",\"target\":{\"@type\":\"EntryPoint\",\"urlTemplate\":\"https:\\\/\\\/plixxent.com\\\/it\\\/?s={search_term_string}\"},\"query-input\":{\"@type\":\"PropertyValueSpecification\",\"valueRequired\":true,\"valueName\":\"search_term_string\"}}],\"inLanguage\":\"it-IT\"}]}<\/script>\n<!-- \/ Yoast SEO plugin. -->","yoast_head_json":{"title":"isotrie - PLIXXENT","robots":{"index":"index","follow":"follow","max-snippet":"max-snippet:-1","max-image-preview":"max-image-preview:large","max-video-preview":"max-video-preview:-1"},"canonical":"https:\/\/plixxent.com\/it\/isotrie\/","og_locale":"it_IT","og_type":"article","og_title":"isotrie - PLIXXENT","og_description":"ISOTRIE \u00c8 un&#8217;AZIENDA LEADER NEL CAMPO DELL&#8217;ISOLAMENTO IN PUR, CHE SVILUPPA e PRODUCE SOLUZIONI DI SCHIUMA SPRAY DI ALTA QUALIT\u00c0 DAL 1983. CON SEDE A DRONGEN, IN BELGIO, L&#8217;AZIENDA OPERA PRINCIPALMENTE IN FRANCIA. SCOPRI DI PI\u00d9 PRODUZIONE TECNOLOGIA LEGGI DI PI\u00d9 LEGGI DI PI\u00d9 ISOLAMENTO PER un FUTURO MIGLIORE Isotrie offre varie opzioni di isolamento, [&hellip;]","og_url":"https:\/\/plixxent.com\/it\/isotrie\/","og_site_name":"PLIXXENT","article_modified_time":"2025-08-19T06:42:30+00:00","og_image":[{"width":1243,"height":841,"url":"https:\/\/plixxent.com\/wp-content\/uploads\/2025\/06\/Isotrie.jpg","type":"image\/jpeg"}],"twitter_card":"summary_large_image","schema":{"@context":"https:\/\/schema.org","@graph":[{"@type":"WebPage","@id":"https:\/\/plixxent.com\/it\/isotrie\/","url":"https:\/\/plixxent.com\/it\/isotrie\/","name":"isotrie - PLIXXENT","isPartOf":{"@id":"https:\/\/plixxent.com\/it\/#website"},"primaryImageOfPage":{"@id":"https:\/\/plixxent.com\/it\/isotrie\/#primaryimage"},"image":{"@id":"https:\/\/plixxent.com\/it\/isotrie\/#primaryimage"},"thumbnailUrl":"https:\/\/plixxent.com\/wp-content\/uploads\/2025\/06\/Isotrie.jpg","datePublished":"2025-06-03T14:48:54+00:00","dateModified":"2025-08-19T06:42:30+00:00","breadcrumb":{"@id":"https:\/\/plixxent.com\/it\/isotrie\/#breadcrumb"},"inLanguage":"it-IT","potentialAction":[{"@type":"ReadAction","target":["https:\/\/plixxent.com\/it\/isotrie\/"]}]},{"@type":"ImageObject","inLanguage":"it-IT","@id":"https:\/\/plixxent.com\/it\/isotrie\/#primaryimage","url":"https:\/\/plixxent.com\/wp-content\/uploads\/2025\/06\/Isotrie.jpg","contentUrl":"https:\/\/plixxent.com\/wp-content\/uploads\/2025\/06\/Isotrie.jpg","width":1243,"height":841},{"@type":"BreadcrumbList","@id":"https:\/\/plixxent.com\/it\/isotrie\/#breadcrumb","itemListElement":[{"@type":"ListItem","position":1,"name":"Home","item":"https:\/\/plixxent.com\/it\/casa\/"},{"@type":"ListItem","position":2,"name":"isotrie"}]},{"@type":"WebSite","@id":"https:\/\/plixxent.com\/it\/#website","url":"https:\/\/plixxent.com\/it\/","name":"PLIXXENT","description":"Providing innovative technologies based on polyurethanes","potentialAction":[{"@type":"SearchAction","target":{"@type":"EntryPoint","urlTemplate":"https:\/\/plixxent.com\/it\/?s={search_term_string}"},"query-input":{"@type":"PropertyValueSpecification","valueRequired":true,"valueName":"search_term_string"}}],"inLanguage":"it-IT"}]}},"_links":{"self":[{"href":"https:\/\/plixxent.com\/it\/wp-json\/wp\/v2\/pages\/63139","targetHints":{"allow":["GET"]}}],"collection":[{"href":"https:\/\/plixxent.com\/it\/wp-json\/wp\/v2\/pages"}],"about":[{"href":"https:\/\/plixxent.com\/it\/wp-json\/wp\/v2\/types\/page"}],"author":[{"embeddable":true,"href":"https:\/\/plixxent.com\/it\/wp-json\/wp\/v2\/users\/4"}],"replies":[{"embeddable":true,"href":"https:\/\/plixxent.com\/it\/wp-json\/wp\/v2\/comments?post=63139"}],"version-history":[{"count":1,"href":"https:\/\/plixxent.com\/it\/wp-json\/wp\/v2\/pages\/63139\/revisions"}],"predecessor-version":[{"id":63141,"href":"https:\/\/plixxent.com\/it\/wp-json\/wp\/v2\/pages\/63139\/revisions\/63141"}],"wp:featuredmedia":[{"embeddable":true,"href":"https:\/\/plixxent.com\/it\/wp-json\/wp\/v2\/media\/63114"}],"wp:attachment":[{"href":"https:\/\/plixxent.com\/it\/wp-json\/wp\/v2\/media?parent=63139"}],"curies":[{"name":"wp","href":"https:\/\/api.w.org\/{rel}","templated":true}]}}