{"id":58308,"date":"2023-08-14T17:23:59","date_gmt":"2023-08-14T15:23:59","guid":{"rendered":"https:\/\/plixxent.com\/impronta\/"},"modified":"2024-03-07T13:23:57","modified_gmt":"2024-03-07T12:23:57","slug":"impronta","status":"publish","type":"page","link":"https:\/\/plixxent.com\/it\/impronta\/","title":{"rendered":"Impronta"},"content":{"rendered":"\n<p>PLIXXENT Holding GmbH<br\/>Gasstra\u00dfe 18 I Haus 5<br\/>22761 Amburgo<br\/>Germania<\/p>\n\n<p><strong>Contatto:<\/strong><br\/>Telefono: 040-357 78 46 0<br\/>Email: info@plixxent.com<br\/>www.plixxent.com<\/p>\n\n<p><strong>Amministratori delegati:<\/strong><br\/>Dr. J\u00f6rg Schottek<br\/>Nikolaus Michelsen<br\/>Carsten W\u00f6rner<\/p>\n\n<p><strong>Sedile:<\/strong><br\/>Amburgo<\/p>\n\n<p><strong>Tribunale di registrazione:<\/strong><br\/>Tribunale locale di Amburgo<\/p>\n\n<p><strong>Numero di registrazione:<\/strong><br\/>HRB 164091<\/p>\n\n<p><strong>Numero di partita IVA:<\/strong><br\/>DE324691732<\/p>\n\n<p><strong>Responsabile (\u00a7 18 Abs. 2 MStV):<\/strong><br\/>Jennifer Sonnek<br\/>PLIXXENT Holding GmbH<br\/>Responsabile del Gruppo Marketing e Comunicazione<br\/>Gasstra\u00dfe 18 I Haus 5<br\/>22761 Amburgo<br\/>Germania<\/p>\n\n<h2 class=\"wp-block-heading\">Esclusione di responsabilit\u00e0<\/h2>\n\n<p>PLIXXENT Holding GmbH si riserva il diritto di non essere responsabile dell&#8217;attualit\u00e0, della correttezza, della completezza o della qualit\u00e0 delle informazioni fornite. Le richieste di responsabilit\u00e0 relative a danni causati dall&#8217;uso di qualsiasi informazione fornita, compreso qualsiasi tipo di informazione incompleta o errata, saranno pertanto respinte. Tutte le offerte non sono vincolanti e senza impegno. Parti delle pagine o l&#8217;intera pubblicazione, comprese tutte le offerte e le informazioni, possono essere ampliate, modificate o parzialmente o completamente eliminate da PLIXXENT Holding GmbH senza un annuncio separato.<\/p>\n\n<h2 class=\"wp-block-heading\">Riferimenti e link<\/h2>\n\n<p>PLIXXENT Holding GmbH non \u00e8 responsabile dei contenuti collegati o a cui si fa riferimento dalle sue pagine &#8211; a meno che non sia a conoscenza dei contenuti illegali e sia in grado di impedire ai visitatori del suo sito di visualizzare tali pagine. Se si verificano danni a causa dell&#8217;uso delle informazioni ivi presentate, solo la PLIXXENT Holding GmbH delle rispettive pagine potrebbe essere responsabile, non chi ha creato il link a queste pagine.<\/p>\n\n<h2 class=\"wp-block-heading\">Copyright<\/h2>\n\n<p>PLIXXENT Holding GmbH intende non utilizzare alcun materiale protetto da copyright per la pubblicazione o, se non \u00e8 possibile, indicare il copyright del rispettivo oggetto. Il copyright di qualsiasi materiale creato da PLIXXENT Holding GmbH \u00e8 riservato. La duplicazione o l&#8217;utilizzo di oggetti come diagrammi, suoni o testi in altre pubblicazioni elettroniche o stampate non \u00e8 consentita senza l&#8217;autorizzazione di PLIXXENT Holding GmbH.<\/p>\n\n<h2 class=\"wp-block-heading\">Validit\u00e0 legale di questo disclaimer<\/h2>\n\n<p>La presente clausola di esclusione della responsabilit\u00e0 deve essere considerata come parte della pubblicazione internet da cui \u00e8 stato rimandato. Se sezioni o singoli termini di questa dichiarazione non sono legali o corretti, il contenuto o la validit\u00e0 delle altre parti non sono influenzati da questo fatto.<\/p>\n","protected":false},"excerpt":{"rendered":"<p>PLIXXENT Holding GmbHGasstra\u00dfe 18 I Haus 522761 AmburgoGermania Contatto:Telefono: 040-357 78 46 0Email: info@plixxent.comwww.plixxent.com Amministratori delegati:Dr. J\u00f6rg SchottekNikolaus MichelsenCarsten W\u00f6rner Sedile:Amburgo Tribunale di registrazione:Tribunale locale di Amburgo Numero di registrazione:HRB 164091 Numero di partita IVA:DE324691732 Responsabile (\u00a7 18 Abs. 2 MStV):Jennifer SonnekPLIXXENT Holding GmbHResponsabile del Gruppo Marketing e ComunicazioneGasstra\u00dfe 18 I Haus 522761 AmburgoGermania Esclusione [&hellip;]<\/p>\n","protected":false},"author":1,"featured_media":0,"parent":0,"menu_order":0,"comment_status":"closed","ping_status":"closed","template":"","meta":{"footnotes":""},"class_list":["post-58308","page","type-page","status-publish","hentry"],"yoast_head":"<!-- This site is optimized with the Yoast SEO plugin v27.4 - https:\/\/yoast.com\/product\/yoast-seo-wordpress\/ -->\n<title>Impronta - PLIXXENT<\/title>\n<meta name=\"robots\" content=\"index, follow, max-snippet:-1, max-image-preview:large, max-video-preview:-1\" \/>\n<link rel=\"canonical\" href=\"https:\/\/plixxent.com\/it\/impronta\/\" \/>\n<meta property=\"og:locale\" content=\"it_IT\" \/>\n<meta property=\"og:type\" content=\"article\" \/>\n<meta property=\"og:title\" content=\"Impronta - PLIXXENT\" \/>\n<meta property=\"og:description\" content=\"PLIXXENT Holding GmbHGasstra\u00dfe 18 I Haus 522761 AmburgoGermania Contatto:Telefono: 040-357 78 46 0Email: info@plixxent.comwww.plixxent.com Amministratori delegati:Dr. J\u00f6rg SchottekNikolaus MichelsenCarsten W\u00f6rner Sedile:Amburgo Tribunale di registrazione:Tribunale locale di Amburgo Numero di registrazione:HRB 164091 Numero di partita IVA:DE324691732 Responsabile (\u00a7 18 Abs. 2 MStV):Jennifer SonnekPLIXXENT Holding GmbHResponsabile del Gruppo Marketing e ComunicazioneGasstra\u00dfe 18 I Haus 522761 AmburgoGermania Esclusione [&hellip;]\" \/>\n<meta property=\"og:url\" content=\"https:\/\/plixxent.com\/it\/impronta\/\" \/>\n<meta property=\"og:site_name\" content=\"PLIXXENT\" \/>\n<meta property=\"article:modified_time\" content=\"2024-03-07T12:23:57+00:00\" \/>\n<meta property=\"og:image\" content=\"https:\/\/plixxent.com\/wp-content\/uploads\/2024\/03\/plixxent_og.jpg\" \/>\n\t<meta property=\"og:image:width\" content=\"1200\" \/>\n\t<meta property=\"og:image:height\" content=\"675\" \/>\n\t<meta property=\"og:image:type\" content=\"image\/jpeg\" \/>\n<meta name=\"twitter:card\" content=\"summary_large_image\" \/>\n<meta name=\"twitter:label1\" content=\"Tempo di lettura stimato\" \/>\n\t<meta name=\"twitter:data1\" content=\"2 minuti\" \/>\n<script type=\"application\/ld+json\" class=\"yoast-schema-graph\">{\"@context\":\"https:\\\/\\\/schema.org\",\"@graph\":[{\"@type\":\"WebPage\",\"@id\":\"https:\\\/\\\/plixxent.com\\\/it\\\/impronta\\\/\",\"url\":\"https:\\\/\\\/plixxent.com\\\/it\\\/impronta\\\/\",\"name\":\"Impronta - PLIXXENT\",\"isPartOf\":{\"@id\":\"https:\\\/\\\/plixxent.com\\\/it\\\/#website\"},\"datePublished\":\"2023-08-14T15:23:59+00:00\",\"dateModified\":\"2024-03-07T12:23:57+00:00\",\"breadcrumb\":{\"@id\":\"https:\\\/\\\/plixxent.com\\\/it\\\/impronta\\\/#breadcrumb\"},\"inLanguage\":\"it-IT\",\"potentialAction\":[{\"@type\":\"ReadAction\",\"target\":[\"https:\\\/\\\/plixxent.com\\\/it\\\/impronta\\\/\"]}]},{\"@type\":\"BreadcrumbList\",\"@id\":\"https:\\\/\\\/plixxent.com\\\/it\\\/impronta\\\/#breadcrumb\",\"itemListElement\":[{\"@type\":\"ListItem\",\"position\":1,\"name\":\"Home\",\"item\":\"https:\\\/\\\/plixxent.com\\\/it\\\/casa\\\/\"},{\"@type\":\"ListItem\",\"position\":2,\"name\":\"Impronta\"}]},{\"@type\":\"WebSite\",\"@id\":\"https:\\\/\\\/plixxent.com\\\/it\\\/#website\",\"url\":\"https:\\\/\\\/plixxent.com\\\/it\\\/\",\"name\":\"PLIXXENT\",\"description\":\"Providing innovative technologies based on polyurethanes\",\"potentialAction\":[{\"@type\":\"SearchAction\",\"target\":{\"@type\":\"EntryPoint\",\"urlTemplate\":\"https:\\\/\\\/plixxent.com\\\/it\\\/?s={search_term_string}\"},\"query-input\":{\"@type\":\"PropertyValueSpecification\",\"valueRequired\":true,\"valueName\":\"search_term_string\"}}],\"inLanguage\":\"it-IT\"}]}<\/script>\n<!-- \/ Yoast SEO plugin. -->","yoast_head_json":{"title":"Impronta - PLIXXENT","robots":{"index":"index","follow":"follow","max-snippet":"max-snippet:-1","max-image-preview":"max-image-preview:large","max-video-preview":"max-video-preview:-1"},"canonical":"https:\/\/plixxent.com\/it\/impronta\/","og_locale":"it_IT","og_type":"article","og_title":"Impronta - PLIXXENT","og_description":"PLIXXENT Holding GmbHGasstra\u00dfe 18 I Haus 522761 AmburgoGermania Contatto:Telefono: 040-357 78 46 0Email: info@plixxent.comwww.plixxent.com Amministratori delegati:Dr. J\u00f6rg SchottekNikolaus MichelsenCarsten W\u00f6rner Sedile:Amburgo Tribunale di registrazione:Tribunale locale di Amburgo Numero di registrazione:HRB 164091 Numero di partita IVA:DE324691732 Responsabile (\u00a7 18 Abs. 2 MStV):Jennifer SonnekPLIXXENT Holding GmbHResponsabile del Gruppo Marketing e ComunicazioneGasstra\u00dfe 18 I Haus 522761 AmburgoGermania Esclusione [&hellip;]","og_url":"https:\/\/plixxent.com\/it\/impronta\/","og_site_name":"PLIXXENT","article_modified_time":"2024-03-07T12:23:57+00:00","og_image":[{"width":1200,"height":675,"url":"https:\/\/plixxent.com\/wp-content\/uploads\/2024\/03\/plixxent_og.jpg","type":"image\/jpeg"}],"twitter_card":"summary_large_image","twitter_misc":{"Tempo di lettura stimato":"2 minuti"},"schema":{"@context":"https:\/\/schema.org","@graph":[{"@type":"WebPage","@id":"https:\/\/plixxent.com\/it\/impronta\/","url":"https:\/\/plixxent.com\/it\/impronta\/","name":"Impronta - PLIXXENT","isPartOf":{"@id":"https:\/\/plixxent.com\/it\/#website"},"datePublished":"2023-08-14T15:23:59+00:00","dateModified":"2024-03-07T12:23:57+00:00","breadcrumb":{"@id":"https:\/\/plixxent.com\/it\/impronta\/#breadcrumb"},"inLanguage":"it-IT","potentialAction":[{"@type":"ReadAction","target":["https:\/\/plixxent.com\/it\/impronta\/"]}]},{"@type":"BreadcrumbList","@id":"https:\/\/plixxent.com\/it\/impronta\/#breadcrumb","itemListElement":[{"@type":"ListItem","position":1,"name":"Home","item":"https:\/\/plixxent.com\/it\/casa\/"},{"@type":"ListItem","position":2,"name":"Impronta"}]},{"@type":"WebSite","@id":"https:\/\/plixxent.com\/it\/#website","url":"https:\/\/plixxent.com\/it\/","name":"PLIXXENT","description":"Providing innovative technologies based on polyurethanes","potentialAction":[{"@type":"SearchAction","target":{"@type":"EntryPoint","urlTemplate":"https:\/\/plixxent.com\/it\/?s={search_term_string}"},"query-input":{"@type":"PropertyValueSpecification","valueRequired":true,"valueName":"search_term_string"}}],"inLanguage":"it-IT"}]}},"_links":{"self":[{"href":"https:\/\/plixxent.com\/it\/wp-json\/wp\/v2\/pages\/58308","targetHints":{"allow":["GET"]}}],"collection":[{"href":"https:\/\/plixxent.com\/it\/wp-json\/wp\/v2\/pages"}],"about":[{"href":"https:\/\/plixxent.com\/it\/wp-json\/wp\/v2\/types\/page"}],"author":[{"embeddable":true,"href":"https:\/\/plixxent.com\/it\/wp-json\/wp\/v2\/users\/1"}],"replies":[{"embeddable":true,"href":"https:\/\/plixxent.com\/it\/wp-json\/wp\/v2\/comments?post=58308"}],"version-history":[{"count":1,"href":"https:\/\/plixxent.com\/it\/wp-json\/wp\/v2\/pages\/58308\/revisions"}],"predecessor-version":[{"id":58309,"href":"https:\/\/plixxent.com\/it\/wp-json\/wp\/v2\/pages\/58308\/revisions\/58309"}],"wp:attachment":[{"href":"https:\/\/plixxent.com\/it\/wp-json\/wp\/v2\/media?parent=58308"}],"curies":[{"name":"wp","href":"https:\/\/api.w.org\/{rel}","templated":true}]}}