{"id":5737,"date":"2023-08-14T17:24:12","date_gmt":"2023-08-14T15:24:12","guid":{"rendered":"https:\/\/plixxent.com\/conformita\/"},"modified":"2025-09-24T08:49:27","modified_gmt":"2025-09-24T06:49:27","slug":"conformita","status":"publish","type":"page","link":"https:\/\/plixxent.com\/it\/conformita\/","title":{"rendered":"Conformit\u00e0"},"content":{"rendered":"\t\t<div data-elementor-type=\"wp-page\" data-elementor-id=\"5737\" class=\"elementor elementor-5737 elementor-1186\" data-elementor-post-type=\"page\">\n\t\t\t\t<div class=\"elementor-element elementor-element-7e8150c4 e-flex e-con-boxed e-con e-parent\" data-id=\"7e8150c4\" data-element_type=\"container\" data-e-type=\"container\">\n\t\t\t\t\t<div class=\"e-con-inner\">\n\t\t\t\t<div class=\"elementor-element elementor-element-48d1d9f elementor-widget elementor-widget-image\" data-id=\"48d1d9f\" data-element_type=\"widget\" data-e-type=\"widget\" data-widget_type=\"image.default\">\n\t\t\t\t<div class=\"elementor-widget-container\">\n\t\t\t\t\t\t\t\t\t\t\t\t\t\t\t<img fetchpriority=\"high\" decoding=\"async\" width=\"800\" height=\"306\" src=\"https:\/\/plixxent.com\/wp-content\/uploads\/2024\/01\/PLIXXENT-Illu-Nachhaltigkeit.svg\" class=\"attachment-large size-large wp-image-5457\" alt=\"\" \/>\t\t\t\t\t\t\t\t\t\t\t\t\t\t\t<\/div>\n\t\t\t\t<\/div>\n\t\t\t\t<div class=\"elementor-element elementor-element-b8b622c elementor-widget elementor-widget-heading\" data-id=\"b8b622c\" data-element_type=\"widget\" data-e-type=\"widget\" data-widget_type=\"heading.default\">\n\t\t\t\t<div class=\"elementor-widget-container\">\n\t\t\t\t\t<h2 class=\"elementor-heading-title elementor-size-default\">CONFORMIT\u00c0 - CODICE DI CONDOTTA<\/h2>\t\t\t\t<\/div>\n\t\t\t\t<\/div>\n\t\t\t\t<div class=\"elementor-element elementor-element-43851127 elementor-widget elementor-widget-text-editor\" data-id=\"43851127\" data-element_type=\"widget\" data-e-type=\"widget\" data-widget_type=\"text-editor.default\">\n\t\t\t\t<div class=\"elementor-widget-container\">\n\t\t\t\t\t\t\t\t\t\n<p>Per noi, la compliance \u00e8 una componente essenziale per garantire il successo sostenibile della nostra azienda. Il nostro Codice di Condotta ha lo scopo di aiutare i nostri dipendenti e partner commerciali a identificare tempestivamente i rischi di compliance e le possibili azioni illegali. Questo Codice di Condotta stabilisce gli standard e le politiche che seguiamo per aiutarci a rispettare gli impegni del nostro settore e quelli dei nostri clienti e fornitori nazionali e internazionali. I nostri standard si applicano a tutti coloro che lavorano per o per conto di PLIXXENT.   <\/p>\n\n<p>Tutti i dipendenti di PLIXXENT devono attenersi a questo Codice di condotta. Ci impegniamo a rispettare le leggi e i regolamenti nazionali che si applicano ai nostri servizi in tutto il mondo. Il presente Codice di Condotta definisce il quadro giuridico all&#8217;interno del quale operiamo. Definisce i principi fondamentali della nostra condotta e del rapporto con i nostri partner commerciali e con il pubblico. Il documento definisce i principi delle nostre azioni aziendali ed esprime i nostri valori aziendali.    <\/p>\n\t\t\t\t\t\t\t\t<\/div>\n\t\t\t\t<\/div>\n\t\t\t\t<div class=\"elementor-element elementor-element-9d2fb9d elementor-widget__width-auto e-transform elementor-widget elementor-widget-button\" data-id=\"9d2fb9d\" data-element_type=\"widget\" data-e-type=\"widget\" data-settings=\"{&quot;_transform_skewX_effect_hover&quot;:{&quot;unit&quot;:&quot;px&quot;,&quot;size&quot;:-14,&quot;sizes&quot;:[]},&quot;_transform_skewX_effect_hover_tablet&quot;:{&quot;unit&quot;:&quot;deg&quot;,&quot;size&quot;:&quot;&quot;,&quot;sizes&quot;:[]},&quot;_transform_skewX_effect_hover_mobile&quot;:{&quot;unit&quot;:&quot;deg&quot;,&quot;size&quot;:&quot;&quot;,&quot;sizes&quot;:[]},&quot;_transform_skewY_effect_hover&quot;:{&quot;unit&quot;:&quot;px&quot;,&quot;size&quot;:&quot;&quot;,&quot;sizes&quot;:[]},&quot;_transform_skewY_effect_hover_tablet&quot;:{&quot;unit&quot;:&quot;deg&quot;,&quot;size&quot;:&quot;&quot;,&quot;sizes&quot;:[]},&quot;_transform_skewY_effect_hover_mobile&quot;:{&quot;unit&quot;:&quot;deg&quot;,&quot;size&quot;:&quot;&quot;,&quot;sizes&quot;:[]}}\" data-widget_type=\"button.default\">\n\t\t\t\t<div class=\"elementor-widget-container\">\n\t\t\t\t\t\t\t\t\t<div class=\"elementor-button-wrapper\">\n\t\t\t\t\t<a class=\"elementor-button elementor-button-link elementor-size-sm\" href=\"https:\/\/plixxent.com\/it\/download\/codice-di-condotta\/\">\n\t\t\t\t\t\t<span class=\"elementor-button-content-wrapper\">\n\t\t\t\t\t\t\t\t\t<span class=\"elementor-button-text\">Download COMPLIANCE - CODICE DI CONDOTTA<\/span>\n\t\t\t\t\t<\/span>\n\t\t\t\t\t<\/a>\n\t\t\t\t<\/div>\n\t\t\t\t\t\t\t\t<\/div>\n\t\t\t\t<\/div>\n\t\t\t\t<div class=\"elementor-element elementor-element-70e381a elementor-widget__width-auto e-transform elementor-widget elementor-widget-button\" data-id=\"70e381a\" data-element_type=\"widget\" data-e-type=\"widget\" data-settings=\"{&quot;_transform_skewX_effect_hover&quot;:{&quot;unit&quot;:&quot;px&quot;,&quot;size&quot;:-14,&quot;sizes&quot;:[]},&quot;_transform_skewX_effect_hover_tablet&quot;:{&quot;unit&quot;:&quot;deg&quot;,&quot;size&quot;:&quot;&quot;,&quot;sizes&quot;:[]},&quot;_transform_skewX_effect_hover_mobile&quot;:{&quot;unit&quot;:&quot;deg&quot;,&quot;size&quot;:&quot;&quot;,&quot;sizes&quot;:[]},&quot;_transform_skewY_effect_hover&quot;:{&quot;unit&quot;:&quot;px&quot;,&quot;size&quot;:&quot;&quot;,&quot;sizes&quot;:[]},&quot;_transform_skewY_effect_hover_tablet&quot;:{&quot;unit&quot;:&quot;deg&quot;,&quot;size&quot;:&quot;&quot;,&quot;sizes&quot;:[]},&quot;_transform_skewY_effect_hover_mobile&quot;:{&quot;unit&quot;:&quot;deg&quot;,&quot;size&quot;:&quot;&quot;,&quot;sizes&quot;:[]}}\" data-widget_type=\"button.default\">\n\t\t\t\t<div class=\"elementor-widget-container\">\n\t\t\t\t\t\t\t\t\t<div class=\"elementor-button-wrapper\">\n\t\t\t\t\t<a class=\"elementor-button elementor-button-link elementor-size-sm\" href=\"https:\/\/plixxent.com\/it\/download\/codice-di-condotta-per-i-fornitori-inglese\/\">\n\t\t\t\t\t\t<span class=\"elementor-button-content-wrapper\">\n\t\t\t\t\t\t\t\t\t<span class=\"elementor-button-text\">Scarica la conformit\u00e0 - codice di condotta per i fornitori<\/span>\n\t\t\t\t\t<\/span>\n\t\t\t\t\t<\/a>\n\t\t\t\t<\/div>\n\t\t\t\t\t\t\t\t<\/div>\n\t\t\t\t<\/div>\n\t\t\t\t\t<\/div>\n\t\t\t\t<\/div>\n\t\t\t\t<\/div>\n\t\t","protected":false},"excerpt":{"rendered":"<p>CONFORMIT\u00c0 &#8211; CODICE DI CONDOTTA Per noi, la compliance \u00e8 una componente essenziale per garantire il successo sostenibile della nostra azienda. Il nostro Codice di Condotta ha lo scopo di aiutare i nostri dipendenti e partner commerciali a identificare tempestivamente i rischi di compliance e le possibili azioni illegali. Questo Codice di Condotta stabilisce gli [&hellip;]<\/p>\n","protected":false},"author":1,"featured_media":57118,"parent":0,"menu_order":0,"comment_status":"closed","ping_status":"closed","template":"","meta":{"footnotes":""},"class_list":["post-5737","page","type-page","status-publish","has-post-thumbnail","hentry"],"yoast_head":"<!-- This site is optimized with the Yoast SEO plugin v27.4 - https:\/\/yoast.com\/product\/yoast-seo-wordpress\/ -->\n<title>Conformit\u00e0 - PLIXXENT<\/title>\n<meta name=\"robots\" content=\"index, follow, max-snippet:-1, max-image-preview:large, max-video-preview:-1\" \/>\n<link rel=\"canonical\" href=\"https:\/\/plixxent.com\/it\/conformita\/\" \/>\n<meta property=\"og:locale\" content=\"it_IT\" \/>\n<meta property=\"og:type\" content=\"article\" \/>\n<meta property=\"og:title\" content=\"Conformit\u00e0 - PLIXXENT\" \/>\n<meta property=\"og:description\" content=\"CONFORMIT\u00c0 &#8211; CODICE DI CONDOTTA Per noi, la compliance \u00e8 una componente essenziale per garantire il successo sostenibile della nostra azienda. Il nostro Codice di Condotta ha lo scopo di aiutare i nostri dipendenti e partner commerciali a identificare tempestivamente i rischi di compliance e le possibili azioni illegali. Questo Codice di Condotta stabilisce gli [&hellip;]\" \/>\n<meta property=\"og:url\" content=\"https:\/\/plixxent.com\/it\/conformita\/\" \/>\n<meta property=\"og:site_name\" content=\"PLIXXENT\" \/>\n<meta property=\"article:modified_time\" content=\"2025-09-24T06:49:27+00:00\" \/>\n<meta property=\"og:image\" content=\"https:\/\/plixxent.com\/wp-content\/uploads\/2024\/02\/PLIXXENT-Illu-Nachhaltigkeit-1.jpg\" \/>\n\t<meta property=\"og:image:width\" content=\"2560\" \/>\n\t<meta property=\"og:image:height\" content=\"780\" \/>\n\t<meta property=\"og:image:type\" content=\"image\/jpeg\" \/>\n<meta name=\"twitter:card\" content=\"summary_large_image\" \/>\n<meta name=\"twitter:label1\" content=\"Tempo di lettura stimato\" \/>\n\t<meta name=\"twitter:data1\" content=\"1 minuto\" \/>\n<script type=\"application\/ld+json\" class=\"yoast-schema-graph\">{\"@context\":\"https:\\\/\\\/schema.org\",\"@graph\":[{\"@type\":\"WebPage\",\"@id\":\"https:\\\/\\\/plixxent.com\\\/it\\\/conformita\\\/\",\"url\":\"https:\\\/\\\/plixxent.com\\\/it\\\/conformita\\\/\",\"name\":\"Conformit\u00e0 - PLIXXENT\",\"isPartOf\":{\"@id\":\"https:\\\/\\\/plixxent.com\\\/it\\\/#website\"},\"primaryImageOfPage\":{\"@id\":\"https:\\\/\\\/plixxent.com\\\/it\\\/conformita\\\/#primaryimage\"},\"image\":{\"@id\":\"https:\\\/\\\/plixxent.com\\\/it\\\/conformita\\\/#primaryimage\"},\"thumbnailUrl\":\"https:\\\/\\\/plixxent.com\\\/wp-content\\\/uploads\\\/2024\\\/02\\\/PLIXXENT-Illu-Nachhaltigkeit-1.jpg\",\"datePublished\":\"2023-08-14T15:24:12+00:00\",\"dateModified\":\"2025-09-24T06:49:27+00:00\",\"breadcrumb\":{\"@id\":\"https:\\\/\\\/plixxent.com\\\/it\\\/conformita\\\/#breadcrumb\"},\"inLanguage\":\"it-IT\",\"potentialAction\":[{\"@type\":\"ReadAction\",\"target\":[\"https:\\\/\\\/plixxent.com\\\/it\\\/conformita\\\/\"]}]},{\"@type\":\"ImageObject\",\"inLanguage\":\"it-IT\",\"@id\":\"https:\\\/\\\/plixxent.com\\\/it\\\/conformita\\\/#primaryimage\",\"url\":\"https:\\\/\\\/plixxent.com\\\/wp-content\\\/uploads\\\/2024\\\/02\\\/PLIXXENT-Illu-Nachhaltigkeit-1.jpg\",\"contentUrl\":\"https:\\\/\\\/plixxent.com\\\/wp-content\\\/uploads\\\/2024\\\/02\\\/PLIXXENT-Illu-Nachhaltigkeit-1.jpg\",\"width\":2560,\"height\":780},{\"@type\":\"BreadcrumbList\",\"@id\":\"https:\\\/\\\/plixxent.com\\\/it\\\/conformita\\\/#breadcrumb\",\"itemListElement\":[{\"@type\":\"ListItem\",\"position\":1,\"name\":\"Home\",\"item\":\"https:\\\/\\\/plixxent.com\\\/it\\\/casa\\\/\"},{\"@type\":\"ListItem\",\"position\":2,\"name\":\"Conformit\u00e0\"}]},{\"@type\":\"WebSite\",\"@id\":\"https:\\\/\\\/plixxent.com\\\/it\\\/#website\",\"url\":\"https:\\\/\\\/plixxent.com\\\/it\\\/\",\"name\":\"PLIXXENT\",\"description\":\"Providing innovative technologies based on polyurethanes\",\"potentialAction\":[{\"@type\":\"SearchAction\",\"target\":{\"@type\":\"EntryPoint\",\"urlTemplate\":\"https:\\\/\\\/plixxent.com\\\/it\\\/?s={search_term_string}\"},\"query-input\":{\"@type\":\"PropertyValueSpecification\",\"valueRequired\":true,\"valueName\":\"search_term_string\"}}],\"inLanguage\":\"it-IT\"}]}<\/script>\n<!-- \/ Yoast SEO plugin. -->","yoast_head_json":{"title":"Conformit\u00e0 - PLIXXENT","robots":{"index":"index","follow":"follow","max-snippet":"max-snippet:-1","max-image-preview":"max-image-preview:large","max-video-preview":"max-video-preview:-1"},"canonical":"https:\/\/plixxent.com\/it\/conformita\/","og_locale":"it_IT","og_type":"article","og_title":"Conformit\u00e0 - PLIXXENT","og_description":"CONFORMIT\u00c0 &#8211; CODICE DI CONDOTTA Per noi, la compliance \u00e8 una componente essenziale per garantire il successo sostenibile della nostra azienda. Il nostro Codice di Condotta ha lo scopo di aiutare i nostri dipendenti e partner commerciali a identificare tempestivamente i rischi di compliance e le possibili azioni illegali. Questo Codice di Condotta stabilisce gli [&hellip;]","og_url":"https:\/\/plixxent.com\/it\/conformita\/","og_site_name":"PLIXXENT","article_modified_time":"2025-09-24T06:49:27+00:00","og_image":[{"width":2560,"height":780,"url":"https:\/\/plixxent.com\/wp-content\/uploads\/2024\/02\/PLIXXENT-Illu-Nachhaltigkeit-1.jpg","type":"image\/jpeg"}],"twitter_card":"summary_large_image","twitter_misc":{"Tempo di lettura stimato":"1 minuto"},"schema":{"@context":"https:\/\/schema.org","@graph":[{"@type":"WebPage","@id":"https:\/\/plixxent.com\/it\/conformita\/","url":"https:\/\/plixxent.com\/it\/conformita\/","name":"Conformit\u00e0 - PLIXXENT","isPartOf":{"@id":"https:\/\/plixxent.com\/it\/#website"},"primaryImageOfPage":{"@id":"https:\/\/plixxent.com\/it\/conformita\/#primaryimage"},"image":{"@id":"https:\/\/plixxent.com\/it\/conformita\/#primaryimage"},"thumbnailUrl":"https:\/\/plixxent.com\/wp-content\/uploads\/2024\/02\/PLIXXENT-Illu-Nachhaltigkeit-1.jpg","datePublished":"2023-08-14T15:24:12+00:00","dateModified":"2025-09-24T06:49:27+00:00","breadcrumb":{"@id":"https:\/\/plixxent.com\/it\/conformita\/#breadcrumb"},"inLanguage":"it-IT","potentialAction":[{"@type":"ReadAction","target":["https:\/\/plixxent.com\/it\/conformita\/"]}]},{"@type":"ImageObject","inLanguage":"it-IT","@id":"https:\/\/plixxent.com\/it\/conformita\/#primaryimage","url":"https:\/\/plixxent.com\/wp-content\/uploads\/2024\/02\/PLIXXENT-Illu-Nachhaltigkeit-1.jpg","contentUrl":"https:\/\/plixxent.com\/wp-content\/uploads\/2024\/02\/PLIXXENT-Illu-Nachhaltigkeit-1.jpg","width":2560,"height":780},{"@type":"BreadcrumbList","@id":"https:\/\/plixxent.com\/it\/conformita\/#breadcrumb","itemListElement":[{"@type":"ListItem","position":1,"name":"Home","item":"https:\/\/plixxent.com\/it\/casa\/"},{"@type":"ListItem","position":2,"name":"Conformit\u00e0"}]},{"@type":"WebSite","@id":"https:\/\/plixxent.com\/it\/#website","url":"https:\/\/plixxent.com\/it\/","name":"PLIXXENT","description":"Providing innovative technologies based on polyurethanes","potentialAction":[{"@type":"SearchAction","target":{"@type":"EntryPoint","urlTemplate":"https:\/\/plixxent.com\/it\/?s={search_term_string}"},"query-input":{"@type":"PropertyValueSpecification","valueRequired":true,"valueName":"search_term_string"}}],"inLanguage":"it-IT"}]}},"_links":{"self":[{"href":"https:\/\/plixxent.com\/it\/wp-json\/wp\/v2\/pages\/5737","targetHints":{"allow":["GET"]}}],"collection":[{"href":"https:\/\/plixxent.com\/it\/wp-json\/wp\/v2\/pages"}],"about":[{"href":"https:\/\/plixxent.com\/it\/wp-json\/wp\/v2\/types\/page"}],"author":[{"embeddable":true,"href":"https:\/\/plixxent.com\/it\/wp-json\/wp\/v2\/users\/1"}],"replies":[{"embeddable":true,"href":"https:\/\/plixxent.com\/it\/wp-json\/wp\/v2\/comments?post=5737"}],"version-history":[{"count":5,"href":"https:\/\/plixxent.com\/it\/wp-json\/wp\/v2\/pages\/5737\/revisions"}],"predecessor-version":[{"id":63828,"href":"https:\/\/plixxent.com\/it\/wp-json\/wp\/v2\/pages\/5737\/revisions\/63828"}],"wp:featuredmedia":[{"embeddable":true,"href":"https:\/\/plixxent.com\/it\/wp-json\/wp\/v2\/media\/57118"}],"wp:attachment":[{"href":"https:\/\/plixxent.com\/it\/wp-json\/wp\/v2\/media?parent=5737"}],"curies":[{"name":"wp","href":"https:\/\/api.w.org\/{rel}","templated":true}]}}