{"id":5676,"date":"2023-06-19T07:44:58","date_gmt":"2023-06-19T05:44:58","guid":{"rendered":"https:\/\/plixxent.com\/dichiarazione-sulla-privacy\/"},"modified":"2024-03-04T12:54:34","modified_gmt":"2024-03-04T11:54:34","slug":"dichiarazione-sulla-privacy","status":"publish","type":"page","link":"https:\/\/plixxent.com\/it\/dichiarazione-sulla-privacy\/","title":{"rendered":"Dichiarazione sulla privacy"},"content":{"rendered":"\n<p>Informazioni sul trattamento dei dati personali dei nostri clienti e delle parti interessate.<\/p>\n\n<p>Diligenza e trasparenza sono le basi per una collaborazione di fiducia con i nostri clienti. Pertanto, vi informiamo su come trattiamo i vostri dati e su come potete esercitare i vostri diritti, che vi spettano ai sensi del Regolamento generale sulla protezione dei dati (GDPR) e di altre leggi pertinenti in materia di protezione dei dati. Quali dati personali trattiamo e per quale scopo dipende dal rispettivo rapporto contrattuale.<\/p>\n\n<h2 class=\"wp-block-heading\">1. Chi \u00e8 responsabile del trattamento dei dati?<\/h2>\n\n<p>Persona responsabile:<\/p>\n\n<p>PLIXXENT Holding GmbH<br\/>Gasstra\u00dfe 18, Casa 5<br\/>22761 Amburgo<br\/>Germania<br\/>Telefono: +49 40357784600<br\/>E-mail: <a href=\"mailto:info@plixxent.com\">info@plixxent.com<\/a><\/p>\n\n<p>rappresentati dalla direzione.<\/p>\n\n<h2 class=\"wp-block-heading\">2. Come si raggiunge il responsabile della protezione dei dati?<\/h2>\n\n<p>Potete contattare il nostro responsabile della protezione dei dati all&#8217;indirizzo:<br\/>Christopher Schewior<br\/>intersoft consulting services AG<br\/>Beim Strohhause 17<br\/>20097 Amburgo<br\/>Germania<br\/>Email: <a href=\"mailto:DSB-Plixxent@intersoft-consulting.de\">DSB-Plixxent@intersoft-consulting.de<\/a><\/p>\n\n<h2 class=\"wp-block-heading\">3. Quali dati personali utilizziamo?<\/h2>\n\n<p>Se avete una richiesta, ci fate preparare un&#8217;offerta o concludete un contratto con noi, trattiamo i vostri dati personali. Inoltre, trattiamo i vostri dati personali, tra l&#8217;altro, per adempiere a obblighi di legge, per proteggere un interesse legittimo o sulla base di un consenso da voi concesso.<\/p>\n\n<p>A seconda della base giuridica, si tratta delle seguenti categorie di dati personali:<\/p>\n\n<ul class=\"wp-block-list\">\n<li>Nome, cognome<\/li>\n\n\n\n<li>Indirizzo<\/li>\n\n\n\n<li>Dati di comunicazione (telefono, indirizzo e-mail, numero di fax)<\/li>\n\n\n\n<li>Data di nascita<\/li>\n\n\n\n<li>Nazionalit\u00e0<\/li>\n\n\n\n<li>I dati anagrafici del contratto, in particolare il numero del contratto, la durata, il periodo di preavviso, il tipo di contratto.<\/li>\n\n\n\n<li>contratto<\/li>\n\n\n\n<li>Dati organizzativi (ad es. societ\u00e0, impresa\/organizzazione, titolo di lavoro),<\/li>\n\n\n\n<li>posizione, funzione)<\/li>\n\n\n\n<li>Dati di fatturazione\/dati di vendita<\/li>\n\n\n\n<li>Dati sul merito di credito<\/li>\n\n\n\n<li>Dati di pagamento\/informazioni sul conto<\/li>\n\n\n\n<li>Informazioni sull&#8217;account, in particolare registrazione e login (ID utente)<\/li>\n\n\n\n<li>Registrazione di video o immagini<\/li>\n\n\n\n<li>TVCC.<\/li>\n<\/ul>\n\n<p>Nell&#8217;ambito dell&#8217;avvio del contratto, utilizziamo anche i dati che ci vengono forniti da terzi. A seconda del tipo di contratto, si tratta delle seguenti categorie di dati personali:<\/p>\n\n<ul class=\"wp-block-list\">\n<li>Informazioni sull&#8217;affidabilit\u00e0 creditizia (tramite agenzie di credito).<\/li>\n<\/ul>\n\n<h2 class=\"wp-block-heading\">4. Quali sono le fonti dei dati?<\/h2>\n\n<p>Trattiamo i dati personali che riceviamo dai nostri clienti o dalle parti interessate.<\/p>\n\n<p>Riceviamo dati personali anche dalle seguenti entit\u00e0:<\/p>\n\n<ul class=\"wp-block-list\">\n<li>Uffici di credito<\/li>\n\n\n\n<li>Fonti disponibili al pubblico: registri commerciali o associativi, registri dei debitori, registri fondiari.<\/li>\n\n\n\n<li>registri.<\/li>\n\n\n\n<li>Altre societ\u00e0 del gruppo.<\/li>\n<\/ul>\n\n<h2 class=\"wp-block-heading\">5. Per quali finalit\u00e0 trattiamo i vostri dati e su quale base giuridica?<\/h2>\n\n<p>In particolare, trattiamo i vostri dati personali in conformit\u00e0 al regolamento generale sulla protezione dei dati (GDPR) e alla legge federale tedesca sulla protezione dei dati (BDSG), nonch\u00e9 a tutte le altre leggi applicabili.<\/p>\n\n<h3 class=\"wp-block-heading\">5.1 Sulla base del vostro consenso (art. 6 par. 1 a GDPR)<\/h3>\n\n<p>Se ci avete dato il vostro consenso volontario alla raccolta, all&#8217;elaborazione o alla trasmissione di determinati dati personali, tale consenso costituisce la base giuridica per l&#8217;elaborazione di tali dati. Nei casi seguenti, trattiamo i vostri dati personali sulla base del consenso da voi fornito:<\/p>\n\n<ul class=\"wp-block-list\">\n<li>Invio di una newsletter via e-mail<\/li>\n\n\n\n<li>Tracciamento della newsletter personalizzata<\/li>\n\n\n\n<li>Ricerche di mercato (ad es. indagini sulla soddisfazione dei clienti)<\/li>\n\n\n\n<li>Marketing e pubblicit\u00e0: costruire profili di clienti<\/li>\n\n\n\n<li>Pubblicazione di una referenza del cliente (nome e immagine).<\/li>\n<\/ul>\n\n<h3 class=\"wp-block-heading\">5.2 Per l&#8217;esecuzione di un contratto (Art. 6 comma 1 b GDPR)<\/h3>\n\n<p>Utilizziamo i vostri dati personali per l&#8217;esecuzione del contratto di acquisto.<\/p>\n\n<p>Nell&#8217;ambito di questo rapporto contrattuale, tratteremo i vostri dati in particolare per svolgere le seguenti attivit\u00e0:<\/p>\n\n<ul class=\"wp-block-list\">\n<li>Contatti relativi al contratto<\/li>\n\n\n\n<li>Gestione dei contratti<\/li>\n\n\n\n<li>Assistenza clienti continua<\/li>\n\n\n\n<li>Centro servizi\/assistenza clienti<\/li>\n\n\n\n<li>Esercizio dei diritti di garanzia<\/li>\n\n\n\n<li>Gestione dei crediti<\/li>\n\n\n\n<li>Gestione della risoluzione del contratto.<\/li>\n<\/ul>\n\n<p>Informazioni pi\u00f9 dettagliate sulle finalit\u00e0 del trattamento dei dati sono reperibili nei rispettivi documenti contrattuali e nelle condizioni generali di contratto.<\/p>\n\n<h3 class=\"wp-block-heading\">5.3 Per l&#8217;adempimento di obblighi di legge (art. 6 par. 1 c GDPR)<\/h3>\n\n<p>Come azienda, siamo soggetti a diversi obblighi legali. Per adempiere a tali obblighi, il trattamento dei dati personali pu\u00f2 essere necessario.<\/p>\n\n<p>Obblighi di controllo e di rendicontazione<br\/>Controllo della solvibilit\u00e0, dell&#8217;et\u00e0 e dell&#8217;identit\u00e0<br\/>Prevenzione\/difesa di atti criminali.<\/p>\n\n<h3 class=\"wp-block-heading\">5.4 Sulla base di un interesse legittimo (Art. 6 comma 1 f GDPR)<\/h3>\n\n<p>In alcuni casi, trattiamo i vostri dati per proteggere un interesse legittimo nostro o di terzi.<\/p>\n\n<ul class=\"wp-block-list\">\n<li>Pubblicit\u00e0 diretta o ricerche di mercato e di opinione<\/li>\n\n\n\n<li>Gestione centralizzata dei dati dei clienti all&#8217;interno del gruppo<\/li>\n\n\n\n<li>Misure per la sicurezza degli edifici e degli impianti<\/li>\n\n\n\n<li>Videosorveglianza per la tutela del diritto alla casa<\/li>\n\n\n\n<li>Consultazione e scambio di dati con agenzie di credito per determinare il merito di credito o i rischi di insolvenza.<\/li>\n\n\n\n<li>Garantire la sicurezza informatica e le operazioni IT.<\/li>\n<\/ul>\n\n<h2 class=\"wp-block-heading\">6. Con chi saranno condivisi i vostri dati?<\/h2>\n\n<p>Per adempiere ai nostri obblighi contrattuali e legali, i vostri dati personali saranno comunicati a vari enti pubblici o interni, nonch\u00e9 a fornitori di servizi esterni.<\/p>\n\n<p><strong>Societ\u00e0 del Gruppo:<\/strong><\/p>\n\n<p>PLIXXENT GmbH &amp; Co KG<br\/>Mittelkamp 112<br\/>26125 Oldenburg<br\/>Germania<\/p>\n\n<p>PLIXXENT A\/S<br\/>Kronborgvej 24<br\/>5450 Otterup<br\/>Danimarca<\/p>\n\n<p>PLIXXENT B.V.<br\/>Korte Groningerweg 1 a<br\/>9607 PS Foxhol<br\/>I Paesi Bassi<\/p>\n\n<p>PLIXXENT S.L.<br\/>Poligono Quimico Sur<br\/>Ctra. Vilaseca-La Pineda,<br\/>s\/n PO Box 83,<br\/>43110 La Canonja #<br\/>Tarragona<br\/>Spagna<\/p>\n\n<p>Polytech Liquid Polymers Limited<br\/>Lungo viale<br\/>Pott Shrigley,<br\/>Bollington, Macclesfield SK10 5SD,<br\/>Regno Unito<\/p>\n\n<p>PLIXXENT S.r.l<br\/>Via Massari Marzoli, 5<br\/>21052 Busto Arsizio (Va)<br\/>Italia<\/p>\n\n<p><strong>Fornitori di servizi esterni:<\/strong><\/p>\n\n<p>Collaboriamo con fornitori di servizi esterni selezionati per adempiere ai nostri obblighi contrattuali e legali.<\/p>\n\n<ul class=\"wp-block-list\">\n<li>Fornitori di servizi IT (ad es. fornitori di servizi di manutenzione, fornitori di servizi di hosting)<\/li>\n\n\n\n<li>Fornitori di servizi per la distruzione di file e dati<\/li>\n\n\n\n<li>Servizi di stampa<\/li>\n\n\n\n<li>Telecomunicazioni<\/li>\n\n\n\n<li>Fornitori di servizi di pagamento<\/li>\n\n\n\n<li>Consigli e consulenze<\/li>\n\n\n\n<li>Fornitori di servizi per il marketing o le vendite<\/li>\n\n\n\n<li>Uffici di credito<\/li>\n\n\n\n<li>Rivenditori autorizzati<\/li>\n\n\n\n<li>Fornitori di servizi per l&#8217;assistenza telefonica (call center)<\/li>\n\n\n\n<li>Fornitori di servizi di web hosting<\/li>\n\n\n\n<li>Negozi di lettere<\/li>\n\n\n\n<li>Revisori dei conti.<\/li>\n<\/ul>\n\n<p><strong>Enti pubblici:<\/strong><\/p>\n\n<p>Inoltre, potremmo essere tenuti a divulgare i vostri dati personali ad altri destinatari, come le autorit\u00e0 pubbliche, per ottemperare agli obblighi di notifica previsti dalla legge.<\/p>\n\n<ul class=\"wp-block-list\">\n<li>Autorit\u00e0 finanziarie<\/li>\n\n\n\n<li>Dogana<\/li>\n\n\n\n<li>Agenzia di sicurezza sociale.<\/li>\n<\/ul>\n\n<p>Se avete ulteriori domande sui singoli destinatari, contattateci all&#8217;indirizzo info@plixxent.com.<\/p>\n\n<h2 class=\"wp-block-heading\">7. I vostri dati vengono trasferiti in paesi non appartenenti all&#8217;Unione Europea (i cosiddetti paesi terzi)?<\/h2>\n\n<p>Non \u00e8 previsto il trasferimento in un paese terzo.<\/p>\n\n<h2 class=\"wp-block-heading\">8. Per quanto tempo saranno conservati i miei dati?<\/h2>\n\n<p>Conserviamo i vostri dati personali per tutto il tempo necessario ad adempiere ai nostri obblighi legali e contrattuali.<br\/>Se la conservazione dei dati non \u00e8 pi\u00f9 necessaria per l&#8217;adempimento di obblighi contrattuali o legali, i vostri dati saranno cancellati, a meno che il loro ulteriore trattamento non sia necessario per i seguenti scopi:<\/p>\n\n<ul class=\"wp-block-list\">\n<li>Adempimento degli obblighi di ritenzione previsti dal diritto commerciale e fiscale. Questi includono i periodi di conservazione previsti dal codice commerciale tedesco (HGB) o dal codice fiscale tedesco (AO). I periodi di conservazione sono fino a 10 anni.<\/li>\n\n\n\n<li>Conservazione delle prove nell&#8217;ambito delle disposizioni sulla prescrizione legale. Secondo gli statuti di prescrizione del codice civile tedesco (BGB), questi periodi di prescrizione possono arrivare fino a 30 anni in alcuni casi; il periodo di prescrizione normale \u00e8 di tre anni.<\/li>\n<\/ul>\n\n<h2 class=\"wp-block-heading\">9. Quali diritti avete in relazione al trattamento dei vostri dati?<\/h2>\n\n<p>Ogni interessato ha il diritto di informazione ai sensi dell&#8217;articolo 15 del GDPR, il diritto di rettifica ai sensi dell&#8217;articolo 16 del GDPR, il diritto alla cancellazione ai sensi dell&#8217;articolo 17 del GDPR, il diritto alla limitazione del trattamento ai sensi dell&#8217;articolo 18 del GDPR, il diritto di opposizione ai sensi dell&#8217;articolo 21 del GDPR e il diritto alla portabilit\u00e0 dei dati ai sensi dell&#8217;articolo 20 del GDPR. Per quanto riguarda il diritto all&#8217;informazione e il diritto alla cancellazione, si applicano le limitazioni previste dagli articoli 34 e 35 della legge federale tedesca sulla protezione dei dati (BDSG).<\/p>\n\n<h3 class=\"wp-block-heading\">9.1 Diritto di obiezione<\/h3>\n\n<p>Potete opporvi in qualsiasi momento all&#8217;utilizzo dei vostri dati per la pubblicit\u00e0 tramite posta elettronica senza dover sostenere altri costi oltre a quelli di trasmissione secondo le tariffe di base.<\/p>\n\n<p><strong>Quale diritto avete in caso di trattamento dei dati basato su un interesse legittimo o pubblico?<\/strong><\/p>\n\n<p>Ai sensi dell&#8217;Art. 21 (1) GDPR, avete il diritto di opporvi in qualsiasi momento al trattamento dei dati personali che vi riguardano in base all&#8217;Art. 6 (1) e GDPR (trattamento dei dati nel pubblico interesse) o in base all&#8217;Art. 6 (1) f GDPR (trattamento dei dati per la tutela di un interesse legittimo) per motivi derivanti dalla Sua situazione particolare; ci\u00f2 vale anche per la profilazione basata su questa disposizione.<\/p>\n\n<p>In caso di obiezione, non tratteremo pi\u00f9 i vostri dati personali, a meno che non possiamo dimostrare l&#8217;esistenza di motivi legittimi impellenti per il trattamento che prevalgono sui vostri interessi, diritti e libert\u00e0, o il trattamento serve a far valere, esercitare o difendere rivendicazioni legali.<\/p>\n\n<p><strong>Quali diritti avete in caso di trattamento dei dati per il marketing diretto?<\/strong><\/p>\n\n<p>Se trattiamo i vostri dati personali per finalit\u00e0 di marketing diretto, avete il diritto di opporvi in qualsiasi momento al trattamento dei dati personali che vi riguardano per tali finalit\u00e0 ai sensi dell&#8217;art. 21 (2) GDPR; ci\u00f2 vale anche per la profilazione nella misura in cui \u00e8 correlata a tale marketing diretto. 21 (2) GDPR; ci\u00f2 vale anche per la profilazione nella misura in cui \u00e8 connessa a tale marketing diretto. In caso di opposizione al trattamento per finalit\u00e0 di marketing diretto, non tratteremo pi\u00f9 i vostri dati personali per tali finalit\u00e0.<\/p>\n\n<h3 class=\"wp-block-heading\">9.2 Revoca del consenso<\/h3>\n\n<p>\u00c8 possibile revocare il consenso al trattamento dei dati personali in qualsiasi momento. Si noti che la revoca ha effetto solo per il futuro.<\/p>\n\n<h3 class=\"wp-block-heading\">9.3 Diritto all&#8217;informazione<\/h3>\n\n<p>Potete richiedere informazioni sull&#8217;eventuale archiviazione di dati personali che vi riguardano. Se lo desiderate, vi diremo di quali dati si tratta, per quali scopi vengono trattati, a chi vengono comunicati, per quanto tempo vengono conservati e quali altri diritti avete in relazione a questi dati.<\/p>\n\n<h3 class=\"wp-block-heading\">9.4 Altri diritti<\/h3>\n\n<p>Inoltre, avete il diritto di correggere i dati errati o di farli cancellare. Se non vi \u00e8 alcun motivo per un&#8217;ulteriore conservazione, cancelleremo i vostri dati, altrimenti limiteremo il trattamento. L&#8217;utente pu\u00f2 inoltre richiedere che i dati personali che ci ha fornito vengano forniti in un formato strutturato, comunemente utilizzato e leggibile da una macchina, a lui o a una persona o societ\u00e0 di sua scelta.<\/p>\n\n<p>Inoltre, \u00e8 previsto il diritto di ricorso all&#8217;autorit\u00e0 di controllo della protezione dei dati competente (art. 77 GDPR in combinato disposto con il \u00a7 19 della legge federale tedesca sulla protezione dei dati (BDSG)).<\/p>\n\n<h3 class=\"wp-block-heading\">9.5 Esercitare i propri diritti<\/h3>\n\n<p>Per esercitare i propri diritti, \u00e8 possibile contattare il titolare del trattamento o il responsabile della protezione dei dati utilizzando i dati di contatto forniti. Inoltre, potete contattarci via e-mail: <a href=\"mailto:info@plixxent.com\">info@plixxent.com<\/a> o telefonare al numero <a href=\"tel:+4940357784600\" data-type=\"tel\" data-id=\"tel:+4940357784600\">+49 40357784600.<\/a><\/p>\n\n<p>Elaboreremo le vostre richieste tempestivamente e in conformit\u00e0 ai requisiti di legge e vi informeremo delle misure adottate.<\/p>\n\n<h2 class=\"wp-block-heading\">10. Esiste l&#8217;obbligo di fornire i propri dati personali?<\/h2>\n\n<p>Per avviare un rapporto commerciale, dovete fornirci i dati personali che sono necessari per l&#8217;attuazione del rapporto contrattuale o che dobbiamo raccogliere per obblighi di legge. Se non ci fornite questi dati, l&#8217;attuazione e l&#8217;elaborazione del rapporto contrattuale non \u00e8 possibile per noi.<\/p>\n\n<h2 class=\"wp-block-heading\">11. Modifiche a queste informazioni<\/h2>\n\n<p>In caso di cambiamenti significativi nelle finalit\u00e0 o nelle modalit\u00e0 di trattamento dei vostri dati personali, aggiorneremo tempestivamente queste informazioni e vi informeremo tempestivamente delle modifiche.<\/p>\n\n<p>Plixxent Holding GmbH<br\/>Gasstra\u00dfe 18, Casa 5<br\/>22761 Amburgo<br\/>Germania<br\/>E-mail: <a href=\"mailto:info@plixxent.com\" target=\"_blank\" rel=\"noreferrer noopener\">info@plixxent.com<\/a><\/p>\n\n<p>rappresentata dagli amministratori delegati Dr. J\u00f6rg Schottek, Nikolaus Michelsen, Carsten W\u00f6rner<\/p>\n","protected":false},"excerpt":{"rendered":"<p>Informazioni sul trattamento dei dati personali dei nostri clienti e delle parti interessate. Diligenza e trasparenza sono le basi per una collaborazione di fiducia con i nostri clienti. Pertanto, vi informiamo su come trattiamo i vostri dati e su come potete esercitare i vostri diritti, che vi spettano ai sensi del Regolamento generale sulla protezione [&hellip;]<\/p>\n","protected":false},"author":1,"featured_media":0,"parent":0,"menu_order":0,"comment_status":"closed","ping_status":"closed","template":"","meta":{"footnotes":""},"class_list":["post-5676","page","type-page","status-publish","hentry"],"yoast_head":"<!-- This site is optimized with the Yoast SEO plugin v27.4 - https:\/\/yoast.com\/product\/yoast-seo-wordpress\/ -->\n<title>Dichiarazione sulla privacy - PLIXXENT<\/title>\n<meta name=\"robots\" content=\"index, follow, max-snippet:-1, max-image-preview:large, max-video-preview:-1\" \/>\n<link rel=\"canonical\" href=\"https:\/\/plixxent.com\/it\/dichiarazione-sulla-privacy\/\" \/>\n<meta property=\"og:locale\" content=\"it_IT\" \/>\n<meta property=\"og:type\" content=\"article\" \/>\n<meta property=\"og:title\" content=\"Dichiarazione sulla privacy - PLIXXENT\" \/>\n<meta property=\"og:description\" content=\"Informazioni sul trattamento dei dati personali dei nostri clienti e delle parti interessate. Diligenza e trasparenza sono le basi per una collaborazione di fiducia con i nostri clienti. Pertanto, vi informiamo su come trattiamo i vostri dati e su come potete esercitare i vostri diritti, che vi spettano ai sensi del Regolamento generale sulla protezione [&hellip;]\" \/>\n<meta property=\"og:url\" content=\"https:\/\/plixxent.com\/it\/dichiarazione-sulla-privacy\/\" \/>\n<meta property=\"og:site_name\" content=\"PLIXXENT\" \/>\n<meta property=\"article:modified_time\" content=\"2024-03-04T11:54:34+00:00\" \/>\n<meta property=\"og:image\" content=\"https:\/\/plixxent.com\/wp-content\/uploads\/2024\/03\/plixxent_og.jpg\" \/>\n\t<meta property=\"og:image:width\" content=\"1200\" \/>\n\t<meta property=\"og:image:height\" content=\"675\" \/>\n\t<meta property=\"og:image:type\" content=\"image\/jpeg\" \/>\n<meta name=\"twitter:card\" content=\"summary_large_image\" \/>\n<meta name=\"twitter:label1\" content=\"Tempo di lettura stimato\" \/>\n\t<meta name=\"twitter:data1\" content=\"9 minuti\" \/>\n<script type=\"application\/ld+json\" class=\"yoast-schema-graph\">{\"@context\":\"https:\\\/\\\/schema.org\",\"@graph\":[{\"@type\":\"WebPage\",\"@id\":\"https:\\\/\\\/plixxent.com\\\/it\\\/dichiarazione-sulla-privacy\\\/\",\"url\":\"https:\\\/\\\/plixxent.com\\\/it\\\/dichiarazione-sulla-privacy\\\/\",\"name\":\"Dichiarazione sulla privacy - PLIXXENT\",\"isPartOf\":{\"@id\":\"https:\\\/\\\/plixxent.com\\\/it\\\/#website\"},\"datePublished\":\"2023-06-19T05:44:58+00:00\",\"dateModified\":\"2024-03-04T11:54:34+00:00\",\"breadcrumb\":{\"@id\":\"https:\\\/\\\/plixxent.com\\\/it\\\/dichiarazione-sulla-privacy\\\/#breadcrumb\"},\"inLanguage\":\"it-IT\",\"potentialAction\":[{\"@type\":\"ReadAction\",\"target\":[\"https:\\\/\\\/plixxent.com\\\/it\\\/dichiarazione-sulla-privacy\\\/\"]}]},{\"@type\":\"BreadcrumbList\",\"@id\":\"https:\\\/\\\/plixxent.com\\\/it\\\/dichiarazione-sulla-privacy\\\/#breadcrumb\",\"itemListElement\":[{\"@type\":\"ListItem\",\"position\":1,\"name\":\"Home\",\"item\":\"https:\\\/\\\/plixxent.com\\\/it\\\/casa\\\/\"},{\"@type\":\"ListItem\",\"position\":2,\"name\":\"Dichiarazione sulla privacy\"}]},{\"@type\":\"WebSite\",\"@id\":\"https:\\\/\\\/plixxent.com\\\/it\\\/#website\",\"url\":\"https:\\\/\\\/plixxent.com\\\/it\\\/\",\"name\":\"PLIXXENT\",\"description\":\"Providing innovative technologies based on polyurethanes\",\"potentialAction\":[{\"@type\":\"SearchAction\",\"target\":{\"@type\":\"EntryPoint\",\"urlTemplate\":\"https:\\\/\\\/plixxent.com\\\/it\\\/?s={search_term_string}\"},\"query-input\":{\"@type\":\"PropertyValueSpecification\",\"valueRequired\":true,\"valueName\":\"search_term_string\"}}],\"inLanguage\":\"it-IT\"}]}<\/script>\n<!-- \/ Yoast SEO plugin. -->","yoast_head_json":{"title":"Dichiarazione sulla privacy - PLIXXENT","robots":{"index":"index","follow":"follow","max-snippet":"max-snippet:-1","max-image-preview":"max-image-preview:large","max-video-preview":"max-video-preview:-1"},"canonical":"https:\/\/plixxent.com\/it\/dichiarazione-sulla-privacy\/","og_locale":"it_IT","og_type":"article","og_title":"Dichiarazione sulla privacy - PLIXXENT","og_description":"Informazioni sul trattamento dei dati personali dei nostri clienti e delle parti interessate. Diligenza e trasparenza sono le basi per una collaborazione di fiducia con i nostri clienti. Pertanto, vi informiamo su come trattiamo i vostri dati e su come potete esercitare i vostri diritti, che vi spettano ai sensi del Regolamento generale sulla protezione [&hellip;]","og_url":"https:\/\/plixxent.com\/it\/dichiarazione-sulla-privacy\/","og_site_name":"PLIXXENT","article_modified_time":"2024-03-04T11:54:34+00:00","og_image":[{"width":1200,"height":675,"url":"https:\/\/plixxent.com\/wp-content\/uploads\/2024\/03\/plixxent_og.jpg","type":"image\/jpeg"}],"twitter_card":"summary_large_image","twitter_misc":{"Tempo di lettura stimato":"9 minuti"},"schema":{"@context":"https:\/\/schema.org","@graph":[{"@type":"WebPage","@id":"https:\/\/plixxent.com\/it\/dichiarazione-sulla-privacy\/","url":"https:\/\/plixxent.com\/it\/dichiarazione-sulla-privacy\/","name":"Dichiarazione sulla privacy - PLIXXENT","isPartOf":{"@id":"https:\/\/plixxent.com\/it\/#website"},"datePublished":"2023-06-19T05:44:58+00:00","dateModified":"2024-03-04T11:54:34+00:00","breadcrumb":{"@id":"https:\/\/plixxent.com\/it\/dichiarazione-sulla-privacy\/#breadcrumb"},"inLanguage":"it-IT","potentialAction":[{"@type":"ReadAction","target":["https:\/\/plixxent.com\/it\/dichiarazione-sulla-privacy\/"]}]},{"@type":"BreadcrumbList","@id":"https:\/\/plixxent.com\/it\/dichiarazione-sulla-privacy\/#breadcrumb","itemListElement":[{"@type":"ListItem","position":1,"name":"Home","item":"https:\/\/plixxent.com\/it\/casa\/"},{"@type":"ListItem","position":2,"name":"Dichiarazione sulla privacy"}]},{"@type":"WebSite","@id":"https:\/\/plixxent.com\/it\/#website","url":"https:\/\/plixxent.com\/it\/","name":"PLIXXENT","description":"Providing innovative technologies based on polyurethanes","potentialAction":[{"@type":"SearchAction","target":{"@type":"EntryPoint","urlTemplate":"https:\/\/plixxent.com\/it\/?s={search_term_string}"},"query-input":{"@type":"PropertyValueSpecification","valueRequired":true,"valueName":"search_term_string"}}],"inLanguage":"it-IT"}]}},"_links":{"self":[{"href":"https:\/\/plixxent.com\/it\/wp-json\/wp\/v2\/pages\/5676","targetHints":{"allow":["GET"]}}],"collection":[{"href":"https:\/\/plixxent.com\/it\/wp-json\/wp\/v2\/pages"}],"about":[{"href":"https:\/\/plixxent.com\/it\/wp-json\/wp\/v2\/types\/page"}],"author":[{"embeddable":true,"href":"https:\/\/plixxent.com\/it\/wp-json\/wp\/v2\/users\/1"}],"replies":[{"embeddable":true,"href":"https:\/\/plixxent.com\/it\/wp-json\/wp\/v2\/comments?post=5676"}],"version-history":[{"count":2,"href":"https:\/\/plixxent.com\/it\/wp-json\/wp\/v2\/pages\/5676\/revisions"}],"predecessor-version":[{"id":57916,"href":"https:\/\/plixxent.com\/it\/wp-json\/wp\/v2\/pages\/5676\/revisions\/57916"}],"wp:attachment":[{"href":"https:\/\/plixxent.com\/it\/wp-json\/wp\/v2\/media?parent=5676"}],"curies":[{"name":"wp","href":"https:\/\/api.w.org\/{rel}","templated":true}]}}