{"id":60434,"date":"2023-06-19T07:44:58","date_gmt":"2023-06-19T05:44:58","guid":{"rendered":"https:\/\/plixxent.com\/declaration-de-confidentialite\/"},"modified":"2024-12-06T14:33:04","modified_gmt":"2024-12-06T13:33:04","slug":"declaration-de-confidentialite","status":"publish","type":"page","link":"https:\/\/plixxent.com\/fr\/declaration-de-confidentialite\/","title":{"rendered":"D\u00e9claration de confidentialit\u00e9"},"content":{"rendered":"\n<p>Informations sur le traitement des donn\u00e9es personnelles de nos clients et des parties int\u00e9ress\u00e9es.<\/p>\n\n<p>La diligence et la transparence sont la base d&rsquo;une coop\u00e9ration de confiance avec nos clients. C&rsquo;est pourquoi nous vous informons de la mani\u00e8re dont nous traitons vos donn\u00e9es et de la fa\u00e7on dont vous pouvez exercer vos droits, auxquels vous avez droit en vertu du r\u00e8glement g\u00e9n\u00e9ral sur la protection des donn\u00e9es (RGPD) et d&rsquo;autres lois pertinentes sur la protection des donn\u00e9es. Les donn\u00e9es \u00e0 caract\u00e8re personnel que nous traitons et dans quel but d\u00e9pendent de la relation contractuelle respective.  <\/p>\n\n<h2 class=\"wp-block-heading\">1. Qui est responsable du traitement des donn\u00e9es ?<\/h2>\n\n<p>Personne responsable :<\/p>\n\n<p>PLIXXENT Holding GmbH<br\/>Gasstra\u00dfe 18, House 5<br\/>22761 Hamburg<br\/>Germany<br\/>Phone : +49 40357784600<br\/>E-mail : <a href=\"mailto:info@plixxent.com\">info@plixxent.com<\/a><\/p>\n\n<p>repr\u00e9sent\u00e9e par la direction.<\/p>\n\n<h2 class=\"wp-block-heading\">2. Comment joindre le d\u00e9l\u00e9gu\u00e9 \u00e0 la protection des donn\u00e9es ?<\/h2>\n\n<p>Vous pouvez contacter notre responsable de la protection des donn\u00e9es \u00e0 l&rsquo;adresse suivante :<br\/>Christopher Schewior<br\/>intersoft consulting services AG<br\/>Beim Strohhause 17<br\/>20097 Hamburg<br\/>Germany<br\/>Email : <a href=\"mailto:DSB-Plixxent@intersoft-consulting.de\">DSB-Plixxent@intersoft-consulting.de<\/a><\/p>\n\n<h2 class=\"wp-block-heading\">3. Quelles sont les donn\u00e9es personnelles vous concernant que nous utilisons ?<\/h2>\n\n<p>Nous traitons vos donn\u00e9es \u00e0 caract\u00e8re personnel si vous nous demandez des renseignements, si vous nous demandez de pr\u00e9parer une offre ou si vous concluez un contrat avec nous. En outre, nous traitons \u00e9galement vos donn\u00e9es \u00e0 caract\u00e8re personnel, entre autres, pour remplir des obligations l\u00e9gales, pour prot\u00e9ger un int\u00e9r\u00eat l\u00e9gitime ou sur la base d&rsquo;un consentement que vous avez accord\u00e9. <\/p>\n\n<p>En fonction de la base juridique, il s&rsquo;agit des cat\u00e9gories suivantes de donn\u00e9es \u00e0 caract\u00e8re personnel :<\/p>\n\n<ul class=\"wp-block-list\">\n<li>Pr\u00e9nom, nom<\/li>\n\n\n\n<li>Adresse<\/li>\n\n\n\n<li>Donn\u00e9es de communication (t\u00e9l\u00e9phone, adresse \u00e9lectronique, num\u00e9ro de fax)<\/li>\n\n\n\n<li>Date de naissance<\/li>\n\n\n\n<li>Nationalit\u00e9<\/li>\n\n\n\n<li>Donn\u00e9es de base du contrat, en particulier le num\u00e9ro du contrat, la dur\u00e9e, le d\u00e9lai de pr\u00e9avis, le type de contrat, etc.<\/li>\n\n\n\n<li>contrat<\/li>\n\n\n\n<li>Donn\u00e9es organisationnelles (par exemple, soci\u00e9t\u00e9, entreprise\/organisation, titre du poste),<\/li>\n\n\n\n<li>position, fonction)<\/li>\n\n\n\n<li>Donn\u00e9es de facturation\/donn\u00e9es de vente<\/li>\n\n\n\n<li>Donn\u00e9es sur la solvabilit\u00e9<\/li>\n\n\n\n<li>Donn\u00e9es de paiement\/informations sur le compte<\/li>\n\n\n\n<li>Informations sur le compte, en particulier l&rsquo;enregistrement et les connexions (ID utilisateur)<\/li>\n\n\n\n<li>Enregistrement de vid\u00e9os ou d&rsquo;images<\/li>\n\n\n\n<li>CCTV.<\/li>\n<\/ul>\n\n<p>Dans le cadre de l&rsquo;ex\u00e9cution d&rsquo;un contrat, nous utilisons \u00e9galement des donn\u00e9es mises \u00e0 notre disposition par des tiers. Selon le type de contrat, il s&rsquo;agit des cat\u00e9gories de donn\u00e9es \u00e0 caract\u00e8re personnel suivantes : <\/p>\n\n<ul class=\"wp-block-list\">\n<li>Informations sur la solvabilit\u00e9 (via les agences de cr\u00e9dit).<\/li>\n<\/ul>\n\n<h2 class=\"wp-block-heading\">4. Quelles sont les sources des donn\u00e9es ?<\/h2>\n\n<p>Nous traitons les donn\u00e9es personnelles que nous recevons de nos clients ou des parties int\u00e9ress\u00e9es.<\/p>\n\n<p>Nous recevons \u00e9galement des donn\u00e9es personnelles des entit\u00e9s suivantes :<\/p>\n\n<ul class=\"wp-block-list\">\n<li>Bureaux de cr\u00e9dit<\/li>\n\n\n\n<li>Sources accessibles au public : registres du commerce ou des associations, registres des d\u00e9biteurs, registres fonciers.<\/li>\n\n\n\n<li>registres.<\/li>\n\n\n\n<li>Autres soci\u00e9t\u00e9s du groupe.<\/li>\n<\/ul>\n\n<h2 class=\"wp-block-heading\">5. \u00c0 quelles fins traitons-nous vos donn\u00e9es et sur quelle base juridique ?<\/h2>\n\n<p>Nous traitons vos donn\u00e9es personnelles en particulier dans le respect du r\u00e8glement g\u00e9n\u00e9ral sur la protection des donn\u00e9es (RGPD) et de la loi f\u00e9d\u00e9rale allemande sur la protection des donn\u00e9es (BDSG) ainsi que de toutes les autres lois applicables.<\/p>\n\n<h3 class=\"wp-block-heading\">5.1 Sur la base de votre consentement (article 6, paragraphe 1, point a), du RGPD)<\/h3>\n\n<p>Si vous nous avez donn\u00e9 votre consentement volontaire \u00e0 la collecte, au traitement ou \u00e0 la transmission de certaines donn\u00e9es \u00e0 caract\u00e8re personnel, ce consentement constitue la base juridique du traitement de ces donn\u00e9es. Dans les cas suivants, nous traitons vos donn\u00e9es \u00e0 caract\u00e8re personnel sur la base du consentement que vous nous avez donn\u00e9 : <\/p>\n\n<ul class=\"wp-block-list\">\n<li>Envoi d&rsquo;une lettre d&rsquo;information par courrier \u00e9lectronique<\/li>\n\n\n\n<li>Suivi de la lettre d&rsquo;information personnalis\u00e9e<\/li>\n\n\n\n<li>\u00c9tudes de march\u00e9 (par exemple, enqu\u00eates de satisfaction de la client\u00e8le)<\/li>\n\n\n\n<li>Marketing et publicit\u00e9 &#8211; \u00e9tablir des profils de clients<\/li>\n\n\n\n<li>Publication d&rsquo;une r\u00e9f\u00e9rence client (nom et photo).<\/li>\n<\/ul>\n\n<h3 class=\"wp-block-heading\">5.2 Pour l&rsquo;ex\u00e9cution d&rsquo;un contrat (Art. 6 para. 1 b GDPR)<\/h3>\n\n<p>Nous utilisons vos donn\u00e9es personnelles pour l&rsquo;ex\u00e9cution du contrat d&rsquo;achat.<\/p>\n\n<p>Dans le cadre de cette relation contractuelle, nous traiterons vos donn\u00e9es en particulier pour mener \u00e0 bien les activit\u00e9s suivantes :<\/p>\n\n<ul class=\"wp-block-list\">\n<li>Contact li\u00e9 au contrat<\/li>\n\n\n\n<li>Gestion des contrats<\/li>\n\n\n\n<li>Soutien continu \u00e0 la client\u00e8le<\/li>\n\n\n\n<li>Centre de service\/support \u00e0 la client\u00e8le<\/li>\n\n\n\n<li>Exercice des droits de garantie<\/li>\n\n\n\n<li>Gestion des cr\u00e9ances<\/li>\n\n\n\n<li>Gestion de la r\u00e9siliation des contrats.<\/li>\n<\/ul>\n\n<p>Vous trouverez des informations plus d\u00e9taill\u00e9es sur les finalit\u00e9s du traitement des donn\u00e9es dans les documents contractuels et les conditions g\u00e9n\u00e9rales respectifs.<\/p>\n\n<h3 class=\"wp-block-heading\">5.3 Pour le respect des obligations l\u00e9gales (article 6, paragraphe 1, point c), du RGPD)<\/h3>\n\n<p>En tant qu&rsquo;entreprise, nous sommes soumis \u00e0 diverses obligations l\u00e9gales. Afin de remplir ces obligations, le traitement de donn\u00e9es \u00e0 caract\u00e8re personnel peut \u00eatre n\u00e9cessaire. <\/p>\n\n<p>Obligations de contr\u00f4le et d&rsquo;information<br\/>V\u00e9rification de la solvabilit\u00e9, de l&rsquo;\u00e2ge et de l&rsquo;identit\u00e9<br\/>Pr\u00e9vention\/d\u00e9fense contre les actes criminels.<\/p>\n\n<h3 class=\"wp-block-heading\">5.4 Sur la base d&rsquo;un int\u00e9r\u00eat l\u00e9gitime (article 6, paragraphe 1, point f) du RGPD)<\/h3>\n\n<p>Dans certains cas, nous traitons vos donn\u00e9es pour prot\u00e9ger nos int\u00e9r\u00eats l\u00e9gitimes ou ceux d&rsquo;un tiers.<\/p>\n\n<ul class=\"wp-block-list\">\n<li>Publicit\u00e9 directe ou \u00e9tudes de march\u00e9 et d&rsquo;opinion<\/li>\n\n\n\n<li>Gestion centralis\u00e9e des donn\u00e9es clients au sein du groupe<\/li>\n\n\n\n<li>Mesures pour la s\u00e9curit\u00e9 des b\u00e2timents et des installations<\/li>\n\n\n\n<li>Vid\u00e9osurveillance pour la pr\u00e9servation du droit de propri\u00e9t\u00e9<\/li>\n\n\n\n<li>Consultation et \u00e9change de donn\u00e9es avec les agences de cr\u00e9dit pour d\u00e9terminer la solvabilit\u00e9 ou les risques de d\u00e9faillance<\/li>\n\n\n\n<li>Garantir la s\u00e9curit\u00e9 et les op\u00e9rations informatiques.<\/li>\n<\/ul>\n\n<h2 class=\"wp-block-heading\">6. Avec qui vos donn\u00e9es seront-elles partag\u00e9es ?<\/h2>\n\n<p>Afin de remplir nos obligations contractuelles et l\u00e9gales, vos donn\u00e9es personnelles seront divulgu\u00e9es \u00e0 divers organismes publics ou internes, ainsi qu&rsquo;\u00e0 des prestataires de services externes.<\/p>\n\n<p><strong>Soci\u00e9t\u00e9s du groupe :<\/strong><\/p>\n\n<p>PLIXXENT GmbH &amp; Co KG<br\/>Mittelkamp 112<br\/>26125 Oldenburg<br\/>Allemagne<\/p>\n\n<p>PLIXXENT A\/S<br\/>Kronborgvej 24<br\/>5450 Otterup<br\/>Danemark<\/p>\n\n<p>PLIXXENT B.V.<br\/>Korte Groningerweg 1 a<br\/>9607 PS Foxhol<br\/>Pays-Bas<\/p>\n\n<p>PLIXXENT S.L.<br\/>Poligono Quimico Sur<br\/>Ctra. Vilaseca-La Pineda,<br\/>s\/n PO Box 83,<br\/>43110 La Canonja #<br\/>Tarragona<br\/>Espagne <\/p>\n\n<p>Polytech Liquid Polymers Limited<br\/>Long Ln<br\/>Pott Shrigley,<br\/>Bollington, Macclesfield SK10 5SD,<br\/>Royaume-Uni<\/p>\n\n<p>PLIXXENT S.r.l<br\/>Via Massari Marzoli, 5<br\/>21052 Busto Arsizio (Va)<br\/>Italie<\/p>\n\n<p><strong>Prestataires de services externes :<\/strong><\/p>\n\n<p>Nous travaillons avec des prestataires de services externes s\u00e9lectionn\u00e9s pour remplir nos obligations contractuelles et l\u00e9gales.<\/p>\n\n<ul class=\"wp-block-list\">\n<li>Fournisseurs de services informatiques (par exemple, fournisseurs de services de maintenance, fournisseurs de services d&rsquo;h\u00e9bergement)<\/li>\n\n\n\n<li>Fournisseurs de services pour la destruction de fichiers et de donn\u00e9es<\/li>\n\n\n\n<li>Services d&rsquo;impression<\/li>\n\n\n\n<li>T\u00e9l\u00e9communications<\/li>\n\n\n\n<li>Prestataires de services de paiement<\/li>\n\n\n\n<li>Conseils et consultations<\/li>\n\n\n\n<li>Prestataires de services pour le marketing ou les ventes<\/li>\n\n\n\n<li>Bureaux de cr\u00e9dit<\/li>\n\n\n\n<li>Distributeurs agr\u00e9\u00e9s<\/li>\n\n\n\n<li>Prestataires de services pour l&rsquo;assistance t\u00e9l\u00e9phonique (centre d&rsquo;appel)<\/li>\n\n\n\n<li>Fournisseurs de services d&rsquo;h\u00e9bergement web<\/li>\n\n\n\n<li>Magasins de correspondance<\/li>\n\n\n\n<li>Auditeurs.<\/li>\n<\/ul>\n\n<p><strong>Organismes publics :<\/strong><\/p>\n\n<p>En outre, nous pouvons \u00eatre tenus de divulguer vos donn\u00e9es \u00e0 caract\u00e8re personnel \u00e0 d&rsquo;autres destinataires, tels que les autorit\u00e9s publiques, afin de nous conformer aux exigences l\u00e9gales en mati\u00e8re de notification.<\/p>\n\n<ul class=\"wp-block-list\">\n<li>Autorit\u00e9s financi\u00e8res<\/li>\n\n\n\n<li>Douanes<\/li>\n\n\n\n<li>Agence de s\u00e9curit\u00e9 sociale.<\/li>\n<\/ul>\n\n<p>Si vous avez d&rsquo;autres questions concernant les destinataires individuels, veuillez nous contacter \u00e0 l&rsquo;adresse suivante : info@plixxent.com<\/p>\n\n<h2 class=\"wp-block-heading\">7. Vos donn\u00e9es sont-elles transf\u00e9r\u00e9es vers des pays ext\u00e9rieurs \u00e0 l&rsquo;Union europ\u00e9enne (pays tiers) ?<\/h2>\n\n<p>Un transfert vers un pays tiers n&rsquo;est pas pr\u00e9vu.<\/p>\n\n<h2 class=\"wp-block-heading\">8. Combien de temps mes donn\u00e9es seront-elles conserv\u00e9es ?<\/h2>\n\n<p>Nous conservons vos donn\u00e9es personnelles aussi longtemps que n\u00e9cessaire pour remplir nos obligations l\u00e9gales et contractuelles.<br\/>Si la conservation des donn\u00e9es n&rsquo;est plus n\u00e9cessaire pour remplir les obligations contractuelles ou l\u00e9gales, vos donn\u00e9es seront supprim\u00e9es, \u00e0 moins que leur traitement ult\u00e9rieur ne soit n\u00e9cessaire aux fins suivantes :<\/p>\n\n<ul class=\"wp-block-list\">\n<li>Respect des obligations de conservation en vertu du droit commercial et fiscal. Il s&rsquo;agit notamment des p\u00e9riodes de conservation pr\u00e9vues par le code de commerce allemand (HGB) ou le code fiscal allemand (AO). Les p\u00e9riodes de conservation peuvent aller jusqu&rsquo;\u00e0 10 ans.  <\/li>\n\n\n\n<li>Conservation des preuves dans le cadre des dispositions l\u00e9gales de prescription. Selon les lois de prescription du code civil allemand (BGB), ces d\u00e9lais de prescription peuvent aller jusqu&rsquo;\u00e0 30 ans dans certains cas ; le d\u00e9lai de prescription normal est de trois ans. <\/li>\n<\/ul>\n\n<h2 class=\"wp-block-heading\">9. Quels sont vos droits concernant le traitement de vos donn\u00e9es ?<\/h2>\n\n<p>Chaque personne concern\u00e9e a le droit \u00e0 l&rsquo;information en vertu de l&rsquo;article 15 du GDPR, le droit \u00e0 la rectification en vertu de l&rsquo;article 16 du GDPR, le droit \u00e0 l&rsquo;effacement en vertu de l&rsquo;article 17 du GDPR, le droit \u00e0 la limitation du traitement en vertu de l&rsquo;article 18 du GDPR, le droit d&rsquo;opposition en vertu de l&rsquo;article 21 du GDPR et le droit \u00e0 la portabilit\u00e9 des donn\u00e9es en vertu de l&rsquo;article 20 du GDPR. En ce qui concerne le droit \u00e0 l&rsquo;information et le droit \u00e0 l&rsquo;effacement, les restrictions pr\u00e9vues aux articles 34 et 35 de la loi f\u00e9d\u00e9rale allemande sur la protection des donn\u00e9es (BDSG) s&rsquo;appliquent. <\/p>\n\n<h3 class=\"wp-block-heading\">9.1 Droit d&rsquo;opposition<\/h3>\n\n<p>Vous pouvez vous opposer \u00e0 tout moment \u00e0 l&rsquo;utilisation de vos donn\u00e9es \u00e0 des fins publicitaires par le biais du courrier \u00e9lectronique, sans que cela n&rsquo;entra\u00eene d&rsquo;autres frais que les frais de transmission selon les tarifs de base.<\/p>\n\n<p><strong>De quel droit disposez-vous en cas de traitement de donn\u00e9es fond\u00e9 sur votre int\u00e9r\u00eat l\u00e9gitime ou public ?<\/strong><\/p>\n\n<p>Conform\u00e9ment \u00e0 l&rsquo;art. 21 (1) GDPR, vous avez le droit de vous opposer \u00e0 tout moment au traitement des donn\u00e9es \u00e0 caract\u00e8re personnel vous concernant sur la base de l&rsquo;Art. 6 (1) e GDPR (traitement de donn\u00e9es dans l&rsquo;int\u00e9r\u00eat public) ou sur la base de l&rsquo;Art. 6 (1) f GDPR (traitement de donn\u00e9es pour la protection d&rsquo;un int\u00e9r\u00eat l\u00e9gitime) pour des raisons d\u00e9coulant de votre situation particuli\u00e8re ; ceci s&rsquo;applique \u00e9galement au profilage bas\u00e9 sur cette disposition.<\/p>\n\n<p>En cas d&rsquo;objection de votre part, nous ne traiterons plus vos donn\u00e9es \u00e0 caract\u00e8re personnel, \u00e0 moins que nous puissions d\u00e9montrer des motifs l\u00e9gitimes imp\u00e9rieux pour le traitement qui l&#8217;emportent sur vos int\u00e9r\u00eats, droits et libert\u00e9s, ou que le traitement serve \u00e0 faire valoir, \u00e0 exercer ou \u00e0 d\u00e9fendre des droits l\u00e9gaux.<\/p>\n\n<p><strong>De quels droits disposez-vous en cas de traitement des donn\u00e9es \u00e0 des fins de marketing direct ?<\/strong><\/p>\n\n<p>Si nous traitons vos donn\u00e9es personnelles \u00e0 des fins de marketing direct, vous avez le droit de vous opposer \u00e0 tout moment au traitement des donn\u00e9es personnelles vous concernant \u00e0 des fins de marketing direct conform\u00e9ment \u00e0 l&rsquo;article 21, paragraphe 2, du RGPD. 21 (2) GDPR ; ceci s&rsquo;applique \u00e9galement au profilage dans la mesure o\u00f9 il est li\u00e9 \u00e0 ce marketing direct. Si vous vous opposez au traitement \u00e0 des fins de marketing direct, nous ne traiterons plus vos donn\u00e9es \u00e0 caract\u00e8re personnel \u00e0 ces fins. <\/p>\n\n<h3 class=\"wp-block-heading\">9.2 R\u00e9vocation du consentement<\/h3>\n\n<p>Vous pouvez \u00e0 tout moment r\u00e9voquer votre consentement au traitement des donn\u00e9es \u00e0 caract\u00e8re personnel. Veuillez noter que la r\u00e9vocation n&rsquo;est effective que pour l&rsquo;avenir. <\/p>\n\n<h3 class=\"wp-block-heading\">9.3 Droit \u00e0 l&rsquo;information<\/h3>\n\n<p>Vous pouvez demander \u00e0 savoir si nous avons stock\u00e9 des donn\u00e9es \u00e0 caract\u00e8re personnel vous concernant. Si vous le souhaitez, nous vous indiquerons de quelles donn\u00e9es il s&rsquo;agit, \u00e0 quelles fins elles sont trait\u00e9es, \u00e0 qui elles sont communiqu\u00e9es, pendant combien de temps elles sont conserv\u00e9es et quels sont les autres droits dont vous disposez \u00e0 l&rsquo;\u00e9gard de ces donn\u00e9es. <\/p>\n\n<h3 class=\"wp-block-heading\">9.4 Autres droits<\/h3>\n\n<p>En outre, vous avez le droit de corriger les donn\u00e9es incorrectes ou de faire effacer vos donn\u00e9es. S&rsquo;il n&rsquo;y a plus de raison de conserver vos donn\u00e9es, nous les effacerons, sinon nous en limiterons le traitement. Vous pouvez \u00e9galement nous demander de vous fournir, ou de fournir \u00e0 une personne ou une soci\u00e9t\u00e9 de votre choix, toutes les donn\u00e9es \u00e0 caract\u00e8re personnel que vous nous avez fournies dans un format structur\u00e9, couramment utilis\u00e9 et lisible par machine.  <\/p>\n\n<p>En outre, il existe un droit de recours aupr\u00e8s de l&rsquo;autorit\u00e9 de contr\u00f4le comp\u00e9tente en mati\u00e8re de protection des donn\u00e9es (article 77 du RGPD en liaison avec l&rsquo;article 19 de la loi f\u00e9d\u00e9rale allemande sur la protection des donn\u00e9es (BDSG)). <\/p>\n\n<h3 class=\"wp-block-heading\">9.5 Exercice de vos droits<\/h3>\n\n<p>Pour exercer vos droits, vous pouvez contacter le responsable du traitement des donn\u00e9es ou le d\u00e9l\u00e9gu\u00e9 \u00e0 la protection des donn\u00e9es en utilisant les coordonn\u00e9es fournies. En outre, vous pouvez nous contacter par e-mail : <a href=\"mailto:info@plixxent.com\">info@plixxent.com<\/a> ou appeler le num\u00e9ro de t\u00e9l\u00e9phone suivant <a href=\"tel:+4940357784600\" data-type=\"tel\" data-id=\"tel:+4940357784600\">+49 40357784600.<\/a> <\/p>\n\n<p>Nous traiterons vos demandes rapidement et conform\u00e9ment aux exigences l\u00e9gales et nous vous informerons des mesures que nous avons prises.<\/p>\n\n<h2 class=\"wp-block-heading\">10. Y a-t-il une obligation de fournir vos donn\u00e9es personnelles ?<\/h2>\n\n<p>Afin d&rsquo;\u00e9tablir une relation commerciale, vous devez nous fournir les donn\u00e9es personnelles qui sont n\u00e9cessaires \u00e0 la mise en \u0153uvre de la relation contractuelle ou que nous devons collecter en raison d&rsquo;exigences l\u00e9gales. Si vous ne nous fournissez pas ces donn\u00e9es, la mise en \u0153uvre et le traitement de la relation contractuelle ne nous sont pas possibles. <\/p>\n\n<h2 class=\"wp-block-heading\">11. Modifications de ces informations<\/h2>\n\n<p>En cas de modification importante de la finalit\u00e9 ou du mode de traitement de vos donn\u00e9es \u00e0 caract\u00e8re personnel, nous mettrons \u00e0 jour ces informations en temps utile et vous informerons des changements en temps utile.<\/p>\n\n<p>Plixxent Holding GmbH<br\/>Gasstra\u00dfe 18, House 5<br\/>22761 Hamburg<br\/>Allemagne<br\/>E-mail : <a href=\"mailto:info@plixxent.com\" target=\"_blank\" rel=\"noreferrer noopener\">info@plixxent.com<\/a><\/p>\n\n<p>repr\u00e9sent\u00e9 par les directeurs g\u00e9n\u00e9raux J\u00f6rg Schottek, Nikolaus Michelsen, Carsten W\u00f6rner<\/p>\n","protected":false},"excerpt":{"rendered":"<p>Informations sur le traitement des donn\u00e9es personnelles de nos clients et des parties int\u00e9ress\u00e9es. La diligence et la transparence sont la base d&rsquo;une coop\u00e9ration de confiance avec nos clients. C&rsquo;est pourquoi nous vous informons de la mani\u00e8re dont nous traitons vos donn\u00e9es et de la fa\u00e7on dont vous pouvez exercer vos droits, auxquels vous avez [&hellip;]<\/p>\n","protected":false},"author":1,"featured_media":0,"parent":0,"menu_order":0,"comment_status":"closed","ping_status":"closed","template":"","meta":{"footnotes":""},"class_list":["post-60434","page","type-page","status-publish","hentry"],"yoast_head":"<!-- This site is optimized with the Yoast SEO plugin v27.4 - https:\/\/yoast.com\/product\/yoast-seo-wordpress\/ -->\n<title>D\u00e9claration de confidentialit\u00e9 - PLIXXENT<\/title>\n<meta name=\"robots\" content=\"index, follow, max-snippet:-1, max-image-preview:large, max-video-preview:-1\" \/>\n<link rel=\"canonical\" href=\"https:\/\/plixxent.com\/fr\/declaration-de-confidentialite\/\" \/>\n<meta property=\"og:locale\" content=\"fr_FR\" \/>\n<meta property=\"og:type\" content=\"article\" \/>\n<meta property=\"og:title\" content=\"D\u00e9claration de confidentialit\u00e9 - PLIXXENT\" \/>\n<meta property=\"og:description\" content=\"Informations sur le traitement des donn\u00e9es personnelles de nos clients et des parties int\u00e9ress\u00e9es. La diligence et la transparence sont la base d&rsquo;une coop\u00e9ration de confiance avec nos clients. C&rsquo;est pourquoi nous vous informons de la mani\u00e8re dont nous traitons vos donn\u00e9es et de la fa\u00e7on dont vous pouvez exercer vos droits, auxquels vous avez [&hellip;]\" \/>\n<meta property=\"og:url\" content=\"https:\/\/plixxent.com\/fr\/declaration-de-confidentialite\/\" \/>\n<meta property=\"og:site_name\" content=\"PLIXXENT\" \/>\n<meta property=\"article:modified_time\" content=\"2024-12-06T13:33:04+00:00\" \/>\n<meta property=\"og:image\" content=\"https:\/\/plixxent.com\/wp-content\/uploads\/2024\/03\/plixxent_og.jpg\" \/>\n\t<meta property=\"og:image:width\" content=\"1200\" \/>\n\t<meta property=\"og:image:height\" content=\"675\" \/>\n\t<meta property=\"og:image:type\" content=\"image\/jpeg\" \/>\n<meta name=\"twitter:card\" content=\"summary_large_image\" \/>\n<meta name=\"twitter:label1\" content=\"Dur\u00e9e de lecture estim\u00e9e\" \/>\n\t<meta name=\"twitter:data1\" content=\"11 minutes\" \/>\n<script type=\"application\/ld+json\" class=\"yoast-schema-graph\">{\"@context\":\"https:\\\/\\\/schema.org\",\"@graph\":[{\"@type\":\"WebPage\",\"@id\":\"https:\\\/\\\/plixxent.com\\\/fr\\\/declaration-de-confidentialite\\\/\",\"url\":\"https:\\\/\\\/plixxent.com\\\/fr\\\/declaration-de-confidentialite\\\/\",\"name\":\"D\u00e9claration de confidentialit\u00e9 - PLIXXENT\",\"isPartOf\":{\"@id\":\"https:\\\/\\\/plixxent.com\\\/fr\\\/#website\"},\"datePublished\":\"2023-06-19T05:44:58+00:00\",\"dateModified\":\"2024-12-06T13:33:04+00:00\",\"breadcrumb\":{\"@id\":\"https:\\\/\\\/plixxent.com\\\/fr\\\/declaration-de-confidentialite\\\/#breadcrumb\"},\"inLanguage\":\"fr-FR\",\"potentialAction\":[{\"@type\":\"ReadAction\",\"target\":[\"https:\\\/\\\/plixxent.com\\\/fr\\\/declaration-de-confidentialite\\\/\"]}]},{\"@type\":\"BreadcrumbList\",\"@id\":\"https:\\\/\\\/plixxent.com\\\/fr\\\/declaration-de-confidentialite\\\/#breadcrumb\",\"itemListElement\":[{\"@type\":\"ListItem\",\"position\":1,\"name\":\"Home\",\"item\":\"https:\\\/\\\/plixxent.com\\\/fr\\\/accueil\\\/\"},{\"@type\":\"ListItem\",\"position\":2,\"name\":\"D\u00e9claration de confidentialit\u00e9\"}]},{\"@type\":\"WebSite\",\"@id\":\"https:\\\/\\\/plixxent.com\\\/fr\\\/#website\",\"url\":\"https:\\\/\\\/plixxent.com\\\/fr\\\/\",\"name\":\"PLIXXENT\",\"description\":\"Providing innovative technologies based on polyurethanes\",\"potentialAction\":[{\"@type\":\"SearchAction\",\"target\":{\"@type\":\"EntryPoint\",\"urlTemplate\":\"https:\\\/\\\/plixxent.com\\\/fr\\\/?s={search_term_string}\"},\"query-input\":{\"@type\":\"PropertyValueSpecification\",\"valueRequired\":true,\"valueName\":\"search_term_string\"}}],\"inLanguage\":\"fr-FR\"}]}<\/script>\n<!-- \/ Yoast SEO plugin. -->","yoast_head_json":{"title":"D\u00e9claration de confidentialit\u00e9 - PLIXXENT","robots":{"index":"index","follow":"follow","max-snippet":"max-snippet:-1","max-image-preview":"max-image-preview:large","max-video-preview":"max-video-preview:-1"},"canonical":"https:\/\/plixxent.com\/fr\/declaration-de-confidentialite\/","og_locale":"fr_FR","og_type":"article","og_title":"D\u00e9claration de confidentialit\u00e9 - PLIXXENT","og_description":"Informations sur le traitement des donn\u00e9es personnelles de nos clients et des parties int\u00e9ress\u00e9es. La diligence et la transparence sont la base d&rsquo;une coop\u00e9ration de confiance avec nos clients. C&rsquo;est pourquoi nous vous informons de la mani\u00e8re dont nous traitons vos donn\u00e9es et de la fa\u00e7on dont vous pouvez exercer vos droits, auxquels vous avez [&hellip;]","og_url":"https:\/\/plixxent.com\/fr\/declaration-de-confidentialite\/","og_site_name":"PLIXXENT","article_modified_time":"2024-12-06T13:33:04+00:00","og_image":[{"width":1200,"height":675,"url":"https:\/\/plixxent.com\/wp-content\/uploads\/2024\/03\/plixxent_og.jpg","type":"image\/jpeg"}],"twitter_card":"summary_large_image","twitter_misc":{"Dur\u00e9e de lecture estim\u00e9e":"11 minutes"},"schema":{"@context":"https:\/\/schema.org","@graph":[{"@type":"WebPage","@id":"https:\/\/plixxent.com\/fr\/declaration-de-confidentialite\/","url":"https:\/\/plixxent.com\/fr\/declaration-de-confidentialite\/","name":"D\u00e9claration de confidentialit\u00e9 - PLIXXENT","isPartOf":{"@id":"https:\/\/plixxent.com\/fr\/#website"},"datePublished":"2023-06-19T05:44:58+00:00","dateModified":"2024-12-06T13:33:04+00:00","breadcrumb":{"@id":"https:\/\/plixxent.com\/fr\/declaration-de-confidentialite\/#breadcrumb"},"inLanguage":"fr-FR","potentialAction":[{"@type":"ReadAction","target":["https:\/\/plixxent.com\/fr\/declaration-de-confidentialite\/"]}]},{"@type":"BreadcrumbList","@id":"https:\/\/plixxent.com\/fr\/declaration-de-confidentialite\/#breadcrumb","itemListElement":[{"@type":"ListItem","position":1,"name":"Home","item":"https:\/\/plixxent.com\/fr\/accueil\/"},{"@type":"ListItem","position":2,"name":"D\u00e9claration de confidentialit\u00e9"}]},{"@type":"WebSite","@id":"https:\/\/plixxent.com\/fr\/#website","url":"https:\/\/plixxent.com\/fr\/","name":"PLIXXENT","description":"Providing innovative technologies based on polyurethanes","potentialAction":[{"@type":"SearchAction","target":{"@type":"EntryPoint","urlTemplate":"https:\/\/plixxent.com\/fr\/?s={search_term_string}"},"query-input":{"@type":"PropertyValueSpecification","valueRequired":true,"valueName":"search_term_string"}}],"inLanguage":"fr-FR"}]}},"_links":{"self":[{"href":"https:\/\/plixxent.com\/fr\/wp-json\/wp\/v2\/pages\/60434","targetHints":{"allow":["GET"]}}],"collection":[{"href":"https:\/\/plixxent.com\/fr\/wp-json\/wp\/v2\/pages"}],"about":[{"href":"https:\/\/plixxent.com\/fr\/wp-json\/wp\/v2\/types\/page"}],"author":[{"embeddable":true,"href":"https:\/\/plixxent.com\/fr\/wp-json\/wp\/v2\/users\/1"}],"replies":[{"embeddable":true,"href":"https:\/\/plixxent.com\/fr\/wp-json\/wp\/v2\/comments?post=60434"}],"version-history":[{"count":1,"href":"https:\/\/plixxent.com\/fr\/wp-json\/wp\/v2\/pages\/60434\/revisions"}],"predecessor-version":[{"id":60438,"href":"https:\/\/plixxent.com\/fr\/wp-json\/wp\/v2\/pages\/60434\/revisions\/60438"}],"wp:attachment":[{"href":"https:\/\/plixxent.com\/fr\/wp-json\/wp\/v2\/media?parent=60434"}],"curies":[{"name":"wp","href":"https:\/\/api.w.org\/{rel}","templated":true}]}}