{"id":60431,"date":"2023-08-14T17:23:59","date_gmt":"2023-08-14T15:23:59","guid":{"rendered":"https:\/\/plixxent.com\/impression\/"},"modified":"2024-12-06T14:33:10","modified_gmt":"2024-12-06T13:33:10","slug":"impression","status":"publish","type":"page","link":"https:\/\/plixxent.com\/fr\/impression\/","title":{"rendered":"Impression"},"content":{"rendered":"\n<p>PLIXXENT Holding GmbH<br\/>Gasstra\u00dfe 18 I Haus 5<br\/>22761 Hamburg<br\/>Allemagne<\/p>\n\n<p><strong>Contact :<\/strong><br\/>T\u00e9l : 040-357 78 46 0<br\/>Courriel : info@plixxent.com<br\/>www.plixxent.com<\/p>\n\n<p><strong>Directeurs g\u00e9n\u00e9raux :<\/strong><br\/>Dr. J\u00f6rg Schottek<br\/>Nikolaus Michelsen<br\/>Carsten W\u00f6rner<\/p>\n\n<p><strong>Si\u00e8ge :<\/strong><br\/>Hambourg<\/p>\n\n<p><strong>Tribunal d&rsquo;enregistrement :<\/strong><br\/>Local Court of Hamburg<\/p>\n\n<p><strong>Num\u00e9ro d&rsquo;enregistrement :<\/strong><br\/>HRB 164091<\/p>\n\n<p><strong>Num\u00e9ro de TVA :<\/strong><br\/>DE324691732<\/p>\n\n<p><strong>Responsable (\u00a7 18 Abs. 2 MStV) :<\/strong><br\/>Jennifer Sonnek<br\/>PLIXXENT Holding GmbH<br\/>Group Head of Marketing &amp; Communication<br\/>Gasstra\u00dfe 18 I Haus 5<br\/>22761 Hamburg<br\/>Germany<\/p>\n\n<h2 class=\"wp-block-heading\">Exclusion de la responsabilit\u00e9<\/h2>\n\n<p>PLIXXENT Holding GmbH se r\u00e9serve le droit de ne pas \u00eatre responsable de l&rsquo;actualit\u00e9, de l&rsquo;exactitude, de l&rsquo;exhaustivit\u00e9 ou de la qualit\u00e9 des informations fournies. Les demandes de responsabilit\u00e9 concernant les dommages caus\u00e9s par l&rsquo;utilisation de toute information fournie, y compris tout type d&rsquo;information incompl\u00e8te ou incorrecte, seront par cons\u00e9quent rejet\u00e9es. Toutes les offres sont sans engagement et sans obligation. PLIXXENT Holding GmbH se r\u00e9serve le droit de compl\u00e9ter, de modifier ou de supprimer partiellement ou totalement certaines parties des pages ou l&rsquo;ensemble de la publication, y compris toutes les offres et informations, sans avis pr\u00e9alable.   <\/p>\n\n<h2 class=\"wp-block-heading\">Renvois et liens<\/h2>\n\n<p>PLIXXENT Holding GmbH n&rsquo;est pas responsable des contenus li\u00e9s ou r\u00e9f\u00e9renc\u00e9s \u00e0 partir de ses pages &#8211; \u00e0 moins qu&rsquo;il n&rsquo;ait pleinement connaissance des contenus ill\u00e9gaux et qu&rsquo;il soit en mesure d&#8217;emp\u00eacher les visiteurs de son site de consulter ces pages. Si un dommage survient \u00e0 la suite de l&rsquo;utilisation d&rsquo;informations pr\u00e9sent\u00e9es sur ces pages, seule la soci\u00e9t\u00e9 PLIXXENT Holding GmbH des pages concern\u00e9es peut \u00eatre tenue pour responsable, et non la personne qui a \u00e9tabli le lien avec ces pages. <\/p>\n\n<h2 class=\"wp-block-heading\">Droit d&rsquo;auteur<\/h2>\n\n<p>PLIXXENT Holding GmbH a l&rsquo;intention de ne pas utiliser de mat\u00e9riel prot\u00e9g\u00e9 par des droits d&rsquo;auteur pour la publication ou, si cela n&rsquo;est pas possible, d&rsquo;indiquer les droits d&rsquo;auteur de l&rsquo;objet concern\u00e9. Les droits d&rsquo;auteur de tout mat\u00e9riel cr\u00e9\u00e9 par PLIXXENT Holding GmbH sont r\u00e9serv\u00e9s. Toute reproduction ou utilisation d&rsquo;objets tels que des diagrammes, des sons ou des textes dans d&rsquo;autres publications \u00e9lectroniques ou imprim\u00e9es est interdite sans l&rsquo;autorisation de PLIXXENT Holding GmbH.  <\/p>\n\n<h2 class=\"wp-block-heading\">Validit\u00e9 juridique de la pr\u00e9sente clause de non-responsabilit\u00e9<\/h2>\n\n<p>Cette clause de non-responsabilit\u00e9 doit \u00eatre consid\u00e9r\u00e9e comme faisant partie de la publication Internet \u00e0 laquelle vous avez \u00e9t\u00e9 renvoy\u00e9. Si certaines parties ou certains termes de cette d\u00e9claration ne sont pas l\u00e9gaux ou corrects, le contenu ou la validit\u00e9 des autres parties n&rsquo;en sont pas affect\u00e9s. <\/p>\n","protected":false},"excerpt":{"rendered":"<p>PLIXXENT Holding GmbHGasstra\u00dfe 18 I Haus 522761 HamburgAllemagne Contact :T\u00e9l : 040-357 78 46 0Courriel : info@plixxent.comwww.plixxent.com Directeurs g\u00e9n\u00e9raux :Dr. J\u00f6rg SchottekNikolaus MichelsenCarsten W\u00f6rner Si\u00e8ge :Hambourg Tribunal d&rsquo;enregistrement :Local Court of Hamburg Num\u00e9ro d&rsquo;enregistrement :HRB 164091 Num\u00e9ro de TVA :DE324691732 Responsable (\u00a7 18 Abs. 2 MStV) :Jennifer SonnekPLIXXENT Holding GmbHGroup Head of Marketing &amp; CommunicationGasstra\u00dfe [&hellip;]<\/p>\n","protected":false},"author":1,"featured_media":0,"parent":0,"menu_order":0,"comment_status":"closed","ping_status":"closed","template":"","meta":{"footnotes":""},"class_list":["post-60431","page","type-page","status-publish","hentry"],"yoast_head":"<!-- This site is optimized with the Yoast SEO plugin v27.3 - https:\/\/yoast.com\/product\/yoast-seo-wordpress\/ -->\n<title>Impression - PLIXXENT<\/title>\n<meta name=\"robots\" content=\"index, follow, max-snippet:-1, max-image-preview:large, max-video-preview:-1\" \/>\n<link rel=\"canonical\" href=\"https:\/\/plixxent.com\/fr\/impression\/\" \/>\n<meta property=\"og:locale\" content=\"fr_FR\" \/>\n<meta property=\"og:type\" content=\"article\" \/>\n<meta property=\"og:title\" content=\"Impression - PLIXXENT\" \/>\n<meta property=\"og:description\" content=\"PLIXXENT Holding GmbHGasstra\u00dfe 18 I Haus 522761 HamburgAllemagne Contact :T\u00e9l : 040-357 78 46 0Courriel : info@plixxent.comwww.plixxent.com Directeurs g\u00e9n\u00e9raux :Dr. J\u00f6rg SchottekNikolaus MichelsenCarsten W\u00f6rner Si\u00e8ge :Hambourg Tribunal d&rsquo;enregistrement :Local Court of Hamburg Num\u00e9ro d&rsquo;enregistrement :HRB 164091 Num\u00e9ro de TVA :DE324691732 Responsable (\u00a7 18 Abs. 2 MStV) :Jennifer SonnekPLIXXENT Holding GmbHGroup Head of Marketing &amp; CommunicationGasstra\u00dfe [&hellip;]\" \/>\n<meta property=\"og:url\" content=\"https:\/\/plixxent.com\/fr\/impression\/\" \/>\n<meta property=\"og:site_name\" content=\"PLIXXENT\" \/>\n<meta property=\"article:modified_time\" content=\"2024-12-06T13:33:10+00:00\" \/>\n<meta property=\"og:image\" content=\"https:\/\/plixxent.com\/wp-content\/uploads\/2024\/03\/plixxent_og.jpg\" \/>\n\t<meta property=\"og:image:width\" content=\"1200\" \/>\n\t<meta property=\"og:image:height\" content=\"675\" \/>\n\t<meta property=\"og:image:type\" content=\"image\/jpeg\" \/>\n<meta name=\"twitter:card\" content=\"summary_large_image\" \/>\n<meta name=\"twitter:label1\" content=\"Dur\u00e9e de lecture estim\u00e9e\" \/>\n\t<meta name=\"twitter:data1\" content=\"2 minutes\" \/>\n<script type=\"application\/ld+json\" class=\"yoast-schema-graph\">{\"@context\":\"https:\\\/\\\/schema.org\",\"@graph\":[{\"@type\":\"WebPage\",\"@id\":\"https:\\\/\\\/plixxent.com\\\/fr\\\/impression\\\/\",\"url\":\"https:\\\/\\\/plixxent.com\\\/fr\\\/impression\\\/\",\"name\":\"Impression - PLIXXENT\",\"isPartOf\":{\"@id\":\"https:\\\/\\\/plixxent.com\\\/fr\\\/#website\"},\"datePublished\":\"2023-08-14T15:23:59+00:00\",\"dateModified\":\"2024-12-06T13:33:10+00:00\",\"breadcrumb\":{\"@id\":\"https:\\\/\\\/plixxent.com\\\/fr\\\/impression\\\/#breadcrumb\"},\"inLanguage\":\"fr-FR\",\"potentialAction\":[{\"@type\":\"ReadAction\",\"target\":[\"https:\\\/\\\/plixxent.com\\\/fr\\\/impression\\\/\"]}]},{\"@type\":\"BreadcrumbList\",\"@id\":\"https:\\\/\\\/plixxent.com\\\/fr\\\/impression\\\/#breadcrumb\",\"itemListElement\":[{\"@type\":\"ListItem\",\"position\":1,\"name\":\"Home\",\"item\":\"https:\\\/\\\/plixxent.com\\\/fr\\\/accueil\\\/\"},{\"@type\":\"ListItem\",\"position\":2,\"name\":\"Impression\"}]},{\"@type\":\"WebSite\",\"@id\":\"https:\\\/\\\/plixxent.com\\\/fr\\\/#website\",\"url\":\"https:\\\/\\\/plixxent.com\\\/fr\\\/\",\"name\":\"PLIXXENT\",\"description\":\"Providing innovative technologies based on polyurethanes\",\"potentialAction\":[{\"@type\":\"SearchAction\",\"target\":{\"@type\":\"EntryPoint\",\"urlTemplate\":\"https:\\\/\\\/plixxent.com\\\/fr\\\/?s={search_term_string}\"},\"query-input\":{\"@type\":\"PropertyValueSpecification\",\"valueRequired\":true,\"valueName\":\"search_term_string\"}}],\"inLanguage\":\"fr-FR\"}]}<\/script>\n<!-- \/ Yoast SEO plugin. -->","yoast_head_json":{"title":"Impression - PLIXXENT","robots":{"index":"index","follow":"follow","max-snippet":"max-snippet:-1","max-image-preview":"max-image-preview:large","max-video-preview":"max-video-preview:-1"},"canonical":"https:\/\/plixxent.com\/fr\/impression\/","og_locale":"fr_FR","og_type":"article","og_title":"Impression - PLIXXENT","og_description":"PLIXXENT Holding GmbHGasstra\u00dfe 18 I Haus 522761 HamburgAllemagne Contact :T\u00e9l : 040-357 78 46 0Courriel : info@plixxent.comwww.plixxent.com Directeurs g\u00e9n\u00e9raux :Dr. J\u00f6rg SchottekNikolaus MichelsenCarsten W\u00f6rner Si\u00e8ge :Hambourg Tribunal d&rsquo;enregistrement :Local Court of Hamburg Num\u00e9ro d&rsquo;enregistrement :HRB 164091 Num\u00e9ro de TVA :DE324691732 Responsable (\u00a7 18 Abs. 2 MStV) :Jennifer SonnekPLIXXENT Holding GmbHGroup Head of Marketing &amp; CommunicationGasstra\u00dfe [&hellip;]","og_url":"https:\/\/plixxent.com\/fr\/impression\/","og_site_name":"PLIXXENT","article_modified_time":"2024-12-06T13:33:10+00:00","og_image":[{"width":1200,"height":675,"url":"https:\/\/plixxent.com\/wp-content\/uploads\/2024\/03\/plixxent_og.jpg","type":"image\/jpeg"}],"twitter_card":"summary_large_image","twitter_misc":{"Dur\u00e9e de lecture estim\u00e9e":"2 minutes"},"schema":{"@context":"https:\/\/schema.org","@graph":[{"@type":"WebPage","@id":"https:\/\/plixxent.com\/fr\/impression\/","url":"https:\/\/plixxent.com\/fr\/impression\/","name":"Impression - PLIXXENT","isPartOf":{"@id":"https:\/\/plixxent.com\/fr\/#website"},"datePublished":"2023-08-14T15:23:59+00:00","dateModified":"2024-12-06T13:33:10+00:00","breadcrumb":{"@id":"https:\/\/plixxent.com\/fr\/impression\/#breadcrumb"},"inLanguage":"fr-FR","potentialAction":[{"@type":"ReadAction","target":["https:\/\/plixxent.com\/fr\/impression\/"]}]},{"@type":"BreadcrumbList","@id":"https:\/\/plixxent.com\/fr\/impression\/#breadcrumb","itemListElement":[{"@type":"ListItem","position":1,"name":"Home","item":"https:\/\/plixxent.com\/fr\/accueil\/"},{"@type":"ListItem","position":2,"name":"Impression"}]},{"@type":"WebSite","@id":"https:\/\/plixxent.com\/fr\/#website","url":"https:\/\/plixxent.com\/fr\/","name":"PLIXXENT","description":"Providing innovative technologies based on polyurethanes","potentialAction":[{"@type":"SearchAction","target":{"@type":"EntryPoint","urlTemplate":"https:\/\/plixxent.com\/fr\/?s={search_term_string}"},"query-input":{"@type":"PropertyValueSpecification","valueRequired":true,"valueName":"search_term_string"}}],"inLanguage":"fr-FR"}]}},"_links":{"self":[{"href":"https:\/\/plixxent.com\/fr\/wp-json\/wp\/v2\/pages\/60431","targetHints":{"allow":["GET"]}}],"collection":[{"href":"https:\/\/plixxent.com\/fr\/wp-json\/wp\/v2\/pages"}],"about":[{"href":"https:\/\/plixxent.com\/fr\/wp-json\/wp\/v2\/types\/page"}],"author":[{"embeddable":true,"href":"https:\/\/plixxent.com\/fr\/wp-json\/wp\/v2\/users\/1"}],"replies":[{"embeddable":true,"href":"https:\/\/plixxent.com\/fr\/wp-json\/wp\/v2\/comments?post=60431"}],"version-history":[{"count":1,"href":"https:\/\/plixxent.com\/fr\/wp-json\/wp\/v2\/pages\/60431\/revisions"}],"predecessor-version":[{"id":60433,"href":"https:\/\/plixxent.com\/fr\/wp-json\/wp\/v2\/pages\/60431\/revisions\/60433"}],"wp:attachment":[{"href":"https:\/\/plixxent.com\/fr\/wp-json\/wp\/v2\/media?parent=60431"}],"curies":[{"name":"wp","href":"https:\/\/api.w.org\/{rel}","templated":true}]}}