{"id":60425,"date":"2023-08-14T17:24:12","date_gmt":"2023-08-14T15:24:12","guid":{"rendered":"https:\/\/plixxent.com\/conformite\/"},"modified":"2025-09-24T08:49:26","modified_gmt":"2025-09-24T06:49:26","slug":"conformite","status":"publish","type":"page","link":"https:\/\/plixxent.com\/fr\/conformite\/","title":{"rendered":"Conformit\u00e9"},"content":{"rendered":"\t\t<div data-elementor-type=\"wp-page\" data-elementor-id=\"60425\" class=\"elementor elementor-60425 elementor-1186\" data-elementor-post-type=\"page\">\n\t\t\t\t<div class=\"elementor-element elementor-element-7e8150c4 e-flex e-con-boxed e-con e-parent\" data-id=\"7e8150c4\" data-element_type=\"container\" data-e-type=\"container\">\n\t\t\t\t\t<div class=\"e-con-inner\">\n\t\t\t\t<div class=\"elementor-element elementor-element-48d1d9f elementor-widget elementor-widget-image\" data-id=\"48d1d9f\" data-element_type=\"widget\" data-e-type=\"widget\" data-widget_type=\"image.default\">\n\t\t\t\t<div class=\"elementor-widget-container\">\n\t\t\t\t\t\t\t\t\t\t\t\t\t\t\t<img fetchpriority=\"high\" decoding=\"async\" width=\"800\" height=\"306\" src=\"https:\/\/plixxent.com\/wp-content\/uploads\/2024\/01\/PLIXXENT-Illu-Nachhaltigkeit.svg\" class=\"attachment-large size-large wp-image-60426\" alt=\"\" \/>\t\t\t\t\t\t\t\t\t\t\t\t\t\t\t<\/div>\n\t\t\t\t<\/div>\n\t\t\t\t<div class=\"elementor-element elementor-element-b8b622c elementor-widget elementor-widget-heading\" data-id=\"b8b622c\" data-element_type=\"widget\" data-e-type=\"widget\" data-widget_type=\"heading.default\">\n\t\t\t\t<div class=\"elementor-widget-container\">\n\t\t\t\t\t<h2 class=\"elementor-heading-title elementor-size-default\">CONFORMIT\u00c9 - CODE DE CONDUITE<\/h2>\t\t\t\t<\/div>\n\t\t\t\t<\/div>\n\t\t\t\t<div class=\"elementor-element elementor-element-43851127 elementor-widget elementor-widget-text-editor\" data-id=\"43851127\" data-element_type=\"widget\" data-e-type=\"widget\" data-widget_type=\"text-editor.default\">\n\t\t\t\t<div class=\"elementor-widget-container\">\n\t\t\t\t\t\t\t\t\t\n<p>Pour nous, la conformit\u00e9 est un \u00e9l\u00e9ment essentiel pour assurer le succ\u00e8s durable de notre entreprise. Notre code de conduite a pour but d&rsquo;aider nos employ\u00e9s et nos partenaires commerciaux \u00e0 identifier \u00e0 un stade pr\u00e9coce les risques de non-conformit\u00e9 et les \u00e9ventuelles actions ill\u00e9gales. Ce code de conduite \u00e9tablit les normes et les politiques que nous suivons pour nous aider \u00e0 respecter les engagements de notre secteur et ceux de nos clients et fournisseurs nationaux et internationaux. Nos normes s&rsquo;appliquent \u00e0 toutes les personnes qui travaillent pour PLIXXENT ou en son nom.   <\/p>\n\n<p>Tous les employ\u00e9s de PLIXXENT doivent adh\u00e9rer \u00e0 ce code de conduite. Nous nous engageons \u00e0 respecter les lois et r\u00e9glementations nationales qui s&rsquo;appliquent \u00e0 nos services dans le monde entier. Le pr\u00e9sent code de conduite d\u00e9finit le cadre juridique dans lequel nous op\u00e9rons. Il d\u00e9finit les principes de base de notre conduite et de nos relations avec nos partenaires commerciaux et le public. Il \u00e9nonce les principes de nos actions d&rsquo;entreprise et exprime nos valeurs d&rsquo;entreprise.    <\/p>\n\t\t\t\t\t\t\t\t<\/div>\n\t\t\t\t<\/div>\n\t\t\t\t<div class=\"elementor-element elementor-element-9d2fb9d elementor-widget__width-auto e-transform elementor-widget elementor-widget-button\" data-id=\"9d2fb9d\" data-element_type=\"widget\" data-e-type=\"widget\" data-settings=\"{&quot;_transform_skewX_effect_hover&quot;:{&quot;unit&quot;:&quot;px&quot;,&quot;size&quot;:-14,&quot;sizes&quot;:[]},&quot;_transform_skewX_effect_hover_tablet&quot;:{&quot;unit&quot;:&quot;deg&quot;,&quot;size&quot;:&quot;&quot;,&quot;sizes&quot;:[]},&quot;_transform_skewX_effect_hover_mobile&quot;:{&quot;unit&quot;:&quot;deg&quot;,&quot;size&quot;:&quot;&quot;,&quot;sizes&quot;:[]},&quot;_transform_skewY_effect_hover&quot;:{&quot;unit&quot;:&quot;px&quot;,&quot;size&quot;:&quot;&quot;,&quot;sizes&quot;:[]},&quot;_transform_skewY_effect_hover_tablet&quot;:{&quot;unit&quot;:&quot;deg&quot;,&quot;size&quot;:&quot;&quot;,&quot;sizes&quot;:[]},&quot;_transform_skewY_effect_hover_mobile&quot;:{&quot;unit&quot;:&quot;deg&quot;,&quot;size&quot;:&quot;&quot;,&quot;sizes&quot;:[]}}\" data-widget_type=\"button.default\">\n\t\t\t\t<div class=\"elementor-widget-container\">\n\t\t\t\t\t\t\t\t\t<div class=\"elementor-button-wrapper\">\n\t\t\t\t\t<a class=\"elementor-button elementor-button-link elementor-size-sm\" href=\"https:\/\/plixxent.com\/nl\/download\/gedragscode\/\">\n\t\t\t\t\t\t<span class=\"elementor-button-content-wrapper\">\n\t\t\t\t\t\t\t\t\t<span class=\"elementor-button-text\">T\u00e9l\u00e9chargez le CODE DE CONDUITE - COMPLIANCE<\/span>\n\t\t\t\t\t<\/span>\n\t\t\t\t\t<\/a>\n\t\t\t\t<\/div>\n\t\t\t\t\t\t\t\t<\/div>\n\t\t\t\t<\/div>\n\t\t\t\t<div class=\"elementor-element elementor-element-70e381a elementor-widget__width-auto e-transform elementor-widget elementor-widget-button\" data-id=\"70e381a\" data-element_type=\"widget\" data-e-type=\"widget\" data-settings=\"{&quot;_transform_skewX_effect_hover&quot;:{&quot;unit&quot;:&quot;px&quot;,&quot;size&quot;:-14,&quot;sizes&quot;:[]},&quot;_transform_skewX_effect_hover_tablet&quot;:{&quot;unit&quot;:&quot;deg&quot;,&quot;size&quot;:&quot;&quot;,&quot;sizes&quot;:[]},&quot;_transform_skewX_effect_hover_mobile&quot;:{&quot;unit&quot;:&quot;deg&quot;,&quot;size&quot;:&quot;&quot;,&quot;sizes&quot;:[]},&quot;_transform_skewY_effect_hover&quot;:{&quot;unit&quot;:&quot;px&quot;,&quot;size&quot;:&quot;&quot;,&quot;sizes&quot;:[]},&quot;_transform_skewY_effect_hover_tablet&quot;:{&quot;unit&quot;:&quot;deg&quot;,&quot;size&quot;:&quot;&quot;,&quot;sizes&quot;:[]},&quot;_transform_skewY_effect_hover_mobile&quot;:{&quot;unit&quot;:&quot;deg&quot;,&quot;size&quot;:&quot;&quot;,&quot;sizes&quot;:[]}}\" data-widget_type=\"button.default\">\n\t\t\t\t<div class=\"elementor-widget-container\">\n\t\t\t\t\t\t\t\t\t<div class=\"elementor-button-wrapper\">\n\t\t\t\t\t<a class=\"elementor-button elementor-button-link elementor-size-sm\" href=\"https:\/\/plixxent.com\/fr\/download\/code-de-conduite-des-fournisseurs-anglais\/\">\n\t\t\t\t\t\t<span class=\"elementor-button-content-wrapper\">\n\t\t\t\t\t\t\t\t\t<span class=\"elementor-button-text\">T\u00e9l\u00e9charger la conformit\u00e9 - code de conduite pour les fournisseurs<\/span>\n\t\t\t\t\t<\/span>\n\t\t\t\t\t<\/a>\n\t\t\t\t<\/div>\n\t\t\t\t\t\t\t\t<\/div>\n\t\t\t\t<\/div>\n\t\t\t\t\t<\/div>\n\t\t\t\t<\/div>\n\t\t\t\t<\/div>\n\t\t","protected":false},"excerpt":{"rendered":"<p>CONFORMIT\u00c9 &#8211; CODE DE CONDUITE Pour nous, la conformit\u00e9 est un \u00e9l\u00e9ment essentiel pour assurer le succ\u00e8s durable de notre entreprise. Notre code de conduite a pour but d&rsquo;aider nos employ\u00e9s et nos partenaires commerciaux \u00e0 identifier \u00e0 un stade pr\u00e9coce les risques de non-conformit\u00e9 et les \u00e9ventuelles actions ill\u00e9gales. Ce code de conduite \u00e9tablit [&hellip;]<\/p>\n","protected":false},"author":1,"featured_media":60427,"parent":0,"menu_order":0,"comment_status":"closed","ping_status":"closed","template":"","meta":{"footnotes":""},"class_list":["post-60425","page","type-page","status-publish","has-post-thumbnail","hentry"],"yoast_head":"<!-- This site is optimized with the Yoast SEO plugin v27.4 - https:\/\/yoast.com\/product\/yoast-seo-wordpress\/ -->\n<title>Conformit\u00e9 - PLIXXENT<\/title>\n<meta name=\"robots\" content=\"index, follow, max-snippet:-1, max-image-preview:large, max-video-preview:-1\" \/>\n<link rel=\"canonical\" href=\"https:\/\/plixxent.com\/fr\/conformite\/\" \/>\n<meta property=\"og:locale\" content=\"fr_FR\" \/>\n<meta property=\"og:type\" content=\"article\" \/>\n<meta property=\"og:title\" content=\"Conformit\u00e9 - PLIXXENT\" \/>\n<meta property=\"og:description\" content=\"CONFORMIT\u00c9 &#8211; CODE DE CONDUITE Pour nous, la conformit\u00e9 est un \u00e9l\u00e9ment essentiel pour assurer le succ\u00e8s durable de notre entreprise. Notre code de conduite a pour but d&rsquo;aider nos employ\u00e9s et nos partenaires commerciaux \u00e0 identifier \u00e0 un stade pr\u00e9coce les risques de non-conformit\u00e9 et les \u00e9ventuelles actions ill\u00e9gales. Ce code de conduite \u00e9tablit [&hellip;]\" \/>\n<meta property=\"og:url\" content=\"https:\/\/plixxent.com\/fr\/conformite\/\" \/>\n<meta property=\"og:site_name\" content=\"PLIXXENT\" \/>\n<meta property=\"article:modified_time\" content=\"2025-09-24T06:49:26+00:00\" \/>\n<meta property=\"og:image\" content=\"https:\/\/plixxent.com\/wp-content\/uploads\/2024\/02\/PLIXXENT-Illu-Nachhaltigkeit-1.jpg\" \/>\n\t<meta property=\"og:image:width\" content=\"2560\" \/>\n\t<meta property=\"og:image:height\" content=\"780\" \/>\n\t<meta property=\"og:image:type\" content=\"image\/jpeg\" \/>\n<meta name=\"twitter:card\" content=\"summary_large_image\" \/>\n<meta name=\"twitter:label1\" content=\"Dur\u00e9e de lecture estim\u00e9e\" \/>\n\t<meta name=\"twitter:data1\" content=\"1 minute\" \/>\n<script type=\"application\/ld+json\" class=\"yoast-schema-graph\">{\"@context\":\"https:\\\/\\\/schema.org\",\"@graph\":[{\"@type\":\"WebPage\",\"@id\":\"https:\\\/\\\/plixxent.com\\\/fr\\\/conformite\\\/\",\"url\":\"https:\\\/\\\/plixxent.com\\\/fr\\\/conformite\\\/\",\"name\":\"Conformit\u00e9 - PLIXXENT\",\"isPartOf\":{\"@id\":\"https:\\\/\\\/plixxent.com\\\/fr\\\/#website\"},\"primaryImageOfPage\":{\"@id\":\"https:\\\/\\\/plixxent.com\\\/fr\\\/conformite\\\/#primaryimage\"},\"image\":{\"@id\":\"https:\\\/\\\/plixxent.com\\\/fr\\\/conformite\\\/#primaryimage\"},\"thumbnailUrl\":\"https:\\\/\\\/plixxent.com\\\/wp-content\\\/uploads\\\/2024\\\/02\\\/PLIXXENT-Illu-Nachhaltigkeit-1.jpg\",\"datePublished\":\"2023-08-14T15:24:12+00:00\",\"dateModified\":\"2025-09-24T06:49:26+00:00\",\"breadcrumb\":{\"@id\":\"https:\\\/\\\/plixxent.com\\\/fr\\\/conformite\\\/#breadcrumb\"},\"inLanguage\":\"fr-FR\",\"potentialAction\":[{\"@type\":\"ReadAction\",\"target\":[\"https:\\\/\\\/plixxent.com\\\/fr\\\/conformite\\\/\"]}]},{\"@type\":\"ImageObject\",\"inLanguage\":\"fr-FR\",\"@id\":\"https:\\\/\\\/plixxent.com\\\/fr\\\/conformite\\\/#primaryimage\",\"url\":\"https:\\\/\\\/plixxent.com\\\/wp-content\\\/uploads\\\/2024\\\/02\\\/PLIXXENT-Illu-Nachhaltigkeit-1.jpg\",\"contentUrl\":\"https:\\\/\\\/plixxent.com\\\/wp-content\\\/uploads\\\/2024\\\/02\\\/PLIXXENT-Illu-Nachhaltigkeit-1.jpg\",\"width\":2560,\"height\":780},{\"@type\":\"BreadcrumbList\",\"@id\":\"https:\\\/\\\/plixxent.com\\\/fr\\\/conformite\\\/#breadcrumb\",\"itemListElement\":[{\"@type\":\"ListItem\",\"position\":1,\"name\":\"Home\",\"item\":\"https:\\\/\\\/plixxent.com\\\/fr\\\/accueil\\\/\"},{\"@type\":\"ListItem\",\"position\":2,\"name\":\"Conformit\u00e9\"}]},{\"@type\":\"WebSite\",\"@id\":\"https:\\\/\\\/plixxent.com\\\/fr\\\/#website\",\"url\":\"https:\\\/\\\/plixxent.com\\\/fr\\\/\",\"name\":\"PLIXXENT\",\"description\":\"Providing innovative technologies based on polyurethanes\",\"potentialAction\":[{\"@type\":\"SearchAction\",\"target\":{\"@type\":\"EntryPoint\",\"urlTemplate\":\"https:\\\/\\\/plixxent.com\\\/fr\\\/?s={search_term_string}\"},\"query-input\":{\"@type\":\"PropertyValueSpecification\",\"valueRequired\":true,\"valueName\":\"search_term_string\"}}],\"inLanguage\":\"fr-FR\"}]}<\/script>\n<!-- \/ Yoast SEO plugin. -->","yoast_head_json":{"title":"Conformit\u00e9 - PLIXXENT","robots":{"index":"index","follow":"follow","max-snippet":"max-snippet:-1","max-image-preview":"max-image-preview:large","max-video-preview":"max-video-preview:-1"},"canonical":"https:\/\/plixxent.com\/fr\/conformite\/","og_locale":"fr_FR","og_type":"article","og_title":"Conformit\u00e9 - PLIXXENT","og_description":"CONFORMIT\u00c9 &#8211; CODE DE CONDUITE Pour nous, la conformit\u00e9 est un \u00e9l\u00e9ment essentiel pour assurer le succ\u00e8s durable de notre entreprise. Notre code de conduite a pour but d&rsquo;aider nos employ\u00e9s et nos partenaires commerciaux \u00e0 identifier \u00e0 un stade pr\u00e9coce les risques de non-conformit\u00e9 et les \u00e9ventuelles actions ill\u00e9gales. Ce code de conduite \u00e9tablit [&hellip;]","og_url":"https:\/\/plixxent.com\/fr\/conformite\/","og_site_name":"PLIXXENT","article_modified_time":"2025-09-24T06:49:26+00:00","og_image":[{"width":2560,"height":780,"url":"https:\/\/plixxent.com\/wp-content\/uploads\/2024\/02\/PLIXXENT-Illu-Nachhaltigkeit-1.jpg","type":"image\/jpeg"}],"twitter_card":"summary_large_image","twitter_misc":{"Dur\u00e9e de lecture estim\u00e9e":"1 minute"},"schema":{"@context":"https:\/\/schema.org","@graph":[{"@type":"WebPage","@id":"https:\/\/plixxent.com\/fr\/conformite\/","url":"https:\/\/plixxent.com\/fr\/conformite\/","name":"Conformit\u00e9 - PLIXXENT","isPartOf":{"@id":"https:\/\/plixxent.com\/fr\/#website"},"primaryImageOfPage":{"@id":"https:\/\/plixxent.com\/fr\/conformite\/#primaryimage"},"image":{"@id":"https:\/\/plixxent.com\/fr\/conformite\/#primaryimage"},"thumbnailUrl":"https:\/\/plixxent.com\/wp-content\/uploads\/2024\/02\/PLIXXENT-Illu-Nachhaltigkeit-1.jpg","datePublished":"2023-08-14T15:24:12+00:00","dateModified":"2025-09-24T06:49:26+00:00","breadcrumb":{"@id":"https:\/\/plixxent.com\/fr\/conformite\/#breadcrumb"},"inLanguage":"fr-FR","potentialAction":[{"@type":"ReadAction","target":["https:\/\/plixxent.com\/fr\/conformite\/"]}]},{"@type":"ImageObject","inLanguage":"fr-FR","@id":"https:\/\/plixxent.com\/fr\/conformite\/#primaryimage","url":"https:\/\/plixxent.com\/wp-content\/uploads\/2024\/02\/PLIXXENT-Illu-Nachhaltigkeit-1.jpg","contentUrl":"https:\/\/plixxent.com\/wp-content\/uploads\/2024\/02\/PLIXXENT-Illu-Nachhaltigkeit-1.jpg","width":2560,"height":780},{"@type":"BreadcrumbList","@id":"https:\/\/plixxent.com\/fr\/conformite\/#breadcrumb","itemListElement":[{"@type":"ListItem","position":1,"name":"Home","item":"https:\/\/plixxent.com\/fr\/accueil\/"},{"@type":"ListItem","position":2,"name":"Conformit\u00e9"}]},{"@type":"WebSite","@id":"https:\/\/plixxent.com\/fr\/#website","url":"https:\/\/plixxent.com\/fr\/","name":"PLIXXENT","description":"Providing innovative technologies based on polyurethanes","potentialAction":[{"@type":"SearchAction","target":{"@type":"EntryPoint","urlTemplate":"https:\/\/plixxent.com\/fr\/?s={search_term_string}"},"query-input":{"@type":"PropertyValueSpecification","valueRequired":true,"valueName":"search_term_string"}}],"inLanguage":"fr-FR"}]}},"_links":{"self":[{"href":"https:\/\/plixxent.com\/fr\/wp-json\/wp\/v2\/pages\/60425","targetHints":{"allow":["GET"]}}],"collection":[{"href":"https:\/\/plixxent.com\/fr\/wp-json\/wp\/v2\/pages"}],"about":[{"href":"https:\/\/plixxent.com\/fr\/wp-json\/wp\/v2\/types\/page"}],"author":[{"embeddable":true,"href":"https:\/\/plixxent.com\/fr\/wp-json\/wp\/v2\/users\/1"}],"replies":[{"embeddable":true,"href":"https:\/\/plixxent.com\/fr\/wp-json\/wp\/v2\/comments?post=60425"}],"version-history":[{"count":4,"href":"https:\/\/plixxent.com\/fr\/wp-json\/wp\/v2\/pages\/60425\/revisions"}],"predecessor-version":[{"id":63827,"href":"https:\/\/plixxent.com\/fr\/wp-json\/wp\/v2\/pages\/60425\/revisions\/63827"}],"wp:featuredmedia":[{"embeddable":true,"href":"https:\/\/plixxent.com\/fr\/wp-json\/wp\/v2\/media\/60427"}],"wp:attachment":[{"href":"https:\/\/plixxent.com\/fr\/wp-json\/wp\/v2\/media?parent=60425"}],"curies":[{"name":"wp","href":"https:\/\/api.w.org\/{rel}","templated":true}]}}