{"id":64068,"date":"2025-11-10T10:47:01","date_gmt":"2025-11-10T09:47:01","guid":{"rendered":"https:\/\/plixxent.com\/informacion-importante-sobre-la-proteccion-de-datos\/"},"modified":"2025-11-10T12:08:40","modified_gmt":"2025-11-10T11:08:40","slug":"informacion-importante-sobre-la-proteccion-de-datos","status":"publish","type":"page","link":"https:\/\/plixxent.com\/es\/informacion-importante-sobre-la-proteccion-de-datos\/","title":{"rendered":"Informaci\u00f3n importante &#8211; Protecci\u00f3n de datos*"},"content":{"rendered":"\n<p>Estimados clientes:<\/p>\n\n<p>Desafortunadamente, la tienda web operada externamente de nuestra empresa fue v\u00edctima de un ciberataque el 27 de octubre de 2025. Nuestro proveedor de servicios de TI desconect\u00f3 inmediatamente la tienda web y la revis\u00f3 con la ayuda de expertos en ciberseguridad. Confiamos en que la r\u00e1pida respuesta de nuestros expertos en TI evit\u00f3 da\u00f1os mayores.  <\/p>\n\n<p>Como el ataque tuvo lugar en un per\u00edodo de tiempo relativamente corto, no est\u00e1 claro hasta qu\u00e9 punto los datos de nuestros clientes pueden haber sido robados. Sin embargo, como no se puede descartar una fuga de datos, hemos informado a la Autoridad de Protecci\u00f3n de Datos en Baja Sajonia y a otras autoridades de protecci\u00f3n de datos en nuestras ubicaciones europeas como medida de precauci\u00f3n. Los datos que pueden haber sido afectados incluyen el apellido, el nombre, el n\u00famero de cliente, los datos de contacto y cierta informaci\u00f3n relacionada con el contrato.  <\/p>\n\n<p>Como medida de precauci\u00f3n, nos gustar\u00eda se\u00f1alar que los atacantes pueden usar y abusar de cualquier dato robado para intentos de phishing, robo de identidad o fraude. Si recibe correos electr\u00f3nicos, mensajes de WhatsApp, mensajes de voz u otros mensajes que le parezcan sospechosos, no revele ninguna informaci\u00f3n confidencial. <\/p>\n\n<p>La investigaci\u00f3n adicional del incidente se completar\u00e1 en breve. Reconstruiremos nuestra tienda web y la volveremos a poner en funcionamiento lo antes posible. <\/p>\n\n<p>\u00a1Gracias por su comprensi\u00f3n!<\/p>\n\n<p>* Entre otras cosas, de acuerdo con el Art. 34 s. 1, s. 3 (c) GDPR  <\/p>\n\n<p><\/p>\n","protected":false},"excerpt":{"rendered":"<p>Estimados clientes: Desafortunadamente, la tienda web operada externamente de nuestra empresa fue v\u00edctima de un ciberataque el 27 de octubre de 2025. Nuestro proveedor de servicios de TI desconect\u00f3 inmediatamente la tienda web y la revis\u00f3 con la ayuda de expertos en ciberseguridad. Confiamos en que la r\u00e1pida respuesta de nuestros expertos en TI evit\u00f3 [&hellip;]<\/p>\n","protected":false},"author":2,"featured_media":64139,"parent":0,"menu_order":0,"comment_status":"closed","ping_status":"closed","template":"","meta":{"footnotes":""},"class_list":["post-64068","page","type-page","status-publish","has-post-thumbnail","hentry"],"yoast_head":"<!-- This site is optimized with the Yoast SEO plugin v27.4 - https:\/\/yoast.com\/product\/yoast-seo-wordpress\/ -->\n<title>Informaci\u00f3n importante - Protecci\u00f3n de datos* - PLIXXENT<\/title>\n<meta name=\"robots\" content=\"index, follow, max-snippet:-1, max-image-preview:large, max-video-preview:-1\" \/>\n<link rel=\"canonical\" href=\"https:\/\/plixxent.com\/es\/informacion-importante-sobre-la-proteccion-de-datos\/\" \/>\n<meta property=\"og:locale\" content=\"es_ES\" \/>\n<meta property=\"og:type\" content=\"article\" \/>\n<meta property=\"og:title\" content=\"Informaci\u00f3n importante - Protecci\u00f3n de datos* - PLIXXENT\" \/>\n<meta property=\"og:description\" content=\"Estimados clientes: Desafortunadamente, la tienda web operada externamente de nuestra empresa fue v\u00edctima de un ciberataque el 27 de octubre de 2025. Nuestro proveedor de servicios de TI desconect\u00f3 inmediatamente la tienda web y la revis\u00f3 con la ayuda de expertos en ciberseguridad. Confiamos en que la r\u00e1pida respuesta de nuestros expertos en TI evit\u00f3 [&hellip;]\" \/>\n<meta property=\"og:url\" content=\"https:\/\/plixxent.com\/es\/informacion-importante-sobre-la-proteccion-de-datos\/\" \/>\n<meta property=\"og:site_name\" content=\"PLIXXENT\" \/>\n<meta property=\"article:modified_time\" content=\"2025-11-10T11:08:40+00:00\" \/>\n<meta property=\"og:image\" content=\"https:\/\/plixxent.com\/wp-content\/uploads\/2025\/11\/1133350536_Tropfen.jpg\" \/>\n\t<meta property=\"og:image:width\" content=\"2000\" \/>\n\t<meta property=\"og:image:height\" content=\"1174\" \/>\n\t<meta property=\"og:image:type\" content=\"image\/jpeg\" \/>\n<meta name=\"twitter:card\" content=\"summary_large_image\" \/>\n<meta name=\"twitter:label1\" content=\"Tiempo de lectura\" \/>\n\t<meta name=\"twitter:data1\" content=\"1 minuto\" \/>\n<script type=\"application\/ld+json\" class=\"yoast-schema-graph\">{\"@context\":\"https:\\\/\\\/schema.org\",\"@graph\":[{\"@type\":\"WebPage\",\"@id\":\"https:\\\/\\\/plixxent.com\\\/es\\\/informacion-importante-sobre-la-proteccion-de-datos\\\/\",\"url\":\"https:\\\/\\\/plixxent.com\\\/es\\\/informacion-importante-sobre-la-proteccion-de-datos\\\/\",\"name\":\"Informaci\u00f3n importante - Protecci\u00f3n de datos* - PLIXXENT\",\"isPartOf\":{\"@id\":\"https:\\\/\\\/plixxent.com\\\/es\\\/#website\"},\"primaryImageOfPage\":{\"@id\":\"https:\\\/\\\/plixxent.com\\\/es\\\/informacion-importante-sobre-la-proteccion-de-datos\\\/#primaryimage\"},\"image\":{\"@id\":\"https:\\\/\\\/plixxent.com\\\/es\\\/informacion-importante-sobre-la-proteccion-de-datos\\\/#primaryimage\"},\"thumbnailUrl\":\"https:\\\/\\\/plixxent.com\\\/wp-content\\\/uploads\\\/2025\\\/11\\\/1133350536_Tropfen.jpg\",\"datePublished\":\"2025-11-10T09:47:01+00:00\",\"dateModified\":\"2025-11-10T11:08:40+00:00\",\"breadcrumb\":{\"@id\":\"https:\\\/\\\/plixxent.com\\\/es\\\/informacion-importante-sobre-la-proteccion-de-datos\\\/#breadcrumb\"},\"inLanguage\":\"es\",\"potentialAction\":[{\"@type\":\"ReadAction\",\"target\":[\"https:\\\/\\\/plixxent.com\\\/es\\\/informacion-importante-sobre-la-proteccion-de-datos\\\/\"]}]},{\"@type\":\"ImageObject\",\"inLanguage\":\"es\",\"@id\":\"https:\\\/\\\/plixxent.com\\\/es\\\/informacion-importante-sobre-la-proteccion-de-datos\\\/#primaryimage\",\"url\":\"https:\\\/\\\/plixxent.com\\\/wp-content\\\/uploads\\\/2025\\\/11\\\/1133350536_Tropfen.jpg\",\"contentUrl\":\"https:\\\/\\\/plixxent.com\\\/wp-content\\\/uploads\\\/2025\\\/11\\\/1133350536_Tropfen.jpg\",\"width\":2000,\"height\":1174},{\"@type\":\"BreadcrumbList\",\"@id\":\"https:\\\/\\\/plixxent.com\\\/es\\\/informacion-importante-sobre-la-proteccion-de-datos\\\/#breadcrumb\",\"itemListElement\":[{\"@type\":\"ListItem\",\"position\":1,\"name\":\"Home\",\"item\":\"https:\\\/\\\/plixxent.com\\\/es\\\/inicio\\\/\"},{\"@type\":\"ListItem\",\"position\":2,\"name\":\"Informaci\u00f3n importante &#8211; Protecci\u00f3n de datos*\"}]},{\"@type\":\"WebSite\",\"@id\":\"https:\\\/\\\/plixxent.com\\\/es\\\/#website\",\"url\":\"https:\\\/\\\/plixxent.com\\\/es\\\/\",\"name\":\"PLIXXENT\",\"description\":\"Providing innovative technologies based on polyurethanes\",\"potentialAction\":[{\"@type\":\"SearchAction\",\"target\":{\"@type\":\"EntryPoint\",\"urlTemplate\":\"https:\\\/\\\/plixxent.com\\\/es\\\/?s={search_term_string}\"},\"query-input\":{\"@type\":\"PropertyValueSpecification\",\"valueRequired\":true,\"valueName\":\"search_term_string\"}}],\"inLanguage\":\"es\"}]}<\/script>\n<!-- \/ Yoast SEO plugin. -->","yoast_head_json":{"title":"Informaci\u00f3n importante - Protecci\u00f3n de datos* - PLIXXENT","robots":{"index":"index","follow":"follow","max-snippet":"max-snippet:-1","max-image-preview":"max-image-preview:large","max-video-preview":"max-video-preview:-1"},"canonical":"https:\/\/plixxent.com\/es\/informacion-importante-sobre-la-proteccion-de-datos\/","og_locale":"es_ES","og_type":"article","og_title":"Informaci\u00f3n importante - Protecci\u00f3n de datos* - PLIXXENT","og_description":"Estimados clientes: Desafortunadamente, la tienda web operada externamente de nuestra empresa fue v\u00edctima de un ciberataque el 27 de octubre de 2025. Nuestro proveedor de servicios de TI desconect\u00f3 inmediatamente la tienda web y la revis\u00f3 con la ayuda de expertos en ciberseguridad. Confiamos en que la r\u00e1pida respuesta de nuestros expertos en TI evit\u00f3 [&hellip;]","og_url":"https:\/\/plixxent.com\/es\/informacion-importante-sobre-la-proteccion-de-datos\/","og_site_name":"PLIXXENT","article_modified_time":"2025-11-10T11:08:40+00:00","og_image":[{"width":2000,"height":1174,"url":"https:\/\/plixxent.com\/wp-content\/uploads\/2025\/11\/1133350536_Tropfen.jpg","type":"image\/jpeg"}],"twitter_card":"summary_large_image","twitter_misc":{"Tiempo de lectura":"1 minuto"},"schema":{"@context":"https:\/\/schema.org","@graph":[{"@type":"WebPage","@id":"https:\/\/plixxent.com\/es\/informacion-importante-sobre-la-proteccion-de-datos\/","url":"https:\/\/plixxent.com\/es\/informacion-importante-sobre-la-proteccion-de-datos\/","name":"Informaci\u00f3n importante - Protecci\u00f3n de datos* - PLIXXENT","isPartOf":{"@id":"https:\/\/plixxent.com\/es\/#website"},"primaryImageOfPage":{"@id":"https:\/\/plixxent.com\/es\/informacion-importante-sobre-la-proteccion-de-datos\/#primaryimage"},"image":{"@id":"https:\/\/plixxent.com\/es\/informacion-importante-sobre-la-proteccion-de-datos\/#primaryimage"},"thumbnailUrl":"https:\/\/plixxent.com\/wp-content\/uploads\/2025\/11\/1133350536_Tropfen.jpg","datePublished":"2025-11-10T09:47:01+00:00","dateModified":"2025-11-10T11:08:40+00:00","breadcrumb":{"@id":"https:\/\/plixxent.com\/es\/informacion-importante-sobre-la-proteccion-de-datos\/#breadcrumb"},"inLanguage":"es","potentialAction":[{"@type":"ReadAction","target":["https:\/\/plixxent.com\/es\/informacion-importante-sobre-la-proteccion-de-datos\/"]}]},{"@type":"ImageObject","inLanguage":"es","@id":"https:\/\/plixxent.com\/es\/informacion-importante-sobre-la-proteccion-de-datos\/#primaryimage","url":"https:\/\/plixxent.com\/wp-content\/uploads\/2025\/11\/1133350536_Tropfen.jpg","contentUrl":"https:\/\/plixxent.com\/wp-content\/uploads\/2025\/11\/1133350536_Tropfen.jpg","width":2000,"height":1174},{"@type":"BreadcrumbList","@id":"https:\/\/plixxent.com\/es\/informacion-importante-sobre-la-proteccion-de-datos\/#breadcrumb","itemListElement":[{"@type":"ListItem","position":1,"name":"Home","item":"https:\/\/plixxent.com\/es\/inicio\/"},{"@type":"ListItem","position":2,"name":"Informaci\u00f3n importante &#8211; Protecci\u00f3n de datos*"}]},{"@type":"WebSite","@id":"https:\/\/plixxent.com\/es\/#website","url":"https:\/\/plixxent.com\/es\/","name":"PLIXXENT","description":"Providing innovative technologies based on polyurethanes","potentialAction":[{"@type":"SearchAction","target":{"@type":"EntryPoint","urlTemplate":"https:\/\/plixxent.com\/es\/?s={search_term_string}"},"query-input":{"@type":"PropertyValueSpecification","valueRequired":true,"valueName":"search_term_string"}}],"inLanguage":"es"}]}},"_links":{"self":[{"href":"https:\/\/plixxent.com\/es\/wp-json\/wp\/v2\/pages\/64068","targetHints":{"allow":["GET"]}}],"collection":[{"href":"https:\/\/plixxent.com\/es\/wp-json\/wp\/v2\/pages"}],"about":[{"href":"https:\/\/plixxent.com\/es\/wp-json\/wp\/v2\/types\/page"}],"author":[{"embeddable":true,"href":"https:\/\/plixxent.com\/es\/wp-json\/wp\/v2\/users\/2"}],"replies":[{"embeddable":true,"href":"https:\/\/plixxent.com\/es\/wp-json\/wp\/v2\/comments?post=64068"}],"version-history":[{"count":4,"href":"https:\/\/plixxent.com\/es\/wp-json\/wp\/v2\/pages\/64068\/revisions"}],"predecessor-version":[{"id":64096,"href":"https:\/\/plixxent.com\/es\/wp-json\/wp\/v2\/pages\/64068\/revisions\/64096"}],"wp:featuredmedia":[{"embeddable":true,"href":"https:\/\/plixxent.com\/es\/wp-json\/wp\/v2\/media\/64139"}],"wp:attachment":[{"href":"https:\/\/plixxent.com\/es\/wp-json\/wp\/v2\/media?parent=64068"}],"curies":[{"name":"wp","href":"https:\/\/api.w.org\/{rel}","templated":true}]}}