{"id":5799,"date":"2023-08-14T17:23:59","date_gmt":"2023-08-14T15:23:59","guid":{"rendered":"https:\/\/plixxent.com\/pie-de-imprenta\/"},"modified":"2024-02-26T17:32:17","modified_gmt":"2024-02-26T16:32:17","slug":"pie-de-imprenta","status":"publish","type":"page","link":"https:\/\/plixxent.com\/es\/pie-de-imprenta\/","title":{"rendered":"Pie de imprenta"},"content":{"rendered":"\n<p>PLIXXENT Holding GmbH<br\/>Gasstra\u00dfe 18 I Haus 5<br\/>22761 Hamburgo<br\/>Alemania<\/p>\n\n<p><strong>Contacto:<\/strong><br\/>Tel: 040-357 78 46 0<br\/>Correo electr\u00f3nico: info@plixxent.com<br\/>www.plixxent.com<\/p>\n\n<p><strong>Directores Generales:<\/strong><br\/>Dr. J\u00f6rg Schottek<br\/>Nikolaus Michelsen<br\/>Carsten W\u00f6rner<\/p>\n\n<p><strong>Asiento:<\/strong><br\/>Hamburgo<\/p>\n\n<p><strong>Tribunal de registro:<\/strong><br\/>Tribunal Local de Hamburgo<\/p>\n\n<p><strong>N\u00famero de registro:<\/strong><br\/>HRB 164091<\/p>\n\n<p><strong>N\u00famero de IVA:<\/strong><br\/>DE324691732<\/p>\n\n<p><strong>Responsable (\u00a7 18 Abs. 2 MStV):<\/strong><br\/>Jennifer Sonnek<br\/>PLIXXENT Holding GmbH<br\/>Jefe de Grupo de Marketing y Comunicaci\u00f3n<br\/>Gasstra\u00dfe 18 I Haus 5<br\/>22761 Hamburgo<br\/>Alemania<\/p>\n\n<h2 class=\"wp-block-heading\">Exclusi\u00f3n de responsabilidad<\/h2>\n\n<p>PLIXXENT Holding GmbH se reserva el derecho de no ser responsable de la actualidad, exactitud, integridad o calidad de la informaci\u00f3n proporcionada. Por lo tanto, se rechazar\u00e1n las reclamaciones de responsabilidad relativas a da\u00f1os causados por el uso de cualquier informaci\u00f3n proporcionada, incluyendo cualquier tipo de informaci\u00f3n que sea incompleta o incorrecta. Todas las ofertas son sin compromiso. Partes de las p\u00e1ginas o la publicaci\u00f3n completa, incluyendo todas las ofertas e informaciones, pueden ser ampliadas, modificadas o suprimidas parcial o totalmente por PLIXXENT Holding GmbH sin previo aviso.<\/p>\n\n<h2 class=\"wp-block-heading\">Referencias y enlaces<\/h2>\n\n<p>PLIXXENT Holding GmbH no se responsabiliza de los contenidos enlazados o a los que se haga referencia desde sus p\u00e1ginas &#8211; a menos que tenga pleno conocimiento de contenidos ilegales y pudiera evitar que los visitantes de su sitio vieran esas p\u00e1ginas. Si se produjera alg\u00fan da\u00f1o por el uso de la informaci\u00f3n all\u00ed presentada, s\u00f3lo PLIXXENT Holding GmbH de las respectivas p\u00e1ginas podr\u00eda ser responsable, no quien haya enlazado a estas p\u00e1ginas.<\/p>\n\n<h2 class=\"wp-block-heading\">Derechos de autor<\/h2>\n\n<p>PLIXXENT Holding GmbH tiene la intenci\u00f3n de no utilizar ning\u00fan material protegido por derechos de autor para la publicaci\u00f3n o, si no es posible, de indicar los derechos de autor del objeto respectivo. Los derechos de autor de cualquier material creado por PLIXXENT Holding GmbH est\u00e1n reservados. Queda prohibida la reproducci\u00f3n o utilizaci\u00f3n de objetos como diagramas, sonidos o textos en otras publicaciones electr\u00f3nicas o impresas sin la autorizaci\u00f3n de PLIXXENT Holding GmbH.<\/p>\n\n<h2 class=\"wp-block-heading\">Validez jur\u00eddica de este descargo de responsabilidad<\/h2>\n\n<p>Este descargo de responsabilidad debe considerarse parte de la publicaci\u00f3n en Internet desde la que se le ha remitido. Si algunas secciones o t\u00e9rminos individuales de esta declaraci\u00f3n no son legales o correctos, el contenido o la validez de las otras partes no se ver\u00e1n afectados por este hecho.<\/p>\n","protected":false},"excerpt":{"rendered":"<p>PLIXXENT Holding GmbHGasstra\u00dfe 18 I Haus 522761 HamburgoAlemania Contacto:Tel: 040-357 78 46 0Correo electr\u00f3nico: info@plixxent.comwww.plixxent.com Directores Generales:Dr. J\u00f6rg SchottekNikolaus MichelsenCarsten W\u00f6rner Asiento:Hamburgo Tribunal de registro:Tribunal Local de Hamburgo N\u00famero de registro:HRB 164091 N\u00famero de IVA:DE324691732 Responsable (\u00a7 18 Abs. 2 MStV):Jennifer SonnekPLIXXENT Holding GmbHJefe de Grupo de Marketing y Comunicaci\u00f3nGasstra\u00dfe 18 I Haus 522761 HamburgoAlemania [&hellip;]<\/p>\n","protected":false},"author":1,"featured_media":0,"parent":0,"menu_order":0,"comment_status":"closed","ping_status":"closed","template":"","meta":{"footnotes":""},"class_list":["post-5799","page","type-page","status-publish","hentry"],"yoast_head":"<!-- This site is optimized with the Yoast SEO plugin v27.4 - https:\/\/yoast.com\/product\/yoast-seo-wordpress\/ -->\n<title>Pie de imprenta - PLIXXENT<\/title>\n<meta name=\"robots\" content=\"index, follow, max-snippet:-1, max-image-preview:large, max-video-preview:-1\" \/>\n<link rel=\"canonical\" href=\"https:\/\/plixxent.com\/es\/pie-de-imprenta\/\" \/>\n<meta property=\"og:locale\" content=\"es_ES\" \/>\n<meta property=\"og:type\" content=\"article\" \/>\n<meta property=\"og:title\" content=\"Pie de imprenta - PLIXXENT\" \/>\n<meta property=\"og:description\" content=\"PLIXXENT Holding GmbHGasstra\u00dfe 18 I Haus 522761 HamburgoAlemania Contacto:Tel: 040-357 78 46 0Correo electr\u00f3nico: info@plixxent.comwww.plixxent.com Directores Generales:Dr. J\u00f6rg SchottekNikolaus MichelsenCarsten W\u00f6rner Asiento:Hamburgo Tribunal de registro:Tribunal Local de Hamburgo N\u00famero de registro:HRB 164091 N\u00famero de IVA:DE324691732 Responsable (\u00a7 18 Abs. 2 MStV):Jennifer SonnekPLIXXENT Holding GmbHJefe de Grupo de Marketing y Comunicaci\u00f3nGasstra\u00dfe 18 I Haus 522761 HamburgoAlemania [&hellip;]\" \/>\n<meta property=\"og:url\" content=\"https:\/\/plixxent.com\/es\/pie-de-imprenta\/\" \/>\n<meta property=\"og:site_name\" content=\"PLIXXENT\" \/>\n<meta property=\"article:modified_time\" content=\"2024-02-26T16:32:17+00:00\" \/>\n<meta property=\"og:image\" content=\"https:\/\/plixxent.com\/wp-content\/uploads\/2024\/03\/plixxent_og.jpg\" \/>\n\t<meta property=\"og:image:width\" content=\"1200\" \/>\n\t<meta property=\"og:image:height\" content=\"675\" \/>\n\t<meta property=\"og:image:type\" content=\"image\/jpeg\" \/>\n<meta name=\"twitter:card\" content=\"summary_large_image\" \/>\n<meta name=\"twitter:label1\" content=\"Tiempo de lectura\" \/>\n\t<meta name=\"twitter:data1\" content=\"2 minutos\" \/>\n<script type=\"application\/ld+json\" class=\"yoast-schema-graph\">{\"@context\":\"https:\\\/\\\/schema.org\",\"@graph\":[{\"@type\":\"WebPage\",\"@id\":\"https:\\\/\\\/plixxent.com\\\/es\\\/pie-de-imprenta\\\/\",\"url\":\"https:\\\/\\\/plixxent.com\\\/es\\\/pie-de-imprenta\\\/\",\"name\":\"Pie de imprenta - PLIXXENT\",\"isPartOf\":{\"@id\":\"https:\\\/\\\/plixxent.com\\\/es\\\/#website\"},\"datePublished\":\"2023-08-14T15:23:59+00:00\",\"dateModified\":\"2024-02-26T16:32:17+00:00\",\"breadcrumb\":{\"@id\":\"https:\\\/\\\/plixxent.com\\\/es\\\/pie-de-imprenta\\\/#breadcrumb\"},\"inLanguage\":\"es\",\"potentialAction\":[{\"@type\":\"ReadAction\",\"target\":[\"https:\\\/\\\/plixxent.com\\\/es\\\/pie-de-imprenta\\\/\"]}]},{\"@type\":\"BreadcrumbList\",\"@id\":\"https:\\\/\\\/plixxent.com\\\/es\\\/pie-de-imprenta\\\/#breadcrumb\",\"itemListElement\":[{\"@type\":\"ListItem\",\"position\":1,\"name\":\"Home\",\"item\":\"https:\\\/\\\/plixxent.com\\\/es\\\/inicio\\\/\"},{\"@type\":\"ListItem\",\"position\":2,\"name\":\"Pie de imprenta\"}]},{\"@type\":\"WebSite\",\"@id\":\"https:\\\/\\\/plixxent.com\\\/es\\\/#website\",\"url\":\"https:\\\/\\\/plixxent.com\\\/es\\\/\",\"name\":\"PLIXXENT\",\"description\":\"Providing innovative technologies based on polyurethanes\",\"potentialAction\":[{\"@type\":\"SearchAction\",\"target\":{\"@type\":\"EntryPoint\",\"urlTemplate\":\"https:\\\/\\\/plixxent.com\\\/es\\\/?s={search_term_string}\"},\"query-input\":{\"@type\":\"PropertyValueSpecification\",\"valueRequired\":true,\"valueName\":\"search_term_string\"}}],\"inLanguage\":\"es\"}]}<\/script>\n<!-- \/ Yoast SEO plugin. -->","yoast_head_json":{"title":"Pie de imprenta - PLIXXENT","robots":{"index":"index","follow":"follow","max-snippet":"max-snippet:-1","max-image-preview":"max-image-preview:large","max-video-preview":"max-video-preview:-1"},"canonical":"https:\/\/plixxent.com\/es\/pie-de-imprenta\/","og_locale":"es_ES","og_type":"article","og_title":"Pie de imprenta - PLIXXENT","og_description":"PLIXXENT Holding GmbHGasstra\u00dfe 18 I Haus 522761 HamburgoAlemania Contacto:Tel: 040-357 78 46 0Correo electr\u00f3nico: info@plixxent.comwww.plixxent.com Directores Generales:Dr. J\u00f6rg SchottekNikolaus MichelsenCarsten W\u00f6rner Asiento:Hamburgo Tribunal de registro:Tribunal Local de Hamburgo N\u00famero de registro:HRB 164091 N\u00famero de IVA:DE324691732 Responsable (\u00a7 18 Abs. 2 MStV):Jennifer SonnekPLIXXENT Holding GmbHJefe de Grupo de Marketing y Comunicaci\u00f3nGasstra\u00dfe 18 I Haus 522761 HamburgoAlemania [&hellip;]","og_url":"https:\/\/plixxent.com\/es\/pie-de-imprenta\/","og_site_name":"PLIXXENT","article_modified_time":"2024-02-26T16:32:17+00:00","og_image":[{"width":1200,"height":675,"url":"https:\/\/plixxent.com\/wp-content\/uploads\/2024\/03\/plixxent_og.jpg","type":"image\/jpeg"}],"twitter_card":"summary_large_image","twitter_misc":{"Tiempo de lectura":"2 minutos"},"schema":{"@context":"https:\/\/schema.org","@graph":[{"@type":"WebPage","@id":"https:\/\/plixxent.com\/es\/pie-de-imprenta\/","url":"https:\/\/plixxent.com\/es\/pie-de-imprenta\/","name":"Pie de imprenta - PLIXXENT","isPartOf":{"@id":"https:\/\/plixxent.com\/es\/#website"},"datePublished":"2023-08-14T15:23:59+00:00","dateModified":"2024-02-26T16:32:17+00:00","breadcrumb":{"@id":"https:\/\/plixxent.com\/es\/pie-de-imprenta\/#breadcrumb"},"inLanguage":"es","potentialAction":[{"@type":"ReadAction","target":["https:\/\/plixxent.com\/es\/pie-de-imprenta\/"]}]},{"@type":"BreadcrumbList","@id":"https:\/\/plixxent.com\/es\/pie-de-imprenta\/#breadcrumb","itemListElement":[{"@type":"ListItem","position":1,"name":"Home","item":"https:\/\/plixxent.com\/es\/inicio\/"},{"@type":"ListItem","position":2,"name":"Pie de imprenta"}]},{"@type":"WebSite","@id":"https:\/\/plixxent.com\/es\/#website","url":"https:\/\/plixxent.com\/es\/","name":"PLIXXENT","description":"Providing innovative technologies based on polyurethanes","potentialAction":[{"@type":"SearchAction","target":{"@type":"EntryPoint","urlTemplate":"https:\/\/plixxent.com\/es\/?s={search_term_string}"},"query-input":{"@type":"PropertyValueSpecification","valueRequired":true,"valueName":"search_term_string"}}],"inLanguage":"es"}]}},"_links":{"self":[{"href":"https:\/\/plixxent.com\/es\/wp-json\/wp\/v2\/pages\/5799","targetHints":{"allow":["GET"]}}],"collection":[{"href":"https:\/\/plixxent.com\/es\/wp-json\/wp\/v2\/pages"}],"about":[{"href":"https:\/\/plixxent.com\/es\/wp-json\/wp\/v2\/types\/page"}],"author":[{"embeddable":true,"href":"https:\/\/plixxent.com\/es\/wp-json\/wp\/v2\/users\/1"}],"replies":[{"embeddable":true,"href":"https:\/\/plixxent.com\/es\/wp-json\/wp\/v2\/comments?post=5799"}],"version-history":[{"count":0,"href":"https:\/\/plixxent.com\/es\/wp-json\/wp\/v2\/pages\/5799\/revisions"}],"wp:attachment":[{"href":"https:\/\/plixxent.com\/es\/wp-json\/wp\/v2\/media?parent=5799"}],"curies":[{"name":"wp","href":"https:\/\/api.w.org\/{rel}","templated":true}]}}