{"id":5771,"date":"2023-08-14T17:23:50","date_gmt":"2023-08-14T15:23:50","guid":{"rendered":"https:\/\/plixxent.com\/terminos-y-condiciones\/"},"modified":"2026-03-03T18:06:44","modified_gmt":"2026-03-03T17:06:44","slug":"terminos-y-condiciones","status":"publish","type":"page","link":"https:\/\/plixxent.com\/es\/terminos-y-condiciones\/","title":{"rendered":"T\u00e9rminos y condiciones"},"content":{"rendered":"\n<p>A continuaci\u00f3n encontrar\u00e1 nuestras condiciones generales en formato PDF.<\/p>\n\n<h2 class=\"wp-block-heading\">Alemania<\/h2>\n\n<h3 class=\"wp-block-heading\">Condiciones de contrataci\u00f3n<\/h3>\n\n<p><a href=\"https:\/\/plixxent.com\/es\/download\/deutschland-allgemeine-einkaufsbedingungen-aleman\/\" data-type=\"download\" data-id=\"2957\" target=\"_blank\" rel=\"noreferrer noopener\">Allgemeine Einkaufsbedingungen (Deutsch)<\/a><br\/><a href=\"https:\/\/plixxent.com\/es\/download\/alemania-condiciones-generales-de-contratacion-ingles\/\" data-type=\"download\" data-id=\"2955\" target=\"_blank\" rel=\"noreferrer noopener\">Condiciones Generales de Compra (Ingl\u00e9s)<\/a><\/p>\n\n<h3 class=\"wp-block-heading\">Condiciones generales de venta<\/h3>\n\n<p><a data-type=\"download\" data-id=\"2953\" href=\"https:\/\/plixxent.com\/es\/download\/deutschland-allgemeine-verkaufs-und-lieferbedingungen-aleman\/\">Allgemeine Verkaufs- und Lieferbedingungen (Deutsch)<\/a><br\/><a href=\"https:\/\/plixxent.com\/es\/download\/alemania-condiciones-generales-de-venta-ingles\/\" target=\"_blank\" rel=\"noreferrer noopener\">Condiciones Generales de Venta (Ingl\u00e9s)<\/a><\/p>\n\n<h3 class=\"wp-block-heading\">Ordenanza sobre incidentes peligrosos<\/h3>\n\n<p><a href=\"https:\/\/plixxent.com\/es\/download\/informacion-sobre-la-ordenanza-de-incidentes-peligrosos-aleman\/\" target=\"_blank\" rel=\"noreferrer noopener\">Informaci\u00f3n sobre la Ordenanza de Incidentes Peligrosos (alem\u00e1n)<\/a><\/p>\n\n<h2 class=\"wp-block-heading\">Pa\u00edses Bajos<\/h2>\n\n<h3 class=\"wp-block-heading\">Condiciones de contrataci\u00f3n<\/h3>\n\n<p><a href=\"https:\/\/plixxent.com\/es\/download\/paises-bajos-condiciones-generales-de-compra-ingles\/\" data-type=\"download\" data-id=\"57181\">Condiciones generales de compra (ingl\u00e9s)<\/a><\/p>\n\n<h3 class=\"wp-block-heading\">Condiciones generales de venta<\/h3>\n\n<p><a href=\"https:\/\/plixxent.com\/es\/download\/paises-bajos-condiciones-generales-de-venta-y-entrega-espanol\/\" data-type=\"download\" data-id=\"1964\" target=\"_blank\" rel=\"noreferrer noopener\">Condiciones generales de venta y entrega (ingl\u00e9s)<\/a><\/p>\n\n<h2 class=\"wp-block-heading\">Espa\u00f1a<\/h2>\n\n<h3 class=\"wp-block-heading\">Condiciones de contrataci\u00f3n<\/h3>\n\n<p><a href=\"https:\/\/plixxent.com\/es\/download\/espana-terminos-y-condiciones-de-compra-de-bienes-y-servicios-english\/\" data-type=\"download\" data-id=\"2965\">T\u00e9rminos y Condiciones de Compra de Bienes y Servicios (Espa\u00f1ol)<br\/><\/a><a href=\"https:\/\/plixxent.com\/es\/download\/espana-condiciones-generales-de-compra-de-bienes-y-servicios-ingles\/\" data-type=\"download\" data-id=\"2963\">T\u00e9rminos y Condiciones de Compra de Bienes y Servicios (Ingl\u00e9s)<\/a><\/p>\n\n<h3 class=\"wp-block-heading\">Condiciones generales de venta<\/h3>\n\n<p><a href=\"https:\/\/plixxent.com\/es\/download\/espana-condiciones-generales-de-venta-y-suministro-espanol\/\" data-type=\"download\" data-id=\"1966\">Condiciones Generales de Venta y Suministro (Espa\u00f1ol)<\/a><br\/><a href=\"https:\/\/plixxent.com\/es\/download\/espana-condiciones-generales-de-venta-y-entrega-espanol\/\" data-type=\"download\" data-id=\"1965\">Condiciones Generales de Venta y Suministro (Ingl\u00e9s)<\/a><\/p>\n\n<h2 class=\"wp-block-heading\">Italia<\/h2>\n\n<h3 class=\"wp-block-heading\">Condiciones de suministro<\/h3>\n\n<p><a href=\"https:\/\/plixxent.com\/es\/download\/italia-condizioni-generali-di-fornitura-italiano\/\" data-type=\"download\" data-id=\"2961\">Condizioni Generali di fornitura (Italiano)<\/a><br\/><a href=\"https:\/\/plixxent.com\/es\/download\/italia-condiciones-generales-de-suministro-ingles\/\" data-type=\"download\" data-id=\"2959\">Condiciones Generales de Suministro (Ingl\u00e9s)<\/a><\/p>\n\n<h2 class=\"wp-block-heading\">Dinamarca<\/h2>\n\n<h3 class=\"wp-block-heading\">Condiciones de contrataci\u00f3n<\/h3>\n\n<p>Condiciones generales de contrataci\u00f3n (ingl\u00e9s)<\/p>\n\n<h3 class=\"wp-block-heading\">Condiciones generales de venta<\/h3>\n\n<p><a href=\"https:\/\/plixxent.com\/es\/download\/dinamarca-condiciones-generales-de-venta-ingles\/\" data-type=\"download\" data-id=\"1967\">Condiciones generales de venta (ingl\u00e9s)<\/a><\/p>\n\n<h2 class=\"wp-block-heading\">Reino Unido<\/h2>\n\n<h3 class=\"wp-block-heading\">Condiciones generales de venta<\/h3>\n\n<p><a data-type=\"download\" data-id=\"1973\" href=\"https:\/\/plixxent.com\/es\/download\/reino-unido-terminos-y-condiciones-de-venta-de-mercancias-ingles\/\">T\u00e9rminos y condiciones de venta de mercanc\u00edas (ingl\u00e9s)<\/a><br\/><a href=\"https:\/\/plixxent.com\/es\/download\/terminos-y-condiciones-de-compra-ingles\/\" target=\"_blank\" rel=\"noreferrer noopener\">T\u00e9rminos y condiciones de compra (ingl\u00e9s)<\/a><\/p>\n\n<p><\/p>\n","protected":false},"excerpt":{"rendered":"<p>A continuaci\u00f3n encontrar\u00e1 nuestras condiciones generales en formato PDF. Alemania Condiciones de contrataci\u00f3n Allgemeine Einkaufsbedingungen (Deutsch)Condiciones Generales de Compra (Ingl\u00e9s) Condiciones generales de venta Allgemeine Verkaufs- und Lieferbedingungen (Deutsch)Condiciones Generales de Venta (Ingl\u00e9s) Ordenanza sobre incidentes peligrosos Informaci\u00f3n sobre la Ordenanza de Incidentes Peligrosos (alem\u00e1n) Pa\u00edses Bajos Condiciones de contrataci\u00f3n Condiciones generales de compra (ingl\u00e9s) [&hellip;]<\/p>\n","protected":false},"author":1,"featured_media":0,"parent":0,"menu_order":0,"comment_status":"closed","ping_status":"closed","template":"","meta":{"footnotes":""},"class_list":["post-5771","page","type-page","status-publish","hentry"],"yoast_head":"<!-- This site is optimized with the Yoast SEO plugin v27.4 - https:\/\/yoast.com\/product\/yoast-seo-wordpress\/ -->\n<title>T\u00e9rminos y condiciones - PLIXXENT<\/title>\n<meta name=\"robots\" content=\"index, follow, max-snippet:-1, max-image-preview:large, max-video-preview:-1\" \/>\n<link rel=\"canonical\" href=\"https:\/\/plixxent.com\/es\/terminos-y-condiciones\/\" \/>\n<meta property=\"og:locale\" content=\"es_ES\" \/>\n<meta property=\"og:type\" content=\"article\" \/>\n<meta property=\"og:title\" content=\"T\u00e9rminos y condiciones - PLIXXENT\" \/>\n<meta property=\"og:description\" content=\"A continuaci\u00f3n encontrar\u00e1 nuestras condiciones generales en formato PDF. Alemania Condiciones de contrataci\u00f3n Allgemeine Einkaufsbedingungen (Deutsch)Condiciones Generales de Compra (Ingl\u00e9s) Condiciones generales de venta Allgemeine Verkaufs- und Lieferbedingungen (Deutsch)Condiciones Generales de Venta (Ingl\u00e9s) Ordenanza sobre incidentes peligrosos Informaci\u00f3n sobre la Ordenanza de Incidentes Peligrosos (alem\u00e1n) Pa\u00edses Bajos Condiciones de contrataci\u00f3n Condiciones generales de compra (ingl\u00e9s) [&hellip;]\" \/>\n<meta property=\"og:url\" content=\"https:\/\/plixxent.com\/es\/terminos-y-condiciones\/\" \/>\n<meta property=\"og:site_name\" content=\"PLIXXENT\" \/>\n<meta property=\"article:modified_time\" content=\"2026-03-03T17:06:44+00:00\" \/>\n<meta property=\"og:image\" content=\"https:\/\/plixxent.com\/wp-content\/uploads\/2024\/03\/plixxent_og.jpg\" \/>\n\t<meta property=\"og:image:width\" content=\"1200\" \/>\n\t<meta property=\"og:image:height\" content=\"675\" \/>\n\t<meta property=\"og:image:type\" content=\"image\/jpeg\" \/>\n<meta name=\"twitter:card\" content=\"summary_large_image\" \/>\n<meta name=\"twitter:label1\" content=\"Tiempo de lectura\" \/>\n\t<meta name=\"twitter:data1\" content=\"1 minuto\" \/>\n<script type=\"application\/ld+json\" class=\"yoast-schema-graph\">{\"@context\":\"https:\\\/\\\/schema.org\",\"@graph\":[{\"@type\":\"WebPage\",\"@id\":\"https:\\\/\\\/plixxent.com\\\/es\\\/terminos-y-condiciones\\\/\",\"url\":\"https:\\\/\\\/plixxent.com\\\/es\\\/terminos-y-condiciones\\\/\",\"name\":\"T\u00e9rminos y condiciones - PLIXXENT\",\"isPartOf\":{\"@id\":\"https:\\\/\\\/plixxent.com\\\/es\\\/#website\"},\"datePublished\":\"2023-08-14T15:23:50+00:00\",\"dateModified\":\"2026-03-03T17:06:44+00:00\",\"breadcrumb\":{\"@id\":\"https:\\\/\\\/plixxent.com\\\/es\\\/terminos-y-condiciones\\\/#breadcrumb\"},\"inLanguage\":\"es\",\"potentialAction\":[{\"@type\":\"ReadAction\",\"target\":[\"https:\\\/\\\/plixxent.com\\\/es\\\/terminos-y-condiciones\\\/\"]}]},{\"@type\":\"BreadcrumbList\",\"@id\":\"https:\\\/\\\/plixxent.com\\\/es\\\/terminos-y-condiciones\\\/#breadcrumb\",\"itemListElement\":[{\"@type\":\"ListItem\",\"position\":1,\"name\":\"Home\",\"item\":\"https:\\\/\\\/plixxent.com\\\/es\\\/inicio\\\/\"},{\"@type\":\"ListItem\",\"position\":2,\"name\":\"T\u00e9rminos y condiciones\"}]},{\"@type\":\"WebSite\",\"@id\":\"https:\\\/\\\/plixxent.com\\\/es\\\/#website\",\"url\":\"https:\\\/\\\/plixxent.com\\\/es\\\/\",\"name\":\"PLIXXENT\",\"description\":\"Providing innovative technologies based on polyurethanes\",\"potentialAction\":[{\"@type\":\"SearchAction\",\"target\":{\"@type\":\"EntryPoint\",\"urlTemplate\":\"https:\\\/\\\/plixxent.com\\\/es\\\/?s={search_term_string}\"},\"query-input\":{\"@type\":\"PropertyValueSpecification\",\"valueRequired\":true,\"valueName\":\"search_term_string\"}}],\"inLanguage\":\"es\"}]}<\/script>\n<!-- \/ Yoast SEO plugin. -->","yoast_head_json":{"title":"T\u00e9rminos y condiciones - PLIXXENT","robots":{"index":"index","follow":"follow","max-snippet":"max-snippet:-1","max-image-preview":"max-image-preview:large","max-video-preview":"max-video-preview:-1"},"canonical":"https:\/\/plixxent.com\/es\/terminos-y-condiciones\/","og_locale":"es_ES","og_type":"article","og_title":"T\u00e9rminos y condiciones - PLIXXENT","og_description":"A continuaci\u00f3n encontrar\u00e1 nuestras condiciones generales en formato PDF. Alemania Condiciones de contrataci\u00f3n Allgemeine Einkaufsbedingungen (Deutsch)Condiciones Generales de Compra (Ingl\u00e9s) Condiciones generales de venta Allgemeine Verkaufs- und Lieferbedingungen (Deutsch)Condiciones Generales de Venta (Ingl\u00e9s) Ordenanza sobre incidentes peligrosos Informaci\u00f3n sobre la Ordenanza de Incidentes Peligrosos (alem\u00e1n) Pa\u00edses Bajos Condiciones de contrataci\u00f3n Condiciones generales de compra (ingl\u00e9s) [&hellip;]","og_url":"https:\/\/plixxent.com\/es\/terminos-y-condiciones\/","og_site_name":"PLIXXENT","article_modified_time":"2026-03-03T17:06:44+00:00","og_image":[{"width":1200,"height":675,"url":"https:\/\/plixxent.com\/wp-content\/uploads\/2024\/03\/plixxent_og.jpg","type":"image\/jpeg"}],"twitter_card":"summary_large_image","twitter_misc":{"Tiempo de lectura":"1 minuto"},"schema":{"@context":"https:\/\/schema.org","@graph":[{"@type":"WebPage","@id":"https:\/\/plixxent.com\/es\/terminos-y-condiciones\/","url":"https:\/\/plixxent.com\/es\/terminos-y-condiciones\/","name":"T\u00e9rminos y condiciones - PLIXXENT","isPartOf":{"@id":"https:\/\/plixxent.com\/es\/#website"},"datePublished":"2023-08-14T15:23:50+00:00","dateModified":"2026-03-03T17:06:44+00:00","breadcrumb":{"@id":"https:\/\/plixxent.com\/es\/terminos-y-condiciones\/#breadcrumb"},"inLanguage":"es","potentialAction":[{"@type":"ReadAction","target":["https:\/\/plixxent.com\/es\/terminos-y-condiciones\/"]}]},{"@type":"BreadcrumbList","@id":"https:\/\/plixxent.com\/es\/terminos-y-condiciones\/#breadcrumb","itemListElement":[{"@type":"ListItem","position":1,"name":"Home","item":"https:\/\/plixxent.com\/es\/inicio\/"},{"@type":"ListItem","position":2,"name":"T\u00e9rminos y condiciones"}]},{"@type":"WebSite","@id":"https:\/\/plixxent.com\/es\/#website","url":"https:\/\/plixxent.com\/es\/","name":"PLIXXENT","description":"Providing innovative technologies based on polyurethanes","potentialAction":[{"@type":"SearchAction","target":{"@type":"EntryPoint","urlTemplate":"https:\/\/plixxent.com\/es\/?s={search_term_string}"},"query-input":{"@type":"PropertyValueSpecification","valueRequired":true,"valueName":"search_term_string"}}],"inLanguage":"es"}]}},"_links":{"self":[{"href":"https:\/\/plixxent.com\/es\/wp-json\/wp\/v2\/pages\/5771","targetHints":{"allow":["GET"]}}],"collection":[{"href":"https:\/\/plixxent.com\/es\/wp-json\/wp\/v2\/pages"}],"about":[{"href":"https:\/\/plixxent.com\/es\/wp-json\/wp\/v2\/types\/page"}],"author":[{"embeddable":true,"href":"https:\/\/plixxent.com\/es\/wp-json\/wp\/v2\/users\/1"}],"replies":[{"embeddable":true,"href":"https:\/\/plixxent.com\/es\/wp-json\/wp\/v2\/comments?post=5771"}],"version-history":[{"count":11,"href":"https:\/\/plixxent.com\/es\/wp-json\/wp\/v2\/pages\/5771\/revisions"}],"predecessor-version":[{"id":64399,"href":"https:\/\/plixxent.com\/es\/wp-json\/wp\/v2\/pages\/5771\/revisions\/64399"}],"wp:attachment":[{"href":"https:\/\/plixxent.com\/es\/wp-json\/wp\/v2\/media?parent=5771"}],"curies":[{"name":"wp","href":"https:\/\/api.w.org\/{rel}","templated":true}]}}