{"id":5709,"date":"2023-08-14T17:24:12","date_gmt":"2023-08-14T15:24:12","guid":{"rendered":"https:\/\/plixxent.com\/cumplimiento\/"},"modified":"2025-09-24T08:49:30","modified_gmt":"2025-09-24T06:49:30","slug":"cumplimiento","status":"publish","type":"page","link":"https:\/\/plixxent.com\/es\/cumplimiento\/","title":{"rendered":"Cumplimiento"},"content":{"rendered":"\t\t<div data-elementor-type=\"wp-page\" data-elementor-id=\"5709\" class=\"elementor elementor-5709 elementor-1186\" data-elementor-post-type=\"page\">\n\t\t\t\t<div class=\"elementor-element elementor-element-7e8150c4 e-flex e-con-boxed e-con e-parent\" data-id=\"7e8150c4\" data-element_type=\"container\" data-e-type=\"container\">\n\t\t\t\t\t<div class=\"e-con-inner\">\n\t\t\t\t<div class=\"elementor-element elementor-element-48d1d9f elementor-widget elementor-widget-image\" data-id=\"48d1d9f\" data-element_type=\"widget\" data-e-type=\"widget\" data-widget_type=\"image.default\">\n\t\t\t\t<div class=\"elementor-widget-container\">\n\t\t\t\t\t\t\t\t\t\t\t\t\t\t\t<img fetchpriority=\"high\" decoding=\"async\" width=\"800\" height=\"306\" src=\"https:\/\/plixxent.com\/wp-content\/uploads\/2024\/01\/PLIXXENT-Illu-Nachhaltigkeit.svg\" class=\"attachment-large size-large wp-image-5459\" alt=\"\" \/>\t\t\t\t\t\t\t\t\t\t\t\t\t\t\t<\/div>\n\t\t\t\t<\/div>\n\t\t\t\t<div class=\"elementor-element elementor-element-b8b622c elementor-widget elementor-widget-heading\" data-id=\"b8b622c\" data-element_type=\"widget\" data-e-type=\"widget\" data-widget_type=\"heading.default\">\n\t\t\t\t<div class=\"elementor-widget-container\">\n\t\t\t\t\t<h2 class=\"elementor-heading-title elementor-size-default\">CUMPLIMIENTO - C\u00d3DIGO DE CONDUCTA<\/h2>\t\t\t\t<\/div>\n\t\t\t\t<\/div>\n\t\t\t\t<div class=\"elementor-element elementor-element-43851127 elementor-widget elementor-widget-text-editor\" data-id=\"43851127\" data-element_type=\"widget\" data-e-type=\"widget\" data-widget_type=\"text-editor.default\">\n\t\t\t\t<div class=\"elementor-widget-container\">\n\t\t\t\t\t\t\t\t\t\n<p>Para nosotros, el cumplimiento es un componente esencial para garantizar el \u00e9xito sostenible de nuestra empresa. Nuestro C\u00f3digo de Conducta pretende ayudar a nuestros empleados y socios comerciales a identificar los riesgos de cumplimiento y las posibles acciones ilegales en una fase temprana. Este C\u00f3digo de Conducta establece las normas y pol\u00edticas que seguimos para ayudarnos a cumplir los compromisos de nuestra industria y los de nuestros clientes y proveedores nacionales e internacionales. Nuestras normas se aplican a todas las personas que trabajan para PLIXXENT o en su nombre.   <\/p>\n\n<p>Todos los empleados de PLIXXENT deben adherirse a este C\u00f3digo de Conducta. Nos comprometemos a respetar las leyes y reglamentos nacionales que se aplican a nuestros servicios en todo el mundo. Este C\u00f3digo de Conducta establece el marco legal en el que operamos. Define los principios b\u00e1sicos de nuestra conducta y la relaci\u00f3n con nuestros socios comerciales y el p\u00fablico. Establece los principios de nuestra actuaci\u00f3n empresarial y expresa nuestros valores corporativos.    <\/p>\n\t\t\t\t\t\t\t\t<\/div>\n\t\t\t\t<\/div>\n\t\t\t\t<div class=\"elementor-element elementor-element-9d2fb9d elementor-widget__width-auto e-transform elementor-widget elementor-widget-button\" data-id=\"9d2fb9d\" data-element_type=\"widget\" data-e-type=\"widget\" data-settings=\"{&quot;_transform_skewX_effect_hover&quot;:{&quot;unit&quot;:&quot;px&quot;,&quot;size&quot;:-14,&quot;sizes&quot;:[]},&quot;_transform_skewX_effect_hover_tablet&quot;:{&quot;unit&quot;:&quot;deg&quot;,&quot;size&quot;:&quot;&quot;,&quot;sizes&quot;:[]},&quot;_transform_skewX_effect_hover_mobile&quot;:{&quot;unit&quot;:&quot;deg&quot;,&quot;size&quot;:&quot;&quot;,&quot;sizes&quot;:[]},&quot;_transform_skewY_effect_hover&quot;:{&quot;unit&quot;:&quot;px&quot;,&quot;size&quot;:&quot;&quot;,&quot;sizes&quot;:[]},&quot;_transform_skewY_effect_hover_tablet&quot;:{&quot;unit&quot;:&quot;deg&quot;,&quot;size&quot;:&quot;&quot;,&quot;sizes&quot;:[]},&quot;_transform_skewY_effect_hover_mobile&quot;:{&quot;unit&quot;:&quot;deg&quot;,&quot;size&quot;:&quot;&quot;,&quot;sizes&quot;:[]}}\" data-widget_type=\"button.default\">\n\t\t\t\t<div class=\"elementor-widget-container\">\n\t\t\t\t\t\t\t\t\t<div class=\"elementor-button-wrapper\">\n\t\t\t\t\t<a class=\"elementor-button elementor-button-link elementor-size-sm\" href=\"https:\/\/plixxent.com\/es\/download\/codigo-de-conducta\/\">\n\t\t\t\t\t\t<span class=\"elementor-button-content-wrapper\">\n\t\t\t\t\t\t\t\t\t<span class=\"elementor-button-text\">Descargar CUMPLIMIENTO - C\u00d3DIGO DE CONDUCTA<\/span>\n\t\t\t\t\t<\/span>\n\t\t\t\t\t<\/a>\n\t\t\t\t<\/div>\n\t\t\t\t\t\t\t\t<\/div>\n\t\t\t\t<\/div>\n\t\t\t\t<div class=\"elementor-element elementor-element-70e381a elementor-widget__width-auto e-transform elementor-widget elementor-widget-button\" data-id=\"70e381a\" data-element_type=\"widget\" data-e-type=\"widget\" data-settings=\"{&quot;_transform_skewX_effect_hover&quot;:{&quot;unit&quot;:&quot;px&quot;,&quot;size&quot;:-14,&quot;sizes&quot;:[]},&quot;_transform_skewX_effect_hover_tablet&quot;:{&quot;unit&quot;:&quot;deg&quot;,&quot;size&quot;:&quot;&quot;,&quot;sizes&quot;:[]},&quot;_transform_skewX_effect_hover_mobile&quot;:{&quot;unit&quot;:&quot;deg&quot;,&quot;size&quot;:&quot;&quot;,&quot;sizes&quot;:[]},&quot;_transform_skewY_effect_hover&quot;:{&quot;unit&quot;:&quot;px&quot;,&quot;size&quot;:&quot;&quot;,&quot;sizes&quot;:[]},&quot;_transform_skewY_effect_hover_tablet&quot;:{&quot;unit&quot;:&quot;deg&quot;,&quot;size&quot;:&quot;&quot;,&quot;sizes&quot;:[]},&quot;_transform_skewY_effect_hover_mobile&quot;:{&quot;unit&quot;:&quot;deg&quot;,&quot;size&quot;:&quot;&quot;,&quot;sizes&quot;:[]}}\" data-widget_type=\"button.default\">\n\t\t\t\t<div class=\"elementor-widget-container\">\n\t\t\t\t\t\t\t\t\t<div class=\"elementor-button-wrapper\">\n\t\t\t\t\t<a class=\"elementor-button elementor-button-link elementor-size-sm\" href=\"https:\/\/plixxent.com\/es\/download\/codigo-de-conducta-para-proveedores-ingles\/\">\n\t\t\t\t\t\t<span class=\"elementor-button-content-wrapper\">\n\t\t\t\t\t\t\t\t\t<span class=\"elementor-button-text\">Descargar el c\u00f3digo de conducta para proveedores<\/span>\n\t\t\t\t\t<\/span>\n\t\t\t\t\t<\/a>\n\t\t\t\t<\/div>\n\t\t\t\t\t\t\t\t<\/div>\n\t\t\t\t<\/div>\n\t\t\t\t\t<\/div>\n\t\t\t\t<\/div>\n\t\t\t\t<\/div>\n\t\t","protected":false},"excerpt":{"rendered":"<p>CUMPLIMIENTO &#8211; C\u00d3DIGO DE CONDUCTA Para nosotros, el cumplimiento es un componente esencial para garantizar el \u00e9xito sostenible de nuestra empresa. Nuestro C\u00f3digo de Conducta pretende ayudar a nuestros empleados y socios comerciales a identificar los riesgos de cumplimiento y las posibles acciones ilegales en una fase temprana. Este C\u00f3digo de Conducta establece las normas [&hellip;]<\/p>\n","protected":false},"author":1,"featured_media":57120,"parent":0,"menu_order":0,"comment_status":"closed","ping_status":"closed","template":"","meta":{"footnotes":""},"class_list":["post-5709","page","type-page","status-publish","has-post-thumbnail","hentry"],"yoast_head":"<!-- This site is optimized with the Yoast SEO plugin v27.3 - https:\/\/yoast.com\/product\/yoast-seo-wordpress\/ -->\n<title>Cumplimiento - PLIXXENT<\/title>\n<meta name=\"robots\" content=\"index, follow, max-snippet:-1, max-image-preview:large, max-video-preview:-1\" \/>\n<link rel=\"canonical\" href=\"https:\/\/plixxent.com\/es\/cumplimiento\/\" \/>\n<meta property=\"og:locale\" content=\"es_ES\" \/>\n<meta property=\"og:type\" content=\"article\" \/>\n<meta property=\"og:title\" content=\"Cumplimiento - PLIXXENT\" \/>\n<meta property=\"og:description\" content=\"CUMPLIMIENTO &#8211; C\u00d3DIGO DE CONDUCTA Para nosotros, el cumplimiento es un componente esencial para garantizar el \u00e9xito sostenible de nuestra empresa. Nuestro C\u00f3digo de Conducta pretende ayudar a nuestros empleados y socios comerciales a identificar los riesgos de cumplimiento y las posibles acciones ilegales en una fase temprana. Este C\u00f3digo de Conducta establece las normas [&hellip;]\" \/>\n<meta property=\"og:url\" content=\"https:\/\/plixxent.com\/es\/cumplimiento\/\" \/>\n<meta property=\"og:site_name\" content=\"PLIXXENT\" \/>\n<meta property=\"article:modified_time\" content=\"2025-09-24T06:49:30+00:00\" \/>\n<meta property=\"og:image\" content=\"https:\/\/plixxent.com\/wp-content\/uploads\/2024\/02\/PLIXXENT-Illu-Nachhaltigkeit-1.jpg\" \/>\n\t<meta property=\"og:image:width\" content=\"2560\" \/>\n\t<meta property=\"og:image:height\" content=\"780\" \/>\n\t<meta property=\"og:image:type\" content=\"image\/jpeg\" \/>\n<meta name=\"twitter:card\" content=\"summary_large_image\" \/>\n<meta name=\"twitter:label1\" content=\"Tiempo de lectura\" \/>\n\t<meta name=\"twitter:data1\" content=\"1 minuto\" \/>\n<script type=\"application\/ld+json\" class=\"yoast-schema-graph\">{\"@context\":\"https:\\\/\\\/schema.org\",\"@graph\":[{\"@type\":\"WebPage\",\"@id\":\"https:\\\/\\\/plixxent.com\\\/es\\\/cumplimiento\\\/\",\"url\":\"https:\\\/\\\/plixxent.com\\\/es\\\/cumplimiento\\\/\",\"name\":\"Cumplimiento - PLIXXENT\",\"isPartOf\":{\"@id\":\"https:\\\/\\\/plixxent.com\\\/es\\\/#website\"},\"primaryImageOfPage\":{\"@id\":\"https:\\\/\\\/plixxent.com\\\/es\\\/cumplimiento\\\/#primaryimage\"},\"image\":{\"@id\":\"https:\\\/\\\/plixxent.com\\\/es\\\/cumplimiento\\\/#primaryimage\"},\"thumbnailUrl\":\"https:\\\/\\\/plixxent.com\\\/wp-content\\\/uploads\\\/2024\\\/02\\\/PLIXXENT-Illu-Nachhaltigkeit-1.jpg\",\"datePublished\":\"2023-08-14T15:24:12+00:00\",\"dateModified\":\"2025-09-24T06:49:30+00:00\",\"breadcrumb\":{\"@id\":\"https:\\\/\\\/plixxent.com\\\/es\\\/cumplimiento\\\/#breadcrumb\"},\"inLanguage\":\"es\",\"potentialAction\":[{\"@type\":\"ReadAction\",\"target\":[\"https:\\\/\\\/plixxent.com\\\/es\\\/cumplimiento\\\/\"]}]},{\"@type\":\"ImageObject\",\"inLanguage\":\"es\",\"@id\":\"https:\\\/\\\/plixxent.com\\\/es\\\/cumplimiento\\\/#primaryimage\",\"url\":\"https:\\\/\\\/plixxent.com\\\/wp-content\\\/uploads\\\/2024\\\/02\\\/PLIXXENT-Illu-Nachhaltigkeit-1.jpg\",\"contentUrl\":\"https:\\\/\\\/plixxent.com\\\/wp-content\\\/uploads\\\/2024\\\/02\\\/PLIXXENT-Illu-Nachhaltigkeit-1.jpg\",\"width\":2560,\"height\":780},{\"@type\":\"BreadcrumbList\",\"@id\":\"https:\\\/\\\/plixxent.com\\\/es\\\/cumplimiento\\\/#breadcrumb\",\"itemListElement\":[{\"@type\":\"ListItem\",\"position\":1,\"name\":\"Home\",\"item\":\"https:\\\/\\\/plixxent.com\\\/es\\\/inicio\\\/\"},{\"@type\":\"ListItem\",\"position\":2,\"name\":\"Cumplimiento\"}]},{\"@type\":\"WebSite\",\"@id\":\"https:\\\/\\\/plixxent.com\\\/es\\\/#website\",\"url\":\"https:\\\/\\\/plixxent.com\\\/es\\\/\",\"name\":\"PLIXXENT\",\"description\":\"Providing innovative technologies based on polyurethanes\",\"potentialAction\":[{\"@type\":\"SearchAction\",\"target\":{\"@type\":\"EntryPoint\",\"urlTemplate\":\"https:\\\/\\\/plixxent.com\\\/es\\\/?s={search_term_string}\"},\"query-input\":{\"@type\":\"PropertyValueSpecification\",\"valueRequired\":true,\"valueName\":\"search_term_string\"}}],\"inLanguage\":\"es\"}]}<\/script>\n<!-- \/ Yoast SEO plugin. -->","yoast_head_json":{"title":"Cumplimiento - PLIXXENT","robots":{"index":"index","follow":"follow","max-snippet":"max-snippet:-1","max-image-preview":"max-image-preview:large","max-video-preview":"max-video-preview:-1"},"canonical":"https:\/\/plixxent.com\/es\/cumplimiento\/","og_locale":"es_ES","og_type":"article","og_title":"Cumplimiento - PLIXXENT","og_description":"CUMPLIMIENTO &#8211; C\u00d3DIGO DE CONDUCTA Para nosotros, el cumplimiento es un componente esencial para garantizar el \u00e9xito sostenible de nuestra empresa. Nuestro C\u00f3digo de Conducta pretende ayudar a nuestros empleados y socios comerciales a identificar los riesgos de cumplimiento y las posibles acciones ilegales en una fase temprana. Este C\u00f3digo de Conducta establece las normas [&hellip;]","og_url":"https:\/\/plixxent.com\/es\/cumplimiento\/","og_site_name":"PLIXXENT","article_modified_time":"2025-09-24T06:49:30+00:00","og_image":[{"width":2560,"height":780,"url":"https:\/\/plixxent.com\/wp-content\/uploads\/2024\/02\/PLIXXENT-Illu-Nachhaltigkeit-1.jpg","type":"image\/jpeg"}],"twitter_card":"summary_large_image","twitter_misc":{"Tiempo de lectura":"1 minuto"},"schema":{"@context":"https:\/\/schema.org","@graph":[{"@type":"WebPage","@id":"https:\/\/plixxent.com\/es\/cumplimiento\/","url":"https:\/\/plixxent.com\/es\/cumplimiento\/","name":"Cumplimiento - PLIXXENT","isPartOf":{"@id":"https:\/\/plixxent.com\/es\/#website"},"primaryImageOfPage":{"@id":"https:\/\/plixxent.com\/es\/cumplimiento\/#primaryimage"},"image":{"@id":"https:\/\/plixxent.com\/es\/cumplimiento\/#primaryimage"},"thumbnailUrl":"https:\/\/plixxent.com\/wp-content\/uploads\/2024\/02\/PLIXXENT-Illu-Nachhaltigkeit-1.jpg","datePublished":"2023-08-14T15:24:12+00:00","dateModified":"2025-09-24T06:49:30+00:00","breadcrumb":{"@id":"https:\/\/plixxent.com\/es\/cumplimiento\/#breadcrumb"},"inLanguage":"es","potentialAction":[{"@type":"ReadAction","target":["https:\/\/plixxent.com\/es\/cumplimiento\/"]}]},{"@type":"ImageObject","inLanguage":"es","@id":"https:\/\/plixxent.com\/es\/cumplimiento\/#primaryimage","url":"https:\/\/plixxent.com\/wp-content\/uploads\/2024\/02\/PLIXXENT-Illu-Nachhaltigkeit-1.jpg","contentUrl":"https:\/\/plixxent.com\/wp-content\/uploads\/2024\/02\/PLIXXENT-Illu-Nachhaltigkeit-1.jpg","width":2560,"height":780},{"@type":"BreadcrumbList","@id":"https:\/\/plixxent.com\/es\/cumplimiento\/#breadcrumb","itemListElement":[{"@type":"ListItem","position":1,"name":"Home","item":"https:\/\/plixxent.com\/es\/inicio\/"},{"@type":"ListItem","position":2,"name":"Cumplimiento"}]},{"@type":"WebSite","@id":"https:\/\/plixxent.com\/es\/#website","url":"https:\/\/plixxent.com\/es\/","name":"PLIXXENT","description":"Providing innovative technologies based on polyurethanes","potentialAction":[{"@type":"SearchAction","target":{"@type":"EntryPoint","urlTemplate":"https:\/\/plixxent.com\/es\/?s={search_term_string}"},"query-input":{"@type":"PropertyValueSpecification","valueRequired":true,"valueName":"search_term_string"}}],"inLanguage":"es"}]}},"_links":{"self":[{"href":"https:\/\/plixxent.com\/es\/wp-json\/wp\/v2\/pages\/5709","targetHints":{"allow":["GET"]}}],"collection":[{"href":"https:\/\/plixxent.com\/es\/wp-json\/wp\/v2\/pages"}],"about":[{"href":"https:\/\/plixxent.com\/es\/wp-json\/wp\/v2\/types\/page"}],"author":[{"embeddable":true,"href":"https:\/\/plixxent.com\/es\/wp-json\/wp\/v2\/users\/1"}],"replies":[{"embeddable":true,"href":"https:\/\/plixxent.com\/es\/wp-json\/wp\/v2\/comments?post=5709"}],"version-history":[{"count":6,"href":"https:\/\/plixxent.com\/es\/wp-json\/wp\/v2\/pages\/5709\/revisions"}],"predecessor-version":[{"id":63832,"href":"https:\/\/plixxent.com\/es\/wp-json\/wp\/v2\/pages\/5709\/revisions\/63832"}],"wp:featuredmedia":[{"embeddable":true,"href":"https:\/\/plixxent.com\/es\/wp-json\/wp\/v2\/media\/57120"}],"wp:attachment":[{"href":"https:\/\/plixxent.com\/es\/wp-json\/wp\/v2\/media?parent=5709"}],"curies":[{"name":"wp","href":"https:\/\/api.w.org\/{rel}","templated":true}]}}