{"id":64079,"date":"2025-11-10T10:47:01","date_gmt":"2025-11-10T09:47:01","guid":{"rendered":"https:\/\/plixxent.com\/wichtige-datenschutzinformationen\/"},"modified":"2025-11-10T12:08:39","modified_gmt":"2025-11-10T11:08:39","slug":"wichtige-datenschutzinformationen","status":"publish","type":"page","link":"https:\/\/plixxent.com\/de\/wichtige-datenschutzinformationen\/","title":{"rendered":"Wichtige &#8211; Datenschutzinformationen*"},"content":{"rendered":"\n<p>Sehr geehrte Damen und Herren,<\/p>\n\n<p>leider wurde der extern betriebene Webshop unseres Unternehmens am 27. Oktober 2025 Opfer eines Cyberangriffs. Unser IT-Dienstleister hat den Webshop daraufhin umgehend vom Netz genommen und ihn mithilfe von Cybersicherheitsexperten \u00fcberpr\u00fcft. Wir sind zuversichtlich, dass die schnelle Reaktion unserer IT-Experten gr\u00f6\u00dfere Sch\u00e4den verhindern konnte.  <\/p>\n\n<p>Da der Angriff in einem relativ kurzen Zeitraum stattfand, ist unklar, inwieweit Daten unserer Kunden gestohlen wurden. Da ein Datenleck jedoch nicht ausgeschlossen werden kann, haben wir vorsorglich die Landesbeauftragte f\u00fcr Datenschutz in Niedersachsen sowie andere Datenschutzbeh\u00f6rden an unseren europ\u00e4ischen Standorten informiert. Zu den m\u00f6glicherweise betroffenen Daten geh\u00f6ren Nachname, Vorname, Kundennummer, Kontaktdaten und bestimmte vertragsbezogene Informationen.  <\/p>\n\n<p>Vorsorglich weisen wir darauf hin, dass die Angreifer gestohlene Daten m\u00f6glicherweise f\u00fcr Phishing-Versuche, Identit\u00e4tsdiebstahl oder Betrug verwenden und missbrauchen k\u00f6nnten. Wenn Sie E-Mails, WhatsApp-Nachrichten, Sprachnachrichten oder andere Nachrichten erhalten, die Ihnen verd\u00e4chtig vorkommen, geben Sie keine sensiblen Daten preis. <\/p>\n\n<p>Die weitere Untersuchung des Vorfalls wird in K\u00fcrze abgeschlossen sein. Wir werden unseren Webshop neu aufbauen und so schnell wie m\u00f6glich wieder in Betrieb nehmen. <\/p>\n\n<p>Vielen Dank f\u00fcr Ihr Verst\u00e4ndnis!<\/p>\n\n<p>* Unter anderem in \u00dcbereinstimmung mit Art. 34 Abs. 1, Abs. 3 (c) DSGVO  <\/p>\n\n<p><\/p>\n","protected":false},"excerpt":{"rendered":"<p>Sehr geehrte Damen und Herren, leider wurde der extern betriebene Webshop unseres Unternehmens am 27. Oktober 2025 Opfer eines Cyberangriffs. Unser IT-Dienstleister hat den Webshop daraufhin umgehend vom Netz genommen und ihn mithilfe von Cybersicherheitsexperten \u00fcberpr\u00fcft. Wir sind zuversichtlich, dass die schnelle Reaktion unserer IT-Experten gr\u00f6\u00dfere Sch\u00e4den verhindern konnte. Da der Angriff in einem relativ [&hellip;]<\/p>\n","protected":false},"author":2,"featured_media":64136,"parent":0,"menu_order":0,"comment_status":"closed","ping_status":"closed","template":"","meta":{"footnotes":""},"class_list":["post-64079","page","type-page","status-publish","has-post-thumbnail","hentry"],"yoast_head":"<!-- This site is optimized with the Yoast SEO plugin v27.4 - https:\/\/yoast.com\/product\/yoast-seo-wordpress\/ -->\n<title>Wichtige - Datenschutzinformationen* - PLIXXENT<\/title>\n<meta name=\"robots\" content=\"index, follow, max-snippet:-1, max-image-preview:large, max-video-preview:-1\" \/>\n<link rel=\"canonical\" href=\"https:\/\/plixxent.com\/de\/wichtige-datenschutzinformationen\/\" \/>\n<meta property=\"og:locale\" content=\"de_DE\" \/>\n<meta property=\"og:type\" content=\"article\" \/>\n<meta property=\"og:title\" content=\"Wichtige - Datenschutzinformationen* - PLIXXENT\" \/>\n<meta property=\"og:description\" content=\"Sehr geehrte Damen und Herren, leider wurde der extern betriebene Webshop unseres Unternehmens am 27. Oktober 2025 Opfer eines Cyberangriffs. Unser IT-Dienstleister hat den Webshop daraufhin umgehend vom Netz genommen und ihn mithilfe von Cybersicherheitsexperten \u00fcberpr\u00fcft. Wir sind zuversichtlich, dass die schnelle Reaktion unserer IT-Experten gr\u00f6\u00dfere Sch\u00e4den verhindern konnte. Da der Angriff in einem relativ [&hellip;]\" \/>\n<meta property=\"og:url\" content=\"https:\/\/plixxent.com\/de\/wichtige-datenschutzinformationen\/\" \/>\n<meta property=\"og:site_name\" content=\"PLIXXENT\" \/>\n<meta property=\"article:modified_time\" content=\"2025-11-10T11:08:39+00:00\" \/>\n<meta property=\"og:image\" content=\"https:\/\/plixxent.com\/wp-content\/uploads\/2025\/11\/1133350536_Tropfen.jpg\" \/>\n\t<meta property=\"og:image:width\" content=\"2000\" \/>\n\t<meta property=\"og:image:height\" content=\"1174\" \/>\n\t<meta property=\"og:image:type\" content=\"image\/jpeg\" \/>\n<meta name=\"twitter:card\" content=\"summary_large_image\" \/>\n<meta name=\"twitter:label1\" content=\"Gesch\u00e4tzte Lesezeit\" \/>\n\t<meta name=\"twitter:data1\" content=\"1\u00a0Minute\" \/>\n<script type=\"application\/ld+json\" class=\"yoast-schema-graph\">{\"@context\":\"https:\\\/\\\/schema.org\",\"@graph\":[{\"@type\":\"WebPage\",\"@id\":\"https:\\\/\\\/plixxent.com\\\/de\\\/wichtige-datenschutzinformationen\\\/\",\"url\":\"https:\\\/\\\/plixxent.com\\\/de\\\/wichtige-datenschutzinformationen\\\/\",\"name\":\"Wichtige - Datenschutzinformationen* - PLIXXENT\",\"isPartOf\":{\"@id\":\"https:\\\/\\\/plixxent.com\\\/de\\\/#website\"},\"primaryImageOfPage\":{\"@id\":\"https:\\\/\\\/plixxent.com\\\/de\\\/wichtige-datenschutzinformationen\\\/#primaryimage\"},\"image\":{\"@id\":\"https:\\\/\\\/plixxent.com\\\/de\\\/wichtige-datenschutzinformationen\\\/#primaryimage\"},\"thumbnailUrl\":\"https:\\\/\\\/plixxent.com\\\/wp-content\\\/uploads\\\/2025\\\/11\\\/1133350536_Tropfen.jpg\",\"datePublished\":\"2025-11-10T09:47:01+00:00\",\"dateModified\":\"2025-11-10T11:08:39+00:00\",\"breadcrumb\":{\"@id\":\"https:\\\/\\\/plixxent.com\\\/de\\\/wichtige-datenschutzinformationen\\\/#breadcrumb\"},\"inLanguage\":\"de\",\"potentialAction\":[{\"@type\":\"ReadAction\",\"target\":[\"https:\\\/\\\/plixxent.com\\\/de\\\/wichtige-datenschutzinformationen\\\/\"]}]},{\"@type\":\"ImageObject\",\"inLanguage\":\"de\",\"@id\":\"https:\\\/\\\/plixxent.com\\\/de\\\/wichtige-datenschutzinformationen\\\/#primaryimage\",\"url\":\"https:\\\/\\\/plixxent.com\\\/wp-content\\\/uploads\\\/2025\\\/11\\\/1133350536_Tropfen.jpg\",\"contentUrl\":\"https:\\\/\\\/plixxent.com\\\/wp-content\\\/uploads\\\/2025\\\/11\\\/1133350536_Tropfen.jpg\",\"width\":2000,\"height\":1174},{\"@type\":\"BreadcrumbList\",\"@id\":\"https:\\\/\\\/plixxent.com\\\/de\\\/wichtige-datenschutzinformationen\\\/#breadcrumb\",\"itemListElement\":[{\"@type\":\"ListItem\",\"position\":1,\"name\":\"Home\",\"item\":\"https:\\\/\\\/plixxent.com\\\/de\\\/startseite\\\/\"},{\"@type\":\"ListItem\",\"position\":2,\"name\":\"Wichtige &#8211; Datenschutzinformationen*\"}]},{\"@type\":\"WebSite\",\"@id\":\"https:\\\/\\\/plixxent.com\\\/de\\\/#website\",\"url\":\"https:\\\/\\\/plixxent.com\\\/de\\\/\",\"name\":\"PLIXXENT\",\"description\":\"Providing innovative technologies based on polyurethanes\",\"potentialAction\":[{\"@type\":\"SearchAction\",\"target\":{\"@type\":\"EntryPoint\",\"urlTemplate\":\"https:\\\/\\\/plixxent.com\\\/de\\\/?s={search_term_string}\"},\"query-input\":{\"@type\":\"PropertyValueSpecification\",\"valueRequired\":true,\"valueName\":\"search_term_string\"}}],\"inLanguage\":\"de\"}]}<\/script>\n<!-- \/ Yoast SEO plugin. -->","yoast_head_json":{"title":"Wichtige - Datenschutzinformationen* - PLIXXENT","robots":{"index":"index","follow":"follow","max-snippet":"max-snippet:-1","max-image-preview":"max-image-preview:large","max-video-preview":"max-video-preview:-1"},"canonical":"https:\/\/plixxent.com\/de\/wichtige-datenschutzinformationen\/","og_locale":"de_DE","og_type":"article","og_title":"Wichtige - Datenschutzinformationen* - PLIXXENT","og_description":"Sehr geehrte Damen und Herren, leider wurde der extern betriebene Webshop unseres Unternehmens am 27. Oktober 2025 Opfer eines Cyberangriffs. Unser IT-Dienstleister hat den Webshop daraufhin umgehend vom Netz genommen und ihn mithilfe von Cybersicherheitsexperten \u00fcberpr\u00fcft. Wir sind zuversichtlich, dass die schnelle Reaktion unserer IT-Experten gr\u00f6\u00dfere Sch\u00e4den verhindern konnte. Da der Angriff in einem relativ [&hellip;]","og_url":"https:\/\/plixxent.com\/de\/wichtige-datenschutzinformationen\/","og_site_name":"PLIXXENT","article_modified_time":"2025-11-10T11:08:39+00:00","og_image":[{"width":2000,"height":1174,"url":"https:\/\/plixxent.com\/wp-content\/uploads\/2025\/11\/1133350536_Tropfen.jpg","type":"image\/jpeg"}],"twitter_card":"summary_large_image","twitter_misc":{"Gesch\u00e4tzte Lesezeit":"1\u00a0Minute"},"schema":{"@context":"https:\/\/schema.org","@graph":[{"@type":"WebPage","@id":"https:\/\/plixxent.com\/de\/wichtige-datenschutzinformationen\/","url":"https:\/\/plixxent.com\/de\/wichtige-datenschutzinformationen\/","name":"Wichtige - Datenschutzinformationen* - PLIXXENT","isPartOf":{"@id":"https:\/\/plixxent.com\/de\/#website"},"primaryImageOfPage":{"@id":"https:\/\/plixxent.com\/de\/wichtige-datenschutzinformationen\/#primaryimage"},"image":{"@id":"https:\/\/plixxent.com\/de\/wichtige-datenschutzinformationen\/#primaryimage"},"thumbnailUrl":"https:\/\/plixxent.com\/wp-content\/uploads\/2025\/11\/1133350536_Tropfen.jpg","datePublished":"2025-11-10T09:47:01+00:00","dateModified":"2025-11-10T11:08:39+00:00","breadcrumb":{"@id":"https:\/\/plixxent.com\/de\/wichtige-datenschutzinformationen\/#breadcrumb"},"inLanguage":"de","potentialAction":[{"@type":"ReadAction","target":["https:\/\/plixxent.com\/de\/wichtige-datenschutzinformationen\/"]}]},{"@type":"ImageObject","inLanguage":"de","@id":"https:\/\/plixxent.com\/de\/wichtige-datenschutzinformationen\/#primaryimage","url":"https:\/\/plixxent.com\/wp-content\/uploads\/2025\/11\/1133350536_Tropfen.jpg","contentUrl":"https:\/\/plixxent.com\/wp-content\/uploads\/2025\/11\/1133350536_Tropfen.jpg","width":2000,"height":1174},{"@type":"BreadcrumbList","@id":"https:\/\/plixxent.com\/de\/wichtige-datenschutzinformationen\/#breadcrumb","itemListElement":[{"@type":"ListItem","position":1,"name":"Home","item":"https:\/\/plixxent.com\/de\/startseite\/"},{"@type":"ListItem","position":2,"name":"Wichtige &#8211; Datenschutzinformationen*"}]},{"@type":"WebSite","@id":"https:\/\/plixxent.com\/de\/#website","url":"https:\/\/plixxent.com\/de\/","name":"PLIXXENT","description":"Providing innovative technologies based on polyurethanes","potentialAction":[{"@type":"SearchAction","target":{"@type":"EntryPoint","urlTemplate":"https:\/\/plixxent.com\/de\/?s={search_term_string}"},"query-input":{"@type":"PropertyValueSpecification","valueRequired":true,"valueName":"search_term_string"}}],"inLanguage":"de"}]}},"_links":{"self":[{"href":"https:\/\/plixxent.com\/de\/wp-json\/wp\/v2\/pages\/64079","targetHints":{"allow":["GET"]}}],"collection":[{"href":"https:\/\/plixxent.com\/de\/wp-json\/wp\/v2\/pages"}],"about":[{"href":"https:\/\/plixxent.com\/de\/wp-json\/wp\/v2\/types\/page"}],"author":[{"embeddable":true,"href":"https:\/\/plixxent.com\/de\/wp-json\/wp\/v2\/users\/2"}],"replies":[{"embeddable":true,"href":"https:\/\/plixxent.com\/de\/wp-json\/wp\/v2\/comments?post=64079"}],"version-history":[{"count":3,"href":"https:\/\/plixxent.com\/de\/wp-json\/wp\/v2\/pages\/64079\/revisions"}],"predecessor-version":[{"id":64102,"href":"https:\/\/plixxent.com\/de\/wp-json\/wp\/v2\/pages\/64079\/revisions\/64102"}],"wp:featuredmedia":[{"embeddable":true,"href":"https:\/\/plixxent.com\/de\/wp-json\/wp\/v2\/media\/64136"}],"wp:attachment":[{"href":"https:\/\/plixxent.com\/de\/wp-json\/wp\/v2\/media?parent=64079"}],"curies":[{"name":"wp","href":"https:\/\/api.w.org\/{rel}","templated":true}]}}