{"id":5798,"date":"2023-08-14T17:24:12","date_gmt":"2023-08-14T15:24:12","guid":{"rendered":"https:\/\/plixxent.com\/compliance\/"},"modified":"2025-09-24T08:49:31","modified_gmt":"2025-09-24T06:49:31","slug":"compliance","status":"publish","type":"page","link":"https:\/\/plixxent.com\/de\/compliance\/","title":{"rendered":"Compliance"},"content":{"rendered":"\t\t<div data-elementor-type=\"wp-page\" data-elementor-id=\"5798\" class=\"elementor elementor-5798 elementor-1186\" data-elementor-post-type=\"page\">\n\t\t\t\t<div class=\"elementor-element elementor-element-7e8150c4 e-flex e-con-boxed e-con e-parent\" data-id=\"7e8150c4\" data-element_type=\"container\" data-e-type=\"container\">\n\t\t\t\t\t<div class=\"e-con-inner\">\n\t\t\t\t<div class=\"elementor-element elementor-element-48d1d9f elementor-widget elementor-widget-image\" data-id=\"48d1d9f\" data-element_type=\"widget\" data-e-type=\"widget\" data-widget_type=\"image.default\">\n\t\t\t\t<div class=\"elementor-widget-container\">\n\t\t\t\t\t\t\t\t\t\t\t\t\t\t\t<img fetchpriority=\"high\" decoding=\"async\" width=\"800\" height=\"306\" src=\"https:\/\/plixxent.com\/wp-content\/uploads\/2024\/01\/PLIXXENT-Illu-Nachhaltigkeit.svg\" class=\"attachment-large size-large wp-image-5456\" alt=\"\" \/>\t\t\t\t\t\t\t\t\t\t\t\t\t\t\t<\/div>\n\t\t\t\t<\/div>\n\t\t\t\t<div class=\"elementor-element elementor-element-b8b622c elementor-widget elementor-widget-heading\" data-id=\"b8b622c\" data-element_type=\"widget\" data-e-type=\"widget\" data-widget_type=\"heading.default\">\n\t\t\t\t<div class=\"elementor-widget-container\">\n\t\t\t\t\t<h2 class=\"elementor-heading-title elementor-size-default\">COMPLIANCE - VERHALTENSKODEX<\/h2>\t\t\t\t<\/div>\n\t\t\t\t<\/div>\n\t\t\t\t<div class=\"elementor-element elementor-element-43851127 elementor-widget elementor-widget-text-editor\" data-id=\"43851127\" data-element_type=\"widget\" data-e-type=\"widget\" data-widget_type=\"text-editor.default\">\n\t\t\t\t<div class=\"elementor-widget-container\">\n\t\t\t\t\t\t\t\t\t\n<p>F\u00fcr uns ist die Einhaltung von Vorschriften ein wesentlicher Bestandteil, um den nachhaltigen Erfolg unseres Unternehmens zu gew\u00e4hrleisten. Unser Verhaltenskodex soll unseren Mitarbeitern und Gesch\u00e4ftspartnern helfen, Compliance-Risiken und m\u00f6gliche unrechtm\u00e4\u00dfige Handlungen fr\u00fchzeitig zu erkennen. Dieser Verhaltenskodex legt die Standards und Richtlinien fest, die wir befolgen, damit wir die Verpflichtungen unserer Branche und die unserer nationalen und internationalen Kunden und Lieferanten erf\u00fcllen k\u00f6nnen. Unsere Standards gelten f\u00fcr jeden, der f\u00fcr oder im Namen von PLIXXENT arbeitet.   <\/p>\n\n<p>Alle Mitarbeiter von PLIXXENT m\u00fcssen sich an diesen Verhaltenskodex halten. Wir verpflichten uns, die Gesetze und Vorschriften der L\u00e4nder einzuhalten, die f\u00fcr unsere Dienstleistungen auf der ganzen Welt gelten. Dieser Verhaltenskodex legt den rechtlichen Rahmen fest, innerhalb dessen wir arbeiten. Er definiert die grundlegenden Prinzipien f\u00fcr unser Verhalten und die Beziehung zu unseren Gesch\u00e4ftspartnern und der \u00d6ffentlichkeit. Er legt die Grunds\u00e4tze unseres unternehmerischen Handelns fest und bringt unsere Unternehmenswerte zum Ausdruck.    <\/p>\n\t\t\t\t\t\t\t\t<\/div>\n\t\t\t\t<\/div>\n\t\t\t\t<div class=\"elementor-element elementor-element-9d2fb9d elementor-widget__width-auto e-transform elementor-widget elementor-widget-button\" data-id=\"9d2fb9d\" data-element_type=\"widget\" data-e-type=\"widget\" data-settings=\"{&quot;_transform_skewX_effect_hover&quot;:{&quot;unit&quot;:&quot;px&quot;,&quot;size&quot;:-14,&quot;sizes&quot;:[]},&quot;_transform_skewX_effect_hover_tablet&quot;:{&quot;unit&quot;:&quot;deg&quot;,&quot;size&quot;:&quot;&quot;,&quot;sizes&quot;:[]},&quot;_transform_skewX_effect_hover_mobile&quot;:{&quot;unit&quot;:&quot;deg&quot;,&quot;size&quot;:&quot;&quot;,&quot;sizes&quot;:[]},&quot;_transform_skewY_effect_hover&quot;:{&quot;unit&quot;:&quot;px&quot;,&quot;size&quot;:&quot;&quot;,&quot;sizes&quot;:[]},&quot;_transform_skewY_effect_hover_tablet&quot;:{&quot;unit&quot;:&quot;deg&quot;,&quot;size&quot;:&quot;&quot;,&quot;sizes&quot;:[]},&quot;_transform_skewY_effect_hover_mobile&quot;:{&quot;unit&quot;:&quot;deg&quot;,&quot;size&quot;:&quot;&quot;,&quot;sizes&quot;:[]}}\" data-widget_type=\"button.default\">\n\t\t\t\t<div class=\"elementor-widget-container\">\n\t\t\t\t\t\t\t\t\t<div class=\"elementor-button-wrapper\">\n\t\t\t\t\t<a class=\"elementor-button elementor-button-link elementor-size-sm\" href=\"https:\/\/plixxent.com\/de\/download\/verhaltenskodex\/\">\n\t\t\t\t\t\t<span class=\"elementor-button-content-wrapper\">\n\t\t\t\t\t\t\t\t\t<span class=\"elementor-button-text\">Download COMPLIANCE - VERHALTENSKODEX<\/span>\n\t\t\t\t\t<\/span>\n\t\t\t\t\t<\/a>\n\t\t\t\t<\/div>\n\t\t\t\t\t\t\t\t<\/div>\n\t\t\t\t<\/div>\n\t\t\t\t<div class=\"elementor-element elementor-element-70e381a elementor-widget__width-auto e-transform elementor-widget elementor-widget-button\" data-id=\"70e381a\" data-element_type=\"widget\" data-e-type=\"widget\" data-settings=\"{&quot;_transform_skewX_effect_hover&quot;:{&quot;unit&quot;:&quot;px&quot;,&quot;size&quot;:-14,&quot;sizes&quot;:[]},&quot;_transform_skewX_effect_hover_tablet&quot;:{&quot;unit&quot;:&quot;deg&quot;,&quot;size&quot;:&quot;&quot;,&quot;sizes&quot;:[]},&quot;_transform_skewX_effect_hover_mobile&quot;:{&quot;unit&quot;:&quot;deg&quot;,&quot;size&quot;:&quot;&quot;,&quot;sizes&quot;:[]},&quot;_transform_skewY_effect_hover&quot;:{&quot;unit&quot;:&quot;px&quot;,&quot;size&quot;:&quot;&quot;,&quot;sizes&quot;:[]},&quot;_transform_skewY_effect_hover_tablet&quot;:{&quot;unit&quot;:&quot;deg&quot;,&quot;size&quot;:&quot;&quot;,&quot;sizes&quot;:[]},&quot;_transform_skewY_effect_hover_mobile&quot;:{&quot;unit&quot;:&quot;deg&quot;,&quot;size&quot;:&quot;&quot;,&quot;sizes&quot;:[]}}\" data-widget_type=\"button.default\">\n\t\t\t\t<div class=\"elementor-widget-container\">\n\t\t\t\t\t\t\t\t\t<div class=\"elementor-button-wrapper\">\n\t\t\t\t\t<a class=\"elementor-button elementor-button-link elementor-size-sm\" href=\"https:\/\/plixxent.com\/de\/download\/verhaltenskodex-fuer-lieferanten-englisch\/\">\n\t\t\t\t\t\t<span class=\"elementor-button-content-wrapper\">\n\t\t\t\t\t\t\t\t\t<span class=\"elementor-button-text\">Download Compliance \u2013 Verhaltenskodex f\u00fcr Lieferanten<\/span>\n\t\t\t\t\t<\/span>\n\t\t\t\t\t<\/a>\n\t\t\t\t<\/div>\n\t\t\t\t\t\t\t\t<\/div>\n\t\t\t\t<\/div>\n\t\t\t\t\t<\/div>\n\t\t\t\t<\/div>\n\t\t\t\t<\/div>\n\t\t","protected":false},"excerpt":{"rendered":"<p>COMPLIANCE &#8211; VERHALTENSKODEX F\u00fcr uns ist die Einhaltung von Vorschriften ein wesentlicher Bestandteil, um den nachhaltigen Erfolg unseres Unternehmens zu gew\u00e4hrleisten. Unser Verhaltenskodex soll unseren Mitarbeitern und Gesch\u00e4ftspartnern helfen, Compliance-Risiken und m\u00f6gliche unrechtm\u00e4\u00dfige Handlungen fr\u00fchzeitig zu erkennen. Dieser Verhaltenskodex legt die Standards und Richtlinien fest, die wir befolgen, damit wir die Verpflichtungen unserer Branche und [&hellip;]<\/p>\n","protected":false},"author":1,"featured_media":57117,"parent":0,"menu_order":0,"comment_status":"closed","ping_status":"closed","template":"","meta":{"footnotes":""},"class_list":["post-5798","page","type-page","status-publish","has-post-thumbnail","hentry"],"yoast_head":"<!-- This site is optimized with the Yoast SEO plugin v27.4 - https:\/\/yoast.com\/product\/yoast-seo-wordpress\/ -->\n<title>Compliance - PLIXXENT<\/title>\n<meta name=\"robots\" content=\"index, follow, max-snippet:-1, max-image-preview:large, max-video-preview:-1\" \/>\n<link rel=\"canonical\" href=\"https:\/\/plixxent.com\/de\/compliance\/\" \/>\n<meta property=\"og:locale\" content=\"de_DE\" \/>\n<meta property=\"og:type\" content=\"article\" \/>\n<meta property=\"og:title\" content=\"Compliance - PLIXXENT\" \/>\n<meta property=\"og:description\" content=\"COMPLIANCE &#8211; VERHALTENSKODEX F\u00fcr uns ist die Einhaltung von Vorschriften ein wesentlicher Bestandteil, um den nachhaltigen Erfolg unseres Unternehmens zu gew\u00e4hrleisten. Unser Verhaltenskodex soll unseren Mitarbeitern und Gesch\u00e4ftspartnern helfen, Compliance-Risiken und m\u00f6gliche unrechtm\u00e4\u00dfige Handlungen fr\u00fchzeitig zu erkennen. Dieser Verhaltenskodex legt die Standards und Richtlinien fest, die wir befolgen, damit wir die Verpflichtungen unserer Branche und [&hellip;]\" \/>\n<meta property=\"og:url\" content=\"https:\/\/plixxent.com\/de\/compliance\/\" \/>\n<meta property=\"og:site_name\" content=\"PLIXXENT\" \/>\n<meta property=\"article:modified_time\" content=\"2025-09-24T06:49:31+00:00\" \/>\n<meta property=\"og:image\" content=\"https:\/\/plixxent.com\/wp-content\/uploads\/2024\/02\/PLIXXENT-Illu-Nachhaltigkeit-1.jpg\" \/>\n\t<meta property=\"og:image:width\" content=\"2560\" \/>\n\t<meta property=\"og:image:height\" content=\"780\" \/>\n\t<meta property=\"og:image:type\" content=\"image\/jpeg\" \/>\n<meta name=\"twitter:card\" content=\"summary_large_image\" \/>\n<meta name=\"twitter:label1\" content=\"Gesch\u00e4tzte Lesezeit\" \/>\n\t<meta name=\"twitter:data1\" content=\"1\u00a0Minute\" \/>\n<script type=\"application\/ld+json\" class=\"yoast-schema-graph\">{\"@context\":\"https:\\\/\\\/schema.org\",\"@graph\":[{\"@type\":\"WebPage\",\"@id\":\"https:\\\/\\\/plixxent.com\\\/de\\\/compliance\\\/\",\"url\":\"https:\\\/\\\/plixxent.com\\\/de\\\/compliance\\\/\",\"name\":\"Compliance - PLIXXENT\",\"isPartOf\":{\"@id\":\"https:\\\/\\\/plixxent.com\\\/de\\\/#website\"},\"primaryImageOfPage\":{\"@id\":\"https:\\\/\\\/plixxent.com\\\/de\\\/compliance\\\/#primaryimage\"},\"image\":{\"@id\":\"https:\\\/\\\/plixxent.com\\\/de\\\/compliance\\\/#primaryimage\"},\"thumbnailUrl\":\"https:\\\/\\\/plixxent.com\\\/wp-content\\\/uploads\\\/2024\\\/02\\\/PLIXXENT-Illu-Nachhaltigkeit-1.jpg\",\"datePublished\":\"2023-08-14T15:24:12+00:00\",\"dateModified\":\"2025-09-24T06:49:31+00:00\",\"breadcrumb\":{\"@id\":\"https:\\\/\\\/plixxent.com\\\/de\\\/compliance\\\/#breadcrumb\"},\"inLanguage\":\"de\",\"potentialAction\":[{\"@type\":\"ReadAction\",\"target\":[\"https:\\\/\\\/plixxent.com\\\/de\\\/compliance\\\/\"]}]},{\"@type\":\"ImageObject\",\"inLanguage\":\"de\",\"@id\":\"https:\\\/\\\/plixxent.com\\\/de\\\/compliance\\\/#primaryimage\",\"url\":\"https:\\\/\\\/plixxent.com\\\/wp-content\\\/uploads\\\/2024\\\/02\\\/PLIXXENT-Illu-Nachhaltigkeit-1.jpg\",\"contentUrl\":\"https:\\\/\\\/plixxent.com\\\/wp-content\\\/uploads\\\/2024\\\/02\\\/PLIXXENT-Illu-Nachhaltigkeit-1.jpg\",\"width\":2560,\"height\":780},{\"@type\":\"BreadcrumbList\",\"@id\":\"https:\\\/\\\/plixxent.com\\\/de\\\/compliance\\\/#breadcrumb\",\"itemListElement\":[{\"@type\":\"ListItem\",\"position\":1,\"name\":\"Home\",\"item\":\"https:\\\/\\\/plixxent.com\\\/de\\\/startseite\\\/\"},{\"@type\":\"ListItem\",\"position\":2,\"name\":\"Compliance\"}]},{\"@type\":\"WebSite\",\"@id\":\"https:\\\/\\\/plixxent.com\\\/de\\\/#website\",\"url\":\"https:\\\/\\\/plixxent.com\\\/de\\\/\",\"name\":\"PLIXXENT\",\"description\":\"Providing innovative technologies based on polyurethanes\",\"potentialAction\":[{\"@type\":\"SearchAction\",\"target\":{\"@type\":\"EntryPoint\",\"urlTemplate\":\"https:\\\/\\\/plixxent.com\\\/de\\\/?s={search_term_string}\"},\"query-input\":{\"@type\":\"PropertyValueSpecification\",\"valueRequired\":true,\"valueName\":\"search_term_string\"}}],\"inLanguage\":\"de\"}]}<\/script>\n<!-- \/ Yoast SEO plugin. -->","yoast_head_json":{"title":"Compliance - PLIXXENT","robots":{"index":"index","follow":"follow","max-snippet":"max-snippet:-1","max-image-preview":"max-image-preview:large","max-video-preview":"max-video-preview:-1"},"canonical":"https:\/\/plixxent.com\/de\/compliance\/","og_locale":"de_DE","og_type":"article","og_title":"Compliance - PLIXXENT","og_description":"COMPLIANCE &#8211; VERHALTENSKODEX F\u00fcr uns ist die Einhaltung von Vorschriften ein wesentlicher Bestandteil, um den nachhaltigen Erfolg unseres Unternehmens zu gew\u00e4hrleisten. Unser Verhaltenskodex soll unseren Mitarbeitern und Gesch\u00e4ftspartnern helfen, Compliance-Risiken und m\u00f6gliche unrechtm\u00e4\u00dfige Handlungen fr\u00fchzeitig zu erkennen. Dieser Verhaltenskodex legt die Standards und Richtlinien fest, die wir befolgen, damit wir die Verpflichtungen unserer Branche und [&hellip;]","og_url":"https:\/\/plixxent.com\/de\/compliance\/","og_site_name":"PLIXXENT","article_modified_time":"2025-09-24T06:49:31+00:00","og_image":[{"width":2560,"height":780,"url":"https:\/\/plixxent.com\/wp-content\/uploads\/2024\/02\/PLIXXENT-Illu-Nachhaltigkeit-1.jpg","type":"image\/jpeg"}],"twitter_card":"summary_large_image","twitter_misc":{"Gesch\u00e4tzte Lesezeit":"1\u00a0Minute"},"schema":{"@context":"https:\/\/schema.org","@graph":[{"@type":"WebPage","@id":"https:\/\/plixxent.com\/de\/compliance\/","url":"https:\/\/plixxent.com\/de\/compliance\/","name":"Compliance - PLIXXENT","isPartOf":{"@id":"https:\/\/plixxent.com\/de\/#website"},"primaryImageOfPage":{"@id":"https:\/\/plixxent.com\/de\/compliance\/#primaryimage"},"image":{"@id":"https:\/\/plixxent.com\/de\/compliance\/#primaryimage"},"thumbnailUrl":"https:\/\/plixxent.com\/wp-content\/uploads\/2024\/02\/PLIXXENT-Illu-Nachhaltigkeit-1.jpg","datePublished":"2023-08-14T15:24:12+00:00","dateModified":"2025-09-24T06:49:31+00:00","breadcrumb":{"@id":"https:\/\/plixxent.com\/de\/compliance\/#breadcrumb"},"inLanguage":"de","potentialAction":[{"@type":"ReadAction","target":["https:\/\/plixxent.com\/de\/compliance\/"]}]},{"@type":"ImageObject","inLanguage":"de","@id":"https:\/\/plixxent.com\/de\/compliance\/#primaryimage","url":"https:\/\/plixxent.com\/wp-content\/uploads\/2024\/02\/PLIXXENT-Illu-Nachhaltigkeit-1.jpg","contentUrl":"https:\/\/plixxent.com\/wp-content\/uploads\/2024\/02\/PLIXXENT-Illu-Nachhaltigkeit-1.jpg","width":2560,"height":780},{"@type":"BreadcrumbList","@id":"https:\/\/plixxent.com\/de\/compliance\/#breadcrumb","itemListElement":[{"@type":"ListItem","position":1,"name":"Home","item":"https:\/\/plixxent.com\/de\/startseite\/"},{"@type":"ListItem","position":2,"name":"Compliance"}]},{"@type":"WebSite","@id":"https:\/\/plixxent.com\/de\/#website","url":"https:\/\/plixxent.com\/de\/","name":"PLIXXENT","description":"Providing innovative technologies based on polyurethanes","potentialAction":[{"@type":"SearchAction","target":{"@type":"EntryPoint","urlTemplate":"https:\/\/plixxent.com\/de\/?s={search_term_string}"},"query-input":{"@type":"PropertyValueSpecification","valueRequired":true,"valueName":"search_term_string"}}],"inLanguage":"de"}]}},"_links":{"self":[{"href":"https:\/\/plixxent.com\/de\/wp-json\/wp\/v2\/pages\/5798","targetHints":{"allow":["GET"]}}],"collection":[{"href":"https:\/\/plixxent.com\/de\/wp-json\/wp\/v2\/pages"}],"about":[{"href":"https:\/\/plixxent.com\/de\/wp-json\/wp\/v2\/types\/page"}],"author":[{"embeddable":true,"href":"https:\/\/plixxent.com\/de\/wp-json\/wp\/v2\/users\/1"}],"replies":[{"embeddable":true,"href":"https:\/\/plixxent.com\/de\/wp-json\/wp\/v2\/comments?post=5798"}],"version-history":[{"count":5,"href":"https:\/\/plixxent.com\/de\/wp-json\/wp\/v2\/pages\/5798\/revisions"}],"predecessor-version":[{"id":63833,"href":"https:\/\/plixxent.com\/de\/wp-json\/wp\/v2\/pages\/5798\/revisions\/63833"}],"wp:featuredmedia":[{"embeddable":true,"href":"https:\/\/plixxent.com\/de\/wp-json\/wp\/v2\/media\/57117"}],"wp:attachment":[{"href":"https:\/\/plixxent.com\/de\/wp-json\/wp\/v2\/media?parent=5798"}],"curies":[{"name":"wp","href":"https:\/\/api.w.org\/{rel}","templated":true}]}}