{"id":5770,"date":"2023-08-14T17:23:59","date_gmt":"2023-08-14T15:23:59","guid":{"rendered":"https:\/\/plixxent.com\/impressum\/"},"modified":"2024-02-26T17:32:17","modified_gmt":"2024-02-26T16:32:17","slug":"impressum","status":"publish","type":"page","link":"https:\/\/plixxent.com\/de\/impressum\/","title":{"rendered":"Impressum"},"content":{"rendered":"\n<p>PLIXXENT Holding GmbH<br\/>Gasstra\u00dfe 18 I Haus 5<br\/>22761 Hamburg<br\/>Deutschland<\/p>\n\n<p><strong>Kontakt:<\/strong><br\/>Telefon: 040-357 78 46 0<br\/>E-Mail: info@plixxent.com<br\/>www.plixxent.com<\/p>\n\n<p><strong>Gesch\u00e4ftsf\u00fchrende Direktoren:<\/strong><br\/>Dr. J\u00f6rg Schottek<br\/>Nikolaus Michelsen<br\/>Carsten W\u00f6rner<\/p>\n\n<p><strong>Sitz:<\/strong><br\/>Hamburg<\/p>\n\n<p><strong>Gericht der Registrierung:<\/strong><br\/>Amtsgericht Hamburg<\/p>\n\n<p><strong>Registrierungsnummer:<\/strong><br\/>HRB 164091<\/p>\n\n<p><strong>Umsatzsteuer-Identifikationsnummer:<\/strong><br\/>DE324691732<\/p>\n\n<p><strong>Verantwortlich (\u00a7 18 Abs. 2 MStV):<\/strong><br\/>Jennifer Sonnek<br\/>PLIXXENT Holding GmbH<br\/>Leiter der Abteilung Marketing &amp; Kommunikation der Gruppe<br\/>Gasstra\u00dfe 18 I Haus 5<br\/>22761 Hamburg<br\/>Deutschland<\/p>\n\n<h2 class=\"wp-block-heading\">Ausschluss der Haftung<\/h2>\n\n<p>Die PLIXXENT Holding GmbH \u00fcbernimmt keinerlei Gew\u00e4hr f\u00fcr die Aktualit\u00e4t, Korrektheit, Vollst\u00e4ndigkeit oder Qualit\u00e4t der bereitgestellten Informationen. Haftungsanspr\u00fcche, die sich auf Sch\u00e4den materieller oder ideeller Art beziehen, die durch die Nutzung oder Nichtnutzung der dargebotenen Informationen bzw. durch die Nutzung fehlerhafter und unvollst\u00e4ndiger Informationen verursacht wurden, sind grunds\u00e4tzlich ausgeschlossen. Alle Angebote sind freibleibend und unverbindlich. Die PLIXXENT Holding GmbH beh\u00e4lt es sich ausdr\u00fccklich vor, Teile der Seiten oder das gesamte Angebot ohne gesonderte Ank\u00fcndigung zu ver\u00e4ndern, zu erg\u00e4nzen, zu l\u00f6schen oder die Ver\u00f6ffentlichung zeitweise oder endg\u00fcltig einzustellen.<\/p>\n\n<h2 class=\"wp-block-heading\">Verweise und Links<\/h2>\n\n<p>Bei direkten oder indirekten Verweisen auf fremde Internetseiten (&#8222;Links&#8220;), die au\u00dferhalb des Verantwortungsbereiches der PLIXXENT Holding GmbH liegen, w\u00fcrde eine Haftungsverpflichtung ausschlie\u00dflich in dem Fall in Kraft treten, in dem die PLIXXENT Holding GmbH von den Inhalten Kenntnis hat und es ihm technisch m\u00f6glich und zumutbar w\u00e4re, die Nutzung im Falle rechtswidriger Inhalte zu verhindern. F\u00fcr den Inhalt der verlinkten Seiten sind ausschlie\u00dflich deren Betreiber verantwortlich, nicht jedoch die PLIXXENT Holding GmbH, die auf diese Seiten verlinkt hat.<\/p>\n\n<h2 class=\"wp-block-heading\">Copyright<\/h2>\n\n<p>Die PLIXXENT Holding GmbH ist bestrebt, in allen Publikationen die Urheberrechte der verwendeten Grafiken, Tondokumente, Videosequenzen und Texte zu beachten. Das Copyright f\u00fcr ver\u00f6ffentlichte, von der PLIXXENT Holding GmbH selbst erstellte Objekte bleibt allein bei der PLIXXENT Holding GmbH. Eine Vervielf\u00e4ltigung oder Verwendung solcher Grafiken, Tondokumente, Videosequenzen und Texte in anderen elektronischen oder gedruckten Publikationen ist ohne ausdr\u00fcckliche Zustimmung der PLIXXENT Holding GmbH nicht gestattet.<\/p>\n\n<h2 class=\"wp-block-heading\">Rechtsg\u00fcltigkeit dieses Haftungsausschlusses<\/h2>\n\n<p>Dieser Haftungsausschluss ist als Teil des Internetangebotes zu betrachten, von dem aus auf diese Seite verwiesen wurde. Sofern Teile oder einzelne Formulierungen dieses Textes der geltenden Rechtslage nicht, nicht mehr oder nicht vollst\u00e4ndig entsprechen sollten, bleiben die \u00fcbrigen Teile des Dokumentes in ihrem Inhalt und ihrer G\u00fcltigkeit davon unber\u00fchrt.<\/p>\n","protected":false},"excerpt":{"rendered":"<p>PLIXXENT Holding GmbHGasstra\u00dfe 18 I Haus 522761 HamburgDeutschland Kontakt:Telefon: 040-357 78 46 0E-Mail: info@plixxent.comwww.plixxent.com Gesch\u00e4ftsf\u00fchrende Direktoren:Dr. J\u00f6rg SchottekNikolaus MichelsenCarsten W\u00f6rner Sitz:Hamburg Gericht der Registrierung:Amtsgericht Hamburg Registrierungsnummer:HRB 164091 Umsatzsteuer-Identifikationsnummer:DE324691732 Verantwortlich (\u00a7 18 Abs. 2 MStV):Jennifer SonnekPLIXXENT Holding GmbHLeiter der Abteilung Marketing &amp; Kommunikation der GruppeGasstra\u00dfe 18 I Haus 522761 HamburgDeutschland Ausschluss der Haftung Die PLIXXENT Holding [&hellip;]<\/p>\n","protected":false},"author":1,"featured_media":0,"parent":0,"menu_order":0,"comment_status":"closed","ping_status":"closed","template":"","meta":{"footnotes":""},"class_list":["post-5770","page","type-page","status-publish","hentry"],"yoast_head":"<!-- This site is optimized with the Yoast SEO plugin v27.3 - https:\/\/yoast.com\/product\/yoast-seo-wordpress\/ -->\n<title>Impressum - PLIXXENT<\/title>\n<meta name=\"robots\" content=\"index, follow, max-snippet:-1, max-image-preview:large, max-video-preview:-1\" \/>\n<link rel=\"canonical\" href=\"https:\/\/plixxent.com\/de\/impressum\/\" \/>\n<meta property=\"og:locale\" content=\"de_DE\" \/>\n<meta property=\"og:type\" content=\"article\" \/>\n<meta property=\"og:title\" content=\"Impressum - PLIXXENT\" \/>\n<meta property=\"og:description\" content=\"PLIXXENT Holding GmbHGasstra\u00dfe 18 I Haus 522761 HamburgDeutschland Kontakt:Telefon: 040-357 78 46 0E-Mail: info@plixxent.comwww.plixxent.com Gesch\u00e4ftsf\u00fchrende Direktoren:Dr. J\u00f6rg SchottekNikolaus MichelsenCarsten W\u00f6rner Sitz:Hamburg Gericht der Registrierung:Amtsgericht Hamburg Registrierungsnummer:HRB 164091 Umsatzsteuer-Identifikationsnummer:DE324691732 Verantwortlich (\u00a7 18 Abs. 2 MStV):Jennifer SonnekPLIXXENT Holding GmbHLeiter der Abteilung Marketing &amp; Kommunikation der GruppeGasstra\u00dfe 18 I Haus 522761 HamburgDeutschland Ausschluss der Haftung Die PLIXXENT Holding [&hellip;]\" \/>\n<meta property=\"og:url\" content=\"https:\/\/plixxent.com\/de\/impressum\/\" \/>\n<meta property=\"og:site_name\" content=\"PLIXXENT\" \/>\n<meta property=\"article:modified_time\" content=\"2024-02-26T16:32:17+00:00\" \/>\n<meta property=\"og:image\" content=\"https:\/\/plixxent.com\/wp-content\/uploads\/2024\/03\/plixxent_og.jpg\" \/>\n\t<meta property=\"og:image:width\" content=\"1200\" \/>\n\t<meta property=\"og:image:height\" content=\"675\" \/>\n\t<meta property=\"og:image:type\" content=\"image\/jpeg\" \/>\n<meta name=\"twitter:card\" content=\"summary_large_image\" \/>\n<meta name=\"twitter:label1\" content=\"Gesch\u00e4tzte Lesezeit\" \/>\n\t<meta name=\"twitter:data1\" content=\"2\u00a0Minuten\" \/>\n<script type=\"application\/ld+json\" class=\"yoast-schema-graph\">{\"@context\":\"https:\\\/\\\/schema.org\",\"@graph\":[{\"@type\":\"WebPage\",\"@id\":\"https:\\\/\\\/plixxent.com\\\/de\\\/impressum\\\/\",\"url\":\"https:\\\/\\\/plixxent.com\\\/de\\\/impressum\\\/\",\"name\":\"Impressum - PLIXXENT\",\"isPartOf\":{\"@id\":\"https:\\\/\\\/plixxent.com\\\/de\\\/#website\"},\"datePublished\":\"2023-08-14T15:23:59+00:00\",\"dateModified\":\"2024-02-26T16:32:17+00:00\",\"breadcrumb\":{\"@id\":\"https:\\\/\\\/plixxent.com\\\/de\\\/impressum\\\/#breadcrumb\"},\"inLanguage\":\"de\",\"potentialAction\":[{\"@type\":\"ReadAction\",\"target\":[\"https:\\\/\\\/plixxent.com\\\/de\\\/impressum\\\/\"]}]},{\"@type\":\"BreadcrumbList\",\"@id\":\"https:\\\/\\\/plixxent.com\\\/de\\\/impressum\\\/#breadcrumb\",\"itemListElement\":[{\"@type\":\"ListItem\",\"position\":1,\"name\":\"Home\",\"item\":\"https:\\\/\\\/plixxent.com\\\/de\\\/startseite\\\/\"},{\"@type\":\"ListItem\",\"position\":2,\"name\":\"Impressum\"}]},{\"@type\":\"WebSite\",\"@id\":\"https:\\\/\\\/plixxent.com\\\/de\\\/#website\",\"url\":\"https:\\\/\\\/plixxent.com\\\/de\\\/\",\"name\":\"PLIXXENT\",\"description\":\"Providing innovative technologies based on polyurethanes\",\"potentialAction\":[{\"@type\":\"SearchAction\",\"target\":{\"@type\":\"EntryPoint\",\"urlTemplate\":\"https:\\\/\\\/plixxent.com\\\/de\\\/?s={search_term_string}\"},\"query-input\":{\"@type\":\"PropertyValueSpecification\",\"valueRequired\":true,\"valueName\":\"search_term_string\"}}],\"inLanguage\":\"de\"}]}<\/script>\n<!-- \/ Yoast SEO plugin. -->","yoast_head_json":{"title":"Impressum - PLIXXENT","robots":{"index":"index","follow":"follow","max-snippet":"max-snippet:-1","max-image-preview":"max-image-preview:large","max-video-preview":"max-video-preview:-1"},"canonical":"https:\/\/plixxent.com\/de\/impressum\/","og_locale":"de_DE","og_type":"article","og_title":"Impressum - PLIXXENT","og_description":"PLIXXENT Holding GmbHGasstra\u00dfe 18 I Haus 522761 HamburgDeutschland Kontakt:Telefon: 040-357 78 46 0E-Mail: info@plixxent.comwww.plixxent.com Gesch\u00e4ftsf\u00fchrende Direktoren:Dr. J\u00f6rg SchottekNikolaus MichelsenCarsten W\u00f6rner Sitz:Hamburg Gericht der Registrierung:Amtsgericht Hamburg Registrierungsnummer:HRB 164091 Umsatzsteuer-Identifikationsnummer:DE324691732 Verantwortlich (\u00a7 18 Abs. 2 MStV):Jennifer SonnekPLIXXENT Holding GmbHLeiter der Abteilung Marketing &amp; Kommunikation der GruppeGasstra\u00dfe 18 I Haus 522761 HamburgDeutschland Ausschluss der Haftung Die PLIXXENT Holding [&hellip;]","og_url":"https:\/\/plixxent.com\/de\/impressum\/","og_site_name":"PLIXXENT","article_modified_time":"2024-02-26T16:32:17+00:00","og_image":[{"width":1200,"height":675,"url":"https:\/\/plixxent.com\/wp-content\/uploads\/2024\/03\/plixxent_og.jpg","type":"image\/jpeg"}],"twitter_card":"summary_large_image","twitter_misc":{"Gesch\u00e4tzte Lesezeit":"2\u00a0Minuten"},"schema":{"@context":"https:\/\/schema.org","@graph":[{"@type":"WebPage","@id":"https:\/\/plixxent.com\/de\/impressum\/","url":"https:\/\/plixxent.com\/de\/impressum\/","name":"Impressum - PLIXXENT","isPartOf":{"@id":"https:\/\/plixxent.com\/de\/#website"},"datePublished":"2023-08-14T15:23:59+00:00","dateModified":"2024-02-26T16:32:17+00:00","breadcrumb":{"@id":"https:\/\/plixxent.com\/de\/impressum\/#breadcrumb"},"inLanguage":"de","potentialAction":[{"@type":"ReadAction","target":["https:\/\/plixxent.com\/de\/impressum\/"]}]},{"@type":"BreadcrumbList","@id":"https:\/\/plixxent.com\/de\/impressum\/#breadcrumb","itemListElement":[{"@type":"ListItem","position":1,"name":"Home","item":"https:\/\/plixxent.com\/de\/startseite\/"},{"@type":"ListItem","position":2,"name":"Impressum"}]},{"@type":"WebSite","@id":"https:\/\/plixxent.com\/de\/#website","url":"https:\/\/plixxent.com\/de\/","name":"PLIXXENT","description":"Providing innovative technologies based on polyurethanes","potentialAction":[{"@type":"SearchAction","target":{"@type":"EntryPoint","urlTemplate":"https:\/\/plixxent.com\/de\/?s={search_term_string}"},"query-input":{"@type":"PropertyValueSpecification","valueRequired":true,"valueName":"search_term_string"}}],"inLanguage":"de"}]}},"_links":{"self":[{"href":"https:\/\/plixxent.com\/de\/wp-json\/wp\/v2\/pages\/5770","targetHints":{"allow":["GET"]}}],"collection":[{"href":"https:\/\/plixxent.com\/de\/wp-json\/wp\/v2\/pages"}],"about":[{"href":"https:\/\/plixxent.com\/de\/wp-json\/wp\/v2\/types\/page"}],"author":[{"embeddable":true,"href":"https:\/\/plixxent.com\/de\/wp-json\/wp\/v2\/users\/1"}],"replies":[{"embeddable":true,"href":"https:\/\/plixxent.com\/de\/wp-json\/wp\/v2\/comments?post=5770"}],"version-history":[{"count":0,"href":"https:\/\/plixxent.com\/de\/wp-json\/wp\/v2\/pages\/5770\/revisions"}],"wp:attachment":[{"href":"https:\/\/plixxent.com\/de\/wp-json\/wp\/v2\/media?parent=5770"}],"curies":[{"name":"wp","href":"https:\/\/api.w.org\/{rel}","templated":true}]}}