{"id":5758,"date":"2023-08-14T17:23:50","date_gmt":"2023-08-14T15:23:50","guid":{"rendered":"https:\/\/plixxent.com\/bedingungen-und-konditionen\/"},"modified":"2026-03-03T18:06:45","modified_gmt":"2026-03-03T17:06:45","slug":"bedingungen-und-konditionen","status":"publish","type":"page","link":"https:\/\/plixxent.com\/de\/bedingungen-und-konditionen\/","title":{"rendered":"Bedingungen und Konditionen"},"content":{"rendered":"\n<p>Nachstehend finden Sie unsere Allgemeinen Gesch\u00e4ftsbedingungen als PDF-Dateien.<\/p>\n\n<h2 class=\"wp-block-heading\">Deutschland<\/h2>\n\n<h3 class=\"wp-block-heading\">Bedingungen f\u00fcr die Auftragsvergabe<\/h3>\n\n<p><a href=\"https:\/\/plixxent.com\/es\/download\/deutschland-allgemeine-einkaufsbedingungen-aleman\/\" data-type=\"download\" data-id=\"2957\" target=\"_blank\" rel=\"noreferrer noopener\">Allgemeine Einkaufsbedingungen (Deutsch)<\/a><br\/><a href=\"https:\/\/plixxent.com\/es\/download\/alemania-condiciones-generales-de-contratacion-ingles\/\" data-type=\"download\" data-id=\"2955\" target=\"_blank\" rel=\"noreferrer noopener\">Allgemeine Beschaffungsbedingungen (Englisch)<\/a><\/p>\n\n<h3 class=\"wp-block-heading\">Verkaufsbedingungen und Konditionen<\/h3>\n\n<p><a data-type=\"download\" data-id=\"2953\" href=\"https:\/\/plixxent.com\/es\/download\/deutschland-allgemeine-verkaufs-und-lieferbedingungen-aleman\/\">Allgemeine Verkaufs- und Lieferbedingungen (Deutsch)<\/a><br\/><a href=\"https:\/\/plixxent.com\/es\/download\/alemania-condiciones-generales-de-venta-ingles\/\" target=\"_blank\" rel=\"noreferrer noopener\">Allgemeine Verkaufs- und Lieferbedingungen (Englisch)<\/a><\/p>\n\n<h3 class=\"wp-block-heading\">St\u00f6rfall-Verordnung<\/h3>\n\n<p><a href=\"https:\/\/plixxent.com\/es\/download\/informacion-sobre-la-ordenanza-de-incidentes-peligrosos-aleman\/\" target=\"_blank\" rel=\"noreferrer noopener\">Informationen zur St\u00f6rfall-Verordnung (Deutsch)<\/a><\/p>\n\n<h2 class=\"wp-block-heading\">Niederlande<\/h2>\n\n<h3 class=\"wp-block-heading\">Bedingungen f\u00fcr die Auftragsvergabe<\/h3>\n\n<p><a href=\"https:\/\/plixxent.com\/es\/download\/paises-bajos-condiciones-generales-de-compra-ingles\/\" data-type=\"download\" data-id=\"57181\">Allgemeine Einkaufsbedingungen (Englisch)<\/a><\/p>\n\n<h3 class=\"wp-block-heading\">Verkaufsbedingungen und Konditionen<\/h3>\n\n<p><a href=\"https:\/\/plixxent.com\/es\/download\/paises-bajos-condiciones-generales-de-venta-y-entrega-espanol\/\" data-type=\"download\" data-id=\"1964\" target=\"_blank\" rel=\"noreferrer noopener\">Allgemeine Verkaufs- und Lieferbedingungen (Englisch)<\/a><\/p>\n\n<h2 class=\"wp-block-heading\">Spanien<\/h2>\n\n<h3 class=\"wp-block-heading\">Bedingungen f\u00fcr die Auftragsvergabe<\/h3>\n\n<p><a href=\"https:\/\/plixxent.com\/es\/download\/espana-terminos-y-condiciones-de-compra-de-bienes-y-servicios-english\/\" data-type=\"download\" data-id=\"2965\">Einkaufsbedingungen f\u00fcr Waren und Dienstleistungen (Spanisch)<br\/><\/a><a href=\"https:\/\/plixxent.com\/es\/download\/espana-condiciones-generales-de-compra-de-bienes-y-servicios-ingles\/\" data-type=\"download\" data-id=\"2963\">Einkaufsbedingungen f\u00fcr Waren und Dienstleistungen (Englisch)<\/a><\/p>\n\n<h3 class=\"wp-block-heading\">Verkaufsbedingungen und Konditionen<\/h3>\n\n<p><a href=\"https:\/\/plixxent.com\/es\/download\/espana-condiciones-generales-de-venta-y-suministro-espanol\/\" data-type=\"download\" data-id=\"1966\">Allgemeine Verkaufs- und Lieferbedingungen (Spanisch)<\/a><br\/><a href=\"https:\/\/plixxent.com\/es\/download\/espana-condiciones-generales-de-venta-y-entrega-espanol\/\" data-type=\"download\" data-id=\"1965\">Allgemeine Verkaufs- und Lieferbedingungen (Englisch)<\/a><\/p>\n\n<h2 class=\"wp-block-heading\">Italien<\/h2>\n\n<h3 class=\"wp-block-heading\">Lieferbedingungen und Konditionen<\/h3>\n\n<p><a href=\"https:\/\/plixxent.com\/es\/download\/italia-condizioni-generali-di-fornitura-italiano\/\" data-type=\"download\" data-id=\"2961\">Allgemeine Lieferbedingungen (Italienisch)<\/a><br\/><a href=\"https:\/\/plixxent.com\/es\/download\/italia-condiciones-generales-de-suministro-ingles\/\" data-type=\"download\" data-id=\"2959\">Allgemeine Lieferbedingungen (Englisch)<\/a><\/p>\n\n<h2 class=\"wp-block-heading\">D\u00e4nemark<\/h2>\n\n<h3 class=\"wp-block-heading\">Bedingungen f\u00fcr die Auftragsvergabe<\/h3>\n\n<p>Allgemeine Gesch\u00e4ftsbedingungen Beschaffung (Englisch)<\/p>\n\n<h3 class=\"wp-block-heading\">Verkaufsbedingungen und Konditionen<\/h3>\n\n<p><a href=\"https:\/\/plixxent.com\/es\/download\/dinamarca-condiciones-generales-de-venta-ingles\/\" data-type=\"download\" data-id=\"1967\">Allgemeine Verkaufsbedingungen (Englisch)<\/a><\/p>\n\n<h2 class=\"wp-block-heading\">Vereinigtes K\u00f6nigreich<\/h2>\n\n<h3 class=\"wp-block-heading\">Verkaufsbedingungen und Konditionen<\/h3>\n\n<p><a data-type=\"download\" data-id=\"1973\" href=\"https:\/\/plixxent.com\/es\/download\/reino-unido-terminos-y-condiciones-de-venta-de-mercancias-ingles\/\">Verkaufsbedingungen f\u00fcr Waren (Englisch)<\/a><br\/><a href=\"https:\/\/plixxent.com\/es\/download\/terminos-y-condiciones-de-compra-ingles\/\" target=\"_blank\" rel=\"noreferrer noopener\">Einkaufsbedingungen (Englisch)<\/a><\/p>\n\n<p><\/p>\n","protected":false},"excerpt":{"rendered":"<p>Nachstehend finden Sie unsere Allgemeinen Gesch\u00e4ftsbedingungen als PDF-Dateien. Deutschland Bedingungen f\u00fcr die Auftragsvergabe Allgemeine Einkaufsbedingungen (Deutsch)Allgemeine Beschaffungsbedingungen (Englisch) Verkaufsbedingungen und Konditionen Allgemeine Verkaufs- und Lieferbedingungen (Deutsch)Allgemeine Verkaufs- und Lieferbedingungen (Englisch) St\u00f6rfall-Verordnung Informationen zur St\u00f6rfall-Verordnung (Deutsch) Niederlande Bedingungen f\u00fcr die Auftragsvergabe Allgemeine Einkaufsbedingungen (Englisch) Verkaufsbedingungen und Konditionen Allgemeine Verkaufs- und Lieferbedingungen (Englisch) Spanien Bedingungen f\u00fcr die [&hellip;]<\/p>\n","protected":false},"author":1,"featured_media":0,"parent":0,"menu_order":0,"comment_status":"closed","ping_status":"closed","template":"","meta":{"footnotes":""},"class_list":["post-5758","page","type-page","status-publish","hentry"],"yoast_head":"<!-- This site is optimized with the Yoast SEO plugin v27.3 - https:\/\/yoast.com\/product\/yoast-seo-wordpress\/ -->\n<title>Bedingungen und Konditionen - PLIXXENT<\/title>\n<meta name=\"robots\" content=\"index, follow, max-snippet:-1, max-image-preview:large, max-video-preview:-1\" \/>\n<link rel=\"canonical\" href=\"https:\/\/plixxent.com\/de\/bedingungen-und-konditionen\/\" \/>\n<meta property=\"og:locale\" content=\"de_DE\" \/>\n<meta property=\"og:type\" content=\"article\" \/>\n<meta property=\"og:title\" content=\"Bedingungen und Konditionen - PLIXXENT\" \/>\n<meta property=\"og:description\" content=\"Nachstehend finden Sie unsere Allgemeinen Gesch\u00e4ftsbedingungen als PDF-Dateien. Deutschland Bedingungen f\u00fcr die Auftragsvergabe Allgemeine Einkaufsbedingungen (Deutsch)Allgemeine Beschaffungsbedingungen (Englisch) Verkaufsbedingungen und Konditionen Allgemeine Verkaufs- und Lieferbedingungen (Deutsch)Allgemeine Verkaufs- und Lieferbedingungen (Englisch) St\u00f6rfall-Verordnung Informationen zur St\u00f6rfall-Verordnung (Deutsch) Niederlande Bedingungen f\u00fcr die Auftragsvergabe Allgemeine Einkaufsbedingungen (Englisch) Verkaufsbedingungen und Konditionen Allgemeine Verkaufs- und Lieferbedingungen (Englisch) Spanien Bedingungen f\u00fcr die [&hellip;]\" \/>\n<meta property=\"og:url\" content=\"https:\/\/plixxent.com\/de\/bedingungen-und-konditionen\/\" \/>\n<meta property=\"og:site_name\" content=\"PLIXXENT\" \/>\n<meta property=\"article:modified_time\" content=\"2026-03-03T17:06:45+00:00\" \/>\n<meta property=\"og:image\" content=\"https:\/\/plixxent.com\/wp-content\/uploads\/2024\/03\/plixxent_og.jpg\" \/>\n\t<meta property=\"og:image:width\" content=\"1200\" \/>\n\t<meta property=\"og:image:height\" content=\"675\" \/>\n\t<meta property=\"og:image:type\" content=\"image\/jpeg\" \/>\n<meta name=\"twitter:card\" content=\"summary_large_image\" \/>\n<meta name=\"twitter:label1\" content=\"Gesch\u00e4tzte Lesezeit\" \/>\n\t<meta name=\"twitter:data1\" content=\"1\u00a0Minute\" \/>\n<script type=\"application\/ld+json\" class=\"yoast-schema-graph\">{\"@context\":\"https:\\\/\\\/schema.org\",\"@graph\":[{\"@type\":\"WebPage\",\"@id\":\"https:\\\/\\\/plixxent.com\\\/de\\\/bedingungen-und-konditionen\\\/\",\"url\":\"https:\\\/\\\/plixxent.com\\\/de\\\/bedingungen-und-konditionen\\\/\",\"name\":\"Bedingungen und Konditionen - PLIXXENT\",\"isPartOf\":{\"@id\":\"https:\\\/\\\/plixxent.com\\\/de\\\/#website\"},\"datePublished\":\"2023-08-14T15:23:50+00:00\",\"dateModified\":\"2026-03-03T17:06:45+00:00\",\"breadcrumb\":{\"@id\":\"https:\\\/\\\/plixxent.com\\\/de\\\/bedingungen-und-konditionen\\\/#breadcrumb\"},\"inLanguage\":\"de\",\"potentialAction\":[{\"@type\":\"ReadAction\",\"target\":[\"https:\\\/\\\/plixxent.com\\\/de\\\/bedingungen-und-konditionen\\\/\"]}]},{\"@type\":\"BreadcrumbList\",\"@id\":\"https:\\\/\\\/plixxent.com\\\/de\\\/bedingungen-und-konditionen\\\/#breadcrumb\",\"itemListElement\":[{\"@type\":\"ListItem\",\"position\":1,\"name\":\"Home\",\"item\":\"https:\\\/\\\/plixxent.com\\\/de\\\/startseite\\\/\"},{\"@type\":\"ListItem\",\"position\":2,\"name\":\"Bedingungen und Konditionen\"}]},{\"@type\":\"WebSite\",\"@id\":\"https:\\\/\\\/plixxent.com\\\/de\\\/#website\",\"url\":\"https:\\\/\\\/plixxent.com\\\/de\\\/\",\"name\":\"PLIXXENT\",\"description\":\"Providing innovative technologies based on polyurethanes\",\"potentialAction\":[{\"@type\":\"SearchAction\",\"target\":{\"@type\":\"EntryPoint\",\"urlTemplate\":\"https:\\\/\\\/plixxent.com\\\/de\\\/?s={search_term_string}\"},\"query-input\":{\"@type\":\"PropertyValueSpecification\",\"valueRequired\":true,\"valueName\":\"search_term_string\"}}],\"inLanguage\":\"de\"}]}<\/script>\n<!-- \/ Yoast SEO plugin. -->","yoast_head_json":{"title":"Bedingungen und Konditionen - PLIXXENT","robots":{"index":"index","follow":"follow","max-snippet":"max-snippet:-1","max-image-preview":"max-image-preview:large","max-video-preview":"max-video-preview:-1"},"canonical":"https:\/\/plixxent.com\/de\/bedingungen-und-konditionen\/","og_locale":"de_DE","og_type":"article","og_title":"Bedingungen und Konditionen - PLIXXENT","og_description":"Nachstehend finden Sie unsere Allgemeinen Gesch\u00e4ftsbedingungen als PDF-Dateien. Deutschland Bedingungen f\u00fcr die Auftragsvergabe Allgemeine Einkaufsbedingungen (Deutsch)Allgemeine Beschaffungsbedingungen (Englisch) Verkaufsbedingungen und Konditionen Allgemeine Verkaufs- und Lieferbedingungen (Deutsch)Allgemeine Verkaufs- und Lieferbedingungen (Englisch) St\u00f6rfall-Verordnung Informationen zur St\u00f6rfall-Verordnung (Deutsch) Niederlande Bedingungen f\u00fcr die Auftragsvergabe Allgemeine Einkaufsbedingungen (Englisch) Verkaufsbedingungen und Konditionen Allgemeine Verkaufs- und Lieferbedingungen (Englisch) Spanien Bedingungen f\u00fcr die [&hellip;]","og_url":"https:\/\/plixxent.com\/de\/bedingungen-und-konditionen\/","og_site_name":"PLIXXENT","article_modified_time":"2026-03-03T17:06:45+00:00","og_image":[{"width":1200,"height":675,"url":"https:\/\/plixxent.com\/wp-content\/uploads\/2024\/03\/plixxent_og.jpg","type":"image\/jpeg"}],"twitter_card":"summary_large_image","twitter_misc":{"Gesch\u00e4tzte Lesezeit":"1\u00a0Minute"},"schema":{"@context":"https:\/\/schema.org","@graph":[{"@type":"WebPage","@id":"https:\/\/plixxent.com\/de\/bedingungen-und-konditionen\/","url":"https:\/\/plixxent.com\/de\/bedingungen-und-konditionen\/","name":"Bedingungen und Konditionen - PLIXXENT","isPartOf":{"@id":"https:\/\/plixxent.com\/de\/#website"},"datePublished":"2023-08-14T15:23:50+00:00","dateModified":"2026-03-03T17:06:45+00:00","breadcrumb":{"@id":"https:\/\/plixxent.com\/de\/bedingungen-und-konditionen\/#breadcrumb"},"inLanguage":"de","potentialAction":[{"@type":"ReadAction","target":["https:\/\/plixxent.com\/de\/bedingungen-und-konditionen\/"]}]},{"@type":"BreadcrumbList","@id":"https:\/\/plixxent.com\/de\/bedingungen-und-konditionen\/#breadcrumb","itemListElement":[{"@type":"ListItem","position":1,"name":"Home","item":"https:\/\/plixxent.com\/de\/startseite\/"},{"@type":"ListItem","position":2,"name":"Bedingungen und Konditionen"}]},{"@type":"WebSite","@id":"https:\/\/plixxent.com\/de\/#website","url":"https:\/\/plixxent.com\/de\/","name":"PLIXXENT","description":"Providing innovative technologies based on polyurethanes","potentialAction":[{"@type":"SearchAction","target":{"@type":"EntryPoint","urlTemplate":"https:\/\/plixxent.com\/de\/?s={search_term_string}"},"query-input":{"@type":"PropertyValueSpecification","valueRequired":true,"valueName":"search_term_string"}}],"inLanguage":"de"}]}},"_links":{"self":[{"href":"https:\/\/plixxent.com\/de\/wp-json\/wp\/v2\/pages\/5758","targetHints":{"allow":["GET"]}}],"collection":[{"href":"https:\/\/plixxent.com\/de\/wp-json\/wp\/v2\/pages"}],"about":[{"href":"https:\/\/plixxent.com\/de\/wp-json\/wp\/v2\/types\/page"}],"author":[{"embeddable":true,"href":"https:\/\/plixxent.com\/de\/wp-json\/wp\/v2\/users\/1"}],"replies":[{"embeddable":true,"href":"https:\/\/plixxent.com\/de\/wp-json\/wp\/v2\/comments?post=5758"}],"version-history":[{"count":10,"href":"https:\/\/plixxent.com\/de\/wp-json\/wp\/v2\/pages\/5758\/revisions"}],"predecessor-version":[{"id":64405,"href":"https:\/\/plixxent.com\/de\/wp-json\/wp\/v2\/pages\/5758\/revisions\/64405"}],"wp:attachment":[{"href":"https:\/\/plixxent.com\/de\/wp-json\/wp\/v2\/media?parent=5758"}],"curies":[{"name":"wp","href":"https:\/\/api.w.org\/{rel}","templated":true}]}}