{"id":5640,"date":"2023-06-19T07:44:58","date_gmt":"2023-06-19T05:44:58","guid":{"rendered":"https:\/\/plixxent.com\/erklaerung-zum-datenschutz\/"},"modified":"2024-03-04T12:54:35","modified_gmt":"2024-03-04T11:54:35","slug":"erklaerung-zum-datenschutz","status":"publish","type":"page","link":"https:\/\/plixxent.com\/de\/erklaerung-zum-datenschutz\/","title":{"rendered":"Erkl\u00e4rung zum Datenschutz"},"content":{"rendered":"\n<p>Informationen \u00fcber die Verarbeitung von personenbezogenen Daten unserer Kunden und Interessenten.<\/p>\n\n<p>Sorgfalt und Transparenz sind die Basis f\u00fcr eine vertrauensvolle Zusammenarbeit mit unseren Kunden. Deshalb informieren wir Sie dar\u00fcber, wie wir Ihre Daten verarbeiten und wie Sie Ihre Rechte aus\u00fcben k\u00f6nnen, die Ihnen nach der Allgemeinen Datenschutzverordnung (DSGVO) und anderen einschl\u00e4gigen Datenschutzgesetzen zustehen. Welche personenbezogenen Daten wir zu welchem Zweck verarbeiten, richtet sich nach dem jeweiligen Vertragsverh\u00e4ltnis.<\/p>\n\n<h2 class=\"wp-block-heading\">1. Wer ist f\u00fcr die Datenverarbeitung verantwortlich?<\/h2>\n\n<p>Verantwortliche Person:<\/p>\n\n<p>PLIXXENT Holding GmbH<br\/>Gasstra\u00dfe 18, Haus 5<br\/>22761 Hamburg<br\/>Deutschland<br\/>Telefon: +49 40357784600<br\/>E-Mail: <a href=\"mailto:info@plixxent.com\">info@plixxent.com<\/a><\/p>\n\n<p>vertreten durch die Gesch\u00e4ftsf\u00fchrung.<\/p>\n\n<h2 class=\"wp-block-heading\">2. Wie kann man den Datenschutzbeauftragten erreichen?<\/h2>\n\n<p>Sie k\u00f6nnen unseren Datenschutzbeauftragten unter folgender Adresse erreichen:<br\/>Christopher Schewior<br\/>intersoft Beratungsdienstleistungen AG<br\/>Beim Strohhaus 17<br\/>20097 Hamburg<br\/>Deutschland<br\/>E-Mail: <a href=\"mailto:DSB-Plixxent@intersoft-consulting.de\">DSB-Plixxent@intersoft-consulting.de<\/a><\/p>\n\n<h2 class=\"wp-block-heading\">3. Welche Ihrer pers\u00f6nlichen Daten verwenden wir?<\/h2>\n\n<p>Wenn Sie eine Anfrage stellen, sich von uns ein Angebot erstellen lassen oder einen Vertrag mit uns abschlie\u00dfen, verarbeiten wir Ihre personenbezogenen Daten. Dar\u00fcber hinaus verarbeiten wir Ihre personenbezogenen Daten unter anderem zur Erf\u00fcllung gesetzlicher Verpflichtungen, zur Wahrung eines berechtigten Interesses oder auf der Grundlage einer von Ihnen erteilten Einwilligung.<\/p>\n\n<p>Je nach Rechtsgrundlage handelt es sich um die folgenden Kategorien personenbezogener Daten:<\/p>\n\n<ul class=\"wp-block-list\">\n<li>Vorname, Nachname<\/li>\n\n\n\n<li>Adresse<\/li>\n\n\n\n<li>Kommunikationsdaten (Telefon, E-Mail Adresse, Faxnummer)<\/li>\n\n\n\n<li>Datum der Geburt<\/li>\n\n\n\n<li>Nationalit\u00e4t<\/li>\n\n\n\n<li>Vertragsstammdaten, insbesondere Vertragsnummer, Laufzeit, K\u00fcndigungsfrist, Art der<\/li>\n\n\n\n<li>Vertrag<\/li>\n\n\n\n<li>Organisatorische Daten (z. B. Firma, Unternehmen\/Organisation, Berufsbezeichnung,<\/li>\n\n\n\n<li>Position, Funktion)<\/li>\n\n\n\n<li>Rechnungsdaten\/Verkaufsdaten<\/li>\n\n\n\n<li>Daten zur Kreditw\u00fcrdigkeit<\/li>\n\n\n\n<li>Zahlungsdaten\/Kontoinformationen<\/li>\n\n\n\n<li>Kontoinformationen, insbesondere Registrierung und Logins (Benutzer-ID)<\/li>\n\n\n\n<li>Video- oder Bildaufzeichnung<\/li>\n\n\n\n<li>CCTV.<\/li>\n<\/ul>\n\n<p>Im Rahmen der Vertragsanbahnung greifen wir auch auf Daten zur\u00fcck, die uns von Dritten zur Verf\u00fcgung gestellt werden. Je nach Art des Vertrages handelt es sich dabei um die folgenden Kategorien personenbezogener Daten:<\/p>\n\n<ul class=\"wp-block-list\">\n<li>Informationen zur Kreditw\u00fcrdigkeit (\u00fcber Auskunfteien).<\/li>\n<\/ul>\n\n<h2 class=\"wp-block-heading\">4. Was sind die Quellen der Daten?<\/h2>\n\n<p>Wir verarbeiten personenbezogene Daten, die wir von unseren Kunden oder Interessenten erhalten.<\/p>\n\n<p>Wir erhalten auch personenbezogene Daten von den folgenden Stellen:<\/p>\n\n<ul class=\"wp-block-list\">\n<li>Kreditb\u00fcros<\/li>\n\n\n\n<li>\u00d6ffentlich zug\u00e4ngliche Quellen: Handels- oder Vereinsregister, Schuldnerverzeichnisse, Grundb\u00fccher<\/li>\n\n\n\n<li>Register.<\/li>\n\n\n\n<li>Andere Unternehmen der Gruppe.<\/li>\n<\/ul>\n\n<h2 class=\"wp-block-heading\">5. Zu welchen Zwecken verarbeiten wir Ihre Daten und auf welcher Rechtsgrundlage?<\/h2>\n\n<p>Wir verarbeiten Ihre personenbezogenen Daten insbesondere unter Beachtung der allgemeinen Datenschutzverordnung (GDPR) und des Bundesdatenschutzgesetzes (BDSG) sowie aller weiteren geltenden Gesetze.<\/p>\n\n<h3 class=\"wp-block-heading\">5.1 Basierend auf Ihrer Einwilligung (Art. 6 Abs. 1 a GDPR)<\/h3>\n\n<p>Wenn Sie uns Ihre freiwillige Einwilligung zur Erhebung, Verarbeitung oder \u00dcbermittlung bestimmter personenbezogener Daten gegeben haben, so bildet diese Einwilligung die Rechtsgrundlage f\u00fcr die Verarbeitung dieser Daten. In den folgenden F\u00e4llen verarbeiten wir Ihre personenbezogenen Daten auf der Grundlage einer von Ihnen erteilten Einwilligung:<\/p>\n\n<ul class=\"wp-block-list\">\n<li>Versenden eines E-Mail-Newsletters<\/li>\n\n\n\n<li>Personalisierte Newsletter-Verfolgung<\/li>\n\n\n\n<li>Marktforschung (z. B. Umfragen zur Kundenzufriedenheit)<\/li>\n\n\n\n<li>Marketing und Werbung &#8211; Erstellung von Kundenprofilen<\/li>\n\n\n\n<li>Ver\u00f6ffentlichung einer Kundenreferenz (Name und Bild).<\/li>\n<\/ul>\n\n<h3 class=\"wp-block-heading\">5.2 Zur Erf\u00fcllung eines Vertrags (Art. 6 Abs. 1 b GDPR)<\/h3>\n\n<p>Wir verwenden Ihre personenbezogenen Daten f\u00fcr die Abwicklung des Kaufvertrages.<\/p>\n\n<p>Im Rahmen dieses Vertragsverh\u00e4ltnisses verarbeiten wir Ihre Daten insbesondere zur Durchf\u00fchrung der folgenden T\u00e4tigkeiten:<\/p>\n\n<ul class=\"wp-block-list\">\n<li>Kontakt im Zusammenhang mit dem Vertrag<\/li>\n\n\n\n<li>Vertragsmanagement<\/li>\n\n\n\n<li>Kontinuierliche Kundenbetreuung<\/li>\n\n\n\n<li>Service-Center\/Kundenservice<\/li>\n\n\n\n<li>Geltendmachung von Gew\u00e4hrleistungsanspr\u00fcchen<\/li>\n\n\n\n<li>Forderungsmanagement<\/li>\n\n\n\n<li>Management der Vertragsk\u00fcndigung.<\/li>\n<\/ul>\n\n<p>N\u00e4here Informationen zu den Zwecken der Datenverarbeitung finden sich in den jeweiligen Vertragsunterlagen und Allgemeinen Gesch\u00e4ftsbedingungen.<\/p>\n\n<h3 class=\"wp-block-heading\">5.3 Zur Erf\u00fcllung gesetzlicher Pflichten (Art. 6 Abs. 1 c GDPR)<\/h3>\n\n<p>Als Unternehmen sind wir verschiedenen rechtlichen Verpflichtungen unterworfen. Um diese Verpflichtungen zu erf\u00fcllen, kann die Verarbeitung personenbezogener Daten erforderlich sein.<\/p>\n\n<p>Kontroll- und Berichtspflichten<br\/>\u00dcberpr\u00fcfung der Kreditw\u00fcrdigkeit, des Alters und der Identit\u00e4t<br\/>Pr\u00e4vention\/Verteidigung von Straftaten.<\/p>\n\n<h3 class=\"wp-block-heading\">5.4 Auf der Grundlage eines berechtigten Interesses (Art. 6 Abs. 1 f GDPR)<\/h3>\n\n<p>In bestimmten F\u00e4llen verarbeiten wir Ihre Daten, um ein berechtigtes Interesse von uns oder einem Dritten zu sch\u00fctzen.<\/p>\n\n<ul class=\"wp-block-list\">\n<li>Direktwerbung oder Markt- und Meinungsforschung<\/li>\n\n\n\n<li>Zentrale Kundendatenverwaltung innerhalb der Gruppe<\/li>\n\n\n\n<li>Ma\u00dfnahmen zur Geb\u00e4ude- und Anlagensicherheit<\/li>\n\n\n\n<li>Video\u00fcberwachung zur Wahrung des Hausrechts<\/li>\n\n\n\n<li>Abfrage und Austausch von Daten mit Auskunfteien zur Ermittlung der Kreditw\u00fcrdigkeit oder von Ausfallrisiken<\/li>\n\n\n\n<li>Gew\u00e4hrleistung der IT-Sicherheit und des IT-Betriebs.<\/li>\n<\/ul>\n\n<h2 class=\"wp-block-heading\">6. An wen werden Ihre Daten weitergegeben?<\/h2>\n\n<p>Um unsere vertraglichen und gesetzlichen Verpflichtungen zu erf\u00fcllen, werden Ihre personenbezogenen Daten an verschiedene \u00f6ffentliche oder interne Stellen sowie an externe Dienstleister weitergegeben.<\/p>\n\n<p><strong>Unternehmen der Gruppe:<\/strong><\/p>\n\n<p>PLIXXENT GmbH &amp; Co.KG<br\/>Mittelkamp 112<br\/>26125 Oldenburg<br\/>Deutschland<\/p>\n\n<p>PLIXXENT A\/S<br\/>Kronborgvej 24<br\/>5450 Otterup<br\/>D\u00e4nemark<\/p>\n\n<p>PLIXXENT B.V.<br\/>Korte Groningerweg 1 a<br\/>9607 PS Foxhol<br\/>Die Niederlande<\/p>\n\n<p>PLIXXENT S.L.<br\/>Poligono Quimico Sur<br\/>Ctra. Vilaseca-La Pineda,<br\/>s\/n PO Box 83,<br\/>43110 La Canonja #<br\/>Tarragona<br\/>Spanien<\/p>\n\n<p>Polytech Fl\u00fcssigpolymere GmbH<br\/>Lange Ln<br\/>Pott Shrigley,<br\/>Bollington, Macclesfield SK10 5SD,<br\/>Vereinigtes K\u00f6nigreich<\/p>\n\n<p>PLIXXENT S.r.l<br\/>Via Massari Marzoli, 5<br\/>21052 Busto Arsizio (Va)<br\/>Italien<\/p>\n\n<p><strong>Externe Dienstleistungsanbieter:<\/strong><\/p>\n\n<p>Wir arbeiten mit ausgew\u00e4hlten externen Dienstleistern zusammen, um unsere vertraglichen und gesetzlichen Verpflichtungen zu erf\u00fcllen.<\/p>\n\n<ul class=\"wp-block-list\">\n<li>IT-Dienstleister (z. B. Wartungsdienstleister, Hosting-Dienstleister)<\/li>\n\n\n\n<li>Dienstleister f\u00fcr Akten- und Datenvernichtung<\/li>\n\n\n\n<li>Druckdienstleistungen<\/li>\n\n\n\n<li>Telekommunikation<\/li>\n\n\n\n<li>Anbieter von Zahlungsdiensten<\/li>\n\n\n\n<li>Beratung und Betreuung<\/li>\n\n\n\n<li>Dienstleister f\u00fcr Marketing oder Vertrieb<\/li>\n\n\n\n<li>Kreditb\u00fcros<\/li>\n\n\n\n<li>Autorisierte H\u00e4ndler<\/li>\n\n\n\n<li>Dienstleister f\u00fcr telefonische Unterst\u00fctzung (Call Center)<\/li>\n\n\n\n<li>Anbieter von Webhosting-Diensten<\/li>\n\n\n\n<li>Lettershops<\/li>\n\n\n\n<li>Rechnungspr\u00fcfer.<\/li>\n<\/ul>\n\n<p><strong>\u00d6ffentliche Einrichtungen:<\/strong><\/p>\n\n<p>Dar\u00fcber hinaus k\u00f6nnen wir verpflichtet sein, Ihre personenbezogenen Daten an andere Empf\u00e4nger weiterzugeben, z. B. an Beh\u00f6rden, um gesetzlichen Meldepflichten nachzukommen.<\/p>\n\n<ul class=\"wp-block-list\">\n<li>Finanzbeh\u00f6rden<\/li>\n\n\n\n<li>Zollbeh\u00f6rden<\/li>\n\n\n\n<li>Sozialversicherungsanstalt.<\/li>\n<\/ul>\n\n<p>Wenn Sie weitere Fragen zu den einzelnen Empf\u00e4ngern haben, wenden Sie sich bitte an uns: info@plixxent.com<\/p>\n\n<h2 class=\"wp-block-heading\">7. Werden Ihre Daten in L\u00e4nder au\u00dferhalb der Europ\u00e4ischen Union (sogenannte Drittl\u00e4nder) \u00fcbermittelt?<\/h2>\n\n<p>Eine \u00dcbermittlung in ein Drittland ist nicht vorgesehen.<\/p>\n\n<h2 class=\"wp-block-heading\">8. Wie lange werden meine Daten gespeichert?<\/h2>\n\n<p>Wir speichern Ihre personenbezogenen Daten so lange, wie es zur Erf\u00fcllung unserer gesetzlichen und vertraglichen Verpflichtungen erforderlich ist.<br\/>Ist die Speicherung der Daten zur Erf\u00fcllung vertraglicher oder gesetzlicher Pflichten nicht mehr erforderlich, werden Ihre Daten gel\u00f6scht, es sei denn, ihre weitere Verarbeitung ist f\u00fcr die folgenden Zwecke erforderlich:<\/p>\n\n<ul class=\"wp-block-list\">\n<li>Erf\u00fcllung der handels- und steuerrechtlichen Aufbewahrungspflichten. Dazu geh\u00f6ren Aufbewahrungsfristen aus dem Handelsgesetzbuch (HGB) oder der Abgabenordnung (AO). Die Aufbewahrungsfristen betragen bis zu 10 Jahre.<\/li>\n\n\n\n<li>Beweissicherung im Rahmen der Verj\u00e4hrungsvorschriften. Nach den Verj\u00e4hrungsvorschriften des deutschen B\u00fcrgerlichen Gesetzbuchs (BGB) k\u00f6nnen diese Verj\u00e4hrungsfristen in einigen F\u00e4llen bis zu 30 Jahre betragen; die regelm\u00e4\u00dfige Verj\u00e4hrungsfrist betr\u00e4gt drei Jahre.<\/li>\n<\/ul>\n\n<h2 class=\"wp-block-heading\">9. Welche Rechte haben Sie im Zusammenhang mit der Verarbeitung Ihrer Daten?<\/h2>\n\n<p>Jede betroffene Person hat das Recht auf Information gem\u00e4\u00df Artikel 15 der DSGVO, das Recht auf Berichtigung gem\u00e4\u00df Artikel 16 der DSGVO, das Recht auf L\u00f6schung gem\u00e4\u00df Artikel 17 der DSGVO, das Recht auf Einschr\u00e4nkung der Verarbeitung gem\u00e4\u00df Artikel 18 der DSGVO, das Recht auf Widerspruch gem\u00e4\u00df Artikel 21 der DSGVO und das Recht auf Daten\u00fcbertragbarkeit gem\u00e4\u00df Artikel 20 der DSGVO. F\u00fcr das Auskunftsrecht und das Recht auf L\u00f6schung gelten die Einschr\u00e4nkungen der \u00a7\u00a7 34 und 35 Bundesdatenschutzgesetz (BDSG).<\/p>\n\n<h3 class=\"wp-block-heading\">9.1 Recht auf Einspruch<\/h3>\n\n<p>Sie k\u00f6nnen der Nutzung Ihrer Daten f\u00fcr Werbung per E-Mail jederzeit widersprechen, ohne dass hierf\u00fcr andere als die \u00dcbermittlungskosten nach den Basistarifen entstehen.<\/p>\n\n<p><strong>Welche Rechte haben Sie im Falle einer Datenverarbeitung, die auf Ihrem berechtigten oder \u00f6ffentlichen Interesse beruht?<\/strong><\/p>\n\n<p>Gem\u00e4\u00df Art. 21 (1) GDPR haben Sie das Recht, jederzeit gegen die Verarbeitung Sie betreffender personenbezogener Daten, die auf der Grundlage von Art. 6 (1) e GDPR (Datenverarbeitung im \u00f6ffentlichen Interesse) oder auf Grundlage von Art. 6 (1) f DSGVO (Datenverarbeitung zur Wahrung eines berechtigten Interesses) aus Gr\u00fcnden, die sich aus Ihrer besonderen Situation ergeben, zu widersprechen; dies gilt auch f\u00fcr ein auf diese Bestimmung gest\u00fctztes Profiling.<\/p>\n\n<p>Im Falle Ihres Widerspruchs werden wir Ihre personenbezogenen Daten nicht mehr verarbeiten, es sei denn, wir k\u00f6nnen zwingende schutzw\u00fcrdige Gr\u00fcnde f\u00fcr die Verarbeitung nachweisen, die Ihre Interessen, Rechte und Freiheiten \u00fcberwiegen, oder die Verarbeitung dient der Geltendmachung, Aus\u00fcbung oder Verteidigung von Rechtsanspr\u00fcchen.<\/p>\n\n<p><strong>Welche Rechte haben Sie im Falle einer Datenverarbeitung f\u00fcr Direktmarketing?<\/strong><\/p>\n\n<p>Verarbeiten wir Ihre personenbezogenen Daten, um Direktwerbung zu betreiben, so haben Sie das Recht, jederzeit Widerspruch gegen die Verarbeitung der Sie betreffenden personenbezogenen Daten zum Zwecke derartiger Werbung einzulegen, soweit dies nach Art. 21 Abs. 2 DS-GVO zu widersprechen; dies gilt auch f\u00fcr das Profiling, soweit es mit solcher Direktwerbung in Verbindung steht. Wenn Sie der Verarbeitung zu Zwecken des Direktmarketings widersprechen, werden wir Ihre personenbezogenen Daten nicht mehr f\u00fcr diese Zwecke verarbeiten.<\/p>\n\n<h3 class=\"wp-block-heading\">9.2 Widerruf der Zustimmung<\/h3>\n\n<p>Sie k\u00f6nnen Ihre Einwilligung in die Verarbeitung personenbezogener Daten jederzeit widerrufen. Bitte beachten Sie, dass der Widerruf nur f\u00fcr die Zukunft wirksam ist.<\/p>\n\n<h3 class=\"wp-block-heading\">9.3 Recht auf Information<\/h3>\n\n<p>Sie k\u00f6nnen Auskunft dar\u00fcber verlangen, ob wir personenbezogene Daten \u00fcber Sie gespeichert haben. Wenn Sie es w\u00fcnschen, teilen wir Ihnen mit, um welche Daten es sich handelt, zu welchen Zwecken die Daten verarbeitet werden, an wen diese Daten weitergegeben werden, wie lange die Daten gespeichert werden und welche weiteren Rechte Sie in Bezug auf diese Daten haben.<\/p>\n\n<h3 class=\"wp-block-heading\">9.4 Sonstige Rechte<\/h3>\n\n<p>Dar\u00fcber hinaus haben Sie das Recht, unrichtige Daten zu berichtigen oder Ihre Daten l\u00f6schen zu lassen. Wenn es keinen Grund f\u00fcr eine weitere Speicherung gibt, werden wir Ihre Daten l\u00f6schen, andernfalls werden wir die Verarbeitung einschr\u00e4nken. Sie k\u00f6nnen auch verlangen, dass wir alle personenbezogenen Daten, die Sie uns zur Verf\u00fcgung gestellt haben, in einem strukturierten, allgemein gebr\u00e4uchlichen und maschinenlesbaren Format entweder an Sie oder an eine Person oder ein Unternehmen Ihrer Wahl weitergeben.<\/p>\n\n<p>Dar\u00fcber hinaus besteht ein Beschwerderecht bei der zust\u00e4ndigen Datenschutzaufsichtsbeh\u00f6rde (Art. 77 GDPR in Verbindung mit \u00a7 19 Bundesdatenschutzgesetz (BDSG)).<\/p>\n\n<h3 class=\"wp-block-heading\">9.5 Ihre Rechte wahrnehmen<\/h3>\n\n<p>Um Ihre Rechte auszu\u00fcben, k\u00f6nnen Sie sich unter den angegebenen Kontaktdaten an den f\u00fcr die Verarbeitung Verantwortlichen oder den Datenschutzbeauftragten wenden. Au\u00dferdem k\u00f6nnen Sie uns per E-Mail kontaktieren: <a href=\"mailto:info@plixxent.com\">info@plixxent.com<\/a> oder unter der Telefonnummer <a href=\"tel:+4940357784600\" data-type=\"tel\" data-id=\"tel:+4940357784600\">+49 40357784600.<\/a><\/p>\n\n<p>Wir werden Ihre Anfragen zeitnah und entsprechend den gesetzlichen Vorgaben bearbeiten und Sie \u00fcber die getroffenen Ma\u00dfnahmen informieren.<\/p>\n\n<h2 class=\"wp-block-heading\">10. Besteht eine Verpflichtung zur Angabe Ihrer pers\u00f6nlichen Daten?<\/h2>\n\n<p>Um eine Gesch\u00e4ftsbeziehung einzugehen, m\u00fcssen Sie uns die personenbezogenen Daten zur Verf\u00fcgung stellen, die f\u00fcr die Durchf\u00fchrung des Vertragsverh\u00e4ltnisses erforderlich sind oder die wir aufgrund gesetzlicher Vorgaben erheben m\u00fcssen. Wenn Sie uns diese Daten nicht zur Verf\u00fcgung stellen, ist die Durchf\u00fchrung und Abwicklung des Vertragsverh\u00e4ltnisses f\u00fcr uns nicht m\u00f6glich.<\/p>\n\n<h2 class=\"wp-block-heading\">11. \u00c4nderungen an diesen Informationen<\/h2>\n\n<p>Sollte sich der Zweck oder die Art der Verarbeitung Ihrer personenbezogenen Daten wesentlich \u00e4ndern, werden wir diese Informationen rechtzeitig aktualisieren und Sie rechtzeitig \u00fcber die \u00c4nderungen informieren.<\/p>\n\n<p>Plixxent Holding GmbH<br\/>Gasstra\u00dfe 18, Haus 5<br\/>22761 Hamburg<br\/>Deutschland<br\/>E-Mail: <a href=\"mailto:info@plixxent.com\" target=\"_blank\" rel=\"noreferrer noopener\">info@plixxent.com<\/a><\/p>\n\n<p>vertreten durch die Gesch\u00e4ftsf\u00fchrer Dr. J\u00f6rg Schottek, Nikolaus Michelsen, Carsten W\u00f6rner<\/p>\n","protected":false},"excerpt":{"rendered":"<p>Informationen \u00fcber die Verarbeitung von personenbezogenen Daten unserer Kunden und Interessenten. Sorgfalt und Transparenz sind die Basis f\u00fcr eine vertrauensvolle Zusammenarbeit mit unseren Kunden. Deshalb informieren wir Sie dar\u00fcber, wie wir Ihre Daten verarbeiten und wie Sie Ihre Rechte aus\u00fcben k\u00f6nnen, die Ihnen nach der Allgemeinen Datenschutzverordnung (DSGVO) und anderen einschl\u00e4gigen Datenschutzgesetzen zustehen. Welche personenbezogenen [&hellip;]<\/p>\n","protected":false},"author":1,"featured_media":0,"parent":0,"menu_order":0,"comment_status":"closed","ping_status":"closed","template":"","meta":{"footnotes":""},"class_list":["post-5640","page","type-page","status-publish","hentry"],"yoast_head":"<!-- This site is optimized with the Yoast SEO plugin v27.3 - https:\/\/yoast.com\/product\/yoast-seo-wordpress\/ -->\n<title>Erkl\u00e4rung zum Datenschutz - PLIXXENT<\/title>\n<meta name=\"robots\" content=\"index, follow, max-snippet:-1, max-image-preview:large, max-video-preview:-1\" \/>\n<link rel=\"canonical\" href=\"https:\/\/plixxent.com\/de\/erklaerung-zum-datenschutz\/\" \/>\n<meta property=\"og:locale\" content=\"de_DE\" \/>\n<meta property=\"og:type\" content=\"article\" \/>\n<meta property=\"og:title\" content=\"Erkl\u00e4rung zum Datenschutz - PLIXXENT\" \/>\n<meta property=\"og:description\" content=\"Informationen \u00fcber die Verarbeitung von personenbezogenen Daten unserer Kunden und Interessenten. Sorgfalt und Transparenz sind die Basis f\u00fcr eine vertrauensvolle Zusammenarbeit mit unseren Kunden. Deshalb informieren wir Sie dar\u00fcber, wie wir Ihre Daten verarbeiten und wie Sie Ihre Rechte aus\u00fcben k\u00f6nnen, die Ihnen nach der Allgemeinen Datenschutzverordnung (DSGVO) und anderen einschl\u00e4gigen Datenschutzgesetzen zustehen. Welche personenbezogenen [&hellip;]\" \/>\n<meta property=\"og:url\" content=\"https:\/\/plixxent.com\/de\/erklaerung-zum-datenschutz\/\" \/>\n<meta property=\"og:site_name\" content=\"PLIXXENT\" \/>\n<meta property=\"article:modified_time\" content=\"2024-03-04T11:54:35+00:00\" \/>\n<meta property=\"og:image\" content=\"https:\/\/plixxent.com\/wp-content\/uploads\/2024\/03\/plixxent_og.jpg\" \/>\n\t<meta property=\"og:image:width\" content=\"1200\" \/>\n\t<meta property=\"og:image:height\" content=\"675\" \/>\n\t<meta property=\"og:image:type\" content=\"image\/jpeg\" \/>\n<meta name=\"twitter:card\" content=\"summary_large_image\" \/>\n<meta name=\"twitter:label1\" content=\"Gesch\u00e4tzte Lesezeit\" \/>\n\t<meta name=\"twitter:data1\" content=\"8\u00a0Minuten\" \/>\n<script type=\"application\/ld+json\" class=\"yoast-schema-graph\">{\"@context\":\"https:\\\/\\\/schema.org\",\"@graph\":[{\"@type\":\"WebPage\",\"@id\":\"https:\\\/\\\/plixxent.com\\\/de\\\/erklaerung-zum-datenschutz\\\/\",\"url\":\"https:\\\/\\\/plixxent.com\\\/de\\\/erklaerung-zum-datenschutz\\\/\",\"name\":\"Erkl\u00e4rung zum Datenschutz - PLIXXENT\",\"isPartOf\":{\"@id\":\"https:\\\/\\\/plixxent.com\\\/de\\\/#website\"},\"datePublished\":\"2023-06-19T05:44:58+00:00\",\"dateModified\":\"2024-03-04T11:54:35+00:00\",\"breadcrumb\":{\"@id\":\"https:\\\/\\\/plixxent.com\\\/de\\\/erklaerung-zum-datenschutz\\\/#breadcrumb\"},\"inLanguage\":\"de\",\"potentialAction\":[{\"@type\":\"ReadAction\",\"target\":[\"https:\\\/\\\/plixxent.com\\\/de\\\/erklaerung-zum-datenschutz\\\/\"]}]},{\"@type\":\"BreadcrumbList\",\"@id\":\"https:\\\/\\\/plixxent.com\\\/de\\\/erklaerung-zum-datenschutz\\\/#breadcrumb\",\"itemListElement\":[{\"@type\":\"ListItem\",\"position\":1,\"name\":\"Home\",\"item\":\"https:\\\/\\\/plixxent.com\\\/de\\\/startseite\\\/\"},{\"@type\":\"ListItem\",\"position\":2,\"name\":\"Erkl\u00e4rung zum Datenschutz\"}]},{\"@type\":\"WebSite\",\"@id\":\"https:\\\/\\\/plixxent.com\\\/de\\\/#website\",\"url\":\"https:\\\/\\\/plixxent.com\\\/de\\\/\",\"name\":\"PLIXXENT\",\"description\":\"Providing innovative technologies based on polyurethanes\",\"potentialAction\":[{\"@type\":\"SearchAction\",\"target\":{\"@type\":\"EntryPoint\",\"urlTemplate\":\"https:\\\/\\\/plixxent.com\\\/de\\\/?s={search_term_string}\"},\"query-input\":{\"@type\":\"PropertyValueSpecification\",\"valueRequired\":true,\"valueName\":\"search_term_string\"}}],\"inLanguage\":\"de\"}]}<\/script>\n<!-- \/ Yoast SEO plugin. -->","yoast_head_json":{"title":"Erkl\u00e4rung zum Datenschutz - PLIXXENT","robots":{"index":"index","follow":"follow","max-snippet":"max-snippet:-1","max-image-preview":"max-image-preview:large","max-video-preview":"max-video-preview:-1"},"canonical":"https:\/\/plixxent.com\/de\/erklaerung-zum-datenschutz\/","og_locale":"de_DE","og_type":"article","og_title":"Erkl\u00e4rung zum Datenschutz - PLIXXENT","og_description":"Informationen \u00fcber die Verarbeitung von personenbezogenen Daten unserer Kunden und Interessenten. Sorgfalt und Transparenz sind die Basis f\u00fcr eine vertrauensvolle Zusammenarbeit mit unseren Kunden. Deshalb informieren wir Sie dar\u00fcber, wie wir Ihre Daten verarbeiten und wie Sie Ihre Rechte aus\u00fcben k\u00f6nnen, die Ihnen nach der Allgemeinen Datenschutzverordnung (DSGVO) und anderen einschl\u00e4gigen Datenschutzgesetzen zustehen. Welche personenbezogenen [&hellip;]","og_url":"https:\/\/plixxent.com\/de\/erklaerung-zum-datenschutz\/","og_site_name":"PLIXXENT","article_modified_time":"2024-03-04T11:54:35+00:00","og_image":[{"width":1200,"height":675,"url":"https:\/\/plixxent.com\/wp-content\/uploads\/2024\/03\/plixxent_og.jpg","type":"image\/jpeg"}],"twitter_card":"summary_large_image","twitter_misc":{"Gesch\u00e4tzte Lesezeit":"8\u00a0Minuten"},"schema":{"@context":"https:\/\/schema.org","@graph":[{"@type":"WebPage","@id":"https:\/\/plixxent.com\/de\/erklaerung-zum-datenschutz\/","url":"https:\/\/plixxent.com\/de\/erklaerung-zum-datenschutz\/","name":"Erkl\u00e4rung zum Datenschutz - PLIXXENT","isPartOf":{"@id":"https:\/\/plixxent.com\/de\/#website"},"datePublished":"2023-06-19T05:44:58+00:00","dateModified":"2024-03-04T11:54:35+00:00","breadcrumb":{"@id":"https:\/\/plixxent.com\/de\/erklaerung-zum-datenschutz\/#breadcrumb"},"inLanguage":"de","potentialAction":[{"@type":"ReadAction","target":["https:\/\/plixxent.com\/de\/erklaerung-zum-datenschutz\/"]}]},{"@type":"BreadcrumbList","@id":"https:\/\/plixxent.com\/de\/erklaerung-zum-datenschutz\/#breadcrumb","itemListElement":[{"@type":"ListItem","position":1,"name":"Home","item":"https:\/\/plixxent.com\/de\/startseite\/"},{"@type":"ListItem","position":2,"name":"Erkl\u00e4rung zum Datenschutz"}]},{"@type":"WebSite","@id":"https:\/\/plixxent.com\/de\/#website","url":"https:\/\/plixxent.com\/de\/","name":"PLIXXENT","description":"Providing innovative technologies based on polyurethanes","potentialAction":[{"@type":"SearchAction","target":{"@type":"EntryPoint","urlTemplate":"https:\/\/plixxent.com\/de\/?s={search_term_string}"},"query-input":{"@type":"PropertyValueSpecification","valueRequired":true,"valueName":"search_term_string"}}],"inLanguage":"de"}]}},"_links":{"self":[{"href":"https:\/\/plixxent.com\/de\/wp-json\/wp\/v2\/pages\/5640","targetHints":{"allow":["GET"]}}],"collection":[{"href":"https:\/\/plixxent.com\/de\/wp-json\/wp\/v2\/pages"}],"about":[{"href":"https:\/\/plixxent.com\/de\/wp-json\/wp\/v2\/types\/page"}],"author":[{"embeddable":true,"href":"https:\/\/plixxent.com\/de\/wp-json\/wp\/v2\/users\/1"}],"replies":[{"embeddable":true,"href":"https:\/\/plixxent.com\/de\/wp-json\/wp\/v2\/comments?post=5640"}],"version-history":[{"count":4,"href":"https:\/\/plixxent.com\/de\/wp-json\/wp\/v2\/pages\/5640\/revisions"}],"predecessor-version":[{"id":57918,"href":"https:\/\/plixxent.com\/de\/wp-json\/wp\/v2\/pages\/5640\/revisions\/57918"}],"wp:attachment":[{"href":"https:\/\/plixxent.com\/de\/wp-json\/wp\/v2\/media?parent=5640"}],"curies":[{"name":"wp","href":"https:\/\/api.w.org\/{rel}","templated":true}]}}