{"id":64072,"date":"2025-11-10T10:47:01","date_gmt":"2025-11-10T09:47:01","guid":{"rendered":"https:\/\/plixxent.com\/vigtig-information-om-databeskyttelse\/"},"modified":"2025-11-10T12:08:39","modified_gmt":"2025-11-10T11:08:39","slug":"vigtig-information-om-databeskyttelse","status":"publish","type":"page","link":"https:\/\/plixxent.com\/da\/vigtig-information-om-databeskyttelse\/","title":{"rendered":"Vigtig information om databeskyttelse*"},"content":{"rendered":"\n<p>K\u00e6re kunder,<\/p>\n\n<p>desv\u00e6rre blev vores virksomheds eksternt drevne webshop offer for et cyberangreb den 27. oktober 2025. Vores it-serviceudbyder tog straks webshoppen offline og kontrollerede den ved hj\u00e6lp af cybersikkerhedseksperter. Vi er overbeviste om, at den hurtige reaktion fra vores it-eksperter forhindrede mere alvorlig skade.  <\/p>\n\n<p>Da angrebet fandt sted inden for en relativt kort tidsramme, er det uklart, i hvilket omfang vores kunders data kan v\u00e6re blevet stj\u00e5let. Da et datal\u00e6k imidlertid ikke kan udelukkes, har vi som en sikkerhedsforanstaltning informeret datatilsynet i Niedersachsen og andre databeskyttelsesmyndigheder p\u00e5 vores europ\u00e6iske lokationer. De data, der kan v\u00e6re blevet p\u00e5virket, omfatter efternavn, fornavn, kundenummer, kontaktoplysninger og visse kontraktrelaterede oplysninger.  <\/p>\n\n<p>Som en sikkerhedsforanstaltning vil vi gerne p\u00e5pege, at angriberne kan bruge og misbruge stj\u00e5lne data til phishing-fors\u00f8g, identitetstyveri eller -bedrageri. Hvis du modtager e-mails, WhatsApp-beskeder, talebeskeder eller andre beskeder, der virker mist\u00e6nkelige, m\u00e5 du ikke videregive f\u00f8lsomme oplysninger. <\/p>\n\n<p>Den videre unders\u00f8gelse af h\u00e6ndelsen vil blive afsluttet inden l\u00e6nge. Vi vil genopbygge vores webshop og s\u00e6tte den i drift igen s\u00e5 hurtigt som muligt. <\/p>\n\n<p>Tak for din forst\u00e5else!<\/p>\n\n<p>* Blandt andet i overensstemmelse med Art. 34 s. 1, s. 3 (c) GDPR  <\/p>\n\n<p><\/p>\n","protected":false},"excerpt":{"rendered":"<p>K\u00e6re kunder, desv\u00e6rre blev vores virksomheds eksternt drevne webshop offer for et cyberangreb den 27. oktober 2025. Vores it-serviceudbyder tog straks webshoppen offline og kontrollerede den ved hj\u00e6lp af cybersikkerhedseksperter. Vi er overbeviste om, at den hurtige reaktion fra vores it-eksperter forhindrede mere alvorlig skade. Da angrebet fandt sted inden for en relativt kort tidsramme, [&hellip;]<\/p>\n","protected":false},"author":2,"featured_media":64133,"parent":0,"menu_order":0,"comment_status":"closed","ping_status":"closed","template":"","meta":{"footnotes":""},"class_list":["post-64072","page","type-page","status-publish","has-post-thumbnail","hentry"],"yoast_head":"<!-- This site is optimized with the Yoast SEO plugin v27.4 - https:\/\/yoast.com\/product\/yoast-seo-wordpress\/ -->\n<title>Vigtig information om databeskyttelse* - PLIXXENT<\/title>\n<meta name=\"robots\" content=\"index, follow, max-snippet:-1, max-image-preview:large, max-video-preview:-1\" \/>\n<link rel=\"canonical\" href=\"https:\/\/plixxent.com\/da\/vigtig-information-om-databeskyttelse\/\" \/>\n<meta property=\"og:locale\" content=\"da_DK\" \/>\n<meta property=\"og:type\" content=\"article\" \/>\n<meta property=\"og:title\" content=\"Vigtig information om databeskyttelse* - PLIXXENT\" \/>\n<meta property=\"og:description\" content=\"K\u00e6re kunder, desv\u00e6rre blev vores virksomheds eksternt drevne webshop offer for et cyberangreb den 27. oktober 2025. Vores it-serviceudbyder tog straks webshoppen offline og kontrollerede den ved hj\u00e6lp af cybersikkerhedseksperter. Vi er overbeviste om, at den hurtige reaktion fra vores it-eksperter forhindrede mere alvorlig skade. Da angrebet fandt sted inden for en relativt kort tidsramme, [&hellip;]\" \/>\n<meta property=\"og:url\" content=\"https:\/\/plixxent.com\/da\/vigtig-information-om-databeskyttelse\/\" \/>\n<meta property=\"og:site_name\" content=\"PLIXXENT\" \/>\n<meta property=\"article:modified_time\" content=\"2025-11-10T11:08:39+00:00\" \/>\n<meta property=\"og:image\" content=\"https:\/\/plixxent.com\/wp-content\/uploads\/2025\/11\/1133350536_Tropfen.jpg\" \/>\n\t<meta property=\"og:image:width\" content=\"2000\" \/>\n\t<meta property=\"og:image:height\" content=\"1174\" \/>\n\t<meta property=\"og:image:type\" content=\"image\/jpeg\" \/>\n<meta name=\"twitter:card\" content=\"summary_large_image\" \/>\n<meta name=\"twitter:label1\" content=\"Estimeret l\u00e6setid\" \/>\n\t<meta name=\"twitter:data1\" content=\"1 minut\" \/>\n<script type=\"application\/ld+json\" class=\"yoast-schema-graph\">{\"@context\":\"https:\\\/\\\/schema.org\",\"@graph\":[{\"@type\":\"WebPage\",\"@id\":\"https:\\\/\\\/plixxent.com\\\/da\\\/vigtig-information-om-databeskyttelse\\\/\",\"url\":\"https:\\\/\\\/plixxent.com\\\/da\\\/vigtig-information-om-databeskyttelse\\\/\",\"name\":\"Vigtig information om databeskyttelse* - PLIXXENT\",\"isPartOf\":{\"@id\":\"https:\\\/\\\/plixxent.com\\\/da\\\/#website\"},\"primaryImageOfPage\":{\"@id\":\"https:\\\/\\\/plixxent.com\\\/da\\\/vigtig-information-om-databeskyttelse\\\/#primaryimage\"},\"image\":{\"@id\":\"https:\\\/\\\/plixxent.com\\\/da\\\/vigtig-information-om-databeskyttelse\\\/#primaryimage\"},\"thumbnailUrl\":\"https:\\\/\\\/plixxent.com\\\/wp-content\\\/uploads\\\/2025\\\/11\\\/1133350536_Tropfen.jpg\",\"datePublished\":\"2025-11-10T09:47:01+00:00\",\"dateModified\":\"2025-11-10T11:08:39+00:00\",\"breadcrumb\":{\"@id\":\"https:\\\/\\\/plixxent.com\\\/da\\\/vigtig-information-om-databeskyttelse\\\/#breadcrumb\"},\"inLanguage\":\"da-DK\",\"potentialAction\":[{\"@type\":\"ReadAction\",\"target\":[\"https:\\\/\\\/plixxent.com\\\/da\\\/vigtig-information-om-databeskyttelse\\\/\"]}]},{\"@type\":\"ImageObject\",\"inLanguage\":\"da-DK\",\"@id\":\"https:\\\/\\\/plixxent.com\\\/da\\\/vigtig-information-om-databeskyttelse\\\/#primaryimage\",\"url\":\"https:\\\/\\\/plixxent.com\\\/wp-content\\\/uploads\\\/2025\\\/11\\\/1133350536_Tropfen.jpg\",\"contentUrl\":\"https:\\\/\\\/plixxent.com\\\/wp-content\\\/uploads\\\/2025\\\/11\\\/1133350536_Tropfen.jpg\",\"width\":2000,\"height\":1174},{\"@type\":\"BreadcrumbList\",\"@id\":\"https:\\\/\\\/plixxent.com\\\/da\\\/vigtig-information-om-databeskyttelse\\\/#breadcrumb\",\"itemListElement\":[{\"@type\":\"ListItem\",\"position\":1,\"name\":\"Home\",\"item\":\"https:\\\/\\\/plixxent.com\\\/da\\\/hjem\\\/\"},{\"@type\":\"ListItem\",\"position\":2,\"name\":\"Vigtig information om databeskyttelse*\"}]},{\"@type\":\"WebSite\",\"@id\":\"https:\\\/\\\/plixxent.com\\\/da\\\/#website\",\"url\":\"https:\\\/\\\/plixxent.com\\\/da\\\/\",\"name\":\"PLIXXENT\",\"description\":\"Providing innovative technologies based on polyurethanes\",\"potentialAction\":[{\"@type\":\"SearchAction\",\"target\":{\"@type\":\"EntryPoint\",\"urlTemplate\":\"https:\\\/\\\/plixxent.com\\\/da\\\/?s={search_term_string}\"},\"query-input\":{\"@type\":\"PropertyValueSpecification\",\"valueRequired\":true,\"valueName\":\"search_term_string\"}}],\"inLanguage\":\"da-DK\"}]}<\/script>\n<!-- \/ Yoast SEO plugin. -->","yoast_head_json":{"title":"Vigtig information om databeskyttelse* - PLIXXENT","robots":{"index":"index","follow":"follow","max-snippet":"max-snippet:-1","max-image-preview":"max-image-preview:large","max-video-preview":"max-video-preview:-1"},"canonical":"https:\/\/plixxent.com\/da\/vigtig-information-om-databeskyttelse\/","og_locale":"da_DK","og_type":"article","og_title":"Vigtig information om databeskyttelse* - PLIXXENT","og_description":"K\u00e6re kunder, desv\u00e6rre blev vores virksomheds eksternt drevne webshop offer for et cyberangreb den 27. oktober 2025. Vores it-serviceudbyder tog straks webshoppen offline og kontrollerede den ved hj\u00e6lp af cybersikkerhedseksperter. Vi er overbeviste om, at den hurtige reaktion fra vores it-eksperter forhindrede mere alvorlig skade. Da angrebet fandt sted inden for en relativt kort tidsramme, [&hellip;]","og_url":"https:\/\/plixxent.com\/da\/vigtig-information-om-databeskyttelse\/","og_site_name":"PLIXXENT","article_modified_time":"2025-11-10T11:08:39+00:00","og_image":[{"width":2000,"height":1174,"url":"https:\/\/plixxent.com\/wp-content\/uploads\/2025\/11\/1133350536_Tropfen.jpg","type":"image\/jpeg"}],"twitter_card":"summary_large_image","twitter_misc":{"Estimeret l\u00e6setid":"1 minut"},"schema":{"@context":"https:\/\/schema.org","@graph":[{"@type":"WebPage","@id":"https:\/\/plixxent.com\/da\/vigtig-information-om-databeskyttelse\/","url":"https:\/\/plixxent.com\/da\/vigtig-information-om-databeskyttelse\/","name":"Vigtig information om databeskyttelse* - PLIXXENT","isPartOf":{"@id":"https:\/\/plixxent.com\/da\/#website"},"primaryImageOfPage":{"@id":"https:\/\/plixxent.com\/da\/vigtig-information-om-databeskyttelse\/#primaryimage"},"image":{"@id":"https:\/\/plixxent.com\/da\/vigtig-information-om-databeskyttelse\/#primaryimage"},"thumbnailUrl":"https:\/\/plixxent.com\/wp-content\/uploads\/2025\/11\/1133350536_Tropfen.jpg","datePublished":"2025-11-10T09:47:01+00:00","dateModified":"2025-11-10T11:08:39+00:00","breadcrumb":{"@id":"https:\/\/plixxent.com\/da\/vigtig-information-om-databeskyttelse\/#breadcrumb"},"inLanguage":"da-DK","potentialAction":[{"@type":"ReadAction","target":["https:\/\/plixxent.com\/da\/vigtig-information-om-databeskyttelse\/"]}]},{"@type":"ImageObject","inLanguage":"da-DK","@id":"https:\/\/plixxent.com\/da\/vigtig-information-om-databeskyttelse\/#primaryimage","url":"https:\/\/plixxent.com\/wp-content\/uploads\/2025\/11\/1133350536_Tropfen.jpg","contentUrl":"https:\/\/plixxent.com\/wp-content\/uploads\/2025\/11\/1133350536_Tropfen.jpg","width":2000,"height":1174},{"@type":"BreadcrumbList","@id":"https:\/\/plixxent.com\/da\/vigtig-information-om-databeskyttelse\/#breadcrumb","itemListElement":[{"@type":"ListItem","position":1,"name":"Home","item":"https:\/\/plixxent.com\/da\/hjem\/"},{"@type":"ListItem","position":2,"name":"Vigtig information om databeskyttelse*"}]},{"@type":"WebSite","@id":"https:\/\/plixxent.com\/da\/#website","url":"https:\/\/plixxent.com\/da\/","name":"PLIXXENT","description":"Providing innovative technologies based on polyurethanes","potentialAction":[{"@type":"SearchAction","target":{"@type":"EntryPoint","urlTemplate":"https:\/\/plixxent.com\/da\/?s={search_term_string}"},"query-input":{"@type":"PropertyValueSpecification","valueRequired":true,"valueName":"search_term_string"}}],"inLanguage":"da-DK"}]}},"_links":{"self":[{"href":"https:\/\/plixxent.com\/da\/wp-json\/wp\/v2\/pages\/64072","targetHints":{"allow":["GET"]}}],"collection":[{"href":"https:\/\/plixxent.com\/da\/wp-json\/wp\/v2\/pages"}],"about":[{"href":"https:\/\/plixxent.com\/da\/wp-json\/wp\/v2\/types\/page"}],"author":[{"embeddable":true,"href":"https:\/\/plixxent.com\/da\/wp-json\/wp\/v2\/users\/2"}],"replies":[{"embeddable":true,"href":"https:\/\/plixxent.com\/da\/wp-json\/wp\/v2\/comments?post=64072"}],"version-history":[{"count":3,"href":"https:\/\/plixxent.com\/da\/wp-json\/wp\/v2\/pages\/64072\/revisions"}],"predecessor-version":[{"id":64099,"href":"https:\/\/plixxent.com\/da\/wp-json\/wp\/v2\/pages\/64072\/revisions\/64099"}],"wp:featuredmedia":[{"embeddable":true,"href":"https:\/\/plixxent.com\/da\/wp-json\/wp\/v2\/media\/64133"}],"wp:attachment":[{"href":"https:\/\/plixxent.com\/da\/wp-json\/wp\/v2\/media?parent=64072"}],"curies":[{"name":"wp","href":"https:\/\/api.w.org\/{rel}","templated":true}]}}