{"id":5765,"date":"2023-08-14T17:24:12","date_gmt":"2023-08-14T15:24:12","guid":{"rendered":"https:\/\/plixxent.com\/overholdelse\/"},"modified":"2025-09-24T08:49:24","modified_gmt":"2025-09-24T06:49:24","slug":"overholdelse","status":"publish","type":"page","link":"https:\/\/plixxent.com\/da\/overholdelse\/","title":{"rendered":"Overholdelse"},"content":{"rendered":"\t\t<div data-elementor-type=\"wp-page\" data-elementor-id=\"5765\" class=\"elementor elementor-5765 elementor-1186\" data-elementor-post-type=\"page\">\n\t\t\t\t<div class=\"elementor-element elementor-element-7e8150c4 e-flex e-con-boxed e-con e-parent\" data-id=\"7e8150c4\" data-element_type=\"container\" data-e-type=\"container\">\n\t\t\t\t\t<div class=\"e-con-inner\">\n\t\t\t\t<div class=\"elementor-element elementor-element-48d1d9f elementor-widget elementor-widget-image\" data-id=\"48d1d9f\" data-element_type=\"widget\" data-e-type=\"widget\" data-widget_type=\"image.default\">\n\t\t\t\t<div class=\"elementor-widget-container\">\n\t\t\t\t\t\t\t\t\t\t\t\t\t\t\t<img fetchpriority=\"high\" decoding=\"async\" width=\"800\" height=\"306\" src=\"https:\/\/plixxent.com\/wp-content\/uploads\/2024\/01\/PLIXXENT-Illu-Nachhaltigkeit.svg\" class=\"attachment-large size-large wp-image-5454\" alt=\"\" \/>\t\t\t\t\t\t\t\t\t\t\t\t\t\t\t<\/div>\n\t\t\t\t<\/div>\n\t\t\t\t<div class=\"elementor-element elementor-element-b8b622c elementor-widget elementor-widget-heading\" data-id=\"b8b622c\" data-element_type=\"widget\" data-e-type=\"widget\" data-widget_type=\"heading.default\">\n\t\t\t\t<div class=\"elementor-widget-container\">\n\t\t\t\t\t<h2 class=\"elementor-heading-title elementor-size-default\">COMPLIANCE - ADF\u00c6RDSKODEKS<\/h2>\t\t\t\t<\/div>\n\t\t\t\t<\/div>\n\t\t\t\t<div class=\"elementor-element elementor-element-43851127 elementor-widget elementor-widget-text-editor\" data-id=\"43851127\" data-element_type=\"widget\" data-e-type=\"widget\" data-widget_type=\"text-editor.default\">\n\t\t\t\t<div class=\"elementor-widget-container\">\n\t\t\t\t\t\t\t\t\t\n<p>For os er compliance en vigtig del af at sikre en b\u00e6redygtig succes for vores virksomhed. Vores Code of Conduct skal hj\u00e6lpe vores medarbejdere og forretningspartnere med at identificere compliance-risici og mulige ulovlige handlinger p\u00e5 et tidligt tidspunkt. Dette adf\u00e6rdskodeks fastl\u00e6gger de standarder og politikker, som vi f\u00f8lger for at hj\u00e6lpe os med at opfylde forpligtelserne i vores branche og hos vores nationale og internationale kunder og leverand\u00f8rer. Vores standarder g\u00e6lder for alle, der arbejder for eller p\u00e5 vegne af PLIXXENT.   <\/p>\n\n<p>Alle PLIXXENT-medarbejdere skal overholde denne Code of Conduct. Vi er forpligtet til at overholde de nationale love og regler, der g\u00e6lder for vores tjenester i hele verden. Denne Code of Conduct beskriver de juridiske rammer, som vi arbejder inden for. Den definerer de grundl\u00e6ggende principper for vores adf\u00e6rd og forholdet til vores forretningspartnere og offentligheden. Den fastl\u00e6gger principperne for vores virksomheds handlinger og udtrykker vores virksomhedsv\u00e6rdier.    <\/p>\n\t\t\t\t\t\t\t\t<\/div>\n\t\t\t\t<\/div>\n\t\t\t\t<div class=\"elementor-element elementor-element-9d2fb9d elementor-widget__width-auto e-transform elementor-widget elementor-widget-button\" data-id=\"9d2fb9d\" data-element_type=\"widget\" data-e-type=\"widget\" data-settings=\"{&quot;_transform_skewX_effect_hover&quot;:{&quot;unit&quot;:&quot;px&quot;,&quot;size&quot;:-14,&quot;sizes&quot;:[]},&quot;_transform_skewX_effect_hover_tablet&quot;:{&quot;unit&quot;:&quot;deg&quot;,&quot;size&quot;:&quot;&quot;,&quot;sizes&quot;:[]},&quot;_transform_skewX_effect_hover_mobile&quot;:{&quot;unit&quot;:&quot;deg&quot;,&quot;size&quot;:&quot;&quot;,&quot;sizes&quot;:[]},&quot;_transform_skewY_effect_hover&quot;:{&quot;unit&quot;:&quot;px&quot;,&quot;size&quot;:&quot;&quot;,&quot;sizes&quot;:[]},&quot;_transform_skewY_effect_hover_tablet&quot;:{&quot;unit&quot;:&quot;deg&quot;,&quot;size&quot;:&quot;&quot;,&quot;sizes&quot;:[]},&quot;_transform_skewY_effect_hover_mobile&quot;:{&quot;unit&quot;:&quot;deg&quot;,&quot;size&quot;:&quot;&quot;,&quot;sizes&quot;:[]}}\" data-widget_type=\"button.default\">\n\t\t\t\t<div class=\"elementor-widget-container\">\n\t\t\t\t\t\t\t\t\t<div class=\"elementor-button-wrapper\">\n\t\t\t\t\t<a class=\"elementor-button elementor-button-link elementor-size-sm\" href=\"https:\/\/plixxent.com\/da\/download\/adfaerdskodeks\/\">\n\t\t\t\t\t\t<span class=\"elementor-button-content-wrapper\">\n\t\t\t\t\t\t\t\t\t<span class=\"elementor-button-text\">Download OVERHOLDELSE - KODEKS FOR ADF\u00c6RD<\/span>\n\t\t\t\t\t<\/span>\n\t\t\t\t\t<\/a>\n\t\t\t\t<\/div>\n\t\t\t\t\t\t\t\t<\/div>\n\t\t\t\t<\/div>\n\t\t\t\t<div class=\"elementor-element elementor-element-70e381a elementor-widget__width-auto e-transform elementor-widget elementor-widget-button\" data-id=\"70e381a\" data-element_type=\"widget\" data-e-type=\"widget\" data-settings=\"{&quot;_transform_skewX_effect_hover&quot;:{&quot;unit&quot;:&quot;px&quot;,&quot;size&quot;:-14,&quot;sizes&quot;:[]},&quot;_transform_skewX_effect_hover_tablet&quot;:{&quot;unit&quot;:&quot;deg&quot;,&quot;size&quot;:&quot;&quot;,&quot;sizes&quot;:[]},&quot;_transform_skewX_effect_hover_mobile&quot;:{&quot;unit&quot;:&quot;deg&quot;,&quot;size&quot;:&quot;&quot;,&quot;sizes&quot;:[]},&quot;_transform_skewY_effect_hover&quot;:{&quot;unit&quot;:&quot;px&quot;,&quot;size&quot;:&quot;&quot;,&quot;sizes&quot;:[]},&quot;_transform_skewY_effect_hover_tablet&quot;:{&quot;unit&quot;:&quot;deg&quot;,&quot;size&quot;:&quot;&quot;,&quot;sizes&quot;:[]},&quot;_transform_skewY_effect_hover_mobile&quot;:{&quot;unit&quot;:&quot;deg&quot;,&quot;size&quot;:&quot;&quot;,&quot;sizes&quot;:[]}}\" data-widget_type=\"button.default\">\n\t\t\t\t<div class=\"elementor-widget-container\">\n\t\t\t\t\t\t\t\t\t<div class=\"elementor-button-wrapper\">\n\t\t\t\t\t<a class=\"elementor-button elementor-button-link elementor-size-sm\" href=\"https:\/\/plixxent.com\/da\/download\/adfaerdskodeks-for-leverandoerer-engelsk\/\">\n\t\t\t\t\t\t<span class=\"elementor-button-content-wrapper\">\n\t\t\t\t\t\t\t\t\t<span class=\"elementor-button-text\">Download overholdelse - adf\u00e6rdskodeks for leverand\u00f8rer<\/span>\n\t\t\t\t\t<\/span>\n\t\t\t\t\t<\/a>\n\t\t\t\t<\/div>\n\t\t\t\t\t\t\t\t<\/div>\n\t\t\t\t<\/div>\n\t\t\t\t\t<\/div>\n\t\t\t\t<\/div>\n\t\t\t\t<\/div>\n\t\t","protected":false},"excerpt":{"rendered":"<p>COMPLIANCE &#8211; ADF\u00c6RDSKODEKS For os er compliance en vigtig del af at sikre en b\u00e6redygtig succes for vores virksomhed. Vores Code of Conduct skal hj\u00e6lpe vores medarbejdere og forretningspartnere med at identificere compliance-risici og mulige ulovlige handlinger p\u00e5 et tidligt tidspunkt. Dette adf\u00e6rdskodeks fastl\u00e6gger de standarder og politikker, som vi f\u00f8lger for at hj\u00e6lpe os [&hellip;]<\/p>\n","protected":false},"author":1,"featured_media":57115,"parent":0,"menu_order":0,"comment_status":"closed","ping_status":"closed","template":"","meta":{"footnotes":""},"class_list":["post-5765","page","type-page","status-publish","has-post-thumbnail","hentry"],"yoast_head":"<!-- This site is optimized with the Yoast SEO plugin v27.4 - https:\/\/yoast.com\/product\/yoast-seo-wordpress\/ -->\n<title>Overholdelse - PLIXXENT<\/title>\n<meta name=\"robots\" content=\"index, follow, max-snippet:-1, max-image-preview:large, max-video-preview:-1\" \/>\n<link rel=\"canonical\" href=\"https:\/\/plixxent.com\/da\/overholdelse\/\" \/>\n<meta property=\"og:locale\" content=\"da_DK\" \/>\n<meta property=\"og:type\" content=\"article\" \/>\n<meta property=\"og:title\" content=\"Overholdelse - PLIXXENT\" \/>\n<meta property=\"og:description\" content=\"COMPLIANCE &#8211; ADF\u00c6RDSKODEKS For os er compliance en vigtig del af at sikre en b\u00e6redygtig succes for vores virksomhed. Vores Code of Conduct skal hj\u00e6lpe vores medarbejdere og forretningspartnere med at identificere compliance-risici og mulige ulovlige handlinger p\u00e5 et tidligt tidspunkt. Dette adf\u00e6rdskodeks fastl\u00e6gger de standarder og politikker, som vi f\u00f8lger for at hj\u00e6lpe os [&hellip;]\" \/>\n<meta property=\"og:url\" content=\"https:\/\/plixxent.com\/da\/overholdelse\/\" \/>\n<meta property=\"og:site_name\" content=\"PLIXXENT\" \/>\n<meta property=\"article:modified_time\" content=\"2025-09-24T06:49:24+00:00\" \/>\n<meta property=\"og:image\" content=\"https:\/\/plixxent.com\/wp-content\/uploads\/2024\/02\/PLIXXENT-Illu-Nachhaltigkeit-1.jpg\" \/>\n\t<meta property=\"og:image:width\" content=\"2560\" \/>\n\t<meta property=\"og:image:height\" content=\"780\" \/>\n\t<meta property=\"og:image:type\" content=\"image\/jpeg\" \/>\n<meta name=\"twitter:card\" content=\"summary_large_image\" \/>\n<meta name=\"twitter:label1\" content=\"Estimeret l\u00e6setid\" \/>\n\t<meta name=\"twitter:data1\" content=\"1 minut\" \/>\n<script type=\"application\/ld+json\" class=\"yoast-schema-graph\">{\"@context\":\"https:\\\/\\\/schema.org\",\"@graph\":[{\"@type\":\"WebPage\",\"@id\":\"https:\\\/\\\/plixxent.com\\\/da\\\/overholdelse\\\/\",\"url\":\"https:\\\/\\\/plixxent.com\\\/da\\\/overholdelse\\\/\",\"name\":\"Overholdelse - PLIXXENT\",\"isPartOf\":{\"@id\":\"https:\\\/\\\/plixxent.com\\\/da\\\/#website\"},\"primaryImageOfPage\":{\"@id\":\"https:\\\/\\\/plixxent.com\\\/da\\\/overholdelse\\\/#primaryimage\"},\"image\":{\"@id\":\"https:\\\/\\\/plixxent.com\\\/da\\\/overholdelse\\\/#primaryimage\"},\"thumbnailUrl\":\"https:\\\/\\\/plixxent.com\\\/wp-content\\\/uploads\\\/2024\\\/02\\\/PLIXXENT-Illu-Nachhaltigkeit-1.jpg\",\"datePublished\":\"2023-08-14T15:24:12+00:00\",\"dateModified\":\"2025-09-24T06:49:24+00:00\",\"breadcrumb\":{\"@id\":\"https:\\\/\\\/plixxent.com\\\/da\\\/overholdelse\\\/#breadcrumb\"},\"inLanguage\":\"da-DK\",\"potentialAction\":[{\"@type\":\"ReadAction\",\"target\":[\"https:\\\/\\\/plixxent.com\\\/da\\\/overholdelse\\\/\"]}]},{\"@type\":\"ImageObject\",\"inLanguage\":\"da-DK\",\"@id\":\"https:\\\/\\\/plixxent.com\\\/da\\\/overholdelse\\\/#primaryimage\",\"url\":\"https:\\\/\\\/plixxent.com\\\/wp-content\\\/uploads\\\/2024\\\/02\\\/PLIXXENT-Illu-Nachhaltigkeit-1.jpg\",\"contentUrl\":\"https:\\\/\\\/plixxent.com\\\/wp-content\\\/uploads\\\/2024\\\/02\\\/PLIXXENT-Illu-Nachhaltigkeit-1.jpg\",\"width\":2560,\"height\":780},{\"@type\":\"BreadcrumbList\",\"@id\":\"https:\\\/\\\/plixxent.com\\\/da\\\/overholdelse\\\/#breadcrumb\",\"itemListElement\":[{\"@type\":\"ListItem\",\"position\":1,\"name\":\"Home\",\"item\":\"https:\\\/\\\/plixxent.com\\\/da\\\/hjem\\\/\"},{\"@type\":\"ListItem\",\"position\":2,\"name\":\"Overholdelse\"}]},{\"@type\":\"WebSite\",\"@id\":\"https:\\\/\\\/plixxent.com\\\/da\\\/#website\",\"url\":\"https:\\\/\\\/plixxent.com\\\/da\\\/\",\"name\":\"PLIXXENT\",\"description\":\"Providing innovative technologies based on polyurethanes\",\"potentialAction\":[{\"@type\":\"SearchAction\",\"target\":{\"@type\":\"EntryPoint\",\"urlTemplate\":\"https:\\\/\\\/plixxent.com\\\/da\\\/?s={search_term_string}\"},\"query-input\":{\"@type\":\"PropertyValueSpecification\",\"valueRequired\":true,\"valueName\":\"search_term_string\"}}],\"inLanguage\":\"da-DK\"}]}<\/script>\n<!-- \/ Yoast SEO plugin. -->","yoast_head_json":{"title":"Overholdelse - PLIXXENT","robots":{"index":"index","follow":"follow","max-snippet":"max-snippet:-1","max-image-preview":"max-image-preview:large","max-video-preview":"max-video-preview:-1"},"canonical":"https:\/\/plixxent.com\/da\/overholdelse\/","og_locale":"da_DK","og_type":"article","og_title":"Overholdelse - PLIXXENT","og_description":"COMPLIANCE &#8211; ADF\u00c6RDSKODEKS For os er compliance en vigtig del af at sikre en b\u00e6redygtig succes for vores virksomhed. Vores Code of Conduct skal hj\u00e6lpe vores medarbejdere og forretningspartnere med at identificere compliance-risici og mulige ulovlige handlinger p\u00e5 et tidligt tidspunkt. Dette adf\u00e6rdskodeks fastl\u00e6gger de standarder og politikker, som vi f\u00f8lger for at hj\u00e6lpe os [&hellip;]","og_url":"https:\/\/plixxent.com\/da\/overholdelse\/","og_site_name":"PLIXXENT","article_modified_time":"2025-09-24T06:49:24+00:00","og_image":[{"width":2560,"height":780,"url":"https:\/\/plixxent.com\/wp-content\/uploads\/2024\/02\/PLIXXENT-Illu-Nachhaltigkeit-1.jpg","type":"image\/jpeg"}],"twitter_card":"summary_large_image","twitter_misc":{"Estimeret l\u00e6setid":"1 minut"},"schema":{"@context":"https:\/\/schema.org","@graph":[{"@type":"WebPage","@id":"https:\/\/plixxent.com\/da\/overholdelse\/","url":"https:\/\/plixxent.com\/da\/overholdelse\/","name":"Overholdelse - PLIXXENT","isPartOf":{"@id":"https:\/\/plixxent.com\/da\/#website"},"primaryImageOfPage":{"@id":"https:\/\/plixxent.com\/da\/overholdelse\/#primaryimage"},"image":{"@id":"https:\/\/plixxent.com\/da\/overholdelse\/#primaryimage"},"thumbnailUrl":"https:\/\/plixxent.com\/wp-content\/uploads\/2024\/02\/PLIXXENT-Illu-Nachhaltigkeit-1.jpg","datePublished":"2023-08-14T15:24:12+00:00","dateModified":"2025-09-24T06:49:24+00:00","breadcrumb":{"@id":"https:\/\/plixxent.com\/da\/overholdelse\/#breadcrumb"},"inLanguage":"da-DK","potentialAction":[{"@type":"ReadAction","target":["https:\/\/plixxent.com\/da\/overholdelse\/"]}]},{"@type":"ImageObject","inLanguage":"da-DK","@id":"https:\/\/plixxent.com\/da\/overholdelse\/#primaryimage","url":"https:\/\/plixxent.com\/wp-content\/uploads\/2024\/02\/PLIXXENT-Illu-Nachhaltigkeit-1.jpg","contentUrl":"https:\/\/plixxent.com\/wp-content\/uploads\/2024\/02\/PLIXXENT-Illu-Nachhaltigkeit-1.jpg","width":2560,"height":780},{"@type":"BreadcrumbList","@id":"https:\/\/plixxent.com\/da\/overholdelse\/#breadcrumb","itemListElement":[{"@type":"ListItem","position":1,"name":"Home","item":"https:\/\/plixxent.com\/da\/hjem\/"},{"@type":"ListItem","position":2,"name":"Overholdelse"}]},{"@type":"WebSite","@id":"https:\/\/plixxent.com\/da\/#website","url":"https:\/\/plixxent.com\/da\/","name":"PLIXXENT","description":"Providing innovative technologies based on polyurethanes","potentialAction":[{"@type":"SearchAction","target":{"@type":"EntryPoint","urlTemplate":"https:\/\/plixxent.com\/da\/?s={search_term_string}"},"query-input":{"@type":"PropertyValueSpecification","valueRequired":true,"valueName":"search_term_string"}}],"inLanguage":"da-DK"}]}},"_links":{"self":[{"href":"https:\/\/plixxent.com\/da\/wp-json\/wp\/v2\/pages\/5765","targetHints":{"allow":["GET"]}}],"collection":[{"href":"https:\/\/plixxent.com\/da\/wp-json\/wp\/v2\/pages"}],"about":[{"href":"https:\/\/plixxent.com\/da\/wp-json\/wp\/v2\/types\/page"}],"author":[{"embeddable":true,"href":"https:\/\/plixxent.com\/da\/wp-json\/wp\/v2\/users\/1"}],"replies":[{"embeddable":true,"href":"https:\/\/plixxent.com\/da\/wp-json\/wp\/v2\/comments?post=5765"}],"version-history":[{"count":9,"href":"https:\/\/plixxent.com\/da\/wp-json\/wp\/v2\/pages\/5765\/revisions"}],"predecessor-version":[{"id":63825,"href":"https:\/\/plixxent.com\/da\/wp-json\/wp\/v2\/pages\/5765\/revisions\/63825"}],"wp:featuredmedia":[{"embeddable":true,"href":"https:\/\/plixxent.com\/da\/wp-json\/wp\/v2\/media\/57115"}],"wp:attachment":[{"href":"https:\/\/plixxent.com\/da\/wp-json\/wp\/v2\/media?parent=5765"}],"curies":[{"name":"wp","href":"https:\/\/api.w.org\/{rel}","templated":true}]}}