{"id":5746,"date":"2023-08-14T17:23:59","date_gmt":"2023-08-14T15:23:59","guid":{"rendered":"https:\/\/plixxent.com\/aftryk\/"},"modified":"2024-02-26T17:32:17","modified_gmt":"2024-02-26T16:32:17","slug":"aftryk","status":"publish","type":"page","link":"https:\/\/plixxent.com\/da\/aftryk\/","title":{"rendered":"Aftryk"},"content":{"rendered":"\n<p>PLIXXENT Holding GmbH<br\/>Gasstra\u00dfe 18 I Haus 5<br\/>22761 Hamburg<br\/>Tyskland<\/p>\n\n<p><strong>Kontakt:<\/strong><br\/>Telefon: 040-357 78 46 0<br\/>E-mail: info@plixxent.com<br\/>www.plixxent.com<\/p>\n\n<p><strong>Administrerende direkt\u00f8rer:<\/strong><br\/>Dr. J\u00f6rg Schottek<br\/>Nikolaus Michelsen<br\/>Carsten W\u00f6rner<\/p>\n\n<p><strong>S\u00e6de:<\/strong><br\/>Hamborg<\/p>\n\n<p><strong>Domstol for registrering:<\/strong><br\/>Den lokale domstol i Hamborg<\/p>\n\n<p><strong>Registreringsnummer:<\/strong><br\/>HRB 164091<\/p>\n\n<p><strong>Momsnummer:<\/strong><br\/>DE324691732<\/p>\n\n<p><strong>Ansvarlig (\u00a7 18 Abs. 2 MStV):<\/strong><br\/>Jennifer Sonnek<br\/>PLIXXENT Holding GmbH<br\/>Koncernchef for marketing og kommunikation<br\/>Gasstra\u00dfe 18 I Haus 5<br\/>22761 Hamburg<br\/>Tyskland<\/p>\n\n<h2 class=\"wp-block-heading\">Udelukkelse af ansvar<\/h2>\n\n<p>PLIXXENT Holding GmbH forbeholder sig ret til ikke at v\u00e6re ansvarlig for aktualiteten, korrektheden, fuldst\u00e6ndigheden eller kvaliteten af de leverede oplysninger. Ansvarskrav vedr\u00f8rende skader for\u00e5rsaget af brugen af de givne oplysninger, herunder enhver form for oplysninger, der er ufuldst\u00e6ndige eller forkerte, vil derfor blive afvist. Alle tilbud er ikke-bindende og uforpligtende. Dele af siderne eller hele publikationen inklusive alle tilbud og oplysninger kan udvides, \u00e6ndres eller helt eller delvist slettes af PLIXXENT Holding GmbH uden s\u00e6rskilt meddelelse.<\/p>\n\n<h2 class=\"wp-block-heading\">Henvisninger og links<\/h2>\n\n<p>PLIXXENT Holding GmbH er ikke ansvarlig for indhold, der linkes til eller henvises til fra hans sider &#8211; medmindre han har fuldt kendskab til ulovligt indhold og ville v\u00e6re i stand til at forhindre bes\u00f8gende p\u00e5 hans websted i at se disse sider. Hvis der opst\u00e5r skader ved brug af oplysninger, der pr\u00e6senteres der, kan kun PLIXXENT Holding GmbH for de respektive sider v\u00e6re ansvarlig, ikke den, der har linket til disse sider.<\/p>\n\n<h2 class=\"wp-block-heading\">Ophavsret<\/h2>\n\n<p>PLIXXENT Holding GmbH har til hensigt ikke at bruge ophavsretligt beskyttet materiale til publikationen eller, hvis det ikke er muligt, at angive ophavsretten til det respektive objekt. Ophavsretten til alt materiale skabt af PLIXXENT Holding GmbH er forbeholdt. Kopiering eller brug af objekter som diagrammer, lyde eller tekster i andre elektroniske eller trykte publikationer er ikke tilladt uden tilladelse fra PLIXXENT Holding GmbH.<\/p>\n\n<h2 class=\"wp-block-heading\">Juridisk gyldighed af denne ansvarsfraskrivelse<\/h2>\n\n<p>Denne ansvarsfraskrivelse skal betragtes som en del af den internetpublikation, som du blev henvist fra. Hvis dele eller individuelle vilk\u00e5r i denne erkl\u00e6ring ikke er lovlige eller korrekte, forbliver indholdet eller gyldigheden af de andre dele up\u00e5virket af dette faktum.<\/p>\n","protected":false},"excerpt":{"rendered":"<p>PLIXXENT Holding GmbHGasstra\u00dfe 18 I Haus 522761 HamburgTyskland Kontakt:Telefon: 040-357 78 46 0E-mail: info@plixxent.comwww.plixxent.com Administrerende direkt\u00f8rer:Dr. J\u00f6rg SchottekNikolaus MichelsenCarsten W\u00f6rner S\u00e6de:Hamborg Domstol for registrering:Den lokale domstol i Hamborg Registreringsnummer:HRB 164091 Momsnummer:DE324691732 Ansvarlig (\u00a7 18 Abs. 2 MStV):Jennifer SonnekPLIXXENT Holding GmbHKoncernchef for marketing og kommunikationGasstra\u00dfe 18 I Haus 522761 HamburgTyskland Udelukkelse af ansvar PLIXXENT Holding GmbH [&hellip;]<\/p>\n","protected":false},"author":1,"featured_media":0,"parent":0,"menu_order":0,"comment_status":"closed","ping_status":"closed","template":"","meta":{"footnotes":""},"class_list":["post-5746","page","type-page","status-publish","hentry"],"yoast_head":"<!-- This site is optimized with the Yoast SEO plugin v27.4 - https:\/\/yoast.com\/product\/yoast-seo-wordpress\/ -->\n<title>Aftryk - PLIXXENT<\/title>\n<meta name=\"robots\" content=\"index, follow, max-snippet:-1, max-image-preview:large, max-video-preview:-1\" \/>\n<link rel=\"canonical\" href=\"https:\/\/plixxent.com\/da\/aftryk\/\" \/>\n<meta property=\"og:locale\" content=\"da_DK\" \/>\n<meta property=\"og:type\" content=\"article\" \/>\n<meta property=\"og:title\" content=\"Aftryk - PLIXXENT\" \/>\n<meta property=\"og:description\" content=\"PLIXXENT Holding GmbHGasstra\u00dfe 18 I Haus 522761 HamburgTyskland Kontakt:Telefon: 040-357 78 46 0E-mail: info@plixxent.comwww.plixxent.com Administrerende direkt\u00f8rer:Dr. J\u00f6rg SchottekNikolaus MichelsenCarsten W\u00f6rner S\u00e6de:Hamborg Domstol for registrering:Den lokale domstol i Hamborg Registreringsnummer:HRB 164091 Momsnummer:DE324691732 Ansvarlig (\u00a7 18 Abs. 2 MStV):Jennifer SonnekPLIXXENT Holding GmbHKoncernchef for marketing og kommunikationGasstra\u00dfe 18 I Haus 522761 HamburgTyskland Udelukkelse af ansvar PLIXXENT Holding GmbH [&hellip;]\" \/>\n<meta property=\"og:url\" content=\"https:\/\/plixxent.com\/da\/aftryk\/\" \/>\n<meta property=\"og:site_name\" content=\"PLIXXENT\" \/>\n<meta property=\"article:modified_time\" content=\"2024-02-26T16:32:17+00:00\" \/>\n<meta property=\"og:image\" content=\"https:\/\/plixxent.com\/wp-content\/uploads\/2024\/03\/plixxent_og.jpg\" \/>\n\t<meta property=\"og:image:width\" content=\"1200\" \/>\n\t<meta property=\"og:image:height\" content=\"675\" \/>\n\t<meta property=\"og:image:type\" content=\"image\/jpeg\" \/>\n<meta name=\"twitter:card\" content=\"summary_large_image\" \/>\n<meta name=\"twitter:label1\" content=\"Estimeret l\u00e6setid\" \/>\n\t<meta name=\"twitter:data1\" content=\"2 minutter\" \/>\n<script type=\"application\/ld+json\" class=\"yoast-schema-graph\">{\"@context\":\"https:\\\/\\\/schema.org\",\"@graph\":[{\"@type\":\"WebPage\",\"@id\":\"https:\\\/\\\/plixxent.com\\\/da\\\/aftryk\\\/\",\"url\":\"https:\\\/\\\/plixxent.com\\\/da\\\/aftryk\\\/\",\"name\":\"Aftryk - PLIXXENT\",\"isPartOf\":{\"@id\":\"https:\\\/\\\/plixxent.com\\\/da\\\/#website\"},\"datePublished\":\"2023-08-14T15:23:59+00:00\",\"dateModified\":\"2024-02-26T16:32:17+00:00\",\"breadcrumb\":{\"@id\":\"https:\\\/\\\/plixxent.com\\\/da\\\/aftryk\\\/#breadcrumb\"},\"inLanguage\":\"da-DK\",\"potentialAction\":[{\"@type\":\"ReadAction\",\"target\":[\"https:\\\/\\\/plixxent.com\\\/da\\\/aftryk\\\/\"]}]},{\"@type\":\"BreadcrumbList\",\"@id\":\"https:\\\/\\\/plixxent.com\\\/da\\\/aftryk\\\/#breadcrumb\",\"itemListElement\":[{\"@type\":\"ListItem\",\"position\":1,\"name\":\"Home\",\"item\":\"https:\\\/\\\/plixxent.com\\\/da\\\/hjem\\\/\"},{\"@type\":\"ListItem\",\"position\":2,\"name\":\"Aftryk\"}]},{\"@type\":\"WebSite\",\"@id\":\"https:\\\/\\\/plixxent.com\\\/da\\\/#website\",\"url\":\"https:\\\/\\\/plixxent.com\\\/da\\\/\",\"name\":\"PLIXXENT\",\"description\":\"Providing innovative technologies based on polyurethanes\",\"potentialAction\":[{\"@type\":\"SearchAction\",\"target\":{\"@type\":\"EntryPoint\",\"urlTemplate\":\"https:\\\/\\\/plixxent.com\\\/da\\\/?s={search_term_string}\"},\"query-input\":{\"@type\":\"PropertyValueSpecification\",\"valueRequired\":true,\"valueName\":\"search_term_string\"}}],\"inLanguage\":\"da-DK\"}]}<\/script>\n<!-- \/ Yoast SEO plugin. -->","yoast_head_json":{"title":"Aftryk - PLIXXENT","robots":{"index":"index","follow":"follow","max-snippet":"max-snippet:-1","max-image-preview":"max-image-preview:large","max-video-preview":"max-video-preview:-1"},"canonical":"https:\/\/plixxent.com\/da\/aftryk\/","og_locale":"da_DK","og_type":"article","og_title":"Aftryk - PLIXXENT","og_description":"PLIXXENT Holding GmbHGasstra\u00dfe 18 I Haus 522761 HamburgTyskland Kontakt:Telefon: 040-357 78 46 0E-mail: info@plixxent.comwww.plixxent.com Administrerende direkt\u00f8rer:Dr. J\u00f6rg SchottekNikolaus MichelsenCarsten W\u00f6rner S\u00e6de:Hamborg Domstol for registrering:Den lokale domstol i Hamborg Registreringsnummer:HRB 164091 Momsnummer:DE324691732 Ansvarlig (\u00a7 18 Abs. 2 MStV):Jennifer SonnekPLIXXENT Holding GmbHKoncernchef for marketing og kommunikationGasstra\u00dfe 18 I Haus 522761 HamburgTyskland Udelukkelse af ansvar PLIXXENT Holding GmbH [&hellip;]","og_url":"https:\/\/plixxent.com\/da\/aftryk\/","og_site_name":"PLIXXENT","article_modified_time":"2024-02-26T16:32:17+00:00","og_image":[{"width":1200,"height":675,"url":"https:\/\/plixxent.com\/wp-content\/uploads\/2024\/03\/plixxent_og.jpg","type":"image\/jpeg"}],"twitter_card":"summary_large_image","twitter_misc":{"Estimeret l\u00e6setid":"2 minutter"},"schema":{"@context":"https:\/\/schema.org","@graph":[{"@type":"WebPage","@id":"https:\/\/plixxent.com\/da\/aftryk\/","url":"https:\/\/plixxent.com\/da\/aftryk\/","name":"Aftryk - PLIXXENT","isPartOf":{"@id":"https:\/\/plixxent.com\/da\/#website"},"datePublished":"2023-08-14T15:23:59+00:00","dateModified":"2024-02-26T16:32:17+00:00","breadcrumb":{"@id":"https:\/\/plixxent.com\/da\/aftryk\/#breadcrumb"},"inLanguage":"da-DK","potentialAction":[{"@type":"ReadAction","target":["https:\/\/plixxent.com\/da\/aftryk\/"]}]},{"@type":"BreadcrumbList","@id":"https:\/\/plixxent.com\/da\/aftryk\/#breadcrumb","itemListElement":[{"@type":"ListItem","position":1,"name":"Home","item":"https:\/\/plixxent.com\/da\/hjem\/"},{"@type":"ListItem","position":2,"name":"Aftryk"}]},{"@type":"WebSite","@id":"https:\/\/plixxent.com\/da\/#website","url":"https:\/\/plixxent.com\/da\/","name":"PLIXXENT","description":"Providing innovative technologies based on polyurethanes","potentialAction":[{"@type":"SearchAction","target":{"@type":"EntryPoint","urlTemplate":"https:\/\/plixxent.com\/da\/?s={search_term_string}"},"query-input":{"@type":"PropertyValueSpecification","valueRequired":true,"valueName":"search_term_string"}}],"inLanguage":"da-DK"}]}},"_links":{"self":[{"href":"https:\/\/plixxent.com\/da\/wp-json\/wp\/v2\/pages\/5746","targetHints":{"allow":["GET"]}}],"collection":[{"href":"https:\/\/plixxent.com\/da\/wp-json\/wp\/v2\/pages"}],"about":[{"href":"https:\/\/plixxent.com\/da\/wp-json\/wp\/v2\/types\/page"}],"author":[{"embeddable":true,"href":"https:\/\/plixxent.com\/da\/wp-json\/wp\/v2\/users\/1"}],"replies":[{"embeddable":true,"href":"https:\/\/plixxent.com\/da\/wp-json\/wp\/v2\/comments?post=5746"}],"version-history":[{"count":0,"href":"https:\/\/plixxent.com\/da\/wp-json\/wp\/v2\/pages\/5746\/revisions"}],"wp:attachment":[{"href":"https:\/\/plixxent.com\/da\/wp-json\/wp\/v2\/media?parent=5746"}],"curies":[{"name":"wp","href":"https:\/\/api.w.org\/{rel}","templated":true}]}}