{"id":5733,"date":"2023-08-14T17:23:50","date_gmt":"2023-08-14T15:23:50","guid":{"rendered":"https:\/\/plixxent.com\/vilkaar-og-betingelser\/"},"modified":"2026-03-03T18:06:12","modified_gmt":"2026-03-03T17:06:12","slug":"vilkaar-og-betingelser","status":"publish","type":"page","link":"https:\/\/plixxent.com\/da\/vilkaar-og-betingelser\/","title":{"rendered":"Vilk\u00e5r og betingelser"},"content":{"rendered":"\n<p>Nedenfor kan du finde vores vilk\u00e5r og betingelser som PDF-filer.<\/p>\n\n<h2 class=\"wp-block-heading\">Tyskland<\/h2>\n\n<h3 class=\"wp-block-heading\">Vilk\u00e5r og betingelser for indk\u00f8b<\/h3>\n\n<p><a href=\"https:\/\/plixxent.com\/fr\/download\/deutschland-allgemeine-einkaufsbedingungen-deutsch\/\" data-type=\"download\" data-id=\"2957\" target=\"_blank\" rel=\"noreferrer noopener\">Allgemeine Einkaufsbedingungen (Deutsch)<\/a><br\/><a href=\"https:\/\/plixxent.com\/fr\/download\/allemagne-conditions-generales-dachat-anglais\/\" data-type=\"download\" data-id=\"2955\" target=\"_blank\" rel=\"noreferrer noopener\">Generelle vilk\u00e5r og betingelser for indk\u00f8b (engelsk)<\/a><\/p>\n\n<h3 class=\"wp-block-heading\">Vilk\u00e5r og betingelser for salg<\/h3>\n\n<p><a data-type=\"download\" data-id=\"2953\" href=\"https:\/\/plixxent.com\/fr\/download\/deutschland-allgemeine-verkaufs-und-lieferbedingungen-deutsch\/\">Allgemeine Verkaufs- und Lieferbedingungen (Deutsch)<\/a><br\/><a href=\"https:\/\/plixxent.com\/fr\/download\/allemagne-conditions-generales-de-vente-anglais\/\" target=\"_blank\" rel=\"noreferrer noopener\">Generelle salgs- og leveringsbetingelser (engelsk)<\/a><\/p>\n\n<h3 class=\"wp-block-heading\">Forordning om farlige h\u00e6ndelser<\/h3>\n\n<p><a href=\"https:\/\/plixxent.com\/fr\/download\/informations-sur-lordonnance-sur-les-incidents-dangereux-en-allemand\/\" target=\"_blank\" rel=\"noreferrer noopener\">Information om forordningen om farlige h\u00e6ndelser (tysk)<\/a><\/p>\n\n<h2 class=\"wp-block-heading\">Holland<\/h2>\n\n<h3 class=\"wp-block-heading\">Vilk\u00e5r og betingelser for indk\u00f8b<\/h3>\n\n<p><a href=\"https:\/\/plixxent.com\/fr\/download\/pays-bas-conditions-generales-dachat-anglais\/\" data-type=\"download\" data-id=\"57181\">Generelle k\u00f8bsbetingelser (engelsk)<\/a><\/p>\n\n<h3 class=\"wp-block-heading\">Vilk\u00e5r og betingelser for salg<\/h3>\n\n<p><a href=\"https:\/\/plixxent.com\/fr\/download\/pays-bas-conditions-generales-de-vente-et-de-livraison-anglais\/\" data-type=\"download\" data-id=\"1964\" target=\"_blank\" rel=\"noreferrer noopener\">Generelle vilk\u00e5r og betingelser for salg og levering (engelsk)<\/a><\/p>\n\n<h2 class=\"wp-block-heading\">Spanien<\/h2>\n\n<h3 class=\"wp-block-heading\">Vilk\u00e5r og betingelser for indk\u00f8b<\/h3>\n\n<p><a href=\"https:\/\/plixxent.com\/fr\/download\/espana-terminos-y-condiciones-de-compra-de-bienes-y-servicios-espanol\/\" data-type=\"download\" data-id=\"2965\">T\u00e9rminos y Condiciones de Compra de Bienes y Servicios (Espa\u00f1ol)<br\/><\/a><a href=\"https:\/\/plixxent.com\/fr\/download\/espagne-conditions-generales-dachat-de-biens-et-de-services-anglais\/\" data-type=\"download\" data-id=\"2963\">Vilk\u00e5r og betingelser for k\u00f8b af varer og tjenester (engelsk)<\/a><\/p>\n\n<h3 class=\"wp-block-heading\">Vilk\u00e5r og betingelser for salg<\/h3>\n\n<p><a href=\"https:\/\/plixxent.com\/fr\/download\/espana-condiciones-generales-de-venta-y-suministro-espanol\/\" data-type=\"download\" data-id=\"1966\">Condiciones Generales de Venta y Suministro (Espa\u00f1ol)<\/a><br\/><a href=\"https:\/\/plixxent.com\/fr\/download\/espagne-conditions-generales-de-vente-et-de-livraison-anglais\/\" data-type=\"download\" data-id=\"1965\">Generelle salgs- og leveringsbetingelser (engelsk)<\/a><\/p>\n\n<h2 class=\"wp-block-heading\">Italien<\/h2>\n\n<h3 class=\"wp-block-heading\">Vilk\u00e5r og betingelser for levering<\/h3>\n\n<p><a href=\"https:\/\/plixxent.com\/fr\/download\/italia-condizioni-generali-di-fornitura-italiano\/\" data-type=\"download\" data-id=\"2961\">Condizioni Generali di fornitura (Italiano)<\/a><br\/><a href=\"https:\/\/plixxent.com\/fr\/download\/italie-conditions-generales-de-fourniture-anglais\/\" data-type=\"download\" data-id=\"2959\">Generelle leveringsbetingelser (engelsk)<\/a><\/p>\n\n<h2 class=\"wp-block-heading\">Danmark<\/h2>\n\n<h3 class=\"wp-block-heading\">Vilk\u00e5r og betingelser for indk\u00f8b<\/h3>\n\n<p>Vilk\u00e5r og betingelser for indk\u00f8b (engelsk)<\/p>\n\n<h3 class=\"wp-block-heading\">Vilk\u00e5r og betingelser for salg<\/h3>\n\n<p><a href=\"https:\/\/plixxent.com\/fr\/download\/danemark-conditions-generales-de-vente-anglais\/\" data-type=\"download\" data-id=\"1967\">Generelle vilk\u00e5r og betingelser for salg (engelsk)<\/a><\/p>\n\n<h2 class=\"wp-block-heading\">Storbritannien<\/h2>\n\n<h3 class=\"wp-block-heading\">Vilk\u00e5r og betingelser for salg<\/h3>\n\n<p><a data-type=\"download\" data-id=\"1973\" href=\"https:\/\/plixxent.com\/fr\/download\/uk-conditions-generales-de-vente-des-marchandises-anglais\/\">Salgsbetingelser for varer (engelsk)<\/a><br\/><a href=\"https:\/\/plixxent.com\/fr\/download\/conditions-generales-dachat-anglais\/\" target=\"_blank\" rel=\"noreferrer noopener\">Indk\u00f8bsbetingelser (engelsk)<\/a><\/p>\n\n<p><\/p>\n","protected":false},"excerpt":{"rendered":"<p>Nedenfor kan du finde vores vilk\u00e5r og betingelser som PDF-filer. Tyskland Vilk\u00e5r og betingelser for indk\u00f8b Allgemeine Einkaufsbedingungen (Deutsch)Generelle vilk\u00e5r og betingelser for indk\u00f8b (engelsk) Vilk\u00e5r og betingelser for salg Allgemeine Verkaufs- und Lieferbedingungen (Deutsch)Generelle salgs- og leveringsbetingelser (engelsk) Forordning om farlige h\u00e6ndelser Information om forordningen om farlige h\u00e6ndelser (tysk) Holland Vilk\u00e5r og betingelser for [&hellip;]<\/p>\n","protected":false},"author":1,"featured_media":0,"parent":0,"menu_order":0,"comment_status":"closed","ping_status":"closed","template":"","meta":{"footnotes":""},"class_list":["post-5733","page","type-page","status-publish","hentry"],"yoast_head":"<!-- This site is optimized with the Yoast SEO plugin v27.4 - https:\/\/yoast.com\/product\/yoast-seo-wordpress\/ -->\n<title>Vilk\u00e5r og betingelser - PLIXXENT<\/title>\n<meta name=\"robots\" content=\"index, follow, max-snippet:-1, max-image-preview:large, max-video-preview:-1\" \/>\n<link rel=\"canonical\" href=\"https:\/\/plixxent.com\/da\/vilkaar-og-betingelser\/\" \/>\n<meta property=\"og:locale\" content=\"da_DK\" \/>\n<meta property=\"og:type\" content=\"article\" \/>\n<meta property=\"og:title\" content=\"Vilk\u00e5r og betingelser - PLIXXENT\" \/>\n<meta property=\"og:description\" content=\"Nedenfor kan du finde vores vilk\u00e5r og betingelser som PDF-filer. Tyskland Vilk\u00e5r og betingelser for indk\u00f8b Allgemeine Einkaufsbedingungen (Deutsch)Generelle vilk\u00e5r og betingelser for indk\u00f8b (engelsk) Vilk\u00e5r og betingelser for salg Allgemeine Verkaufs- und Lieferbedingungen (Deutsch)Generelle salgs- og leveringsbetingelser (engelsk) Forordning om farlige h\u00e6ndelser Information om forordningen om farlige h\u00e6ndelser (tysk) Holland Vilk\u00e5r og betingelser for [&hellip;]\" \/>\n<meta property=\"og:url\" content=\"https:\/\/plixxent.com\/da\/vilkaar-og-betingelser\/\" \/>\n<meta property=\"og:site_name\" content=\"PLIXXENT\" \/>\n<meta property=\"article:modified_time\" content=\"2026-03-03T17:06:12+00:00\" \/>\n<meta property=\"og:image\" content=\"https:\/\/plixxent.com\/wp-content\/uploads\/2024\/03\/plixxent_og.jpg\" \/>\n\t<meta property=\"og:image:width\" content=\"1200\" \/>\n\t<meta property=\"og:image:height\" content=\"675\" \/>\n\t<meta property=\"og:image:type\" content=\"image\/jpeg\" \/>\n<meta name=\"twitter:card\" content=\"summary_large_image\" \/>\n<meta name=\"twitter:label1\" content=\"Estimeret l\u00e6setid\" \/>\n\t<meta name=\"twitter:data1\" content=\"1 minut\" \/>\n<script type=\"application\/ld+json\" class=\"yoast-schema-graph\">{\"@context\":\"https:\\\/\\\/schema.org\",\"@graph\":[{\"@type\":\"WebPage\",\"@id\":\"https:\\\/\\\/plixxent.com\\\/da\\\/vilkaar-og-betingelser\\\/\",\"url\":\"https:\\\/\\\/plixxent.com\\\/da\\\/vilkaar-og-betingelser\\\/\",\"name\":\"Vilk\u00e5r og betingelser - PLIXXENT\",\"isPartOf\":{\"@id\":\"https:\\\/\\\/plixxent.com\\\/da\\\/#website\"},\"datePublished\":\"2023-08-14T15:23:50+00:00\",\"dateModified\":\"2026-03-03T17:06:12+00:00\",\"breadcrumb\":{\"@id\":\"https:\\\/\\\/plixxent.com\\\/da\\\/vilkaar-og-betingelser\\\/#breadcrumb\"},\"inLanguage\":\"da-DK\",\"potentialAction\":[{\"@type\":\"ReadAction\",\"target\":[\"https:\\\/\\\/plixxent.com\\\/da\\\/vilkaar-og-betingelser\\\/\"]}]},{\"@type\":\"BreadcrumbList\",\"@id\":\"https:\\\/\\\/plixxent.com\\\/da\\\/vilkaar-og-betingelser\\\/#breadcrumb\",\"itemListElement\":[{\"@type\":\"ListItem\",\"position\":1,\"name\":\"Home\",\"item\":\"https:\\\/\\\/plixxent.com\\\/da\\\/hjem\\\/\"},{\"@type\":\"ListItem\",\"position\":2,\"name\":\"Vilk\u00e5r og betingelser\"}]},{\"@type\":\"WebSite\",\"@id\":\"https:\\\/\\\/plixxent.com\\\/da\\\/#website\",\"url\":\"https:\\\/\\\/plixxent.com\\\/da\\\/\",\"name\":\"PLIXXENT\",\"description\":\"Providing innovative technologies based on polyurethanes\",\"potentialAction\":[{\"@type\":\"SearchAction\",\"target\":{\"@type\":\"EntryPoint\",\"urlTemplate\":\"https:\\\/\\\/plixxent.com\\\/da\\\/?s={search_term_string}\"},\"query-input\":{\"@type\":\"PropertyValueSpecification\",\"valueRequired\":true,\"valueName\":\"search_term_string\"}}],\"inLanguage\":\"da-DK\"}]}<\/script>\n<!-- \/ Yoast SEO plugin. -->","yoast_head_json":{"title":"Vilk\u00e5r og betingelser - PLIXXENT","robots":{"index":"index","follow":"follow","max-snippet":"max-snippet:-1","max-image-preview":"max-image-preview:large","max-video-preview":"max-video-preview:-1"},"canonical":"https:\/\/plixxent.com\/da\/vilkaar-og-betingelser\/","og_locale":"da_DK","og_type":"article","og_title":"Vilk\u00e5r og betingelser - PLIXXENT","og_description":"Nedenfor kan du finde vores vilk\u00e5r og betingelser som PDF-filer. Tyskland Vilk\u00e5r og betingelser for indk\u00f8b Allgemeine Einkaufsbedingungen (Deutsch)Generelle vilk\u00e5r og betingelser for indk\u00f8b (engelsk) Vilk\u00e5r og betingelser for salg Allgemeine Verkaufs- und Lieferbedingungen (Deutsch)Generelle salgs- og leveringsbetingelser (engelsk) Forordning om farlige h\u00e6ndelser Information om forordningen om farlige h\u00e6ndelser (tysk) Holland Vilk\u00e5r og betingelser for [&hellip;]","og_url":"https:\/\/plixxent.com\/da\/vilkaar-og-betingelser\/","og_site_name":"PLIXXENT","article_modified_time":"2026-03-03T17:06:12+00:00","og_image":[{"width":1200,"height":675,"url":"https:\/\/plixxent.com\/wp-content\/uploads\/2024\/03\/plixxent_og.jpg","type":"image\/jpeg"}],"twitter_card":"summary_large_image","twitter_misc":{"Estimeret l\u00e6setid":"1 minut"},"schema":{"@context":"https:\/\/schema.org","@graph":[{"@type":"WebPage","@id":"https:\/\/plixxent.com\/da\/vilkaar-og-betingelser\/","url":"https:\/\/plixxent.com\/da\/vilkaar-og-betingelser\/","name":"Vilk\u00e5r og betingelser - PLIXXENT","isPartOf":{"@id":"https:\/\/plixxent.com\/da\/#website"},"datePublished":"2023-08-14T15:23:50+00:00","dateModified":"2026-03-03T17:06:12+00:00","breadcrumb":{"@id":"https:\/\/plixxent.com\/da\/vilkaar-og-betingelser\/#breadcrumb"},"inLanguage":"da-DK","potentialAction":[{"@type":"ReadAction","target":["https:\/\/plixxent.com\/da\/vilkaar-og-betingelser\/"]}]},{"@type":"BreadcrumbList","@id":"https:\/\/plixxent.com\/da\/vilkaar-og-betingelser\/#breadcrumb","itemListElement":[{"@type":"ListItem","position":1,"name":"Home","item":"https:\/\/plixxent.com\/da\/hjem\/"},{"@type":"ListItem","position":2,"name":"Vilk\u00e5r og betingelser"}]},{"@type":"WebSite","@id":"https:\/\/plixxent.com\/da\/#website","url":"https:\/\/plixxent.com\/da\/","name":"PLIXXENT","description":"Providing innovative technologies based on polyurethanes","potentialAction":[{"@type":"SearchAction","target":{"@type":"EntryPoint","urlTemplate":"https:\/\/plixxent.com\/da\/?s={search_term_string}"},"query-input":{"@type":"PropertyValueSpecification","valueRequired":true,"valueName":"search_term_string"}}],"inLanguage":"da-DK"}]}},"_links":{"self":[{"href":"https:\/\/plixxent.com\/da\/wp-json\/wp\/v2\/pages\/5733","targetHints":{"allow":["GET"]}}],"collection":[{"href":"https:\/\/plixxent.com\/da\/wp-json\/wp\/v2\/pages"}],"about":[{"href":"https:\/\/plixxent.com\/da\/wp-json\/wp\/v2\/types\/page"}],"author":[{"embeddable":true,"href":"https:\/\/plixxent.com\/da\/wp-json\/wp\/v2\/users\/1"}],"replies":[{"embeddable":true,"href":"https:\/\/plixxent.com\/da\/wp-json\/wp\/v2\/comments?post=5733"}],"version-history":[{"count":9,"href":"https:\/\/plixxent.com\/da\/wp-json\/wp\/v2\/pages\/5733\/revisions"}],"predecessor-version":[{"id":64395,"href":"https:\/\/plixxent.com\/da\/wp-json\/wp\/v2\/pages\/5733\/revisions\/64395"}],"wp:attachment":[{"href":"https:\/\/plixxent.com\/da\/wp-json\/wp\/v2\/media?parent=5733"}],"curies":[{"name":"wp","href":"https:\/\/api.w.org\/{rel}","templated":true}]}}