{"id":5618,"date":"2023-06-19T07:44:58","date_gmt":"2023-06-19T05:44:58","guid":{"rendered":"https:\/\/plixxent.com\/erklaering-om-beskyttelse-af-personlige-oplysninger\/"},"modified":"2024-03-04T12:54:34","modified_gmt":"2024-03-04T11:54:34","slug":"erklaering-om-beskyttelse-af-personlige-oplysninger","status":"publish","type":"page","link":"https:\/\/plixxent.com\/da\/erklaering-om-beskyttelse-af-personlige-oplysninger\/","title":{"rendered":"Erkl\u00e6ring om beskyttelse af personlige oplysninger"},"content":{"rendered":"\n<p>Oplysninger om behandling af personoplysninger fra vores kunder og interesserede parter.<\/p>\n\n<p>Omhu og gennemsigtighed er grundlaget for et tillidsfuldt samarbejde med vores kunder. Derfor informerer vi dig om, hvordan vi behandler dine data, og hvordan du kan ud\u00f8ve dine rettigheder, som du er berettiget til i henhold til den generelle databeskyttelsesforordning (GDPR) og andre relevante databeskyttelseslove. Hvilke personlige data vi behandler og til hvilket form\u00e5l, afh\u00e6nger af det respektive kontraktforhold.<\/p>\n\n<h2 class=\"wp-block-heading\">1. Hvem er ansvarlig for databehandlingen?<\/h2>\n\n<p>Ansvarlig person:<\/p>\n\n<p>PLIXXENT Holding GmbH<br\/>Gasstra\u00dfe 18, Hus 5<br\/>22761 Hamburg<br\/>Tyskland<br\/>Telefon: +49 40357784600<br\/>E-mail: <a href=\"mailto:info@plixxent.com\">info@plixxent.com<\/a><\/p>\n\n<p>repr\u00e6senteret af ledelsen.<\/p>\n\n<h2 class=\"wp-block-heading\">2. Hvordan f\u00e5r man fat i den databeskyttelsesansvarlige?<\/h2>\n\n<p>Du kan kontakte vores databeskyttelsesansvarlige p\u00e5:<br\/>Christopher Schewior<br\/>intersoft consulting services AG<br\/>Beim Strohhause 17<br\/>20097 Hamborg<br\/>Tyskland<br\/>E-mail: <a href=\"mailto:DSB-Plixxent@intersoft-consulting.de\">DSB-Plixxent@intersoft-consulting.de<\/a><\/p>\n\n<h2 class=\"wp-block-heading\">3. Hvilke af dine personlige data bruger vi?<\/h2>\n\n<p>Hvis du har en foresp\u00f8rgsel, f\u00e5r os til at udarbejde et tilbud eller indg\u00e5 en kontrakt med os, behandler vi dine personlige data. Derudover behandler vi ogs\u00e5 dine personlige data, blandt andet for at opfylde juridiske forpligtelser, for at beskytte en legitim interesse eller baseret p\u00e5 et samtykke givet af dig.<\/p>\n\n<p>Afh\u00e6ngigt af retsgrundlaget er der tale om f\u00f8lgende kategorier af personoplysninger:<\/p>\n\n<ul class=\"wp-block-list\">\n<li>Fornavn, efternavn<\/li>\n\n\n\n<li>Adresse<\/li>\n\n\n\n<li>Kommunikationsdata (telefon, e-mailadresse, faxnummer)<\/li>\n\n\n\n<li>F\u00f8dselsdato<\/li>\n\n\n\n<li>Nationalitet<\/li>\n\n\n\n<li>Kontraktens stamdata, is\u00e6r kontraktnummer, l\u00f8betid, opsigelsesperiode, type af<\/li>\n\n\n\n<li>kontrakt<\/li>\n\n\n\n<li>Organisatoriske data (f.eks. firma, virksomhed\/organisation, jobtitel),<\/li>\n\n\n\n<li>position, funktion)<\/li>\n\n\n\n<li>Fakturadata\/salgsdata<\/li>\n\n\n\n<li>Data om kreditv\u00e6rdighed<\/li>\n\n\n\n<li>Betalingsdata\/kontooplysninger<\/li>\n\n\n\n<li>Kontooplysninger, is\u00e6r registrering og logins (bruger-ID)<\/li>\n\n\n\n<li>Video- eller billedoptagelse<\/li>\n\n\n\n<li>CCTV.<\/li>\n<\/ul>\n\n<p>I forbindelse med kontraktindg\u00e5else g\u00f8r vi ogs\u00e5 brug af data, som tredjeparter har stillet til r\u00e5dighed for os. Afh\u00e6ngigt af kontrakttypen involverer dette f\u00f8lgende kategorier af persondata:<\/p>\n\n<ul class=\"wp-block-list\">\n<li>Oplysninger om kreditv\u00e6rdighed (via kreditbureauer).<\/li>\n<\/ul>\n\n<h2 class=\"wp-block-heading\">4. Hvad er kilderne til dataene?<\/h2>\n\n<p>Vi behandler personlige data, som vi modtager fra vores kunder eller interesserede parter.<\/p>\n\n<p>Vi modtager ogs\u00e5 persondata fra f\u00f8lgende enheder:<\/p>\n\n<ul class=\"wp-block-list\">\n<li>Kreditbureauer<\/li>\n\n\n\n<li>Offentligt tilg\u00e6ngelige kilder: handels- eller foreningsregistre, skyldnerregistre, jord<\/li>\n\n\n\n<li>registre.<\/li>\n\n\n\n<li>Andre virksomheder i koncernen.<\/li>\n<\/ul>\n\n<h2 class=\"wp-block-heading\">5. Til hvilke form\u00e5l behandler vi dine data og p\u00e5 hvilket retsgrundlag?<\/h2>\n\n<p>Vi behandler is\u00e6r dine personlige data i overensstemmelse med den generelle databeskyttelsesforordning (GDPR) og den tyske f\u00f8derale databeskyttelseslov (BDSG) samt alle andre g\u00e6ldende love.<\/p>\n\n<h3 class=\"wp-block-heading\">5.1 Baseret p\u00e5 dit samtykke (art. 6, stk. 1, litra a i GDPR)<\/h3>\n\n<p>Hvis du har givet os dit frivillige samtykke til indsamling, behandling eller overf\u00f8rsel af visse personoplysninger, udg\u00f8r dette samtykke det juridiske grundlag for behandlingen af disse data. I f\u00f8lgende tilf\u00e6lde behandler vi dine personoplysninger p\u00e5 grundlag af et samtykke fra dig:<\/p>\n\n<ul class=\"wp-block-list\">\n<li>Afsendelse af et nyhedsbrev via e-mail<\/li>\n\n\n\n<li>Personaliseret sporing af nyhedsbreve<\/li>\n\n\n\n<li>Markedsunders\u00f8gelser (f.eks. kundetilfredshedsunders\u00f8gelser)<\/li>\n\n\n\n<li>Marketing og reklame &#8211; opbygning af kundeprofiler<\/li>\n\n\n\n<li>Offentligg\u00f8relse af en kundereference (navn og billede).<\/li>\n<\/ul>\n\n<h3 class=\"wp-block-heading\">5.2 Til opfyldelse af en kontrakt (art. 6, stk. 1, litra b, i GDPR)<\/h3>\n\n<p>Vi bruger dine personlige data til at gennemf\u00f8re k\u00f8bskontrakten.<\/p>\n\n<p>Inden for dette kontraktforhold vil vi is\u00e6r behandle dine data for at udf\u00f8re f\u00f8lgende aktiviteter:<\/p>\n\n<ul class=\"wp-block-list\">\n<li>Kontakt relateret til kontrakten<\/li>\n\n\n\n<li>Kontraktstyring<\/li>\n\n\n\n<li>L\u00f8bende kundesupport<\/li>\n\n\n\n<li>Servicecenter\/kundesupport<\/li>\n\n\n\n<li>Ud\u00f8velse af garantikrav<\/li>\n\n\n\n<li>Forvaltning af tilgodehavender<\/li>\n\n\n\n<li>H\u00e5ndtering af opsigelse af kontrakter.<\/li>\n<\/ul>\n\n<p>Mere detaljerede oplysninger om form\u00e5let med databehandlingen kan findes i de respektive kontraktdokumenter og generelle vilk\u00e5r og betingelser.<\/p>\n\n<h3 class=\"wp-block-heading\">5.3 Til opfyldelse af juridiske forpligtelser (art. 6, stk. 1, litra c, i GDPR)<\/h3>\n\n<p>Som virksomhed er vi underlagt forskellige juridiske forpligtelser. For at opfylde disse forpligtelser kan det v\u00e6re n\u00f8dvendigt at behandle personoplysninger.<\/p>\n\n<p>Kontrol- og rapporteringsforpligtelser<br\/>Kontrol af kreditv\u00e6rdighed, alder og identitet<br\/>Forebyggelse\/forsvar af kriminelle handlinger.<\/p>\n\n<h3 class=\"wp-block-heading\">5.4 P\u00e5 grundlag af en legitim interesse (art. 6, stk. 1, litra f, i GDPR)<\/h3>\n\n<p>I visse tilf\u00e6lde behandler vi dine data for at beskytte en legitim interesse hos os eller en tredjepart.<\/p>\n\n<ul class=\"wp-block-list\">\n<li>Direkte reklame eller markeds- og opinionsunders\u00f8gelser<\/li>\n\n\n\n<li>Central h\u00e5ndtering af kundedata i koncernen<\/li>\n\n\n\n<li>Foranstaltninger til bygnings- og anl\u00e6gssikkerhed<\/li>\n\n\n\n<li>Videooverv\u00e5gning til bevarelse af husretten<\/li>\n\n\n\n<li>Konsultation af og udveksling af data med kreditbureauer for at bestemme kreditv\u00e6rdighed eller misligholdelsesrisici<\/li>\n\n\n\n<li>Sikring af IT-sikkerhed og IT-drift.<\/li>\n<\/ul>\n\n<h2 class=\"wp-block-heading\">6. Hvem vil dine data blive delt med?<\/h2>\n\n<p>For at opfylde vores kontraktlige og juridiske forpligtelser vil dine personlige data blive videregivet til forskellige offentlige eller interne organer samt eksterne tjenesteudbydere.<\/p>\n\n<p><strong>Virksomheder i koncernen:<\/strong><\/p>\n\n<p>PLIXXENT GmbH &amp; Co KG<br\/>Mittelkamp 112<br\/>26125 Oldenburg<br\/>Tyskland<\/p>\n\n<p>PLIXXENT A\/S<br\/>Kronborgvej 24<br\/>5450 Otterup<br\/>Danmark<\/p>\n\n<p>PLIXXENT B.V.<br\/>Korte Groningerweg 1 a<br\/>9607 PS Foxhol<br\/>Holland<\/p>\n\n<p>PLIXXENT S.L.<br\/>Poligono Quimico Sur<br\/>Ctra. Vilaseca-La Pineda,<br\/>s\/n PO Box 83,<br\/>43110 La Canonja #<br\/>Tarragona<br\/>Spanien<\/p>\n\n<p>Polytech Liquid Polymers Limited<br\/>Long Ln<br\/>Pott Shrigley,<br\/>Bollington, Macclesfield SK10 5SD,<br\/>Storbritannien<\/p>\n\n<p>PLIXXENT S.r.l<br\/>Via Massari Marzoli, 5<br\/>21052 Busto Arsizio (Va)<br\/>Italien<\/p>\n\n<p><strong>Eksterne tjenesteudbydere:<\/strong><\/p>\n\n<p>Vi samarbejder med udvalgte eksterne tjenesteudbydere for at opfylde vores kontraktlige og juridiske forpligtelser.<\/p>\n\n<ul class=\"wp-block-list\">\n<li>IT-tjenesteudbydere (f.eks. vedligeholdelsestjenesteudbydere, hostingtjenesteudbydere)<\/li>\n\n\n\n<li>Tjenesteudbydere til destruktion af filer og data<\/li>\n\n\n\n<li>Udskrivningstjenester<\/li>\n\n\n\n<li>Telekommunikation<\/li>\n\n\n\n<li>Udbydere af betalingstjenester<\/li>\n\n\n\n<li>R\u00e5dgivning og konsulentbistand<\/li>\n\n\n\n<li>Tjenesteudbydere til marketing eller salg<\/li>\n\n\n\n<li>Kreditbureauer<\/li>\n\n\n\n<li>Autoriserede forhandlere<\/li>\n\n\n\n<li>Tjenesteudbydere til telefonsupport (callcenter)<\/li>\n\n\n\n<li>Udbydere af webhostingtjenester<\/li>\n\n\n\n<li>Brevbutikker<\/li>\n\n\n\n<li>Revisorer.<\/li>\n<\/ul>\n\n<p><strong>Offentlige organer:<\/strong><\/p>\n\n<p>Derudover kan vi v\u00e6re forpligtet til at videregive dine personoplysninger til andre modtagere, f.eks. offentlige myndigheder, for at overholde juridiske meddelelseskrav.<\/p>\n\n<ul class=\"wp-block-list\">\n<li>Finansielle myndigheder<\/li>\n\n\n\n<li>Told<\/li>\n\n\n\n<li>Socialsikringsorgan.<\/li>\n<\/ul>\n\n<p>Hvis du har yderligere sp\u00f8rgsm\u00e5l om de enkelte modtagere, bedes du kontakte os p\u00e5: info@plixxent.com<\/p>\n\n<h2 class=\"wp-block-heading\">7. Bliver dine data overf\u00f8rt til lande uden for EU (s\u00e5kaldte tredjelande)?<\/h2>\n\n<p>En overf\u00f8rsel til et tredjeland er ikke tilsigtet.<\/p>\n\n<h2 class=\"wp-block-heading\">8. Hvor l\u00e6nge vil mine data blive gemt?<\/h2>\n\n<p>Vi gemmer dine personlige data, s\u00e5 l\u00e6nge det er n\u00f8dvendigt for at opfylde vores juridiske og kontraktlige forpligtelser.<br\/>Hvis opbevaring af data ikke l\u00e6ngere er n\u00f8dvendig for opfyldelse af kontraktlige eller juridiske forpligtelser, slettes dine data, medmindre yderligere behandling er n\u00f8dvendig til f\u00f8lgende form\u00e5l:<\/p>\n\n<ul class=\"wp-block-list\">\n<li>Opfyldelse af tilbageholdelsesforpligtelser i henhold til handels- og skattelovgivningen. Disse omfatter opbevaringsperioder fra den tyske handelslov (HGB) eller den tyske skattelov (AO). Opbevaringsperioderne er op til 10 \u00e5r.<\/li>\n\n\n\n<li>Bevissikring inden for rammerne af de lovbestemte for\u00e6ldelsesregler. I henhold til for\u00e6ldelsesreglerne i den tyske civillovbog (BGB) kan disse for\u00e6ldelsesfrister i nogle tilf\u00e6lde v\u00e6re op til 30 \u00e5r; den normale for\u00e6ldelsesfrist er tre \u00e5r.<\/li>\n<\/ul>\n\n<h2 class=\"wp-block-heading\">9. Hvilke rettigheder har du i forbindelse med behandlingen af dine data?<\/h2>\n\n<p>Alle registrerede har ret til information i henhold til artikel 15 i GDPR, ret til berigtigelse i henhold til artikel 16 i GDPR, ret til sletning i henhold til artikel 17 i GDPR, ret til begr\u00e6nsning af behandling i henhold til artikel 18 i GDPR, ret til indsigelse i henhold til artikel 21 i GDPR og ret til dataportabilitet i henhold til artikel 20 i GDPR. Med hensyn til retten til information og retten til sletning g\u00e6lder begr\u00e6nsningerne i henhold til paragraf 34 og 35 i den tyske databeskyttelseslov (BDSG).<\/p>\n\n<h3 class=\"wp-block-heading\">9.1 Ret til indsigelse<\/h3>\n\n<p>Du kan til enhver tid g\u00f8re indsigelse mod brugen af dine data til reklame via elektronisk post uden at p\u00e5drage dig andre omkostninger end transmissionsomkostningerne i henhold til grundtaksterne.<\/p>\n\n<p><strong>Hvilke rettigheder har du i tilf\u00e6lde af databehandling baseret p\u00e5 din legitime eller offentlige interesse?<\/strong><\/p>\n\n<p>I henhold til art. 21 (1) GDPR har du til enhver tid ret til at g\u00f8re indsigelse mod behandlingen af dine personlige data p\u00e5 grundlag af Art. 6 (1) e GDPR (databehandling i offentlighedens interesse) eller p\u00e5 grundlag af Art. 6 (1) f GDPR (databehandling til beskyttelse af en legitim interesse) af grunde, der skyldes din s\u00e6rlige situation; dette g\u00e6lder ogs\u00e5 for profilering baseret p\u00e5 denne bestemmelse.<\/p>\n\n<p>I tilf\u00e6lde af din indsigelse vil vi ikke l\u00e6ngere behandle dine personoplysninger, medmindre vi kan p\u00e5vise tvingende legitime grunde til behandlingen, som tilsides\u00e6tter dine interesser, rettigheder og friheder, eller behandlingen tjener til at h\u00e6vde, ud\u00f8ve eller forsvare juridiske krav.<\/p>\n\n<p><strong>Hvilke rettigheder har du i tilf\u00e6lde af databehandling til direkte markedsf\u00f8ring?<\/strong><\/p>\n\n<p>Hvis vi behandler dine personoplysninger med henblik p\u00e5 direkte markedsf\u00f8ring, har du til enhver tid ret til at g\u00f8re indsigelse mod behandlingen af personoplysninger vedr\u00f8rende dig med henblik p\u00e5 s\u00e5dan markedsf\u00f8ring i henhold til art. 21 (2) GDPR; dette g\u00e6lder ogs\u00e5 for profilering, for s\u00e5 vidt som det er relateret til s\u00e5dan direkte markedsf\u00f8ring. Hvis du g\u00f8r indsigelse mod behandling med henblik p\u00e5 direkte markedsf\u00f8ring, vil vi ikke l\u00e6ngere behandle dine personlige data til disse form\u00e5l.<\/p>\n\n<h3 class=\"wp-block-heading\">9.2 Tilbagekaldelse af samtykke<\/h3>\n\n<p>Du kan til enhver tid tilbagekalde dit samtykke til behandling af personlige data. Bem\u00e6rk venligst, at tilbagekaldelsen kun er g\u00e6ldende for fremtiden.<\/p>\n\n<h3 class=\"wp-block-heading\">9.3 Ret til information<\/h3>\n\n<p>Du kan anmode om oplysninger om, hvorvidt vi har gemt personlige data om dig. Hvis du \u00f8nsker det, vil vi fort\u00e6lle dig, hvilke data det drejer sig om, til hvilke form\u00e5l dataene behandles, hvem disse data videregives til, hvor l\u00e6nge dataene opbevares, og hvilke andre rettigheder du har med hensyn til disse data.<\/p>\n\n<h3 class=\"wp-block-heading\">9.4 Andre rettigheder<\/h3>\n\n<p>Derudover har du ret til at rette forkerte data eller f\u00e5 dine data slettet. Hvis der ikke er nogen grund til yderligere opbevaring, sletter vi dine data, ellers begr\u00e6nser vi behandlingen. Du kan ogs\u00e5 anmode om, at vi leverer alle personlige data, du har givet os, i et struktureret, almindeligt anvendt og maskinl\u00e6sbart format enten til dig eller til en person eller virksomhed efter dit valg.<\/p>\n\n<p>Derudover er der ret til at klage til den kompetente tilsynsmyndighed for databeskyttelse (Art. 77 GDPR sammenholdt med \u00a7 19 i den tyske f\u00f8derale databeskyttelseslov (BDSG)).<\/p>\n\n<h3 class=\"wp-block-heading\">9.5 Ud\u00f8velse af dine rettigheder<\/h3>\n\n<p>For at ud\u00f8ve dine rettigheder kan du kontakte den dataansvarlige eller den databeskyttelsesansvarlige ved hj\u00e6lp af de angivne kontaktoplysninger. Du kan ogs\u00e5 kontakte os via e-mail: <a href=\"mailto:info@plixxent.com\">info@plixxent.com<\/a> eller ringe p\u00e5 f\u00f8lgende telefonnummer: <a href=\"tel:+4940357784600\" data-type=\"tel\" data-id=\"tel:+4940357784600\">+49 40357784600<\/a>.<\/p>\n\n<p>Vi vil behandle dine foresp\u00f8rgsler omg\u00e5ende og i overensstemmelse med lovkravene og informere dig om de foranstaltninger, vi har truffet.<\/p>\n\n<h2 class=\"wp-block-heading\">10. Er der en forpligtelse til at give dine personlige data?<\/h2>\n\n<p>For at indg\u00e5 i et forretningsforhold skal du give os de personlige data, der er n\u00f8dvendige for gennemf\u00f8relsen af kontraktforholdet, eller som vi skal indsamle p\u00e5 grund af lovkrav. Hvis du ikke giver os disse data, er implementering og behandling af kontraktforholdet ikke muligt for os.<\/p>\n\n<h2 class=\"wp-block-heading\">11. \u00c6ndringer af disse oplysninger<\/h2>\n\n<p>Hvis der sker en v\u00e6sentlig \u00e6ndring i form\u00e5let med eller m\u00e5den at behandle dine personoplysninger p\u00e5, vil vi opdatere disse oplysninger rettidigt og informere dig om \u00e6ndringerne rettidigt.<\/p>\n\n<p>Plixxent Holding GmbH<br\/>Gasstra\u00dfe 18, Hus 5<br\/>22761 Hamburg<br\/>Tyskland<br\/>E-mail: <a href=\"mailto:info@plixxent.com\" target=\"_blank\" rel=\"noreferrer noopener\">info@plixxent.com<\/a><\/p>\n\n<p>repr\u00e6senteret af de administrerende direkt\u00f8rer Dr. J\u00f6rg Schottek, Nikolaus Michelsen, Carsten W\u00f6rner<\/p>\n","protected":false},"excerpt":{"rendered":"<p>Oplysninger om behandling af personoplysninger fra vores kunder og interesserede parter. Omhu og gennemsigtighed er grundlaget for et tillidsfuldt samarbejde med vores kunder. Derfor informerer vi dig om, hvordan vi behandler dine data, og hvordan du kan ud\u00f8ve dine rettigheder, som du er berettiget til i henhold til den generelle databeskyttelsesforordning (GDPR) og andre relevante [&hellip;]<\/p>\n","protected":false},"author":1,"featured_media":0,"parent":0,"menu_order":0,"comment_status":"closed","ping_status":"closed","template":"","meta":{"footnotes":""},"class_list":["post-5618","page","type-page","status-publish","hentry"],"yoast_head":"<!-- This site is optimized with the Yoast SEO plugin v27.4 - https:\/\/yoast.com\/product\/yoast-seo-wordpress\/ -->\n<title>Erkl\u00e6ring om beskyttelse af personlige oplysninger - PLIXXENT<\/title>\n<meta name=\"robots\" content=\"index, follow, max-snippet:-1, max-image-preview:large, max-video-preview:-1\" \/>\n<link rel=\"canonical\" href=\"https:\/\/plixxent.com\/da\/erklaering-om-beskyttelse-af-personlige-oplysninger\/\" \/>\n<meta property=\"og:locale\" content=\"da_DK\" \/>\n<meta property=\"og:type\" content=\"article\" \/>\n<meta property=\"og:title\" content=\"Erkl\u00e6ring om beskyttelse af personlige oplysninger - PLIXXENT\" \/>\n<meta property=\"og:description\" content=\"Oplysninger om behandling af personoplysninger fra vores kunder og interesserede parter. Omhu og gennemsigtighed er grundlaget for et tillidsfuldt samarbejde med vores kunder. Derfor informerer vi dig om, hvordan vi behandler dine data, og hvordan du kan ud\u00f8ve dine rettigheder, som du er berettiget til i henhold til den generelle databeskyttelsesforordning (GDPR) og andre relevante [&hellip;]\" \/>\n<meta property=\"og:url\" content=\"https:\/\/plixxent.com\/da\/erklaering-om-beskyttelse-af-personlige-oplysninger\/\" \/>\n<meta property=\"og:site_name\" content=\"PLIXXENT\" \/>\n<meta property=\"article:modified_time\" content=\"2024-03-04T11:54:34+00:00\" \/>\n<meta property=\"og:image\" content=\"https:\/\/plixxent.com\/wp-content\/uploads\/2024\/03\/plixxent_og.jpg\" \/>\n\t<meta property=\"og:image:width\" content=\"1200\" \/>\n\t<meta property=\"og:image:height\" content=\"675\" \/>\n\t<meta property=\"og:image:type\" content=\"image\/jpeg\" \/>\n<meta name=\"twitter:card\" content=\"summary_large_image\" \/>\n<meta name=\"twitter:label1\" content=\"Estimeret l\u00e6setid\" \/>\n\t<meta name=\"twitter:data1\" content=\"9 minutter\" \/>\n<script type=\"application\/ld+json\" class=\"yoast-schema-graph\">{\"@context\":\"https:\\\/\\\/schema.org\",\"@graph\":[{\"@type\":\"WebPage\",\"@id\":\"https:\\\/\\\/plixxent.com\\\/da\\\/erklaering-om-beskyttelse-af-personlige-oplysninger\\\/\",\"url\":\"https:\\\/\\\/plixxent.com\\\/da\\\/erklaering-om-beskyttelse-af-personlige-oplysninger\\\/\",\"name\":\"Erkl\u00e6ring om beskyttelse af personlige oplysninger - PLIXXENT\",\"isPartOf\":{\"@id\":\"https:\\\/\\\/plixxent.com\\\/da\\\/#website\"},\"datePublished\":\"2023-06-19T05:44:58+00:00\",\"dateModified\":\"2024-03-04T11:54:34+00:00\",\"breadcrumb\":{\"@id\":\"https:\\\/\\\/plixxent.com\\\/da\\\/erklaering-om-beskyttelse-af-personlige-oplysninger\\\/#breadcrumb\"},\"inLanguage\":\"da-DK\",\"potentialAction\":[{\"@type\":\"ReadAction\",\"target\":[\"https:\\\/\\\/plixxent.com\\\/da\\\/erklaering-om-beskyttelse-af-personlige-oplysninger\\\/\"]}]},{\"@type\":\"BreadcrumbList\",\"@id\":\"https:\\\/\\\/plixxent.com\\\/da\\\/erklaering-om-beskyttelse-af-personlige-oplysninger\\\/#breadcrumb\",\"itemListElement\":[{\"@type\":\"ListItem\",\"position\":1,\"name\":\"Home\",\"item\":\"https:\\\/\\\/plixxent.com\\\/da\\\/hjem\\\/\"},{\"@type\":\"ListItem\",\"position\":2,\"name\":\"Erkl\u00e6ring om beskyttelse af personlige oplysninger\"}]},{\"@type\":\"WebSite\",\"@id\":\"https:\\\/\\\/plixxent.com\\\/da\\\/#website\",\"url\":\"https:\\\/\\\/plixxent.com\\\/da\\\/\",\"name\":\"PLIXXENT\",\"description\":\"Providing innovative technologies based on polyurethanes\",\"potentialAction\":[{\"@type\":\"SearchAction\",\"target\":{\"@type\":\"EntryPoint\",\"urlTemplate\":\"https:\\\/\\\/plixxent.com\\\/da\\\/?s={search_term_string}\"},\"query-input\":{\"@type\":\"PropertyValueSpecification\",\"valueRequired\":true,\"valueName\":\"search_term_string\"}}],\"inLanguage\":\"da-DK\"}]}<\/script>\n<!-- \/ Yoast SEO plugin. -->","yoast_head_json":{"title":"Erkl\u00e6ring om beskyttelse af personlige oplysninger - PLIXXENT","robots":{"index":"index","follow":"follow","max-snippet":"max-snippet:-1","max-image-preview":"max-image-preview:large","max-video-preview":"max-video-preview:-1"},"canonical":"https:\/\/plixxent.com\/da\/erklaering-om-beskyttelse-af-personlige-oplysninger\/","og_locale":"da_DK","og_type":"article","og_title":"Erkl\u00e6ring om beskyttelse af personlige oplysninger - PLIXXENT","og_description":"Oplysninger om behandling af personoplysninger fra vores kunder og interesserede parter. Omhu og gennemsigtighed er grundlaget for et tillidsfuldt samarbejde med vores kunder. Derfor informerer vi dig om, hvordan vi behandler dine data, og hvordan du kan ud\u00f8ve dine rettigheder, som du er berettiget til i henhold til den generelle databeskyttelsesforordning (GDPR) og andre relevante [&hellip;]","og_url":"https:\/\/plixxent.com\/da\/erklaering-om-beskyttelse-af-personlige-oplysninger\/","og_site_name":"PLIXXENT","article_modified_time":"2024-03-04T11:54:34+00:00","og_image":[{"width":1200,"height":675,"url":"https:\/\/plixxent.com\/wp-content\/uploads\/2024\/03\/plixxent_og.jpg","type":"image\/jpeg"}],"twitter_card":"summary_large_image","twitter_misc":{"Estimeret l\u00e6setid":"9 minutter"},"schema":{"@context":"https:\/\/schema.org","@graph":[{"@type":"WebPage","@id":"https:\/\/plixxent.com\/da\/erklaering-om-beskyttelse-af-personlige-oplysninger\/","url":"https:\/\/plixxent.com\/da\/erklaering-om-beskyttelse-af-personlige-oplysninger\/","name":"Erkl\u00e6ring om beskyttelse af personlige oplysninger - PLIXXENT","isPartOf":{"@id":"https:\/\/plixxent.com\/da\/#website"},"datePublished":"2023-06-19T05:44:58+00:00","dateModified":"2024-03-04T11:54:34+00:00","breadcrumb":{"@id":"https:\/\/plixxent.com\/da\/erklaering-om-beskyttelse-af-personlige-oplysninger\/#breadcrumb"},"inLanguage":"da-DK","potentialAction":[{"@type":"ReadAction","target":["https:\/\/plixxent.com\/da\/erklaering-om-beskyttelse-af-personlige-oplysninger\/"]}]},{"@type":"BreadcrumbList","@id":"https:\/\/plixxent.com\/da\/erklaering-om-beskyttelse-af-personlige-oplysninger\/#breadcrumb","itemListElement":[{"@type":"ListItem","position":1,"name":"Home","item":"https:\/\/plixxent.com\/da\/hjem\/"},{"@type":"ListItem","position":2,"name":"Erkl\u00e6ring om beskyttelse af personlige oplysninger"}]},{"@type":"WebSite","@id":"https:\/\/plixxent.com\/da\/#website","url":"https:\/\/plixxent.com\/da\/","name":"PLIXXENT","description":"Providing innovative technologies based on polyurethanes","potentialAction":[{"@type":"SearchAction","target":{"@type":"EntryPoint","urlTemplate":"https:\/\/plixxent.com\/da\/?s={search_term_string}"},"query-input":{"@type":"PropertyValueSpecification","valueRequired":true,"valueName":"search_term_string"}}],"inLanguage":"da-DK"}]}},"_links":{"self":[{"href":"https:\/\/plixxent.com\/da\/wp-json\/wp\/v2\/pages\/5618","targetHints":{"allow":["GET"]}}],"collection":[{"href":"https:\/\/plixxent.com\/da\/wp-json\/wp\/v2\/pages"}],"about":[{"href":"https:\/\/plixxent.com\/da\/wp-json\/wp\/v2\/types\/page"}],"author":[{"embeddable":true,"href":"https:\/\/plixxent.com\/da\/wp-json\/wp\/v2\/users\/1"}],"replies":[{"embeddable":true,"href":"https:\/\/plixxent.com\/da\/wp-json\/wp\/v2\/comments?post=5618"}],"version-history":[{"count":2,"href":"https:\/\/plixxent.com\/da\/wp-json\/wp\/v2\/pages\/5618\/revisions"}],"predecessor-version":[{"id":57906,"href":"https:\/\/plixxent.com\/da\/wp-json\/wp\/v2\/pages\/5618\/revisions\/57906"}],"wp:attachment":[{"href":"https:\/\/plixxent.com\/da\/wp-json\/wp\/v2\/media?parent=5618"}],"curies":[{"name":"wp","href":"https:\/\/api.w.org\/{rel}","templated":true}]}}