{"id":64075,"date":"2025-11-10T10:47:01","date_gmt":"2025-11-10T09:47:01","guid":{"rendered":"https:\/\/plixxent.com\/dulezite-informace-o-ochrane-osobnich-udaju\/"},"modified":"2025-11-10T12:08:39","modified_gmt":"2025-11-10T11:08:39","slug":"dulezite-informace-o-ochrane-osobnich-udaju","status":"publish","type":"page","link":"https:\/\/plixxent.com\/cs\/dulezite-informace-o-ochrane-osobnich-udaju\/","title":{"rendered":"D\u016fle\u017eit\u00e9 &#8211; informace o ochran\u011b osobn\u00edch \u00fadaj\u016f*"},"content":{"rendered":"\n<p>V\u00e1\u017een\u00ed z\u00e1kazn\u00edci,<\/p>\n\n<p>bohu\u017eel se n\u00e1\u0161 extern\u011b provozovan\u00fd e-shop stal 27. 10. 2025 ob\u011bt\u00ed kybernetick\u00e9ho \u00fatoku. N\u00e1\u0161 poskytovatel IT slu\u017eeb okam\u017eit\u011b odpojil e-shop od s\u00edt\u011b a nechal ho zkontrolovat experty na kybernetickou bezpe\u010dnost. Jsme p\u0159esv\u011bd\u010deni, \u017ee d\u00edky rychl\u00e9 reakci na\u0161ich IT expert\u016f se n\u00e1m poda\u0159ilo zabr\u00e1nit v\u011bt\u0161\u00edm \u0161kod\u00e1m.  <\/p>\n\n<p>Jeliko\u017e k \u00fatoku do\u0161lo v relativn\u011b kr\u00e1tk\u00e9m \u010dasov\u00e9m \u00faseku, nen\u00ed jasn\u00e9, v jak\u00e9m rozsahu mohla b\u00fdt data na\u0161ich z\u00e1kazn\u00edk\u016f odcizena. Proto\u017ee v\u0161ak nelze vylou\u010dit \u00fanik dat, preventivn\u011b jsme informovali \u00da\u0159ad pro ochranu osobn\u00edch \u00fadaj\u016f v Doln\u00edm Sasku a dal\u0161\u00ed \u00fa\u0159ady pro ochranu osobn\u00edch \u00fadaj\u016f v na\u0161ich evropsk\u00fdch pobo\u010dk\u00e1ch. Mezi potenci\u00e1ln\u011b dot\u010den\u00e1 data pat\u0159\u00ed p\u0159\u00edjmen\u00ed, jm\u00e9no, z\u00e1kaznick\u00e9 \u010d\u00edslo, kontaktn\u00ed \u00fadaje a ur\u010dit\u00e9 smluvn\u00ed informace.  <\/p>\n\n<p>Preventivn\u011b upozor\u0148ujeme, \u017ee \u00fato\u010dn\u00edci by mohli p\u0159\u00edpadn\u011b odcizen\u00e1 data zneu\u017e\u00edt k pokus\u016fm o phishing, kr\u00e1de\u017ei identity nebo podvod\u016fm. Pokud obdr\u017e\u00edte e-maily, zpr\u00e1vy p\u0159es WhatsApp, hlasov\u00e9 zpr\u00e1vy nebo jin\u00e9 zpr\u00e1vy, kter\u00e9 v\u00e1m p\u0159ipadaj\u00ed podez\u0159el\u00e9, v \u017e\u00e1dn\u00e9m p\u0159\u00edpad\u011b neposkytujte citliv\u00e9 informace. <\/p>\n\n<p>Dal\u0161\u00ed vy\u0161et\u0159ov\u00e1n\u00ed incidentu bude brzy dokon\u010deno. V t\u00e9to souvislosti n\u00e1\u0161 e-shop znovu nastav\u00edme a co nejd\u0159\u00edve uvedeme zp\u011bt do provozu. <\/p>\n\n<p>D\u011bkujeme za va\u0161e pochopen\u00ed!<\/p>\n\n<p>* mimo jin\u00e9 podle \u010dl. 34 odst. 1, odst. 3 p\u00edsm. c) GDPR  <\/p>\n\n<p><\/p>\n","protected":false},"excerpt":{"rendered":"<p>V\u00e1\u017een\u00ed z\u00e1kazn\u00edci, bohu\u017eel se n\u00e1\u0161 extern\u011b provozovan\u00fd e-shop stal 27. 10. 2025 ob\u011bt\u00ed kybernetick\u00e9ho \u00fatoku. N\u00e1\u0161 poskytovatel IT slu\u017eeb okam\u017eit\u011b odpojil e-shop od s\u00edt\u011b a nechal ho zkontrolovat experty na kybernetickou bezpe\u010dnost. Jsme p\u0159esv\u011bd\u010deni, \u017ee d\u00edky rychl\u00e9 reakci na\u0161ich IT expert\u016f se n\u00e1m poda\u0159ilo zabr\u00e1nit v\u011bt\u0161\u00edm \u0161kod\u00e1m. Jeliko\u017e k \u00fatoku do\u0161lo v relativn\u011b kr\u00e1tk\u00e9m \u010dasov\u00e9m [&hellip;]<\/p>\n","protected":false},"author":2,"featured_media":64132,"parent":0,"menu_order":0,"comment_status":"closed","ping_status":"closed","template":"","meta":{"footnotes":""},"class_list":["post-64075","page","type-page","status-publish","has-post-thumbnail","hentry"],"yoast_head":"<!-- This site is optimized with the Yoast SEO plugin v27.3 - https:\/\/yoast.com\/product\/yoast-seo-wordpress\/ -->\n<title>D\u016fle\u017eit\u00e9 - informace o ochran\u011b osobn\u00edch \u00fadaj\u016f* - PLIXXENT<\/title>\n<meta name=\"robots\" content=\"index, follow, max-snippet:-1, max-image-preview:large, max-video-preview:-1\" \/>\n<link rel=\"canonical\" href=\"https:\/\/plixxent.com\/cs\/dulezite-informace-o-ochrane-osobnich-udaju\/\" \/>\n<meta property=\"og:locale\" content=\"cs_CZ\" \/>\n<meta property=\"og:type\" content=\"article\" \/>\n<meta property=\"og:title\" content=\"D\u016fle\u017eit\u00e9 - informace o ochran\u011b osobn\u00edch \u00fadaj\u016f* - PLIXXENT\" \/>\n<meta property=\"og:description\" content=\"V\u00e1\u017een\u00ed z\u00e1kazn\u00edci, bohu\u017eel se n\u00e1\u0161 extern\u011b provozovan\u00fd e-shop stal 27. 10. 2025 ob\u011bt\u00ed kybernetick\u00e9ho \u00fatoku. N\u00e1\u0161 poskytovatel IT slu\u017eeb okam\u017eit\u011b odpojil e-shop od s\u00edt\u011b a nechal ho zkontrolovat experty na kybernetickou bezpe\u010dnost. Jsme p\u0159esv\u011bd\u010deni, \u017ee d\u00edky rychl\u00e9 reakci na\u0161ich IT expert\u016f se n\u00e1m poda\u0159ilo zabr\u00e1nit v\u011bt\u0161\u00edm \u0161kod\u00e1m. Jeliko\u017e k \u00fatoku do\u0161lo v relativn\u011b kr\u00e1tk\u00e9m \u010dasov\u00e9m [&hellip;]\" \/>\n<meta property=\"og:url\" content=\"https:\/\/plixxent.com\/cs\/dulezite-informace-o-ochrane-osobnich-udaju\/\" \/>\n<meta property=\"og:site_name\" content=\"PLIXXENT\" \/>\n<meta property=\"article:modified_time\" content=\"2025-11-10T11:08:39+00:00\" \/>\n<meta property=\"og:image\" content=\"https:\/\/plixxent.com\/wp-content\/uploads\/2025\/11\/1133350536_Tropfen.jpg\" \/>\n\t<meta property=\"og:image:width\" content=\"2000\" \/>\n\t<meta property=\"og:image:height\" content=\"1174\" \/>\n\t<meta property=\"og:image:type\" content=\"image\/jpeg\" \/>\n<meta name=\"twitter:card\" content=\"summary_large_image\" \/>\n<meta name=\"twitter:label1\" content=\"Odhadovan\u00e1 doba \u010dten\u00ed\" \/>\n\t<meta name=\"twitter:data1\" content=\"1 minuta\" \/>\n<script type=\"application\/ld+json\" class=\"yoast-schema-graph\">{\"@context\":\"https:\\\/\\\/schema.org\",\"@graph\":[{\"@type\":\"WebPage\",\"@id\":\"https:\\\/\\\/plixxent.com\\\/cs\\\/dulezite-informace-o-ochrane-osobnich-udaju\\\/\",\"url\":\"https:\\\/\\\/plixxent.com\\\/cs\\\/dulezite-informace-o-ochrane-osobnich-udaju\\\/\",\"name\":\"D\u016fle\u017eit\u00e9 - informace o ochran\u011b osobn\u00edch \u00fadaj\u016f* - PLIXXENT\",\"isPartOf\":{\"@id\":\"https:\\\/\\\/plixxent.com\\\/cs\\\/#website\"},\"primaryImageOfPage\":{\"@id\":\"https:\\\/\\\/plixxent.com\\\/cs\\\/dulezite-informace-o-ochrane-osobnich-udaju\\\/#primaryimage\"},\"image\":{\"@id\":\"https:\\\/\\\/plixxent.com\\\/cs\\\/dulezite-informace-o-ochrane-osobnich-udaju\\\/#primaryimage\"},\"thumbnailUrl\":\"https:\\\/\\\/plixxent.com\\\/wp-content\\\/uploads\\\/2025\\\/11\\\/1133350536_Tropfen.jpg\",\"datePublished\":\"2025-11-10T09:47:01+00:00\",\"dateModified\":\"2025-11-10T11:08:39+00:00\",\"breadcrumb\":{\"@id\":\"https:\\\/\\\/plixxent.com\\\/cs\\\/dulezite-informace-o-ochrane-osobnich-udaju\\\/#breadcrumb\"},\"inLanguage\":\"cs\",\"potentialAction\":[{\"@type\":\"ReadAction\",\"target\":[\"https:\\\/\\\/plixxent.com\\\/cs\\\/dulezite-informace-o-ochrane-osobnich-udaju\\\/\"]}]},{\"@type\":\"ImageObject\",\"inLanguage\":\"cs\",\"@id\":\"https:\\\/\\\/plixxent.com\\\/cs\\\/dulezite-informace-o-ochrane-osobnich-udaju\\\/#primaryimage\",\"url\":\"https:\\\/\\\/plixxent.com\\\/wp-content\\\/uploads\\\/2025\\\/11\\\/1133350536_Tropfen.jpg\",\"contentUrl\":\"https:\\\/\\\/plixxent.com\\\/wp-content\\\/uploads\\\/2025\\\/11\\\/1133350536_Tropfen.jpg\",\"width\":2000,\"height\":1174},{\"@type\":\"BreadcrumbList\",\"@id\":\"https:\\\/\\\/plixxent.com\\\/cs\\\/dulezite-informace-o-ochrane-osobnich-udaju\\\/#breadcrumb\",\"itemListElement\":[{\"@type\":\"ListItem\",\"position\":1,\"name\":\"Home\",\"item\":\"https:\\\/\\\/plixxent.com\\\/cs\\\/home\\\/\"},{\"@type\":\"ListItem\",\"position\":2,\"name\":\"D\u016fle\u017eit\u00e9 &#8211; informace o ochran\u011b osobn\u00edch \u00fadaj\u016f*\"}]},{\"@type\":\"WebSite\",\"@id\":\"https:\\\/\\\/plixxent.com\\\/cs\\\/#website\",\"url\":\"https:\\\/\\\/plixxent.com\\\/cs\\\/\",\"name\":\"PLIXXENT\",\"description\":\"Providing innovative technologies based on polyurethanes\",\"potentialAction\":[{\"@type\":\"SearchAction\",\"target\":{\"@type\":\"EntryPoint\",\"urlTemplate\":\"https:\\\/\\\/plixxent.com\\\/cs\\\/?s={search_term_string}\"},\"query-input\":{\"@type\":\"PropertyValueSpecification\",\"valueRequired\":true,\"valueName\":\"search_term_string\"}}],\"inLanguage\":\"cs\"}]}<\/script>\n<!-- \/ Yoast SEO plugin. -->","yoast_head_json":{"title":"D\u016fle\u017eit\u00e9 - informace o ochran\u011b osobn\u00edch \u00fadaj\u016f* - PLIXXENT","robots":{"index":"index","follow":"follow","max-snippet":"max-snippet:-1","max-image-preview":"max-image-preview:large","max-video-preview":"max-video-preview:-1"},"canonical":"https:\/\/plixxent.com\/cs\/dulezite-informace-o-ochrane-osobnich-udaju\/","og_locale":"cs_CZ","og_type":"article","og_title":"D\u016fle\u017eit\u00e9 - informace o ochran\u011b osobn\u00edch \u00fadaj\u016f* - PLIXXENT","og_description":"V\u00e1\u017een\u00ed z\u00e1kazn\u00edci, bohu\u017eel se n\u00e1\u0161 extern\u011b provozovan\u00fd e-shop stal 27. 10. 2025 ob\u011bt\u00ed kybernetick\u00e9ho \u00fatoku. N\u00e1\u0161 poskytovatel IT slu\u017eeb okam\u017eit\u011b odpojil e-shop od s\u00edt\u011b a nechal ho zkontrolovat experty na kybernetickou bezpe\u010dnost. Jsme p\u0159esv\u011bd\u010deni, \u017ee d\u00edky rychl\u00e9 reakci na\u0161ich IT expert\u016f se n\u00e1m poda\u0159ilo zabr\u00e1nit v\u011bt\u0161\u00edm \u0161kod\u00e1m. Jeliko\u017e k \u00fatoku do\u0161lo v relativn\u011b kr\u00e1tk\u00e9m \u010dasov\u00e9m [&hellip;]","og_url":"https:\/\/plixxent.com\/cs\/dulezite-informace-o-ochrane-osobnich-udaju\/","og_site_name":"PLIXXENT","article_modified_time":"2025-11-10T11:08:39+00:00","og_image":[{"width":2000,"height":1174,"url":"https:\/\/plixxent.com\/wp-content\/uploads\/2025\/11\/1133350536_Tropfen.jpg","type":"image\/jpeg"}],"twitter_card":"summary_large_image","twitter_misc":{"Odhadovan\u00e1 doba \u010dten\u00ed":"1 minuta"},"schema":{"@context":"https:\/\/schema.org","@graph":[{"@type":"WebPage","@id":"https:\/\/plixxent.com\/cs\/dulezite-informace-o-ochrane-osobnich-udaju\/","url":"https:\/\/plixxent.com\/cs\/dulezite-informace-o-ochrane-osobnich-udaju\/","name":"D\u016fle\u017eit\u00e9 - informace o ochran\u011b osobn\u00edch \u00fadaj\u016f* - PLIXXENT","isPartOf":{"@id":"https:\/\/plixxent.com\/cs\/#website"},"primaryImageOfPage":{"@id":"https:\/\/plixxent.com\/cs\/dulezite-informace-o-ochrane-osobnich-udaju\/#primaryimage"},"image":{"@id":"https:\/\/plixxent.com\/cs\/dulezite-informace-o-ochrane-osobnich-udaju\/#primaryimage"},"thumbnailUrl":"https:\/\/plixxent.com\/wp-content\/uploads\/2025\/11\/1133350536_Tropfen.jpg","datePublished":"2025-11-10T09:47:01+00:00","dateModified":"2025-11-10T11:08:39+00:00","breadcrumb":{"@id":"https:\/\/plixxent.com\/cs\/dulezite-informace-o-ochrane-osobnich-udaju\/#breadcrumb"},"inLanguage":"cs","potentialAction":[{"@type":"ReadAction","target":["https:\/\/plixxent.com\/cs\/dulezite-informace-o-ochrane-osobnich-udaju\/"]}]},{"@type":"ImageObject","inLanguage":"cs","@id":"https:\/\/plixxent.com\/cs\/dulezite-informace-o-ochrane-osobnich-udaju\/#primaryimage","url":"https:\/\/plixxent.com\/wp-content\/uploads\/2025\/11\/1133350536_Tropfen.jpg","contentUrl":"https:\/\/plixxent.com\/wp-content\/uploads\/2025\/11\/1133350536_Tropfen.jpg","width":2000,"height":1174},{"@type":"BreadcrumbList","@id":"https:\/\/plixxent.com\/cs\/dulezite-informace-o-ochrane-osobnich-udaju\/#breadcrumb","itemListElement":[{"@type":"ListItem","position":1,"name":"Home","item":"https:\/\/plixxent.com\/cs\/home\/"},{"@type":"ListItem","position":2,"name":"D\u016fle\u017eit\u00e9 &#8211; informace o ochran\u011b osobn\u00edch \u00fadaj\u016f*"}]},{"@type":"WebSite","@id":"https:\/\/plixxent.com\/cs\/#website","url":"https:\/\/plixxent.com\/cs\/","name":"PLIXXENT","description":"Providing innovative technologies based on polyurethanes","potentialAction":[{"@type":"SearchAction","target":{"@type":"EntryPoint","urlTemplate":"https:\/\/plixxent.com\/cs\/?s={search_term_string}"},"query-input":{"@type":"PropertyValueSpecification","valueRequired":true,"valueName":"search_term_string"}}],"inLanguage":"cs"}]}},"_links":{"self":[{"href":"https:\/\/plixxent.com\/cs\/wp-json\/wp\/v2\/pages\/64075","targetHints":{"allow":["GET"]}}],"collection":[{"href":"https:\/\/plixxent.com\/cs\/wp-json\/wp\/v2\/pages"}],"about":[{"href":"https:\/\/plixxent.com\/cs\/wp-json\/wp\/v2\/types\/page"}],"author":[{"embeddable":true,"href":"https:\/\/plixxent.com\/cs\/wp-json\/wp\/v2\/users\/2"}],"replies":[{"embeddable":true,"href":"https:\/\/plixxent.com\/cs\/wp-json\/wp\/v2\/comments?post=64075"}],"version-history":[{"count":3,"href":"https:\/\/plixxent.com\/cs\/wp-json\/wp\/v2\/pages\/64075\/revisions"}],"predecessor-version":[{"id":64101,"href":"https:\/\/plixxent.com\/cs\/wp-json\/wp\/v2\/pages\/64075\/revisions\/64101"}],"wp:featuredmedia":[{"embeddable":true,"href":"https:\/\/plixxent.com\/cs\/wp-json\/wp\/v2\/media\/64132"}],"wp:attachment":[{"href":"https:\/\/plixxent.com\/cs\/wp-json\/wp\/v2\/media?parent=64075"}],"curies":[{"name":"wp","href":"https:\/\/api.w.org\/{rel}","templated":true}]}}