{"id":61147,"date":"2023-08-14T17:24:12","date_gmt":"2023-08-14T15:24:12","guid":{"rendered":"https:\/\/plixxent.com\/dodrzovani-predpisu\/"},"modified":"2025-09-24T08:49:35","modified_gmt":"2025-09-24T06:49:35","slug":"dodrzovani-predpisu","status":"publish","type":"page","link":"https:\/\/plixxent.com\/cs\/dodrzovani-predpisu\/","title":{"rendered":"Dodr\u017eov\u00e1n\u00ed p\u0159edpis\u016f"},"content":{"rendered":"\t\t<div data-elementor-type=\"wp-page\" data-elementor-id=\"61147\" class=\"elementor elementor-61147 elementor-1186\" data-elementor-post-type=\"page\">\n\t\t\t\t<div class=\"elementor-element elementor-element-7e8150c4 e-flex e-con-boxed e-con e-parent\" data-id=\"7e8150c4\" data-element_type=\"container\" data-e-type=\"container\">\n\t\t\t\t\t<div class=\"e-con-inner\">\n\t\t\t\t<div class=\"elementor-element elementor-element-48d1d9f elementor-widget elementor-widget-image\" data-id=\"48d1d9f\" data-element_type=\"widget\" data-e-type=\"widget\" data-widget_type=\"image.default\">\n\t\t\t\t<div class=\"elementor-widget-container\">\n\t\t\t\t\t\t\t\t\t\t\t\t\t\t\t<img fetchpriority=\"high\" decoding=\"async\" width=\"800\" height=\"306\" src=\"https:\/\/plixxent.com\/wp-content\/uploads\/2024\/01\/PLIXXENT-Illu-Nachhaltigkeit.svg\" class=\"attachment-large size-large wp-image-61148\" alt=\"\" \/>\t\t\t\t\t\t\t\t\t\t\t\t\t\t\t<\/div>\n\t\t\t\t<\/div>\n\t\t\t\t<div class=\"elementor-element elementor-element-b8b622c elementor-widget elementor-widget-heading\" data-id=\"b8b622c\" data-element_type=\"widget\" data-e-type=\"widget\" data-widget_type=\"heading.default\">\n\t\t\t\t<div class=\"elementor-widget-container\">\n\t\t\t\t\t<h2 class=\"elementor-heading-title elementor-size-default\">DODR\u017dOV\u00c1N\u00cd P\u0158EDPIS\u016e - KODEX CHOV\u00c1N\u00cd<\/h2>\t\t\t\t<\/div>\n\t\t\t\t<\/div>\n\t\t\t\t<div class=\"elementor-element elementor-element-43851127 elementor-widget elementor-widget-text-editor\" data-id=\"43851127\" data-element_type=\"widget\" data-e-type=\"widget\" data-widget_type=\"text-editor.default\">\n\t\t\t\t<div class=\"elementor-widget-container\">\n\t\t\t\t\t\t\t\t\t\n<p>Dodr\u017eov\u00e1n\u00ed p\u0159edpis\u016f je pro n\u00e1s z\u00e1sadn\u00ed sou\u010d\u00e1st\u00ed zaji\u0161t\u011bn\u00ed udr\u017eiteln\u00e9ho \u00fasp\u011bchu na\u0161\u00ed spole\u010dnosti. N\u00e1\u0161 Kodex chov\u00e1n\u00ed m\u00e1 na\u0161im zam\u011bstnanc\u016fm a obchodn\u00edm partner\u016fm pomoci v\u010das rozpoznat rizika v oblasti dodr\u017eov\u00e1n\u00ed p\u0159edpis\u016f a p\u0159\u00edpadn\u00e1 protipr\u00e1vn\u00ed jedn\u00e1n\u00ed. Tento Kodex chov\u00e1n\u00ed stanovuje standardy a z\u00e1sady, kter\u00fdmi se \u0159\u00edd\u00edme, aby n\u00e1m pomohl plnit z\u00e1vazky na\u0161eho odv\u011btv\u00ed a z\u00e1vazky na\u0161ich n\u00e1rodn\u00edch i mezin\u00e1rodn\u00edch z\u00e1kazn\u00edk\u016f a dodavatel\u016f. Na\u0161e standardy se vztahuj\u00ed na v\u0161echny, kte\u0159\u00ed pracuj\u00ed pro spole\u010dnost PLIXXENT nebo jej\u00edm jm\u00e9nem.   <\/p>\n\n<p>V\u0161ichni zam\u011bstnanci spole\u010dnosti PLIXXENT mus\u00ed dodr\u017eovat tento kodex chov\u00e1n\u00ed. Zavazujeme se dodr\u017eovat z\u00e1kony a p\u0159edpisy jednotliv\u00fdch zem\u00ed, kter\u00e9 se vztahuj\u00ed na na\u0161e slu\u017eby po cel\u00e9m sv\u011bt\u011b. Tento Kodex chov\u00e1n\u00ed stanov\u00ed pr\u00e1vn\u00ed r\u00e1mec, v n\u011bm\u017e p\u016fsob\u00edme. Definuje z\u00e1kladn\u00ed z\u00e1sady na\u0161eho jedn\u00e1n\u00ed a vztah\u016f s na\u0161imi obchodn\u00edmi partnery a ve\u0159ejnost\u00ed. Stanovuje z\u00e1sady na\u0161eho firemn\u00edho jedn\u00e1n\u00ed a vyjad\u0159uje na\u0161e firemn\u00ed hodnoty.    <\/p>\n\t\t\t\t\t\t\t\t<\/div>\n\t\t\t\t<\/div>\n\t\t\t\t<div class=\"elementor-element elementor-element-9d2fb9d elementor-widget__width-auto e-transform elementor-widget elementor-widget-button\" data-id=\"9d2fb9d\" data-element_type=\"widget\" data-e-type=\"widget\" data-settings=\"{&quot;_transform_skewX_effect_hover&quot;:{&quot;unit&quot;:&quot;px&quot;,&quot;size&quot;:-14,&quot;sizes&quot;:[]},&quot;_transform_skewX_effect_hover_tablet&quot;:{&quot;unit&quot;:&quot;deg&quot;,&quot;size&quot;:&quot;&quot;,&quot;sizes&quot;:[]},&quot;_transform_skewX_effect_hover_mobile&quot;:{&quot;unit&quot;:&quot;deg&quot;,&quot;size&quot;:&quot;&quot;,&quot;sizes&quot;:[]},&quot;_transform_skewY_effect_hover&quot;:{&quot;unit&quot;:&quot;px&quot;,&quot;size&quot;:&quot;&quot;,&quot;sizes&quot;:[]},&quot;_transform_skewY_effect_hover_tablet&quot;:{&quot;unit&quot;:&quot;deg&quot;,&quot;size&quot;:&quot;&quot;,&quot;sizes&quot;:[]},&quot;_transform_skewY_effect_hover_mobile&quot;:{&quot;unit&quot;:&quot;deg&quot;,&quot;size&quot;:&quot;&quot;,&quot;sizes&quot;:[]}}\" data-widget_type=\"button.default\">\n\t\t\t\t<div class=\"elementor-widget-container\">\n\t\t\t\t\t\t\t\t\t<div class=\"elementor-button-wrapper\">\n\t\t\t\t\t<a class=\"elementor-button elementor-button-link elementor-size-sm\" href=\"https:\/\/plixxent.com\/cs\/download\/kodex-chovani\/\">\n\t\t\t\t\t\t<span class=\"elementor-button-content-wrapper\">\n\t\t\t\t\t\t\t\t\t<span class=\"elementor-button-text\">St\u00e1hnout KOMPLIKACE - KODEX CHOV\u00c1N\u00cd<\/span>\n\t\t\t\t\t<\/span>\n\t\t\t\t\t<\/a>\n\t\t\t\t<\/div>\n\t\t\t\t\t\t\t\t<\/div>\n\t\t\t\t<\/div>\n\t\t\t\t<div class=\"elementor-element elementor-element-70e381a elementor-widget__width-auto e-transform elementor-widget elementor-widget-button\" data-id=\"70e381a\" data-element_type=\"widget\" data-e-type=\"widget\" data-settings=\"{&quot;_transform_skewX_effect_hover&quot;:{&quot;unit&quot;:&quot;px&quot;,&quot;size&quot;:-14,&quot;sizes&quot;:[]},&quot;_transform_skewX_effect_hover_tablet&quot;:{&quot;unit&quot;:&quot;deg&quot;,&quot;size&quot;:&quot;&quot;,&quot;sizes&quot;:[]},&quot;_transform_skewX_effect_hover_mobile&quot;:{&quot;unit&quot;:&quot;deg&quot;,&quot;size&quot;:&quot;&quot;,&quot;sizes&quot;:[]},&quot;_transform_skewY_effect_hover&quot;:{&quot;unit&quot;:&quot;px&quot;,&quot;size&quot;:&quot;&quot;,&quot;sizes&quot;:[]},&quot;_transform_skewY_effect_hover_tablet&quot;:{&quot;unit&quot;:&quot;deg&quot;,&quot;size&quot;:&quot;&quot;,&quot;sizes&quot;:[]},&quot;_transform_skewY_effect_hover_mobile&quot;:{&quot;unit&quot;:&quot;deg&quot;,&quot;size&quot;:&quot;&quot;,&quot;sizes&quot;:[]}}\" data-widget_type=\"button.default\">\n\t\t\t\t<div class=\"elementor-widget-container\">\n\t\t\t\t\t\t\t\t\t<div class=\"elementor-button-wrapper\">\n\t\t\t\t\t<a class=\"elementor-button elementor-button-link elementor-size-sm\" href=\"https:\/\/plixxent.com\/cs\/download\/kodex-chovani-pro-dodavatele-anglicky\/\">\n\t\t\t\t\t\t<span class=\"elementor-button-content-wrapper\">\n\t\t\t\t\t\t\t\t\t<span class=\"elementor-button-text\">St\u00e1hni si kodex chov\u00e1n\u00ed pro dodavatele<\/span>\n\t\t\t\t\t<\/span>\n\t\t\t\t\t<\/a>\n\t\t\t\t<\/div>\n\t\t\t\t\t\t\t\t<\/div>\n\t\t\t\t<\/div>\n\t\t\t\t\t<\/div>\n\t\t\t\t<\/div>\n\t\t\t\t<\/div>\n\t\t","protected":false},"excerpt":{"rendered":"<p>DODR\u017dOV\u00c1N\u00cd P\u0158EDPIS\u016e &#8211; KODEX CHOV\u00c1N\u00cd Dodr\u017eov\u00e1n\u00ed p\u0159edpis\u016f je pro n\u00e1s z\u00e1sadn\u00ed sou\u010d\u00e1st\u00ed zaji\u0161t\u011bn\u00ed udr\u017eiteln\u00e9ho \u00fasp\u011bchu na\u0161\u00ed spole\u010dnosti. N\u00e1\u0161 Kodex chov\u00e1n\u00ed m\u00e1 na\u0161im zam\u011bstnanc\u016fm a obchodn\u00edm partner\u016fm pomoci v\u010das rozpoznat rizika v oblasti dodr\u017eov\u00e1n\u00ed p\u0159edpis\u016f a p\u0159\u00edpadn\u00e1 protipr\u00e1vn\u00ed jedn\u00e1n\u00ed. Tento Kodex chov\u00e1n\u00ed stanovuje standardy a z\u00e1sady, kter\u00fdmi se \u0159\u00edd\u00edme, aby n\u00e1m pomohl plnit z\u00e1vazky na\u0161eho odv\u011btv\u00ed [&hellip;]<\/p>\n","protected":false},"author":1,"featured_media":61149,"parent":0,"menu_order":0,"comment_status":"closed","ping_status":"closed","template":"","meta":{"footnotes":""},"class_list":["post-61147","page","type-page","status-publish","has-post-thumbnail","hentry"],"yoast_head":"<!-- This site is optimized with the Yoast SEO plugin v27.3 - https:\/\/yoast.com\/product\/yoast-seo-wordpress\/ -->\n<title>Dodr\u017eov\u00e1n\u00ed p\u0159edpis\u016f - PLIXXENT<\/title>\n<meta name=\"robots\" content=\"index, follow, max-snippet:-1, max-image-preview:large, max-video-preview:-1\" \/>\n<link rel=\"canonical\" href=\"https:\/\/plixxent.com\/cs\/dodrzovani-predpisu\/\" \/>\n<meta property=\"og:locale\" content=\"cs_CZ\" \/>\n<meta property=\"og:type\" content=\"article\" \/>\n<meta property=\"og:title\" content=\"Dodr\u017eov\u00e1n\u00ed p\u0159edpis\u016f - PLIXXENT\" \/>\n<meta property=\"og:description\" content=\"DODR\u017dOV\u00c1N\u00cd P\u0158EDPIS\u016e &#8211; KODEX CHOV\u00c1N\u00cd Dodr\u017eov\u00e1n\u00ed p\u0159edpis\u016f je pro n\u00e1s z\u00e1sadn\u00ed sou\u010d\u00e1st\u00ed zaji\u0161t\u011bn\u00ed udr\u017eiteln\u00e9ho \u00fasp\u011bchu na\u0161\u00ed spole\u010dnosti. N\u00e1\u0161 Kodex chov\u00e1n\u00ed m\u00e1 na\u0161im zam\u011bstnanc\u016fm a obchodn\u00edm partner\u016fm pomoci v\u010das rozpoznat rizika v oblasti dodr\u017eov\u00e1n\u00ed p\u0159edpis\u016f a p\u0159\u00edpadn\u00e1 protipr\u00e1vn\u00ed jedn\u00e1n\u00ed. Tento Kodex chov\u00e1n\u00ed stanovuje standardy a z\u00e1sady, kter\u00fdmi se \u0159\u00edd\u00edme, aby n\u00e1m pomohl plnit z\u00e1vazky na\u0161eho odv\u011btv\u00ed [&hellip;]\" \/>\n<meta property=\"og:url\" content=\"https:\/\/plixxent.com\/cs\/dodrzovani-predpisu\/\" \/>\n<meta property=\"og:site_name\" content=\"PLIXXENT\" \/>\n<meta property=\"article:modified_time\" content=\"2025-09-24T06:49:35+00:00\" \/>\n<meta property=\"og:image\" content=\"https:\/\/plixxent.com\/wp-content\/uploads\/2024\/02\/PLIXXENT-Illu-Nachhaltigkeit-1.jpg\" \/>\n\t<meta property=\"og:image:width\" content=\"2560\" \/>\n\t<meta property=\"og:image:height\" content=\"780\" \/>\n\t<meta property=\"og:image:type\" content=\"image\/jpeg\" \/>\n<meta name=\"twitter:card\" content=\"summary_large_image\" \/>\n<meta name=\"twitter:label1\" content=\"Odhadovan\u00e1 doba \u010dten\u00ed\" \/>\n\t<meta name=\"twitter:data1\" content=\"1 minuta\" \/>\n<script type=\"application\/ld+json\" class=\"yoast-schema-graph\">{\"@context\":\"https:\\\/\\\/schema.org\",\"@graph\":[{\"@type\":\"WebPage\",\"@id\":\"https:\\\/\\\/plixxent.com\\\/cs\\\/dodrzovani-predpisu\\\/\",\"url\":\"https:\\\/\\\/plixxent.com\\\/cs\\\/dodrzovani-predpisu\\\/\",\"name\":\"Dodr\u017eov\u00e1n\u00ed p\u0159edpis\u016f - PLIXXENT\",\"isPartOf\":{\"@id\":\"https:\\\/\\\/plixxent.com\\\/cs\\\/#website\"},\"primaryImageOfPage\":{\"@id\":\"https:\\\/\\\/plixxent.com\\\/cs\\\/dodrzovani-predpisu\\\/#primaryimage\"},\"image\":{\"@id\":\"https:\\\/\\\/plixxent.com\\\/cs\\\/dodrzovani-predpisu\\\/#primaryimage\"},\"thumbnailUrl\":\"https:\\\/\\\/plixxent.com\\\/wp-content\\\/uploads\\\/2024\\\/02\\\/PLIXXENT-Illu-Nachhaltigkeit-1.jpg\",\"datePublished\":\"2023-08-14T15:24:12+00:00\",\"dateModified\":\"2025-09-24T06:49:35+00:00\",\"breadcrumb\":{\"@id\":\"https:\\\/\\\/plixxent.com\\\/cs\\\/dodrzovani-predpisu\\\/#breadcrumb\"},\"inLanguage\":\"cs\",\"potentialAction\":[{\"@type\":\"ReadAction\",\"target\":[\"https:\\\/\\\/plixxent.com\\\/cs\\\/dodrzovani-predpisu\\\/\"]}]},{\"@type\":\"ImageObject\",\"inLanguage\":\"cs\",\"@id\":\"https:\\\/\\\/plixxent.com\\\/cs\\\/dodrzovani-predpisu\\\/#primaryimage\",\"url\":\"https:\\\/\\\/plixxent.com\\\/wp-content\\\/uploads\\\/2024\\\/02\\\/PLIXXENT-Illu-Nachhaltigkeit-1.jpg\",\"contentUrl\":\"https:\\\/\\\/plixxent.com\\\/wp-content\\\/uploads\\\/2024\\\/02\\\/PLIXXENT-Illu-Nachhaltigkeit-1.jpg\",\"width\":2560,\"height\":780},{\"@type\":\"BreadcrumbList\",\"@id\":\"https:\\\/\\\/plixxent.com\\\/cs\\\/dodrzovani-predpisu\\\/#breadcrumb\",\"itemListElement\":[{\"@type\":\"ListItem\",\"position\":1,\"name\":\"Home\",\"item\":\"https:\\\/\\\/plixxent.com\\\/cs\\\/home\\\/\"},{\"@type\":\"ListItem\",\"position\":2,\"name\":\"Dodr\u017eov\u00e1n\u00ed p\u0159edpis\u016f\"}]},{\"@type\":\"WebSite\",\"@id\":\"https:\\\/\\\/plixxent.com\\\/cs\\\/#website\",\"url\":\"https:\\\/\\\/plixxent.com\\\/cs\\\/\",\"name\":\"PLIXXENT\",\"description\":\"Providing innovative technologies based on polyurethanes\",\"potentialAction\":[{\"@type\":\"SearchAction\",\"target\":{\"@type\":\"EntryPoint\",\"urlTemplate\":\"https:\\\/\\\/plixxent.com\\\/cs\\\/?s={search_term_string}\"},\"query-input\":{\"@type\":\"PropertyValueSpecification\",\"valueRequired\":true,\"valueName\":\"search_term_string\"}}],\"inLanguage\":\"cs\"}]}<\/script>\n<!-- \/ Yoast SEO plugin. -->","yoast_head_json":{"title":"Dodr\u017eov\u00e1n\u00ed p\u0159edpis\u016f - PLIXXENT","robots":{"index":"index","follow":"follow","max-snippet":"max-snippet:-1","max-image-preview":"max-image-preview:large","max-video-preview":"max-video-preview:-1"},"canonical":"https:\/\/plixxent.com\/cs\/dodrzovani-predpisu\/","og_locale":"cs_CZ","og_type":"article","og_title":"Dodr\u017eov\u00e1n\u00ed p\u0159edpis\u016f - PLIXXENT","og_description":"DODR\u017dOV\u00c1N\u00cd P\u0158EDPIS\u016e &#8211; KODEX CHOV\u00c1N\u00cd Dodr\u017eov\u00e1n\u00ed p\u0159edpis\u016f je pro n\u00e1s z\u00e1sadn\u00ed sou\u010d\u00e1st\u00ed zaji\u0161t\u011bn\u00ed udr\u017eiteln\u00e9ho \u00fasp\u011bchu na\u0161\u00ed spole\u010dnosti. N\u00e1\u0161 Kodex chov\u00e1n\u00ed m\u00e1 na\u0161im zam\u011bstnanc\u016fm a obchodn\u00edm partner\u016fm pomoci v\u010das rozpoznat rizika v oblasti dodr\u017eov\u00e1n\u00ed p\u0159edpis\u016f a p\u0159\u00edpadn\u00e1 protipr\u00e1vn\u00ed jedn\u00e1n\u00ed. Tento Kodex chov\u00e1n\u00ed stanovuje standardy a z\u00e1sady, kter\u00fdmi se \u0159\u00edd\u00edme, aby n\u00e1m pomohl plnit z\u00e1vazky na\u0161eho odv\u011btv\u00ed [&hellip;]","og_url":"https:\/\/plixxent.com\/cs\/dodrzovani-predpisu\/","og_site_name":"PLIXXENT","article_modified_time":"2025-09-24T06:49:35+00:00","og_image":[{"width":2560,"height":780,"url":"https:\/\/plixxent.com\/wp-content\/uploads\/2024\/02\/PLIXXENT-Illu-Nachhaltigkeit-1.jpg","type":"image\/jpeg"}],"twitter_card":"summary_large_image","twitter_misc":{"Odhadovan\u00e1 doba \u010dten\u00ed":"1 minuta"},"schema":{"@context":"https:\/\/schema.org","@graph":[{"@type":"WebPage","@id":"https:\/\/plixxent.com\/cs\/dodrzovani-predpisu\/","url":"https:\/\/plixxent.com\/cs\/dodrzovani-predpisu\/","name":"Dodr\u017eov\u00e1n\u00ed p\u0159edpis\u016f - PLIXXENT","isPartOf":{"@id":"https:\/\/plixxent.com\/cs\/#website"},"primaryImageOfPage":{"@id":"https:\/\/plixxent.com\/cs\/dodrzovani-predpisu\/#primaryimage"},"image":{"@id":"https:\/\/plixxent.com\/cs\/dodrzovani-predpisu\/#primaryimage"},"thumbnailUrl":"https:\/\/plixxent.com\/wp-content\/uploads\/2024\/02\/PLIXXENT-Illu-Nachhaltigkeit-1.jpg","datePublished":"2023-08-14T15:24:12+00:00","dateModified":"2025-09-24T06:49:35+00:00","breadcrumb":{"@id":"https:\/\/plixxent.com\/cs\/dodrzovani-predpisu\/#breadcrumb"},"inLanguage":"cs","potentialAction":[{"@type":"ReadAction","target":["https:\/\/plixxent.com\/cs\/dodrzovani-predpisu\/"]}]},{"@type":"ImageObject","inLanguage":"cs","@id":"https:\/\/plixxent.com\/cs\/dodrzovani-predpisu\/#primaryimage","url":"https:\/\/plixxent.com\/wp-content\/uploads\/2024\/02\/PLIXXENT-Illu-Nachhaltigkeit-1.jpg","contentUrl":"https:\/\/plixxent.com\/wp-content\/uploads\/2024\/02\/PLIXXENT-Illu-Nachhaltigkeit-1.jpg","width":2560,"height":780},{"@type":"BreadcrumbList","@id":"https:\/\/plixxent.com\/cs\/dodrzovani-predpisu\/#breadcrumb","itemListElement":[{"@type":"ListItem","position":1,"name":"Home","item":"https:\/\/plixxent.com\/cs\/home\/"},{"@type":"ListItem","position":2,"name":"Dodr\u017eov\u00e1n\u00ed p\u0159edpis\u016f"}]},{"@type":"WebSite","@id":"https:\/\/plixxent.com\/cs\/#website","url":"https:\/\/plixxent.com\/cs\/","name":"PLIXXENT","description":"Providing innovative technologies based on polyurethanes","potentialAction":[{"@type":"SearchAction","target":{"@type":"EntryPoint","urlTemplate":"https:\/\/plixxent.com\/cs\/?s={search_term_string}"},"query-input":{"@type":"PropertyValueSpecification","valueRequired":true,"valueName":"search_term_string"}}],"inLanguage":"cs"}]}},"_links":{"self":[{"href":"https:\/\/plixxent.com\/cs\/wp-json\/wp\/v2\/pages\/61147","targetHints":{"allow":["GET"]}}],"collection":[{"href":"https:\/\/plixxent.com\/cs\/wp-json\/wp\/v2\/pages"}],"about":[{"href":"https:\/\/plixxent.com\/cs\/wp-json\/wp\/v2\/types\/page"}],"author":[{"embeddable":true,"href":"https:\/\/plixxent.com\/cs\/wp-json\/wp\/v2\/users\/1"}],"replies":[{"embeddable":true,"href":"https:\/\/plixxent.com\/cs\/wp-json\/wp\/v2\/comments?post=61147"}],"version-history":[{"count":6,"href":"https:\/\/plixxent.com\/cs\/wp-json\/wp\/v2\/pages\/61147\/revisions"}],"predecessor-version":[{"id":63836,"href":"https:\/\/plixxent.com\/cs\/wp-json\/wp\/v2\/pages\/61147\/revisions\/63836"}],"wp:featuredmedia":[{"embeddable":true,"href":"https:\/\/plixxent.com\/cs\/wp-json\/wp\/v2\/media\/61149"}],"wp:attachment":[{"href":"https:\/\/plixxent.com\/cs\/wp-json\/wp\/v2\/media?parent=61147"}],"curies":[{"name":"wp","href":"https:\/\/api.w.org\/{rel}","templated":true}]}}