{"id":61114,"date":"2023-08-14T17:23:50","date_gmt":"2023-08-14T15:23:50","guid":{"rendered":"https:\/\/plixxent.com\/podminky-a-pravidla\/"},"modified":"2026-03-03T18:06:13","modified_gmt":"2026-03-03T17:06:13","slug":"podminky-a-pravidla","status":"publish","type":"page","link":"https:\/\/plixxent.com\/cs\/podminky-a-pravidla\/","title":{"rendered":"Podm\u00ednky a pravidla"},"content":{"rendered":"\n<p>N\u00ed\u017ee naleznete na\u0161e smluvn\u00ed podm\u00ednky ve form\u00e1tu PDF.<\/p>\n\n<h2 class=\"wp-block-heading\">N\u011bmecko<\/h2>\n\n<h3 class=\"wp-block-heading\">Podm\u00ednky zad\u00e1v\u00e1n\u00ed ve\u0159ejn\u00fdch zak\u00e1zek<\/h3>\n\n<p><a href=\"https:\/\/plixxent.com\/fr\/download\/deutschland-allgemeine-einkaufsbedingungen-deutsch\/\" data-type=\"download\" data-id=\"2957\" target=\"_blank\" rel=\"noreferrer noopener\">Allgemeine Einkaufsbedingungen (Deutsch)<\/a><br\/><a href=\"https:\/\/plixxent.com\/fr\/download\/allemagne-conditions-generales-dachat-anglais\/\" data-type=\"download\" data-id=\"2955\" target=\"_blank\" rel=\"noreferrer noopener\">V\u0161eobecn\u00e9 podm\u00ednky pro zad\u00e1v\u00e1n\u00ed ve\u0159ejn\u00fdch zak\u00e1zek (anglicky)<\/a><\/p>\n\n<h3 class=\"wp-block-heading\">Podm\u00ednky prodeje<\/h3>\n\n<p><a data-type=\"download\" data-id=\"2953\" href=\"https:\/\/plixxent.com\/fr\/download\/deutschland-allgemeine-verkaufs-und-lieferbedingungen-deutsch\/\">Allgemeine Verkaufs- und Lieferbedingungen (Deutsch)<\/a><br\/><a href=\"https:\/\/plixxent.com\/fr\/download\/allemagne-conditions-generales-de-vente-anglais\/\" target=\"_blank\" rel=\"noreferrer noopener\">V\u0161eobecn\u00e9 obchodn\u00ed podm\u00ednky (anglicky)<\/a><\/p>\n\n<h3 class=\"wp-block-heading\">Na\u0159\u00edzen\u00ed o nebezpe\u010dn\u00fdch ud\u00e1lostech<\/h3>\n\n<p><a href=\"https:\/\/plixxent.com\/fr\/download\/informations-sur-lordonnance-sur-les-incidents-dangereux-en-allemand\/\" target=\"_blank\" rel=\"noreferrer noopener\">Informace o na\u0159\u00edzen\u00ed o nebezpe\u010dn\u00fdch ud\u00e1lostech (n\u011bmecky)<\/a><\/p>\n\n<h2 class=\"wp-block-heading\">Nizozemsko<\/h2>\n\n<h3 class=\"wp-block-heading\">Podm\u00ednky zad\u00e1v\u00e1n\u00ed ve\u0159ejn\u00fdch zak\u00e1zek<\/h3>\n\n<p><a href=\"https:\/\/plixxent.com\/fr\/download\/pays-bas-conditions-generales-dachat-anglais\/\" data-type=\"download\" data-id=\"57181\">V\u0161eobecn\u00e9 n\u00e1kupn\u00ed podm\u00ednky (anglicky)<\/a><\/p>\n\n<h3 class=\"wp-block-heading\">Podm\u00ednky prodeje<\/h3>\n\n<p><a href=\"https:\/\/plixxent.com\/fr\/download\/pays-bas-conditions-generales-de-vente-et-de-livraison-anglais\/\" data-type=\"download\" data-id=\"1964\" target=\"_blank\" rel=\"noreferrer noopener\">V\u0161eobecn\u00e9 obchodn\u00ed a dodac\u00ed podm\u00ednky (anglicky)<\/a><\/p>\n\n<h2 class=\"wp-block-heading\">\u0160pan\u011blsko<\/h2>\n\n<h3 class=\"wp-block-heading\">Podm\u00ednky zad\u00e1v\u00e1n\u00ed ve\u0159ejn\u00fdch zak\u00e1zek<\/h3>\n\n<p><a href=\"https:\/\/plixxent.com\/fr\/download\/espana-terminos-y-condiciones-de-compra-de-bienes-y-servicios-espanol\/\" data-type=\"download\" data-id=\"2965\">T\u00e9rminos y Condiciones de Compra de Bienes y Servicios (Espa\u00f1ol)<br\/><\/a><a href=\"https:\/\/plixxent.com\/fr\/download\/espagne-conditions-generales-dachat-de-biens-et-de-services-anglais\/\" data-type=\"download\" data-id=\"2963\">Podm\u00ednky n\u00e1kupu zbo\u017e\u00ed a slu\u017eeb (anglicky)<\/a><\/p>\n\n<h3 class=\"wp-block-heading\">Podm\u00ednky prodeje<\/h3>\n\n<p><a href=\"https:\/\/plixxent.com\/fr\/download\/espana-condiciones-generales-de-venta-y-suministro-espanol\/\" data-type=\"download\" data-id=\"1966\">V\u0161eobecn\u00e9 podm\u00ednky prodeje a prodeje (Espa\u00f1ol)<\/a><br\/><a href=\"https:\/\/plixxent.com\/fr\/download\/espagne-conditions-generales-de-vente-et-de-livraison-anglais\/\" data-type=\"download\" data-id=\"1965\">V\u0161eobecn\u00e9 podm\u00ednky prodeje a dod\u00e1n\u00ed (anglicky)<\/a><\/p>\n\n<h2 class=\"wp-block-heading\">It\u00e1lie<\/h2>\n\n<h3 class=\"wp-block-heading\">Podm\u00ednky dod\u00e1vek<\/h3>\n\n<p><a href=\"https:\/\/plixxent.com\/fr\/download\/italia-condizioni-generali-di-fornitura-italiano\/\" data-type=\"download\" data-id=\"2961\">V\u0161eobecn\u00e9 podm\u00ednky pro porod (italsky)<\/a><br\/><a href=\"https:\/\/plixxent.com\/fr\/download\/italie-conditions-generales-de-fourniture-anglais\/\" data-type=\"download\" data-id=\"2959\">V\u0161eobecn\u00e9 dodac\u00ed podm\u00ednky (anglicky)<\/a><\/p>\n\n<h2 class=\"wp-block-heading\">D\u00e1nsko<\/h2>\n\n<h3 class=\"wp-block-heading\">Podm\u00ednky zad\u00e1v\u00e1n\u00ed ve\u0159ejn\u00fdch zak\u00e1zek<\/h3>\n\n<p>Zad\u00e1vac\u00ed podm\u00ednky (anglicky)<\/p>\n\n<h3 class=\"wp-block-heading\">Podm\u00ednky prodeje<\/h3>\n\n<p><a href=\"https:\/\/plixxent.com\/fr\/download\/danemark-conditions-generales-de-vente-anglais\/\" data-type=\"download\" data-id=\"1967\">V\u0161eobecn\u00e9 obchodn\u00ed podm\u00ednky (anglicky)<\/a><\/p>\n\n<h2 class=\"wp-block-heading\">Spojen\u00e9 kr\u00e1lovstv\u00ed<\/h2>\n\n<h3 class=\"wp-block-heading\">Podm\u00ednky prodeje<\/h3>\n\n<p><a data-type=\"download\" data-id=\"1973\" href=\"https:\/\/plixxent.com\/fr\/download\/uk-conditions-generales-de-vente-des-marchandises-anglais\/\">Obchodn\u00ed podm\u00ednky prodeje zbo\u017e\u00ed (anglicky)<\/a><br\/><a href=\"https:\/\/plixxent.com\/fr\/download\/conditions-generales-dachat-anglais\/\" target=\"_blank\" rel=\"noreferrer noopener\">N\u00e1kupn\u00ed podm\u00ednky (anglicky)<\/a><\/p>\n\n<p><\/p>\n","protected":false},"excerpt":{"rendered":"<p>N\u00ed\u017ee naleznete na\u0161e smluvn\u00ed podm\u00ednky ve form\u00e1tu PDF. N\u011bmecko Podm\u00ednky zad\u00e1v\u00e1n\u00ed ve\u0159ejn\u00fdch zak\u00e1zek Allgemeine Einkaufsbedingungen (Deutsch)V\u0161eobecn\u00e9 podm\u00ednky pro zad\u00e1v\u00e1n\u00ed ve\u0159ejn\u00fdch zak\u00e1zek (anglicky) Podm\u00ednky prodeje Allgemeine Verkaufs- und Lieferbedingungen (Deutsch)V\u0161eobecn\u00e9 obchodn\u00ed podm\u00ednky (anglicky) Na\u0159\u00edzen\u00ed o nebezpe\u010dn\u00fdch ud\u00e1lostech Informace o na\u0159\u00edzen\u00ed o nebezpe\u010dn\u00fdch ud\u00e1lostech (n\u011bmecky) Nizozemsko Podm\u00ednky zad\u00e1v\u00e1n\u00ed ve\u0159ejn\u00fdch zak\u00e1zek V\u0161eobecn\u00e9 n\u00e1kupn\u00ed podm\u00ednky (anglicky) Podm\u00ednky prodeje V\u0161eobecn\u00e9 [&hellip;]<\/p>\n","protected":false},"author":1,"featured_media":0,"parent":0,"menu_order":0,"comment_status":"closed","ping_status":"closed","template":"","meta":{"footnotes":""},"class_list":["post-61114","page","type-page","status-publish","hentry"],"yoast_head":"<!-- This site is optimized with the Yoast SEO plugin v27.3 - https:\/\/yoast.com\/product\/yoast-seo-wordpress\/ -->\n<title>Podm\u00ednky a pravidla - PLIXXENT<\/title>\n<meta name=\"robots\" content=\"index, follow, max-snippet:-1, max-image-preview:large, max-video-preview:-1\" \/>\n<link rel=\"canonical\" href=\"https:\/\/plixxent.com\/cs\/podminky-a-pravidla\/\" \/>\n<meta property=\"og:locale\" content=\"cs_CZ\" \/>\n<meta property=\"og:type\" content=\"article\" \/>\n<meta property=\"og:title\" content=\"Podm\u00ednky a pravidla - PLIXXENT\" \/>\n<meta property=\"og:description\" content=\"N\u00ed\u017ee naleznete na\u0161e smluvn\u00ed podm\u00ednky ve form\u00e1tu PDF. N\u011bmecko Podm\u00ednky zad\u00e1v\u00e1n\u00ed ve\u0159ejn\u00fdch zak\u00e1zek Allgemeine Einkaufsbedingungen (Deutsch)V\u0161eobecn\u00e9 podm\u00ednky pro zad\u00e1v\u00e1n\u00ed ve\u0159ejn\u00fdch zak\u00e1zek (anglicky) Podm\u00ednky prodeje Allgemeine Verkaufs- und Lieferbedingungen (Deutsch)V\u0161eobecn\u00e9 obchodn\u00ed podm\u00ednky (anglicky) Na\u0159\u00edzen\u00ed o nebezpe\u010dn\u00fdch ud\u00e1lostech Informace o na\u0159\u00edzen\u00ed o nebezpe\u010dn\u00fdch ud\u00e1lostech (n\u011bmecky) Nizozemsko Podm\u00ednky zad\u00e1v\u00e1n\u00ed ve\u0159ejn\u00fdch zak\u00e1zek V\u0161eobecn\u00e9 n\u00e1kupn\u00ed podm\u00ednky (anglicky) Podm\u00ednky prodeje V\u0161eobecn\u00e9 [&hellip;]\" \/>\n<meta property=\"og:url\" content=\"https:\/\/plixxent.com\/cs\/podminky-a-pravidla\/\" \/>\n<meta property=\"og:site_name\" content=\"PLIXXENT\" \/>\n<meta property=\"article:modified_time\" content=\"2026-03-03T17:06:13+00:00\" \/>\n<meta property=\"og:image\" content=\"https:\/\/plixxent.com\/wp-content\/uploads\/2024\/03\/plixxent_og.jpg\" \/>\n\t<meta property=\"og:image:width\" content=\"1200\" \/>\n\t<meta property=\"og:image:height\" content=\"675\" \/>\n\t<meta property=\"og:image:type\" content=\"image\/jpeg\" \/>\n<meta name=\"twitter:card\" content=\"summary_large_image\" \/>\n<meta name=\"twitter:label1\" content=\"Odhadovan\u00e1 doba \u010dten\u00ed\" \/>\n\t<meta name=\"twitter:data1\" content=\"1 minuta\" \/>\n<script type=\"application\/ld+json\" class=\"yoast-schema-graph\">{\"@context\":\"https:\\\/\\\/schema.org\",\"@graph\":[{\"@type\":\"WebPage\",\"@id\":\"https:\\\/\\\/plixxent.com\\\/cs\\\/podminky-a-pravidla\\\/\",\"url\":\"https:\\\/\\\/plixxent.com\\\/cs\\\/podminky-a-pravidla\\\/\",\"name\":\"Podm\u00ednky a pravidla - PLIXXENT\",\"isPartOf\":{\"@id\":\"https:\\\/\\\/plixxent.com\\\/cs\\\/#website\"},\"datePublished\":\"2023-08-14T15:23:50+00:00\",\"dateModified\":\"2026-03-03T17:06:13+00:00\",\"breadcrumb\":{\"@id\":\"https:\\\/\\\/plixxent.com\\\/cs\\\/podminky-a-pravidla\\\/#breadcrumb\"},\"inLanguage\":\"cs\",\"potentialAction\":[{\"@type\":\"ReadAction\",\"target\":[\"https:\\\/\\\/plixxent.com\\\/cs\\\/podminky-a-pravidla\\\/\"]}]},{\"@type\":\"BreadcrumbList\",\"@id\":\"https:\\\/\\\/plixxent.com\\\/cs\\\/podminky-a-pravidla\\\/#breadcrumb\",\"itemListElement\":[{\"@type\":\"ListItem\",\"position\":1,\"name\":\"Home\",\"item\":\"https:\\\/\\\/plixxent.com\\\/cs\\\/home\\\/\"},{\"@type\":\"ListItem\",\"position\":2,\"name\":\"Podm\u00ednky a pravidla\"}]},{\"@type\":\"WebSite\",\"@id\":\"https:\\\/\\\/plixxent.com\\\/cs\\\/#website\",\"url\":\"https:\\\/\\\/plixxent.com\\\/cs\\\/\",\"name\":\"PLIXXENT\",\"description\":\"Providing innovative technologies based on polyurethanes\",\"potentialAction\":[{\"@type\":\"SearchAction\",\"target\":{\"@type\":\"EntryPoint\",\"urlTemplate\":\"https:\\\/\\\/plixxent.com\\\/cs\\\/?s={search_term_string}\"},\"query-input\":{\"@type\":\"PropertyValueSpecification\",\"valueRequired\":true,\"valueName\":\"search_term_string\"}}],\"inLanguage\":\"cs\"}]}<\/script>\n<!-- \/ Yoast SEO plugin. -->","yoast_head_json":{"title":"Podm\u00ednky a pravidla - PLIXXENT","robots":{"index":"index","follow":"follow","max-snippet":"max-snippet:-1","max-image-preview":"max-image-preview:large","max-video-preview":"max-video-preview:-1"},"canonical":"https:\/\/plixxent.com\/cs\/podminky-a-pravidla\/","og_locale":"cs_CZ","og_type":"article","og_title":"Podm\u00ednky a pravidla - PLIXXENT","og_description":"N\u00ed\u017ee naleznete na\u0161e smluvn\u00ed podm\u00ednky ve form\u00e1tu PDF. N\u011bmecko Podm\u00ednky zad\u00e1v\u00e1n\u00ed ve\u0159ejn\u00fdch zak\u00e1zek Allgemeine Einkaufsbedingungen (Deutsch)V\u0161eobecn\u00e9 podm\u00ednky pro zad\u00e1v\u00e1n\u00ed ve\u0159ejn\u00fdch zak\u00e1zek (anglicky) Podm\u00ednky prodeje Allgemeine Verkaufs- und Lieferbedingungen (Deutsch)V\u0161eobecn\u00e9 obchodn\u00ed podm\u00ednky (anglicky) Na\u0159\u00edzen\u00ed o nebezpe\u010dn\u00fdch ud\u00e1lostech Informace o na\u0159\u00edzen\u00ed o nebezpe\u010dn\u00fdch ud\u00e1lostech (n\u011bmecky) Nizozemsko Podm\u00ednky zad\u00e1v\u00e1n\u00ed ve\u0159ejn\u00fdch zak\u00e1zek V\u0161eobecn\u00e9 n\u00e1kupn\u00ed podm\u00ednky (anglicky) Podm\u00ednky prodeje V\u0161eobecn\u00e9 [&hellip;]","og_url":"https:\/\/plixxent.com\/cs\/podminky-a-pravidla\/","og_site_name":"PLIXXENT","article_modified_time":"2026-03-03T17:06:13+00:00","og_image":[{"width":1200,"height":675,"url":"https:\/\/plixxent.com\/wp-content\/uploads\/2024\/03\/plixxent_og.jpg","type":"image\/jpeg"}],"twitter_card":"summary_large_image","twitter_misc":{"Odhadovan\u00e1 doba \u010dten\u00ed":"1 minuta"},"schema":{"@context":"https:\/\/schema.org","@graph":[{"@type":"WebPage","@id":"https:\/\/plixxent.com\/cs\/podminky-a-pravidla\/","url":"https:\/\/plixxent.com\/cs\/podminky-a-pravidla\/","name":"Podm\u00ednky a pravidla - PLIXXENT","isPartOf":{"@id":"https:\/\/plixxent.com\/cs\/#website"},"datePublished":"2023-08-14T15:23:50+00:00","dateModified":"2026-03-03T17:06:13+00:00","breadcrumb":{"@id":"https:\/\/plixxent.com\/cs\/podminky-a-pravidla\/#breadcrumb"},"inLanguage":"cs","potentialAction":[{"@type":"ReadAction","target":["https:\/\/plixxent.com\/cs\/podminky-a-pravidla\/"]}]},{"@type":"BreadcrumbList","@id":"https:\/\/plixxent.com\/cs\/podminky-a-pravidla\/#breadcrumb","itemListElement":[{"@type":"ListItem","position":1,"name":"Home","item":"https:\/\/plixxent.com\/cs\/home\/"},{"@type":"ListItem","position":2,"name":"Podm\u00ednky a pravidla"}]},{"@type":"WebSite","@id":"https:\/\/plixxent.com\/cs\/#website","url":"https:\/\/plixxent.com\/cs\/","name":"PLIXXENT","description":"Providing innovative technologies based on polyurethanes","potentialAction":[{"@type":"SearchAction","target":{"@type":"EntryPoint","urlTemplate":"https:\/\/plixxent.com\/cs\/?s={search_term_string}"},"query-input":{"@type":"PropertyValueSpecification","valueRequired":true,"valueName":"search_term_string"}}],"inLanguage":"cs"}]}},"_links":{"self":[{"href":"https:\/\/plixxent.com\/cs\/wp-json\/wp\/v2\/pages\/61114","targetHints":{"allow":["GET"]}}],"collection":[{"href":"https:\/\/plixxent.com\/cs\/wp-json\/wp\/v2\/pages"}],"about":[{"href":"https:\/\/plixxent.com\/cs\/wp-json\/wp\/v2\/types\/page"}],"author":[{"embeddable":true,"href":"https:\/\/plixxent.com\/cs\/wp-json\/wp\/v2\/users\/1"}],"replies":[{"embeddable":true,"href":"https:\/\/plixxent.com\/cs\/wp-json\/wp\/v2\/comments?post=61114"}],"version-history":[{"count":5,"href":"https:\/\/plixxent.com\/cs\/wp-json\/wp\/v2\/pages\/61114\/revisions"}],"predecessor-version":[{"id":64397,"href":"https:\/\/plixxent.com\/cs\/wp-json\/wp\/v2\/pages\/61114\/revisions\/64397"}],"wp:attachment":[{"href":"https:\/\/plixxent.com\/cs\/wp-json\/wp\/v2\/media?parent=61114"}],"curies":[{"name":"wp","href":"https:\/\/api.w.org\/{rel}","templated":true}]}}