{"id":61108,"date":"2023-08-14T17:23:59","date_gmt":"2023-08-14T15:23:59","guid":{"rendered":"https:\/\/plixxent.com\/otisk\/"},"modified":"2024-12-06T16:05:20","modified_gmt":"2024-12-06T15:05:20","slug":"otisk","status":"publish","type":"page","link":"https:\/\/plixxent.com\/cs\/otisk\/","title":{"rendered":"Otisk"},"content":{"rendered":"\n<p>PLIXXENT Holding GmbH<br\/>Gasstra\u00dfe 18 I Haus 5<br\/>22761 Hamburg<br\/>N\u011bmecko<\/p>\n\n<p><strong>Kontakt:<\/strong><br\/>Telefon: 040-357 78 46 0<br\/>E-mail: info@plixxent.com<br\/>www.plixxent.com<\/p>\n\n<p><strong>Jednatel\u00e9:<\/strong><br\/>Dr. J\u00f6rg Schottek<br\/>Nikolaus Michelsen<br\/>Carsten W\u00f6rner<\/p>\n\n<p><strong>S\u00eddlo:<\/strong><br\/>Hamburg<\/p>\n\n<p><strong>Registra\u010dn\u00ed soud:<\/strong><br\/>M\u00edstn\u00ed soud v Hamburku<\/p>\n\n<p><strong>Registra\u010dn\u00ed \u010d\u00edslo:<\/strong><br\/>HRB 164091<\/p>\n\n<p><strong>\u010c\u00edslo DPH:<\/strong><br\/>DE324691732<\/p>\n\n<p><strong>Odpov\u011bdn\u00fd (\u00a7 18 Abs. 2 MStV):<\/strong><br\/>Jennifer Sonnek<br\/>PLIXXENT Holding GmbH<br\/>Vedouc\u00ed skupiny pro marketing a komunikaci<br\/>Gasstra\u00dfe 18 I Haus 5<br\/>22761 Hamburg<br\/>N\u011bmecko<\/p>\n\n<h2 class=\"wp-block-heading\">Vylou\u010den\u00ed odpov\u011bdnosti<\/h2>\n\n<p>Spole\u010dnost PLIXXENT Holding GmbH si vyhrazuje pr\u00e1vo neodpov\u00eddat za aktu\u00e1lnost, spr\u00e1vnost, \u00faplnost a kvalitu poskytnut\u00fdch informac\u00ed. N\u00e1roky z odpov\u011bdnosti za \u0161kody zp\u016fsoben\u00e9 pou\u017eit\u00edm jak\u00fdchkoli poskytnut\u00fdch informac\u00ed, v\u010detn\u011b jak\u00fdchkoli informac\u00ed, kter\u00e9 jsou ne\u00fapln\u00e9 nebo nespr\u00e1vn\u00e9, budou proto zam\u00edtnuty. Ve\u0161ker\u00e9 nab\u00eddky jsou nez\u00e1vazn\u00e9 a nez\u00e1vazn\u00e9. \u010c\u00e1sti str\u00e1nek nebo cel\u00e1 publikace v\u010detn\u011b v\u0161ech nab\u00eddek a informac\u00ed mohou b\u00fdt spole\u010dnost\u00ed PLIXXENT Holding GmbH roz\u0161\u00ed\u0159eny, zm\u011bn\u011bny nebo \u010d\u00e1ste\u010dn\u011b \u010di zcela vymaz\u00e1ny bez zvl\u00e1\u0161tn\u00edho ozn\u00e1men\u00ed.   <\/p>\n\n<h2 class=\"wp-block-heading\">Doporu\u010den\u00ed a odkazy<\/h2>\n\n<p>Spole\u010dnost PLIXXENT Holding GmbH neodpov\u00edd\u00e1 za \u017e\u00e1dn\u00fd obsah, na kter\u00fd odkazuj\u00ed nebo na kter\u00fd je odkazov\u00e1no z jej\u00edch str\u00e1nek &#8211; leda\u017ee by o nez\u00e1konn\u00e9m obsahu v\u011bd\u011bla a byla schopna zabr\u00e1nit n\u00e1v\u0161t\u011bvn\u00edk\u016fm sv\u00fdch str\u00e1nek v prohl\u00ed\u017een\u00ed t\u011bchto str\u00e1nek. Pokud dojde ke \u0161kod\u011b pou\u017eit\u00edm informac\u00ed na nich uveden\u00fdch, m\u016f\u017ee b\u00fdt odpov\u011bdn\u00e1 pouze spole\u010dnost PLIXXENT Holding GmbH p\u0159\u00edslu\u0161n\u00fdch str\u00e1nek, nikoliv ten, kdo na tyto str\u00e1nky odk\u00e1zal. <\/p>\n\n<h2 class=\"wp-block-heading\">Autorsk\u00e1 pr\u00e1va<\/h2>\n\n<p>Spole\u010dnost PLIXXENT Holding GmbH zam\u00fd\u0161lela nepou\u017e\u00edt pro publikaci \u017e\u00e1dn\u00fd materi\u00e1l chr\u00e1n\u011bn\u00fd autorsk\u00fdm pr\u00e1vem, nebo pokud to nen\u00ed mo\u017en\u00e9, uv\u00e9st autorsk\u00e1 pr\u00e1va k p\u0159\u00edslu\u0161n\u00e9mu p\u0159edm\u011btu. Autorsk\u00e1 pr\u00e1va k jak\u00e9mukoli materi\u00e1lu vytvo\u0159en\u00e9mu spole\u010dnost\u00ed PLIXXENT Holding GmbH jsou vyhrazena. Jak\u00e9koli kop\u00edrov\u00e1n\u00ed nebo pou\u017eit\u00ed objekt\u016f, jako jsou sch\u00e9mata, zvuky nebo texty, v jin\u00fdch elektronick\u00fdch nebo ti\u0161t\u011bn\u00fdch publikac\u00edch nen\u00ed bez povolen\u00ed spole\u010dnosti PLIXXENT Holding GmbH povoleno.  <\/p>\n\n<h2 class=\"wp-block-heading\">Pr\u00e1vn\u00ed platnost tohoto prohl\u00e1\u0161en\u00ed o vylou\u010den\u00ed odpov\u011bdnosti<\/h2>\n\n<p>Toto prohl\u00e1\u0161en\u00ed o vylou\u010den\u00ed odpov\u011bdnosti je t\u0159eba pova\u017eovat za sou\u010d\u00e1st internetov\u00e9 publikace, z n\u00ed\u017e jste byli odk\u00e1z\u00e1ni. Pokud \u010d\u00e1sti nebo jednotliv\u00e9 podm\u00ednky tohoto prohl\u00e1\u0161en\u00ed nejsou v souladu se z\u00e1konem nebo spr\u00e1vn\u00e9, obsah nebo platnost ostatn\u00edch \u010d\u00e1st\u00ed z\u016fst\u00e1v\u00e1 touto skute\u010dnost\u00ed nedot\u010dena. <\/p>\n","protected":false},"excerpt":{"rendered":"<p>PLIXXENT Holding GmbHGasstra\u00dfe 18 I Haus 522761 HamburgN\u011bmecko Kontakt:Telefon: 040-357 78 46 0E-mail: info@plixxent.comwww.plixxent.com Jednatel\u00e9:Dr. J\u00f6rg SchottekNikolaus MichelsenCarsten W\u00f6rner S\u00eddlo:Hamburg Registra\u010dn\u00ed soud:M\u00edstn\u00ed soud v Hamburku Registra\u010dn\u00ed \u010d\u00edslo:HRB 164091 \u010c\u00edslo DPH:DE324691732 Odpov\u011bdn\u00fd (\u00a7 18 Abs. 2 MStV):Jennifer SonnekPLIXXENT Holding GmbHVedouc\u00ed skupiny pro marketing a komunikaciGasstra\u00dfe 18 I Haus 522761 HamburgN\u011bmecko Vylou\u010den\u00ed odpov\u011bdnosti Spole\u010dnost PLIXXENT Holding GmbH [&hellip;]<\/p>\n","protected":false},"author":1,"featured_media":0,"parent":0,"menu_order":0,"comment_status":"closed","ping_status":"closed","template":"","meta":{"footnotes":""},"class_list":["post-61108","page","type-page","status-publish","hentry"],"yoast_head":"<!-- This site is optimized with the Yoast SEO plugin v27.3 - https:\/\/yoast.com\/product\/yoast-seo-wordpress\/ -->\n<title>Otisk - PLIXXENT<\/title>\n<meta name=\"robots\" content=\"index, follow, max-snippet:-1, max-image-preview:large, max-video-preview:-1\" \/>\n<link rel=\"canonical\" href=\"https:\/\/plixxent.com\/cs\/otisk\/\" \/>\n<meta property=\"og:locale\" content=\"cs_CZ\" \/>\n<meta property=\"og:type\" content=\"article\" \/>\n<meta property=\"og:title\" content=\"Otisk - PLIXXENT\" \/>\n<meta property=\"og:description\" content=\"PLIXXENT Holding GmbHGasstra\u00dfe 18 I Haus 522761 HamburgN\u011bmecko Kontakt:Telefon: 040-357 78 46 0E-mail: info@plixxent.comwww.plixxent.com Jednatel\u00e9:Dr. J\u00f6rg SchottekNikolaus MichelsenCarsten W\u00f6rner S\u00eddlo:Hamburg Registra\u010dn\u00ed soud:M\u00edstn\u00ed soud v Hamburku Registra\u010dn\u00ed \u010d\u00edslo:HRB 164091 \u010c\u00edslo DPH:DE324691732 Odpov\u011bdn\u00fd (\u00a7 18 Abs. 2 MStV):Jennifer SonnekPLIXXENT Holding GmbHVedouc\u00ed skupiny pro marketing a komunikaciGasstra\u00dfe 18 I Haus 522761 HamburgN\u011bmecko Vylou\u010den\u00ed odpov\u011bdnosti Spole\u010dnost PLIXXENT Holding GmbH [&hellip;]\" \/>\n<meta property=\"og:url\" content=\"https:\/\/plixxent.com\/cs\/otisk\/\" \/>\n<meta property=\"og:site_name\" content=\"PLIXXENT\" \/>\n<meta property=\"article:modified_time\" content=\"2024-12-06T15:05:20+00:00\" \/>\n<meta property=\"og:image\" content=\"https:\/\/plixxent.com\/wp-content\/uploads\/2024\/03\/plixxent_og.jpg\" \/>\n\t<meta property=\"og:image:width\" content=\"1200\" \/>\n\t<meta property=\"og:image:height\" content=\"675\" \/>\n\t<meta property=\"og:image:type\" content=\"image\/jpeg\" \/>\n<meta name=\"twitter:card\" content=\"summary_large_image\" \/>\n<meta name=\"twitter:label1\" content=\"Odhadovan\u00e1 doba \u010dten\u00ed\" \/>\n\t<meta name=\"twitter:data1\" content=\"2 minuty\" \/>\n<script type=\"application\/ld+json\" class=\"yoast-schema-graph\">{\"@context\":\"https:\\\/\\\/schema.org\",\"@graph\":[{\"@type\":\"WebPage\",\"@id\":\"https:\\\/\\\/plixxent.com\\\/cs\\\/otisk\\\/\",\"url\":\"https:\\\/\\\/plixxent.com\\\/cs\\\/otisk\\\/\",\"name\":\"Otisk - PLIXXENT\",\"isPartOf\":{\"@id\":\"https:\\\/\\\/plixxent.com\\\/cs\\\/#website\"},\"datePublished\":\"2023-08-14T15:23:59+00:00\",\"dateModified\":\"2024-12-06T15:05:20+00:00\",\"breadcrumb\":{\"@id\":\"https:\\\/\\\/plixxent.com\\\/cs\\\/otisk\\\/#breadcrumb\"},\"inLanguage\":\"cs\",\"potentialAction\":[{\"@type\":\"ReadAction\",\"target\":[\"https:\\\/\\\/plixxent.com\\\/cs\\\/otisk\\\/\"]}]},{\"@type\":\"BreadcrumbList\",\"@id\":\"https:\\\/\\\/plixxent.com\\\/cs\\\/otisk\\\/#breadcrumb\",\"itemListElement\":[{\"@type\":\"ListItem\",\"position\":1,\"name\":\"Home\",\"item\":\"https:\\\/\\\/plixxent.com\\\/cs\\\/home\\\/\"},{\"@type\":\"ListItem\",\"position\":2,\"name\":\"Otisk\"}]},{\"@type\":\"WebSite\",\"@id\":\"https:\\\/\\\/plixxent.com\\\/cs\\\/#website\",\"url\":\"https:\\\/\\\/plixxent.com\\\/cs\\\/\",\"name\":\"PLIXXENT\",\"description\":\"Providing innovative technologies based on polyurethanes\",\"potentialAction\":[{\"@type\":\"SearchAction\",\"target\":{\"@type\":\"EntryPoint\",\"urlTemplate\":\"https:\\\/\\\/plixxent.com\\\/cs\\\/?s={search_term_string}\"},\"query-input\":{\"@type\":\"PropertyValueSpecification\",\"valueRequired\":true,\"valueName\":\"search_term_string\"}}],\"inLanguage\":\"cs\"}]}<\/script>\n<!-- \/ Yoast SEO plugin. -->","yoast_head_json":{"title":"Otisk - PLIXXENT","robots":{"index":"index","follow":"follow","max-snippet":"max-snippet:-1","max-image-preview":"max-image-preview:large","max-video-preview":"max-video-preview:-1"},"canonical":"https:\/\/plixxent.com\/cs\/otisk\/","og_locale":"cs_CZ","og_type":"article","og_title":"Otisk - PLIXXENT","og_description":"PLIXXENT Holding GmbHGasstra\u00dfe 18 I Haus 522761 HamburgN\u011bmecko Kontakt:Telefon: 040-357 78 46 0E-mail: info@plixxent.comwww.plixxent.com Jednatel\u00e9:Dr. J\u00f6rg SchottekNikolaus MichelsenCarsten W\u00f6rner S\u00eddlo:Hamburg Registra\u010dn\u00ed soud:M\u00edstn\u00ed soud v Hamburku Registra\u010dn\u00ed \u010d\u00edslo:HRB 164091 \u010c\u00edslo DPH:DE324691732 Odpov\u011bdn\u00fd (\u00a7 18 Abs. 2 MStV):Jennifer SonnekPLIXXENT Holding GmbHVedouc\u00ed skupiny pro marketing a komunikaciGasstra\u00dfe 18 I Haus 522761 HamburgN\u011bmecko Vylou\u010den\u00ed odpov\u011bdnosti Spole\u010dnost PLIXXENT Holding GmbH [&hellip;]","og_url":"https:\/\/plixxent.com\/cs\/otisk\/","og_site_name":"PLIXXENT","article_modified_time":"2024-12-06T15:05:20+00:00","og_image":[{"width":1200,"height":675,"url":"https:\/\/plixxent.com\/wp-content\/uploads\/2024\/03\/plixxent_og.jpg","type":"image\/jpeg"}],"twitter_card":"summary_large_image","twitter_misc":{"Odhadovan\u00e1 doba \u010dten\u00ed":"2 minuty"},"schema":{"@context":"https:\/\/schema.org","@graph":[{"@type":"WebPage","@id":"https:\/\/plixxent.com\/cs\/otisk\/","url":"https:\/\/plixxent.com\/cs\/otisk\/","name":"Otisk - PLIXXENT","isPartOf":{"@id":"https:\/\/plixxent.com\/cs\/#website"},"datePublished":"2023-08-14T15:23:59+00:00","dateModified":"2024-12-06T15:05:20+00:00","breadcrumb":{"@id":"https:\/\/plixxent.com\/cs\/otisk\/#breadcrumb"},"inLanguage":"cs","potentialAction":[{"@type":"ReadAction","target":["https:\/\/plixxent.com\/cs\/otisk\/"]}]},{"@type":"BreadcrumbList","@id":"https:\/\/plixxent.com\/cs\/otisk\/#breadcrumb","itemListElement":[{"@type":"ListItem","position":1,"name":"Home","item":"https:\/\/plixxent.com\/cs\/home\/"},{"@type":"ListItem","position":2,"name":"Otisk"}]},{"@type":"WebSite","@id":"https:\/\/plixxent.com\/cs\/#website","url":"https:\/\/plixxent.com\/cs\/","name":"PLIXXENT","description":"Providing innovative technologies based on polyurethanes","potentialAction":[{"@type":"SearchAction","target":{"@type":"EntryPoint","urlTemplate":"https:\/\/plixxent.com\/cs\/?s={search_term_string}"},"query-input":{"@type":"PropertyValueSpecification","valueRequired":true,"valueName":"search_term_string"}}],"inLanguage":"cs"}]}},"_links":{"self":[{"href":"https:\/\/plixxent.com\/cs\/wp-json\/wp\/v2\/pages\/61108","targetHints":{"allow":["GET"]}}],"collection":[{"href":"https:\/\/plixxent.com\/cs\/wp-json\/wp\/v2\/pages"}],"about":[{"href":"https:\/\/plixxent.com\/cs\/wp-json\/wp\/v2\/types\/page"}],"author":[{"embeddable":true,"href":"https:\/\/plixxent.com\/cs\/wp-json\/wp\/v2\/users\/1"}],"replies":[{"embeddable":true,"href":"https:\/\/plixxent.com\/cs\/wp-json\/wp\/v2\/comments?post=61108"}],"version-history":[{"count":1,"href":"https:\/\/plixxent.com\/cs\/wp-json\/wp\/v2\/pages\/61108\/revisions"}],"predecessor-version":[{"id":61112,"href":"https:\/\/plixxent.com\/cs\/wp-json\/wp\/v2\/pages\/61108\/revisions\/61112"}],"wp:attachment":[{"href":"https:\/\/plixxent.com\/cs\/wp-json\/wp\/v2\/media?parent=61108"}],"curies":[{"name":"wp","href":"https:\/\/api.w.org\/{rel}","templated":true}]}}